{"id":96609,"date":"2025-03-08T17:32:29","date_gmt":"2025-03-08T17:32:29","guid":{"rendered":"https:\/\/oishya.com\/?post_type=product&#038;p=96609"},"modified":"2026-01-19T08:43:01","modified_gmt":"2026-01-19T08:43:01","slug":"seki-kyuba-shin-paarung-petty-15cm-2","status":"publish","type":"product","link":"https:\/\/oishya.com\/de\/seki-kyuba-niji-paarung-petty-15cm\/","title":{"rendered":"Seki Kyuba NIJI Paarung Petty 15cm"},"content":{"rendered":"\t\t<div data-elementor-type=\"product-post\" data-elementor-id=\"96609\" class=\"elementor elementor-96609 elementor-96608\" data-elementor-post-type=\"product\">\n\t\t\t\t\t\t<section class=\"elementor-section elementor-top-section elementor-element elementor-element-c2551d7 elementor-section-boxed elementor-section-height-default elementor-section-height-default\" data-id=\"c2551d7\" data-element_type=\"section\" data-e-type=\"section\">\n\t\t\t\t\t\t<div class=\"elementor-container elementor-column-gap-default\">\n\t\t\t\t\t<div class=\"elementor-column elementor-col-100 elementor-top-column elementor-element elementor-element-b5a0fb2\" data-id=\"b5a0fb2\" data-element_type=\"column\" data-e-type=\"column\">\n\t\t\t<div class=\"elementor-widget-wrap elementor-element-populated\">\n\t\t\t\t\t\t<div class=\"elementor-element elementor-element-106c94c elementor-widget elementor-widget-spacer\" data-id=\"106c94c\" data-element_type=\"widget\" data-e-type=\"widget\" data-widget_type=\"spacer.default\">\n\t\t\t\t\t\t\t<div class=\"elementor-spacer\">\n\t\t\t<div class=\"elementor-spacer-inner\"><\/div>\n\t\t<\/div>\n\t\t\t\t\t\t<\/div>\n\t\t\t\t\t<\/div>\n\t\t<\/div>\n\t\t\t\t\t<\/div>\n\t\t<\/section>\n\t\t\t\t<section class=\"elementor-section elementor-top-section elementor-element elementor-element-c90c38a elementor-section-boxed elementor-section-height-default elementor-section-height-default\" data-id=\"c90c38a\" data-element_type=\"section\" data-e-type=\"section\">\n\t\t\t\t\t\t<div class=\"elementor-container elementor-column-gap-default\">\n\t\t\t\t\t<div class=\"elementor-column elementor-col-33 elementor-top-column elementor-element elementor-element-49c436a\" data-id=\"49c436a\" data-element_type=\"column\" data-e-type=\"column\">\n\t\t\t<div class=\"elementor-widget-wrap elementor-element-populated\">\n\t\t\t\t\t\t<div class=\"elementor-element elementor-element-765e61e elementor-widget elementor-widget-heading\" data-id=\"765e61e\" data-element_type=\"widget\" data-e-type=\"widget\" data-widget_type=\"heading.default\">\n\t\t\t\t\t<h2 class=\"elementor-heading-title elementor-size-default\">Klein, aber oho: Petty<\/h2>\t\t\t\t<\/div>\n\t\t\t\t\t<\/div>\n\t\t<\/div>\n\t\t\t\t<div class=\"elementor-column elementor-col-66 elementor-top-column elementor-element elementor-element-d1934e6\" data-id=\"d1934e6\" data-element_type=\"column\" data-e-type=\"column\">\n\t\t\t<div class=\"elementor-widget-wrap elementor-element-populated\">\n\t\t\t\t\t\t<div class=\"elementor-element elementor-element-bf19e3f elementor-widget elementor-widget-image\" data-id=\"bf19e3f\" data-element_type=\"widget\" data-e-type=\"widget\" data-widget_type=\"image.default\">\n\t\t\t\t\t\t\t\t\t\t\t\t\t\t\t<img decoding=\"async\" loading=\"lazy\" src=\"https:\/\/cdn.oishya.com\/wp-content\/uploads\/2021\/03\/08151350\/Oishya-Japanese-kitchen-knives-48.jpg\" title=\"Oishya Japanese kitchen knives-48\" alt=\"Seki Kyuba NIJI Petty\" \/>\t\t\t\t\t\t\t\t\t\t\t\t\t\t\t<\/div>\n\t\t\t\t\t<\/div>\n\t\t<\/div>\n\t\t\t\t\t<\/div>\n\t\t<\/section>\n\t\t\t\t<section class=\"elementor-section elementor-top-section elementor-element elementor-element-ff638c5 elementor-section-boxed elementor-section-height-default elementor-section-height-default\" data-id=\"ff638c5\" data-element_type=\"section\" data-e-type=\"section\">\n\t\t\t\t\t\t<div class=\"elementor-container elementor-column-gap-default\">\n\t\t\t\t\t<div class=\"elementor-column elementor-col-66 elementor-top-column elementor-element elementor-element-4ad5aba\" data-id=\"4ad5aba\" data-element_type=\"column\" data-e-type=\"column\">\n\t\t\t<div class=\"elementor-widget-wrap elementor-element-populated\">\n\t\t\t\t\t\t<div class=\"elementor-element elementor-element-2027a32 elementor-widget elementor-widget-image\" data-id=\"2027a32\" data-element_type=\"widget\" data-e-type=\"widget\" data-widget_type=\"image.default\">\n\t\t\t\t\t\t\t\t\t\t\t\t\t\t\t<img loading=\"lazy\" decoding=\"async\" loading=\"lazy\" width=\"2000\" height=\"2000\" src=\"https:\/\/cdn.oishya.com\/wp-content\/uploads\/2021\/03\/08150601\/Oishya-Japanese-kitchen-knives-1.jpg\" class=\"attachment-large size-large wp-image-96456\" alt=\"Seki Kyuba NIJI Japanese Knife\" srcset=\"https:\/\/cdn.oishya.com\/wp-content\/uploads\/2021\/03\/08150601\/Oishya-Japanese-kitchen-knives-1.jpg 2000w, https:\/\/cdn.oishya.com\/wp-content\/uploads\/2021\/03\/08150601\/Oishya-Japanese-kitchen-knives-1-300x300.jpg 300w, https:\/\/cdn.oishya.com\/wp-content\/uploads\/2021\/03\/08150601\/Oishya-Japanese-kitchen-knives-1-150x150.jpg 150w, https:\/\/cdn.oishya.com\/wp-content\/uploads\/2021\/03\/08150601\/Oishya-Japanese-kitchen-knives-1-700x700.jpg 700w, https:\/\/cdn.oishya.com\/wp-content\/uploads\/2021\/03\/08150601\/Oishya-Japanese-kitchen-knives-1-64x64.jpg 64w, https:\/\/cdn.oishya.com\/wp-content\/uploads\/2021\/03\/08150601\/Oishya-Japanese-kitchen-knives-1-768x768.jpg 768w, https:\/\/cdn.oishya.com\/wp-content\/uploads\/2021\/03\/08150601\/Oishya-Japanese-kitchen-knives-1-990x990.jpg 990w, https:\/\/cdn.oishya.com\/wp-content\/uploads\/2021\/03\/08150601\/Oishya-Japanese-kitchen-knives-1-441x441.jpg 441w, https:\/\/cdn.oishya.com\/wp-content\/uploads\/2021\/03\/08150601\/Oishya-Japanese-kitchen-knives-1-96x96.jpg 96w, https:\/\/cdn.oishya.com\/wp-content\/uploads\/2021\/03\/08150601\/Oishya-Japanese-kitchen-knives-1-100x100.jpg 100w\" sizes=\"auto, (max-width: 2000px) 100vw, 2000px\" \/>\t\t\t\t\t\t\t\t\t\t\t\t\t\t\t<\/div>\n\t\t\t\t\t<\/div>\n\t\t<\/div>\n\t\t\t\t<div class=\"elementor-column elementor-col-33 elementor-top-column elementor-element elementor-element-1f4f792\" data-id=\"1f4f792\" data-element_type=\"column\" data-e-type=\"column\">\n\t\t\t<div class=\"elementor-widget-wrap elementor-element-populated\">\n\t\t\t\t\t\t<div class=\"elementor-element elementor-element-d019f2d elementor-widget elementor-widget-heading\" data-id=\"d019f2d\" data-element_type=\"widget\" data-e-type=\"widget\" data-widget_type=\"heading.default\">\n\t\t\t\t\t<h2 class=\"elementor-heading-title elementor-size-default\">Die Klinge<\/h2>\t\t\t\t<\/div>\n\t\t\t\t\t<\/div>\n\t\t<\/div>\n\t\t\t\t\t<\/div>\n\t\t<\/section>\n\t\t\t\t<section class=\"elementor-section elementor-top-section elementor-element elementor-element-cd73e3d elementor-section-boxed elementor-section-height-default elementor-section-height-default\" data-id=\"cd73e3d\" data-element_type=\"section\" data-e-type=\"section\">\n\t\t\t\t\t\t<div class=\"elementor-container elementor-column-gap-default\">\n\t\t\t\t\t<div class=\"elementor-column elementor-col-100 elementor-top-column elementor-element elementor-element-14d19eb\" data-id=\"14d19eb\" data-element_type=\"column\" data-e-type=\"column\">\n\t\t\t<div class=\"elementor-widget-wrap elementor-element-populated\">\n\t\t\t\t\t\t<div class=\"elementor-element elementor-element-3bbfa5c elementor-widget elementor-widget-spacer\" data-id=\"3bbfa5c\" data-element_type=\"widget\" data-e-type=\"widget\" data-widget_type=\"spacer.default\">\n\t\t\t\t\t\t\t<div class=\"elementor-spacer\">\n\t\t\t<div class=\"elementor-spacer-inner\"><\/div>\n\t\t<\/div>\n\t\t\t\t\t\t<\/div>\n\t\t\t\t\t<\/div>\n\t\t<\/div>\n\t\t\t\t\t<\/div>\n\t\t<\/section>\n\t\t\t\t<section class=\"elementor-section elementor-top-section elementor-element elementor-element-52c04ab elementor-section-boxed elementor-section-height-default elementor-section-height-default\" data-id=\"52c04ab\" data-element_type=\"section\" data-e-type=\"section\">\n\t\t\t\t\t\t<div class=\"elementor-container elementor-column-gap-default\">\n\t\t\t\t\t<div class=\"elementor-column elementor-col-33 elementor-top-column elementor-element elementor-element-287cac9\" data-id=\"287cac9\" data-element_type=\"column\" data-e-type=\"column\">\n\t\t\t<div class=\"elementor-widget-wrap elementor-element-populated\">\n\t\t\t\t\t\t<div class=\"elementor-element elementor-element-89a06fe elementor-widget elementor-widget-heading\" data-id=\"89a06fe\" data-element_type=\"widget\" data-e-type=\"widget\" data-widget_type=\"heading.default\">\n\t\t\t\t\t<h2 class=\"elementor-heading-title elementor-size-default\">Der Handgriff<\/h2>\t\t\t\t<\/div>\n\t\t\t\t\t<\/div>\n\t\t<\/div>\n\t\t\t\t<div class=\"elementor-column elementor-col-66 elementor-top-column elementor-element elementor-element-11e65a1\" data-id=\"11e65a1\" data-element_type=\"column\" data-e-type=\"column\">\n\t\t\t<div class=\"elementor-widget-wrap elementor-element-populated\">\n\t\t\t\t\t\t<div class=\"elementor-element elementor-element-912e2e2 elementor-widget elementor-widget-image\" data-id=\"912e2e2\" data-element_type=\"widget\" data-e-type=\"widget\" data-widget_type=\"image.default\">\n\t\t\t\t\t\t\t\t\t\t\t\t\t\t\t<img loading=\"lazy\" decoding=\"async\" loading=\"lazy\" width=\"2000\" height=\"2000\" src=\"https:\/\/cdn.oishya.com\/wp-content\/uploads\/2021\/03\/08150610\/Oishya-Japanese-kitchen-knives-2.jpg\" class=\"attachment-large size-large wp-image-96458\" alt=\"Seki Kyuba NIJI Japanese Knife\" srcset=\"https:\/\/cdn.oishya.com\/wp-content\/uploads\/2021\/03\/08150610\/Oishya-Japanese-kitchen-knives-2.jpg 2000w, https:\/\/cdn.oishya.com\/wp-content\/uploads\/2021\/03\/08150610\/Oishya-Japanese-kitchen-knives-2-300x300.jpg 300w, https:\/\/cdn.oishya.com\/wp-content\/uploads\/2021\/03\/08150610\/Oishya-Japanese-kitchen-knives-2-150x150.jpg 150w, https:\/\/cdn.oishya.com\/wp-content\/uploads\/2021\/03\/08150610\/Oishya-Japanese-kitchen-knives-2-700x700.jpg 700w, https:\/\/cdn.oishya.com\/wp-content\/uploads\/2021\/03\/08150610\/Oishya-Japanese-kitchen-knives-2-64x64.jpg 64w, https:\/\/cdn.oishya.com\/wp-content\/uploads\/2021\/03\/08150610\/Oishya-Japanese-kitchen-knives-2-768x768.jpg 768w, https:\/\/cdn.oishya.com\/wp-content\/uploads\/2021\/03\/08150610\/Oishya-Japanese-kitchen-knives-2-990x990.jpg 990w, https:\/\/cdn.oishya.com\/wp-content\/uploads\/2021\/03\/08150610\/Oishya-Japanese-kitchen-knives-2-441x441.jpg 441w, https:\/\/cdn.oishya.com\/wp-content\/uploads\/2021\/03\/08150610\/Oishya-Japanese-kitchen-knives-2-96x96.jpg 96w, https:\/\/cdn.oishya.com\/wp-content\/uploads\/2021\/03\/08150610\/Oishya-Japanese-kitchen-knives-2-100x100.jpg 100w\" sizes=\"auto, (max-width: 2000px) 100vw, 2000px\" \/>\t\t\t\t\t\t\t\t\t\t\t\t\t\t\t<\/div>\n\t\t\t\t\t<\/div>\n\t\t<\/div>\n\t\t\t\t\t<\/div>\n\t\t<\/section>\n\t\t<div class=\"elementor-element elementor-element-68a81e2 e-flex e-con-boxed e-con e-parent\" data-id=\"68a81e2\" data-element_type=\"container\" data-e-type=\"container\">\n\t\t\t\t\t<div class=\"e-con-inner\">\n\t\t<div class=\"elementor-element elementor-element-3b31424 e-con-full e-flex e-con e-child\" data-id=\"3b31424\" data-element_type=\"container\" data-e-type=\"container\">\n\t\t\t\t<div class=\"elementor-element elementor-element-17cfa08 elementor-widget elementor-widget-image\" data-id=\"17cfa08\" data-element_type=\"widget\" data-e-type=\"widget\" data-widget_type=\"image.default\">\n\t\t\t\t\t\t\t\t\t\t\t\t\t\t\t<img loading=\"lazy\" decoding=\"async\" loading=\"lazy\" width=\"2000\" height=\"1333\" src=\"https:\/\/cdn.oishya.com\/wp-content\/uploads\/2025\/03\/04122434\/DSC03698.jpg\" class=\"attachment-large size-large wp-image-110060\" alt=\"Seki Kyuba NIJI Knife Packaging\" srcset=\"https:\/\/cdn.oishya.com\/wp-content\/uploads\/2025\/03\/04122434\/DSC03698.jpg 2000w, https:\/\/cdn.oishya.com\/wp-content\/uploads\/2025\/03\/04122434\/DSC03698-768x512.jpg 768w, https:\/\/cdn.oishya.com\/wp-content\/uploads\/2025\/03\/04122434\/DSC03698-700x467.jpg 700w, https:\/\/cdn.oishya.com\/wp-content\/uploads\/2025\/03\/04122434\/DSC03698-150x100.jpg 150w, https:\/\/cdn.oishya.com\/wp-content\/uploads\/2025\/03\/04122434\/DSC03698-64x43.jpg 64w\" sizes=\"auto, (max-width: 2000px) 100vw, 2000px\" \/>\t\t\t\t\t\t\t\t\t\t\t\t\t\t\t<\/div>\n\t\t\t\t<div class=\"elementor-element elementor-element-26d1ec1 elementor-widget elementor-widget-image\" data-id=\"26d1ec1\" data-element_type=\"widget\" data-e-type=\"widget\" data-widget_type=\"image.default\">\n\t\t\t\t\t\t\t\t\t\t\t\t\t\t\t<img loading=\"lazy\" decoding=\"async\" loading=\"lazy\" width=\"2000\" height=\"1333\" src=\"https:\/\/cdn.oishya.com\/wp-content\/uploads\/2025\/03\/04122431\/DSC03703.jpg\" class=\"attachment-large size-large wp-image-110061\" alt=\"Seki Kyuba NIJI Knife Packaging\" srcset=\"https:\/\/cdn.oishya.com\/wp-content\/uploads\/2025\/03\/04122431\/DSC03703.jpg 2000w, https:\/\/cdn.oishya.com\/wp-content\/uploads\/2025\/03\/04122431\/DSC03703-768x512.jpg 768w, https:\/\/cdn.oishya.com\/wp-content\/uploads\/2025\/03\/04122431\/DSC03703-700x467.jpg 700w, https:\/\/cdn.oishya.com\/wp-content\/uploads\/2025\/03\/04122431\/DSC03703-150x100.jpg 150w, https:\/\/cdn.oishya.com\/wp-content\/uploads\/2025\/03\/04122431\/DSC03703-64x43.jpg 64w\" sizes=\"auto, (max-width: 2000px) 100vw, 2000px\" \/>\t\t\t\t\t\t\t\t\t\t\t\t\t\t\t<\/div>\n\t\t\t\t<\/div>\n\t\t<div class=\"elementor-element elementor-element-736e628 e-con-full e-flex e-con e-child\" data-id=\"736e628\" data-element_type=\"container\" data-e-type=\"container\">\n\t\t\t\t<div class=\"elementor-element elementor-element-214148d elementor-widget elementor-widget-image\" data-id=\"214148d\" data-element_type=\"widget\" data-e-type=\"widget\" data-widget_type=\"image.default\">\n\t\t\t\t\t\t\t\t\t\t\t\t\t\t\t<img loading=\"lazy\" decoding=\"async\" loading=\"lazy\" width=\"2000\" height=\"2000\" src=\"https:\/\/cdn.oishya.com\/wp-content\/uploads\/2025\/08\/04122448\/certificate-of-authenticity-coin-japanese-knives-kitchen-knives-oishya-04594.jpg\" class=\"attachment-large size-large wp-image-109914\" alt=\"\" srcset=\"https:\/\/cdn.oishya.com\/wp-content\/uploads\/2025\/08\/04122448\/certificate-of-authenticity-coin-japanese-knives-kitchen-knives-oishya-04594.jpg 2000w, https:\/\/cdn.oishya.com\/wp-content\/uploads\/2025\/08\/04122448\/certificate-of-authenticity-coin-japanese-knives-kitchen-knives-oishya-04594-150x150.jpg 150w, https:\/\/cdn.oishya.com\/wp-content\/uploads\/2025\/08\/04122448\/certificate-of-authenticity-coin-japanese-knives-kitchen-knives-oishya-04594-768x768.jpg 768w, https:\/\/cdn.oishya.com\/wp-content\/uploads\/2025\/08\/04122448\/certificate-of-authenticity-coin-japanese-knives-kitchen-knives-oishya-04594-300x300.jpg 300w, https:\/\/cdn.oishya.com\/wp-content\/uploads\/2025\/08\/04122448\/certificate-of-authenticity-coin-japanese-knives-kitchen-knives-oishya-04594-700x700.jpg 700w, https:\/\/cdn.oishya.com\/wp-content\/uploads\/2025\/08\/04122448\/certificate-of-authenticity-coin-japanese-knives-kitchen-knives-oishya-04594-96x96.jpg 96w, https:\/\/cdn.oishya.com\/wp-content\/uploads\/2025\/08\/04122448\/certificate-of-authenticity-coin-japanese-knives-kitchen-knives-oishya-04594-100x100.jpg 100w, https:\/\/cdn.oishya.com\/wp-content\/uploads\/2025\/08\/04122448\/certificate-of-authenticity-coin-japanese-knives-kitchen-knives-oishya-04594-64x64.jpg 64w\" sizes=\"auto, (max-width: 2000px) 100vw, 2000px\" \/>\t\t\t\t\t\t\t\t\t\t\t\t\t\t\t<\/div>\n\t\t\t\t<\/div>\n\t\t\t\t\t<\/div>\n\t\t\t\t<\/div>\n\t\t\t\t<section class=\"elementor-section elementor-top-section elementor-element elementor-element-7ac2b6a elementor-section-boxed elementor-section-height-default elementor-section-height-default\" data-id=\"7ac2b6a\" data-element_type=\"section\" data-e-type=\"section\">\n\t\t\t\t\t\t<div class=\"elementor-container elementor-column-gap-default\">\n\t\t\t\t\t<div class=\"elementor-column elementor-col-33 elementor-top-column elementor-element elementor-element-d206d00\" data-id=\"d206d00\" data-element_type=\"column\" data-e-type=\"column\">\n\t\t\t<div class=\"elementor-widget-wrap elementor-element-populated\">\n\t\t\t\t\t\t<div class=\"elementor-element elementor-element-1934dc3 elementor-widget elementor-widget-heading\" data-id=\"1934dc3\" data-element_type=\"widget\" data-e-type=\"widget\" data-widget_type=\"heading.default\">\n\t\t\t\t\t<h2 class=\"elementor-heading-title elementor-size-default\">Der Schmied<\/h2>\t\t\t\t<\/div>\n\t\t\t\t\t<\/div>\n\t\t<\/div>\n\t\t\t\t<div class=\"elementor-column elementor-col-66 elementor-top-column elementor-element elementor-element-06a46c8\" data-id=\"06a46c8\" data-element_type=\"column\" data-e-type=\"column\">\n\t\t\t<div class=\"elementor-widget-wrap elementor-element-populated\">\n\t\t\t\t\t\t<div class=\"elementor-element elementor-element-d4f1e35 elementor-widget elementor-widget-image\" data-id=\"d4f1e35\" data-element_type=\"widget\" data-e-type=\"widget\" data-widget_type=\"image.default\">\n\t\t\t\t\t\t\t\t\t\t\t\t\t\t\t<img loading=\"lazy\" decoding=\"async\" loading=\"lazy\" width=\"2000\" height=\"1330\" src=\"https:\/\/cdn.oishya.com\/wp-content\/uploads\/2023\/04\/06212038\/seki-kyuba.jpg\" class=\"attachment-large size-large wp-image-71204\" alt=\"seki kyuba blacksmith\" sizes=\"auto, \" \/>\t\t\t\t\t\t\t\t\t\t\t\t\t\t\t<\/div>\n\t\t\t\t\t<\/div>\n\t\t<\/div>\n\t\t\t\t\t<\/div>\n\t\t<\/section>\n\t\t\t\t<\/div>\n\t\t","protected":false},"excerpt":{"rendered":"<p>Lassen Sie sich nicht von seiner Gr\u00f6\u00dfe t\u00e4uschen &#8211; das Seki Kyuba SHIN Petty ist ein Kraftpaket an Pr\u00e4zision in kompakter Form. Gefertigt aus SG2\/R2-Pulverstahl und einer 31-lagigen Damastkonstruktion, bietet dieses 15 cm lange Messer die gleiche au\u00dfergew\u00f6hnliche Leistung wie seine gr\u00f6\u00dferen Gegenst\u00fccke. Das geh\u00e4mmerte Finish \u00fcber dem Damastmuster ist nicht nur optisch ansprechend, sondern verbessert auch die Schneidleistung. Perfekt f\u00fcr komplizierte Aufgaben, zum Sch\u00e4len oder als flinkes Allzweckmesser f\u00fcr Menschen mit kleineren H\u00e4nden, bringt dieses Petty die Premium-Qualit\u00e4t von SHIN in Ihre detaillierte K\u00fcchenarbeit.<\/p>\n","protected":false},"featured_media":96550,"comment_status":"open","ping_status":"closed","template":"","meta":{"_acf_changed":false,"_glsr_average":0,"_glsr_ranking":0,"_glsr_reviews":0},"product_brand":[],"product_cat":[9035,9060],"product_tag":[9712],"class_list":{"0":"post-96609","1":"product","2":"type-product","3":"status-publish","4":"has-post-thumbnail","6":"product_cat-japanische-messer","7":"product_cat-schalmesser-universalmesser","8":"product_tag-seki-kyuba-niji","9":"pa_blade-length-150mm-de","10":"pa_hrc-62-de","11":"pa_knife-handle-material-verfestigtes-ahorn-holz","12":"pa_knife-type-petty","13":"pa_steel-type-damaskus","14":"pa_steel-type-stainless","16":"first","17":"instock","18":"shipping-taxable","19":"purchasable","20":"product-type-variable"},"supplier_id":null,"supplier_sku":"","barcode":null,"atum_controlled":true,"out_stock_date":null,"out_stock_threshold":null,"inheritable":true,"inbound_stock":null,"stock_on_hold":0,"sold_today":0,"sales_last_days":0,"reserved_stock":null,"customer_returns":null,"warehouse_damage":null,"lost_in_post":null,"other_logs":null,"out_stock_days":0,"lost_sales":0,"has_location":false,"update_date":"2026-04-13T00:29:29","atum_locations":[],"atum_stock_status":"instock","restock_status":false,"low_stock_amount":2,"sales_update_date":"2026-04-13T00:29:29","calc_backorders":0,"acf":[],"_links":{"self":[{"href":"https:\/\/oishya.com\/de\/wp-json\/wp\/v2\/product\/96609","targetHints":{"allow":["GET"]}}],"collection":[{"href":"https:\/\/oishya.com\/de\/wp-json\/wp\/v2\/product"}],"about":[{"href":"https:\/\/oishya.com\/de\/wp-json\/wp\/v2\/types\/product"}],"replies":[{"embeddable":true,"href":"https:\/\/oishya.com\/de\/wp-json\/wp\/v2\/comments?post=96609"}],"version-history":[{"count":7,"href":"https:\/\/oishya.com\/de\/wp-json\/wp\/v2\/product\/96609\/revisions"}],"predecessor-version":[{"id":115221,"href":"https:\/\/oishya.com\/de\/wp-json\/wp\/v2\/product\/96609\/revisions\/115221"}],"wp:featuredmedia":[{"embeddable":true,"href":"https:\/\/oishya.com\/de\/wp-json\/wp\/v2\/media\/96550"}],"wp:attachment":[{"href":"https:\/\/oishya.com\/de\/wp-json\/wp\/v2\/media?parent=96609"}],"wp:term":[{"taxonomy":"product_brand","embeddable":true,"href":"https:\/\/oishya.com\/de\/wp-json\/wp\/v2\/product_brand?post=96609"},{"taxonomy":"product_cat","embeddable":true,"href":"https:\/\/oishya.com\/de\/wp-json\/wp\/v2\/product_cat?post=96609"},{"taxonomy":"product_tag","embeddable":true,"href":"https:\/\/oishya.com\/de\/wp-json\/wp\/v2\/product_tag?post=96609"}],"curies":[{"name":"wp","href":"https:\/\/api.w.org\/{rel}","templated":true}]}}