{"id":84102,"date":"2023-12-29T21:07:27","date_gmt":"2023-12-29T21:07:27","guid":{"rendered":"https:\/\/oishya.com\/?post_type=product&#038;p=84102"},"modified":"2026-01-16T21:22:00","modified_gmt":"2026-01-16T21:22:00","slug":"premium-schneidebrett-aus-amerikanischem-nussbaum","status":"publish","type":"product","link":"https:\/\/oishya.com\/de\/premium-schneidebrett-aus-amerikanischem-nussbaum\/","title":{"rendered":"Premium-Schneidebrett aus amerikanischem Nussbaum"},"content":{"rendered":"<p class=\"whitespace-pre-wrap break-words\">Dieses elegante Schneidebrett ist ein wahres kulinarisches Meisterwerk, das in sorgf\u00e4ltiger Handarbeit aus feinstem amerikanischen Schwarznussholz gefertigt wird. Die satten Farbt\u00f6ne und die wundersch\u00f6n unterschiedlichen Maserungen machen jedes Brett zu einem einzigartigen Kunstwerk. Das Walnussholz wird f\u00fcr seine au\u00dfergew\u00f6hnliche Dichte und seine nachgiebige Oberfl\u00e4che gesch\u00e4tzt, die Ihre sch\u00e4rfsten japanischen Messer schont und gleichzeitig eine robuste Widerstandsf\u00e4higkeit f\u00fcr jahrelangen, t\u00e4glichen Gebrauch bietet. Die Kunsthandwerker haben bewusst auf Leim verzichtet und das Massivholzbrett stattdessen mit lebensmittelechtem Mineral\u00f6l behandelt, um eine nat\u00fcrliche, makellose Oberfl\u00e4che zu erhalten.<\/p>\n<p class=\"whitespace-pre-wrap break-words\">Die geraden Kanten und die leicht abgerundeten Ecken schaffen eine ger\u00e4umige Arbeitsfl\u00e4che, die sich dank der seitlich integrierten Griffe leicht anheben und man\u00f6vrieren l\u00e4sst. Diese durchdachten seitlichen Griffe erm\u00f6glichen eine vollst\u00e4ndige Kontrolle, wenn Sie das Brett nahtlos zwischen verschiedenen Aufgaben \u00fcbertragen.<\/p>\n<p class=\"whitespace-pre-wrap break-words\">Die ultraglatte, handgehobelte Oberfl\u00e4che wird durch eine abschlie\u00dfende Behandlung mit nat\u00fcrlichem Bienenwachs und Walnuss\u00f6l akzentuiert, die f\u00fcr eine butterartige Gl\u00e4tte und einen subtilen, lebensmittelechten Glanz sorgt. Diese pflegeleichte Oberfl\u00e4che ist feuchtigkeits-, flecken- und geruchsresistent und sorgt f\u00fcr dauerhafte Qualit\u00e4t. Ob zum pr\u00e4zisen Schneiden oder zum rustikalen Hacken &#8211; dieses Nussbaumbrett in Erbst\u00fcckqualit\u00e4t ist ein luxuri\u00f6ses und hochfunktionales Schmuckst\u00fcck, auf dem Ihre K\u00fcchenk\u00fcnste voll zur Geltung kommen. Gebaut, um den Test der Zeit zu bestehen, verbindet es auf elegante Weise zeitlose Handwerkskunst mit moderner kulinarischer Leistung.<\/p>\n","protected":false},"excerpt":{"rendered":"<p class=\"whitespace-pre-wrap break-words\">Dieses Schneidebrett aus exquisitem amerikanischem Walnuss-Hartholz ist ein harmonischer Akkord. Sein bestechender dunkler Farbton und seine optimale Festigkeit sch\u00fctzen Ihre kostbaren japanischen Messerklingen und sorgen f\u00fcr eine lange Lebensdauer, w\u00e4hrend sie bei jedem Schnitt zu einem k\u00fcnstlerischen Erlebnis werden. Das Massivholz wird in Handarbeit ohne Leim hergestellt und mit lebensmittelechten \u00d6len behandelt, um eine makellose, feuchtigkeitsbest\u00e4ndige Oberfl\u00e4che zu erhalten. Die gro\u00dfz\u00fcgige Gr\u00f6\u00dfe von 55 x 40 x 4 cm bietet reichlich Platz zum Arbeiten, und die integrierten Seitengriffe erm\u00f6glichen m\u00fcheloses Man\u00f6vrieren. Die ultraglatte, handgehobelte Oberfl\u00e4che wird durch eine lebensmittelechte Wachsbeschichtung veredelt und f\u00fchlt sich luxuri\u00f6s an.<\/p>\n","protected":false},"featured_media":87812,"comment_status":"open","ping_status":"closed","template":"","meta":{"_acf_changed":false,"_glsr_average":0,"_glsr_ranking":0,"_glsr_reviews":0},"product_brand":[],"product_cat":[9047,8995],"product_tag":[9505,9463,9464],"class_list":{"0":"post-84102","1":"product","2":"type-product","3":"status-publish","4":"has-post-thumbnail","6":"product_cat-cutting-boards-zubehor","7":"product_cat-zubehor","8":"product_tag-holz","9":"product_tag-schneidebrett","10":"product_tag-schneidebrett-de","11":"pa_material-american-walnut","13":"first","14":"instock","15":"shipping-taxable","16":"purchasable","17":"product-type-variable"},"supplier_id":null,"supplier_sku":"","barcode":null,"atum_controlled":true,"out_stock_date":null,"out_stock_threshold":null,"inheritable":false,"inbound_stock":0,"stock_on_hold":0,"sold_today":0,"sales_last_days":0,"reserved_stock":0,"customer_returns":0,"warehouse_damage":0,"lost_in_post":0,"other_logs":0,"out_stock_days":0,"lost_sales":0,"has_location":false,"update_date":"2026-04-13T00:29:28","atum_locations":[],"atum_stock_status":"instock","restock_status":false,"low_stock_amount":0,"sales_update_date":"2026-04-13T00:29:28","calc_backorders":0,"acf":[],"_links":{"self":[{"href":"https:\/\/oishya.com\/de\/wp-json\/wp\/v2\/product\/84102","targetHints":{"allow":["GET"]}}],"collection":[{"href":"https:\/\/oishya.com\/de\/wp-json\/wp\/v2\/product"}],"about":[{"href":"https:\/\/oishya.com\/de\/wp-json\/wp\/v2\/types\/product"}],"replies":[{"embeddable":true,"href":"https:\/\/oishya.com\/de\/wp-json\/wp\/v2\/comments?post=84102"}],"version-history":[{"count":4,"href":"https:\/\/oishya.com\/de\/wp-json\/wp\/v2\/product\/84102\/revisions"}],"predecessor-version":[{"id":114900,"href":"https:\/\/oishya.com\/de\/wp-json\/wp\/v2\/product\/84102\/revisions\/114900"}],"wp:featuredmedia":[{"embeddable":true,"href":"https:\/\/oishya.com\/de\/wp-json\/wp\/v2\/media\/87812"}],"wp:attachment":[{"href":"https:\/\/oishya.com\/de\/wp-json\/wp\/v2\/media?parent=84102"}],"wp:term":[{"taxonomy":"product_brand","embeddable":true,"href":"https:\/\/oishya.com\/de\/wp-json\/wp\/v2\/product_brand?post=84102"},{"taxonomy":"product_cat","embeddable":true,"href":"https:\/\/oishya.com\/de\/wp-json\/wp\/v2\/product_cat?post=84102"},{"taxonomy":"product_tag","embeddable":true,"href":"https:\/\/oishya.com\/de\/wp-json\/wp\/v2\/product_tag?post=84102"}],"curies":[{"name":"wp","href":"https:\/\/api.w.org\/{rel}","templated":true}]}}