{"id":65499,"date":"2021-03-10T17:17:35","date_gmt":"2021-03-10T17:17:35","guid":{"rendered":"https:\/\/oishya.com\/sechseckiger-kchenrollenhalter-aus-messing-und-marmor\/"},"modified":"2025-11-23T10:14:29","modified_gmt":"2025-11-23T10:14:29","slug":"sechseckiger-kchenrollenhalter-aus-messing-und-marmor","status":"publish","type":"product","link":"https:\/\/oishya.com\/de\/sechseckiger-kchenrollenhalter-aus-messing-und-marmor\/","title":{"rendered":"Sechseckiger K\u00fcchenrollenhalter aus Messing und Marmor"},"content":{"rendered":"<p>Dieser minimalistische K\u00fcchenrollenhalter in Sechseckform aus Messing und Marmor ist die perfekte Aufbewahrungsl\u00f6sung f\u00fcr Ihre K\u00fcchenrolle. Er besteht aus einer sechseckigen Messingstange mit mattem Finish und einem eleganten sechseckigen Sockel aus nat\u00fcrlichem Marmor. Dieses minimalistische, freistehende und praktische Design verf\u00fcgt \u00fcber einen schweren Marmorsockel, damit er beim Abrei\u00dfen der Bl\u00e4tter von der Rolle nicht umkippt. Er hat ein klassisches und zeitloses Design, das zu einer Vielzahl von K\u00fcchendekoren passt. Der K\u00fcchenrollenhalter <a href=\"https:\/\/oishya.com\/meet-the-craftsmen\/\">wird in Europa<\/a> von einer talentierten Gruppe von Kunsthandwerkern <a href=\"https:\/\/oishya.com\/meet-the-craftsmen\/\">handgefertigt<\/a>, die jedem Detail h\u00f6chste Aufmerksamkeit schenken. Bitte beachten Sie, dass die Farben und Muster des Marmorsockels von den Abbildungen abweichen k\u00f6nnen, da es sich um ein Natursteinprodukt (Marmor) handelt. Zum Reinigen einfach mit einem feuchten Tuch abwischen. <div style=\"width: 1080px;\" class=\"wp-video\"><video class=\"wp-video-shortcode\" id=\"video-65499-1\" width=\"1080\" height=\"1920\" preload=\"metadata\" controls=\"controls\"><source type=\"video\/mp4\" src=\"https:\/\/cdn.oishya.com\/wp-content\/uploads\/2021\/03\/03070815\/Sequence-10.mp4?_=1\" \/><a href=\"https:\/\/cdn.oishya.com\/wp-content\/uploads\/2021\/03\/03070815\/Sequence-10.mp4\">https:\/\/cdn.oishya.com\/wp-content\/uploads\/2021\/03\/03070815\/Sequence-10.mp4<\/a><\/video><\/div><\/p>\n","protected":false},"excerpt":{"rendered":"<p>Bewahren Sie Ihre K\u00fcchenrolle ordentlich auf Ihrer Arbeitsplatte auf &#8211; mit diesem minimalistischen K\u00fcchenrollenhalter in Sechseckform aus Messing und Marmor. Er ist ein einfacher, freistehender und praktischer K\u00fcchenrollenhalter aus Messing und nat\u00fcrlichem Marmor. Sein zeitloses und elegantes Design wird in Ihrer K\u00fcche oder auf Ihrem Esstisch gro\u00dfartig aussehen.<\/p>\n","protected":false},"featured_media":56946,"comment_status":"open","ping_status":"closed","template":"","meta":{"_acf_changed":false,"_glsr_average":0,"_glsr_ranking":0,"_glsr_reviews":0},"product_brand":[],"product_cat":[9010],"product_tag":[9508,9507,9596],"class_list":{"0":"post-65499","1":"product","2":"type-product","3":"status-publish","4":"has-post-thumbnail","6":"product_cat-aufbewahrung","7":"product_tag-kuchenhandtuch","8":"product_tag-kuchenrolle","9":"product_tag-messing","10":"pa_material-matt-polished-brass-with-marble-base","12":"first","13":"instock","14":"shipping-taxable","15":"purchasable","16":"product-type-simple"},"supplier_id":null,"supplier_sku":"","barcode":null,"atum_controlled":true,"out_stock_date":null,"out_stock_threshold":null,"inheritable":false,"inbound_stock":null,"stock_on_hold":0,"sold_today":0,"sales_last_days":0,"reserved_stock":null,"customer_returns":null,"warehouse_damage":null,"lost_in_post":null,"other_logs":null,"out_stock_days":0,"lost_sales":0,"has_location":false,"update_date":"2026-04-19T00:31:33","atum_locations":[],"atum_stock_status":"instock","restock_status":false,"low_stock_amount":"","sales_update_date":"2026-04-19T00:31:33","calc_backorders":0,"acf":[],"_links":{"self":[{"href":"https:\/\/oishya.com\/de\/wp-json\/wp\/v2\/product\/65499","targetHints":{"allow":["GET"]}}],"collection":[{"href":"https:\/\/oishya.com\/de\/wp-json\/wp\/v2\/product"}],"about":[{"href":"https:\/\/oishya.com\/de\/wp-json\/wp\/v2\/types\/product"}],"replies":[{"embeddable":true,"href":"https:\/\/oishya.com\/de\/wp-json\/wp\/v2\/comments?post=65499"}],"version-history":[{"count":3,"href":"https:\/\/oishya.com\/de\/wp-json\/wp\/v2\/product\/65499\/revisions"}],"predecessor-version":[{"id":93438,"href":"https:\/\/oishya.com\/de\/wp-json\/wp\/v2\/product\/65499\/revisions\/93438"}],"wp:featuredmedia":[{"embeddable":true,"href":"https:\/\/oishya.com\/de\/wp-json\/wp\/v2\/media\/56946"}],"wp:attachment":[{"href":"https:\/\/oishya.com\/de\/wp-json\/wp\/v2\/media?parent=65499"}],"wp:term":[{"taxonomy":"product_brand","embeddable":true,"href":"https:\/\/oishya.com\/de\/wp-json\/wp\/v2\/product_brand?post=65499"},{"taxonomy":"product_cat","embeddable":true,"href":"https:\/\/oishya.com\/de\/wp-json\/wp\/v2\/product_cat?post=65499"},{"taxonomy":"product_tag","embeddable":true,"href":"https:\/\/oishya.com\/de\/wp-json\/wp\/v2\/product_tag?post=65499"}],"curies":[{"name":"wp","href":"https:\/\/api.w.org\/{rel}","templated":true}]}}