{"id":49382,"date":"2021-06-08T15:35:06","date_gmt":"2021-06-08T14:35:06","guid":{"rendered":"https:\/\/oishya.com\/kuechenschuerze-naturbeige-leinen\/"},"modified":"2026-01-18T04:29:55","modified_gmt":"2026-01-18T04:29:55","slug":"kuchenschurze-leinen","status":"publish","type":"product","link":"https:\/\/oishya.com\/de\/kuchenschurze-leinen\/","title":{"rendered":"K\u00fcchensch\u00fcrze Leinen"},"content":{"rendered":"\t\t<div data-elementor-type=\"product-post\" data-elementor-id=\"49382\" class=\"elementor elementor-49382 elementor-42203\" data-elementor-post-type=\"product\">\n\t\t\t\t<div class=\"elementor-element elementor-element-327ada88 e-flex e-con-boxed e-con e-parent\" data-id=\"327ada88\" data-element_type=\"container\" data-e-type=\"container\">\n\t\t\t\t\t<div class=\"e-con-inner\">\n\t\t\t\t\t<\/div>\n\t\t\t\t<\/div>\n\t\t\t\t<\/div>\n\t\t","protected":false},"excerpt":{"rendered":"<p><span style=\"font-weight: 400\">Halten Sie Ihre Kleidung in der K\u00fcche sauber mit dieser nat\u00fcrlichen beigen K\u00fcchensch\u00fcrze <\/span><span style=\"font-weight: 400\">aus schwerem, steingewaschenem 100% europ\u00e4ischem Leinen mit einer sch\u00f6nen Stickerei des Oishya-Wappens (kamon), das 3 Bugeisha-F\u00e4cher darstellt. Diese Sch\u00fcrze hat folgende Merkmale:<\/span><\/p>\n<ul>\n<li style=\"font-weight: 400\"><span style=\"font-weight: 400\">Verstellbarer Schulterriemen zur Anpassung an Ihre K\u00f6rpergr\u00f6\u00dfe <\/span><\/li>\n<li>Sch\u00f6ner goldener Beschlagring mit Oishya-Logo<\/li>\n<li style=\"font-weight: 400\"><span style=\"font-weight: 400\">Zwei ger\u00e4umige Taschen zur Aufbewahrung von Werkzeugen und Rezepten<\/span><\/li>\n<li style=\"font-weight: 400\"><span style=\"font-weight: 400\">Taillengurt zum einfachen Binden.<\/span><\/li>\n<\/ul>\n","protected":false},"featured_media":58082,"comment_status":"open","ping_status":"closed","template":"","meta":{"_acf_changed":false,"_glsr_average":0,"_glsr_ranking":0,"_glsr_reviews":0},"product_brand":[],"product_cat":[9110],"product_tag":[9506],"class_list":{"0":"post-49382","1":"product","2":"type-product","3":"status-publish","4":"has-post-thumbnail","6":"product_cat-tisch-leinen","7":"product_tag-leinen","8":"pa_material-100-leinen","9":"pa_weight-305gsm-de","11":"first","12":"instock","13":"shipping-taxable","14":"purchasable","15":"product-type-variable"},"supplier_id":null,"supplier_sku":"","barcode":null,"atum_controlled":true,"out_stock_date":null,"out_stock_threshold":null,"inheritable":false,"inbound_stock":0,"stock_on_hold":0,"sold_today":0,"sales_last_days":0,"reserved_stock":0,"customer_returns":0,"warehouse_damage":0,"lost_in_post":0,"other_logs":0,"out_stock_days":0,"lost_sales":0,"has_location":false,"update_date":"2026-04-17T00:31:02","atum_locations":[],"atum_stock_status":"instock","restock_status":false,"low_stock_amount":"","sales_update_date":"2026-04-17T00:31:02","calc_backorders":0,"acf":[],"_links":{"self":[{"href":"https:\/\/oishya.com\/de\/wp-json\/wp\/v2\/product\/49382","targetHints":{"allow":["GET"]}}],"collection":[{"href":"https:\/\/oishya.com\/de\/wp-json\/wp\/v2\/product"}],"about":[{"href":"https:\/\/oishya.com\/de\/wp-json\/wp\/v2\/types\/product"}],"replies":[{"embeddable":true,"href":"https:\/\/oishya.com\/de\/wp-json\/wp\/v2\/comments?post=49382"}],"version-history":[{"count":5,"href":"https:\/\/oishya.com\/de\/wp-json\/wp\/v2\/product\/49382\/revisions"}],"predecessor-version":[{"id":114897,"href":"https:\/\/oishya.com\/de\/wp-json\/wp\/v2\/product\/49382\/revisions\/114897"}],"wp:featuredmedia":[{"embeddable":true,"href":"https:\/\/oishya.com\/de\/wp-json\/wp\/v2\/media\/58082"}],"wp:attachment":[{"href":"https:\/\/oishya.com\/de\/wp-json\/wp\/v2\/media?parent=49382"}],"wp:term":[{"taxonomy":"product_brand","embeddable":true,"href":"https:\/\/oishya.com\/de\/wp-json\/wp\/v2\/product_brand?post=49382"},{"taxonomy":"product_cat","embeddable":true,"href":"https:\/\/oishya.com\/de\/wp-json\/wp\/v2\/product_cat?post=49382"},{"taxonomy":"product_tag","embeddable":true,"href":"https:\/\/oishya.com\/de\/wp-json\/wp\/v2\/product_tag?post=49382"}],"curies":[{"name":"wp","href":"https:\/\/api.w.org\/{rel}","templated":true}]}}