{"id":43978,"date":"2021-04-01T16:01:08","date_gmt":"2021-04-01T15:01:08","guid":{"rendered":"https:\/\/oishya.com\/king-ht-65-pro-1000-6000-exclusive-to-japana\/"},"modified":"2026-03-29T18:55:31","modified_gmt":"2026-03-29T17:55:31","slug":"king-ht-65-pro-1000-6000-japanischer-schrfstein-exklusiv-bei-oishya","status":"publish","type":"product","link":"https:\/\/oishya.com\/de\/king-ht-65-pro-1000-6000-japanischer-schrfstein-exklusiv-bei-oishya\/","title":{"rendered":"King HT-65 PRO 1000\/6000 Japanischer Sch\u00e4rfstein Exklusiv bei Oishya"},"content":{"rendered":"<h3><span style=\"color: #b2886d;\"><strong>Der King HT-65 PRO 1000\/6000<\/strong><\/span><\/h3>\n<p>Die HT-65 PRO ist mit einem Schleifstein der K\u00f6rnung #1000 und einem S-1 (#6000) &#8211; King S-1 Fine Sharpening Stone ausgestattet. Er wird exklusiv f\u00fcr Oishya hergestellt. Verwenden Sie den Schleifstein mit der K\u00f6rnung #1000, um aus einer stumpfen Schneide eine scharfe zu machen. Und den S-1 (#6000) Schleifstein, um den R\u00fccken und die Fase der Klinge auf Hochglanz zu bringen. Diese Wassersteine (Schleifsteine) sind ideal f\u00fcr die Bearbeitung von stumpfen und nicht besch\u00e4digten Klingen.  Sie bestehen aus Schleifpartikeln, die in einem Bindemittel suspendiert sind. Die Steine decken zwei aufeinanderfolgende Stufen des Sch\u00e4rfprozesses ab. Die Abmessungen des Schleifsteins sind 207 mm x 66 mm x 34 mm (#1000) und 210 mm x 73 mm x 22 mm (S-1 #6000). King-Steine haben sich weltweit einen Namen gemacht. Dies ist einer der angesehensten Schleifsteinhersteller mit Sitz in Matsunaga, Osaka in Japan. Dieser Sch\u00e4rfstein hat auf der einen Seite eine Schleiffl\u00e4che mit mittlerer K\u00f6rnung und auf der anderen Seite eine Oberfl\u00e4che mit feiner K\u00f6rnung. Dies ist die perfekte Steinkombination f\u00fcr neue oder gelegentliche Freihandsch\u00e4rfer.<\/p>\n<h3><span style=\"color: #b2886d;\"><strong>Japanische Wetzsteine<\/strong><\/span><\/h3>\n<div class=\"yotpo bottomLine yotpo-medium\" data-product-id=\"6299479867583\" data-yotpo-element-id=\"2\">\n<div class=\"yotpo-display-wrapper\">\n<div class=\"standalone-bottomline\" data-source=\"default\">\n<div class=\"yotpo-bottomline pull-left star-clickable\" tabindex=\"0\">\n<p>Im Gegensatz zu anderen synthetischen Sch\u00e4rfsteinen, die aus einem einzigen Schleifmittel bestehen, bestehen diese <a href=\"https:\/\/oishya.com\/accessories\/sharpening-stones-accessories\/\">japanischen Wassersteine<\/a> aus Aluminiumoxid, Karbid und Nitridpartikeln, die miteinander verschmolzen sind. Diese Mischung wird dann mit einem tonartigen Bindemittel vermischt und bei hohen Temperaturen gebrannt, um den Schleifstein zu formen. Der so entstandene Stein ist weich, sch\u00e4rft aber sehr schnell. Die weiche Bindeerde sorgt daf\u00fcr, dass sich die Schleifpartikel sehr leicht l\u00f6sen, wenn der Stein in Wasser eingeweicht wird. Dadurch erh\u00e4lt der Benutzer st\u00e4ndig frische Schneidfl\u00e4chen zum Schleifen, Sch\u00e4rfen und Abziehen seiner Werkzeuge. Viele Profis und Gelegenheitsanwender bevorzugen heute einen synthetischen japanischen Schleifstein anstelle von Natursteinen. Der Kauf eines synthetischen japanischen Schleifsteins garantiert eine einheitliche Korngr\u00f6\u00dfe, die beim Sch\u00e4rfen gleichbleibende, hochwertige Ergebnisse liefert und nicht von Stein zu Stein variiert. Hergestellt in Japan<\/div>\n<\/div>\n<\/div>\n<\/div>\n","protected":false},"excerpt":{"rendered":"<p>Dieser King HT-65 PRO 1000\/6000 ist exklusiv f\u00fcr Oishya und sch\u00e4rft Ihre Klinge wie kein anderer Sch\u00e4rfer. King Steine haben einen weltweiten Ruf erworben. Sie sind einer der angesehensten Hersteller von Sch\u00e4rfsteinen mit Sitz in Matsunaga, Osaka in Japan. In diesem Set erhalten Sie zwei Schleifsteine HT-65 #10000 und S-1 #6000. Hauptmerkmale:<\/p>\n<ul>\n<li>Macht aus einer stumpfen Schneide wieder eine scharfe und poliert die R\u00fcckseite und die Fase auf Hochglanz<\/li>\n<li>Eine ausgezeichnete M\u00f6glichkeit, zwei Steine mit unterschiedlichen K\u00f6rnungen zu besitzen<\/li>\n<li>Besteht aus Schleifpartikeln, die durch eine weiche Bindemasse zusammengehalten werden<\/li>\n<li>Besteht aus Aluminiumoxid-, Karbid- und Nitridpartikeln, die miteinander verschmolzen sind<\/li>\n<li>Weiche Bindemasse gibt die Schleifmittel sehr leicht frei, wenn der Stein eingeweicht wird<\/li>\n<li>HT-65 #10000 misst 207mm x 66mm x 34mm<\/li>\n<li>S-1 #6000 misst 210 mm x 73 mm x 22 mm (mit Sockel)<\/li>\n<li>Hergestellt in Japan<\/li>\n<\/ul>\n","protected":false},"featured_media":40898,"comment_status":"open","ping_status":"closed","template":"","meta":{"_acf_changed":false,"_glsr_average":0,"_glsr_ranking":0,"_glsr_reviews":0},"product_brand":[],"product_cat":[8994],"product_tag":[],"class_list":{"0":"post-43978","1":"product","2":"type-product","3":"status-publish","4":"has-post-thumbnail","6":"product_cat-schleifsteine","8":"first","9":"instock","10":"shipping-taxable","11":"purchasable","12":"product-type-simple"},"supplier_id":null,"supplier_sku":"","barcode":null,"atum_controlled":true,"out_stock_date":null,"out_stock_threshold":null,"inheritable":false,"inbound_stock":0,"stock_on_hold":4,"sold_today":0,"sales_last_days":0,"reserved_stock":0,"customer_returns":0,"warehouse_damage":0,"lost_in_post":0,"other_logs":0,"out_stock_days":0,"lost_sales":0,"has_location":false,"update_date":"2026-04-17T00:31:02","atum_locations":[],"atum_stock_status":"instock","restock_status":false,"low_stock_amount":"","sales_update_date":"2026-04-17T00:31:02","calc_backorders":0,"acf":[],"_links":{"self":[{"href":"https:\/\/oishya.com\/de\/wp-json\/wp\/v2\/product\/43978","targetHints":{"allow":["GET"]}}],"collection":[{"href":"https:\/\/oishya.com\/de\/wp-json\/wp\/v2\/product"}],"about":[{"href":"https:\/\/oishya.com\/de\/wp-json\/wp\/v2\/types\/product"}],"replies":[{"embeddable":true,"href":"https:\/\/oishya.com\/de\/wp-json\/wp\/v2\/comments?post=43978"}],"version-history":[{"count":2,"href":"https:\/\/oishya.com\/de\/wp-json\/wp\/v2\/product\/43978\/revisions"}],"predecessor-version":[{"id":93444,"href":"https:\/\/oishya.com\/de\/wp-json\/wp\/v2\/product\/43978\/revisions\/93444"}],"wp:featuredmedia":[{"embeddable":true,"href":"https:\/\/oishya.com\/de\/wp-json\/wp\/v2\/media\/40898"}],"wp:attachment":[{"href":"https:\/\/oishya.com\/de\/wp-json\/wp\/v2\/media?parent=43978"}],"wp:term":[{"taxonomy":"product_brand","embeddable":true,"href":"https:\/\/oishya.com\/de\/wp-json\/wp\/v2\/product_brand?post=43978"},{"taxonomy":"product_cat","embeddable":true,"href":"https:\/\/oishya.com\/de\/wp-json\/wp\/v2\/product_cat?post=43978"},{"taxonomy":"product_tag","embeddable":true,"href":"https:\/\/oishya.com\/de\/wp-json\/wp\/v2\/product_tag?post=43978"}],"curies":[{"name":"wp","href":"https:\/\/api.w.org\/{rel}","templated":true}]}}