{"id":42711,"date":"2021-05-05T20:34:43","date_gmt":"2021-05-05T19:34:43","guid":{"rendered":"https:\/\/oishya.com\/?post_type=product&#038;p=42711"},"modified":"2026-01-16T21:21:59","modified_gmt":"2026-01-16T21:21:59","slug":"sakai-kyuba-kyu-messerset-santoku-nakiri-petty","status":"publish","type":"product","link":"https:\/\/oishya.com\/de\/sakai-kyuba-kyu-messerset-santoku-nakiri-petty\/","title":{"rendered":"Sakai Kyuba KYU Messerset: Santoku, Nakiri, Petty"},"content":{"rendered":"\t\t<div data-elementor-type=\"product-post\" data-elementor-id=\"42711\" class=\"elementor elementor-42711 elementor-42710\" data-elementor-post-type=\"product\">\n\t\t\t\t<div class=\"elementor-element elementor-element-cd3d059 e-flex e-con-boxed e-con e-parent\" data-id=\"cd3d059\" data-element_type=\"container\" data-e-type=\"container\">\n\t\t\t\t\t<div class=\"e-con-inner\">\n\t\t<div class=\"elementor-element elementor-element-665d709 e-con-full e-flex e-con e-child\" data-id=\"665d709\" data-element_type=\"container\" data-e-type=\"container\">\n\t\t<div class=\"elementor-element elementor-element-b2ddae6 e-con-full e-flex e-con e-child\" data-id=\"b2ddae6\" data-element_type=\"container\" data-e-type=\"container\">\n\t\t\t\t<div class=\"elementor-element elementor-element-2d029bf elementor-widget elementor-widget-heading\" data-id=\"2d029bf\" data-element_type=\"widget\" data-e-type=\"widget\" data-widget_type=\"heading.default\">\n\t\t\t\t\t<h2 class=\"elementor-heading-title elementor-size-default\">Das letzte Messerset, das Sie jemals brauchen werden<\/h2>\t\t\t\t<\/div>\n\t\t\t\t<\/div>\n\t\t<div class=\"elementor-element elementor-element-2ed05a1 e-con-full e-flex e-con e-child\" data-id=\"2ed05a1\" data-element_type=\"container\" data-e-type=\"container\">\n\t\t\t\t<div class=\"elementor-element elementor-element-97b2436 elementor-widget elementor-widget-image\" data-id=\"97b2436\" data-element_type=\"widget\" data-e-type=\"widget\" data-widget_type=\"image.default\">\n\t\t\t\t\t\t\t\t\t\t\t\t\t\t\t<img loading=\"lazy\" decoding=\"async\" loading=\"lazy\" width=\"2000\" height=\"2000\" src=\"https:\/\/cdn.oishya.com\/wp-content\/uploads\/2021\/05\/06213629\/28_KW.jpg\" class=\"attachment-large size-large wp-image-56294\" alt=\"Sakai Kyuba Knife set olive gree\" srcset=\"https:\/\/cdn.oishya.com\/wp-content\/uploads\/2021\/05\/06213629\/28_KW.jpg 2000w, https:\/\/cdn.oishya.com\/wp-content\/uploads\/2021\/05\/06213629\/28_KW-300x300.jpg 300w, https:\/\/cdn.oishya.com\/wp-content\/uploads\/2021\/05\/06213629\/28_KW-150x150.jpg 150w, https:\/\/cdn.oishya.com\/wp-content\/uploads\/2021\/05\/06213629\/28_KW-700x700.jpg 700w, https:\/\/cdn.oishya.com\/wp-content\/uploads\/2021\/05\/06213629\/28_KW-64x64.jpg 64w\" sizes=\"auto, (max-width: 2000px) 100vw, 2000px\" \/>\t\t\t\t\t\t\t\t\t\t\t\t\t\t\t<\/div>\n\t\t\t\t<\/div>\n\t\t\t\t<\/div>\n\t\t\t\t\t<\/div>\n\t\t\t\t<\/div>\n\t\t\t\t<section class=\"elementor-section elementor-top-section elementor-element elementor-element-f10f2e4 elementor-section-boxed elementor-section-height-default elementor-section-height-default\" data-id=\"f10f2e4\" data-element_type=\"section\" data-e-type=\"section\">\n\t\t\t\t\t\t<div class=\"elementor-container elementor-column-gap-default\">\n\t\t\t\t\t<div class=\"elementor-column elementor-col-100 elementor-top-column elementor-element elementor-element-f89ced1\" data-id=\"f89ced1\" data-element_type=\"column\" data-e-type=\"column\">\n\t\t\t<div class=\"elementor-widget-wrap elementor-element-populated\">\n\t\t\t\t\t\t<div class=\"elementor-element elementor-element-22bc77d elementor-widget elementor-widget-spacer\" data-id=\"22bc77d\" data-element_type=\"widget\" data-e-type=\"widget\" data-widget_type=\"spacer.default\">\n\t\t\t\t\t\t\t<div class=\"elementor-spacer\">\n\t\t\t<div class=\"elementor-spacer-inner\"><\/div>\n\t\t<\/div>\n\t\t\t\t\t\t<\/div>\n\t\t\t\t\t<\/div>\n\t\t<\/div>\n\t\t\t\t\t<\/div>\n\t\t<\/section>\n\t\t<div class=\"elementor-element elementor-element-f130c1b e-flex e-con-boxed e-con e-parent\" data-id=\"f130c1b\" data-element_type=\"container\" data-e-type=\"container\">\n\t\t\t\t\t<div class=\"e-con-inner\">\n\t\t<div class=\"elementor-element elementor-element-c6637a6 e-flex e-con-boxed e-con e-child\" data-id=\"c6637a6\" data-element_type=\"container\" data-e-type=\"container\">\n\t\t\t\t\t<div class=\"e-con-inner\">\n\t\t<div class=\"elementor-element elementor-element-ba80c8f e-con-full e-flex e-con e-child\" data-id=\"ba80c8f\" data-element_type=\"container\" data-e-type=\"container\">\n\t\t\t\t<div class=\"elementor-element elementor-element-febd350 elementor-widget elementor-widget-image\" data-id=\"febd350\" data-element_type=\"widget\" data-e-type=\"widget\" data-widget_type=\"image.default\">\n\t\t\t\t\t\t\t\t\t\t\t\t\t\t\t<img loading=\"lazy\" decoding=\"async\" loading=\"lazy\" width=\"2000\" height=\"2000\" src=\"https:\/\/cdn.oishya.com\/wp-content\/uploads\/2021\/05\/06213605\/25_KW.jpg\" class=\"attachment-large size-large wp-image-56362\" alt=\"Sakai Kyuba The Knife Blade Thickness Engraving Japanese \u2013 Mediterranean Blue\" srcset=\"https:\/\/cdn.oishya.com\/wp-content\/uploads\/2021\/05\/06213605\/25_KW.jpg 2000w, https:\/\/cdn.oishya.com\/wp-content\/uploads\/2021\/05\/06213605\/25_KW-300x300.jpg 300w, https:\/\/cdn.oishya.com\/wp-content\/uploads\/2021\/05\/06213605\/25_KW-150x150.jpg 150w, https:\/\/cdn.oishya.com\/wp-content\/uploads\/2021\/05\/06213605\/25_KW-700x700.jpg 700w, https:\/\/cdn.oishya.com\/wp-content\/uploads\/2021\/05\/06213605\/25_KW-64x64.jpg 64w\" sizes=\"auto, (max-width: 2000px) 100vw, 2000px\" \/>\t\t\t\t\t\t\t\t\t\t\t\t\t\t\t<\/div>\n\t\t\t\t<\/div>\n\t\t<div class=\"elementor-element elementor-element-98794fb e-con-full e-flex e-con e-child\" data-id=\"98794fb\" data-element_type=\"container\" data-e-type=\"container\">\n\t\t\t\t<div class=\"elementor-element elementor-element-b6b6b7a elementor-widget elementor-widget-heading\" data-id=\"b6b6b7a\" data-element_type=\"widget\" data-e-type=\"widget\" data-widget_type=\"heading.default\">\n\t\t\t\t\t<h2 class=\"elementor-heading-title elementor-size-default\">Die Klingen: Sch\u00e4rfe, Vielseitigkeit und Tradition<\/h2>\t\t\t\t<\/div>\n\t\t\t\t<\/div>\n\t\t\t\t\t<\/div>\n\t\t\t\t<\/div>\n\t\t\t\t\t<\/div>\n\t\t\t\t<\/div>\n\t\t\t\t<section class=\"elementor-section elementor-top-section elementor-element elementor-element-5af53de elementor-section-boxed elementor-section-height-default elementor-section-height-default\" data-id=\"5af53de\" data-element_type=\"section\" data-e-type=\"section\">\n\t\t\t\t\t\t<div class=\"elementor-container elementor-column-gap-default\">\n\t\t\t\t\t<div class=\"elementor-column elementor-col-100 elementor-top-column elementor-element elementor-element-73ad308\" data-id=\"73ad308\" data-element_type=\"column\" data-e-type=\"column\">\n\t\t\t<div class=\"elementor-widget-wrap elementor-element-populated\">\n\t\t\t\t\t\t<div class=\"elementor-element elementor-element-73a998b elementor-widget elementor-widget-spacer\" data-id=\"73a998b\" data-element_type=\"widget\" data-e-type=\"widget\" data-widget_type=\"spacer.default\">\n\t\t\t\t\t\t\t<div class=\"elementor-spacer\">\n\t\t\t<div class=\"elementor-spacer-inner\"><\/div>\n\t\t<\/div>\n\t\t\t\t\t\t<\/div>\n\t\t\t\t\t<\/div>\n\t\t<\/div>\n\t\t\t\t\t<\/div>\n\t\t<\/section>\n\t\t<div class=\"elementor-element elementor-element-9b8db35 e-flex e-con-boxed e-con e-parent\" data-id=\"9b8db35\" data-element_type=\"container\" data-e-type=\"container\">\n\t\t\t\t\t<div class=\"e-con-inner\">\n\t\t<div class=\"elementor-element elementor-element-0f83465 e-flex e-con-boxed e-con e-child\" data-id=\"0f83465\" data-element_type=\"container\" data-e-type=\"container\">\n\t\t\t\t\t<div class=\"e-con-inner\">\n\t\t<div class=\"elementor-element elementor-element-9936905 e-con-full e-flex e-con e-child\" data-id=\"9936905\" data-element_type=\"container\" data-e-type=\"container\">\n\t\t\t\t<\/div>\n\t\t<div class=\"elementor-element elementor-element-a4e01d0 e-con-full e-flex e-con e-child\" data-id=\"a4e01d0\" data-element_type=\"container\" data-e-type=\"container\">\n\t\t\t\t<div class=\"elementor-element elementor-element-6c466ad elementor-widget elementor-widget-image\" data-id=\"6c466ad\" data-element_type=\"widget\" data-e-type=\"widget\" data-widget_type=\"image.default\">\n\t\t\t\t\t\t\t\t\t\t\t\t\t\t\t<img loading=\"lazy\" decoding=\"async\" loading=\"lazy\" width=\"2000\" height=\"2000\" src=\"https:\/\/cdn.oishya.com\/wp-content\/uploads\/2022\/04\/06213546\/21_KW.jpg\" class=\"attachment-large size-large wp-image-56902\" alt=\"Sakai Kyuba Oishya Nakiri Gyuto Petty Knife handles - Blue Blue - Close Up\" srcset=\"https:\/\/cdn.oishya.com\/wp-content\/uploads\/2022\/04\/06213546\/21_KW.jpg 2000w, https:\/\/cdn.oishya.com\/wp-content\/uploads\/2022\/04\/06213546\/21_KW-300x300.jpg 300w, https:\/\/cdn.oishya.com\/wp-content\/uploads\/2022\/04\/06213546\/21_KW-150x150.jpg 150w, https:\/\/cdn.oishya.com\/wp-content\/uploads\/2022\/04\/06213546\/21_KW-700x700.jpg 700w, https:\/\/cdn.oishya.com\/wp-content\/uploads\/2022\/04\/06213546\/21_KW-64x64.jpg 64w\" sizes=\"auto, (max-width: 2000px) 100vw, 2000px\" \/>\t\t\t\t\t\t\t\t\t\t\t\t\t\t\t<\/div>\n\t\t\t\t<\/div>\n\t\t\t\t\t<\/div>\n\t\t\t\t<\/div>\n\t\t\t\t\t<\/div>\n\t\t\t\t<\/div>\n\t\t\t\t<section class=\"elementor-section elementor-top-section elementor-element elementor-element-722d08b elementor-section-boxed elementor-section-height-default elementor-section-height-default\" data-id=\"722d08b\" data-element_type=\"section\" data-e-type=\"section\">\n\t\t\t\t\t\t<div class=\"elementor-container elementor-column-gap-default\">\n\t\t\t\t\t<div class=\"elementor-column elementor-col-100 elementor-top-column elementor-element elementor-element-ee07348\" data-id=\"ee07348\" data-element_type=\"column\" data-e-type=\"column\">\n\t\t\t<div class=\"elementor-widget-wrap elementor-element-populated\">\n\t\t\t\t\t\t<div class=\"elementor-element elementor-element-c3303cc elementor-widget elementor-widget-spacer\" data-id=\"c3303cc\" data-element_type=\"widget\" data-e-type=\"widget\" data-widget_type=\"spacer.default\">\n\t\t\t\t\t\t\t<div class=\"elementor-spacer\">\n\t\t\t<div class=\"elementor-spacer-inner\"><\/div>\n\t\t<\/div>\n\t\t\t\t\t\t<\/div>\n\t\t\t\t\t<\/div>\n\t\t<\/div>\n\t\t\t\t\t<\/div>\n\t\t<\/section>\n\t\t<div class=\"elementor-element elementor-element-a406161 e-flex e-con-boxed e-con e-parent\" data-id=\"a406161\" data-element_type=\"container\" data-e-type=\"container\">\n\t\t\t\t\t<div class=\"e-con-inner\">\n\t\t<div class=\"elementor-element elementor-element-45dc542 e-flex e-con-boxed e-con e-child\" data-id=\"45dc542\" data-element_type=\"container\" data-e-type=\"container\">\n\t\t\t\t\t<div class=\"e-con-inner\">\n\t\t<div class=\"elementor-element elementor-element-9771024 e-con-full e-flex e-con e-child\" data-id=\"9771024\" data-element_type=\"container\" data-e-type=\"container\">\n\t\t\t\t<div class=\"elementor-element elementor-element-8664bea elementor-widget elementor-widget-video\" data-id=\"8664bea\" data-element_type=\"widget\" data-e-type=\"widget\" data-settings=\"{&quot;video_type&quot;:&quot;hosted&quot;,&quot;loop&quot;:&quot;yes&quot;,&quot;controls&quot;:&quot;yes&quot;}\" data-widget_type=\"video.default\">\n\t\t\t\t\t\t\t<div class=\"e-hosted-video elementor-wrapper elementor-open-inline\">\n\t\t\t\t\t<video class=\"elementor-video\" src=\"https:\/\/cdn.oishya.com\/wp-content\/uploads\/2021\/05\/06212638\/knives_unpacking.mp4\" loop=\"\" controls=\"\" preload=\"metadata\" controlsList=\"nodownload\"><\/video>\n\t\t\t\t<\/div>\n\t\t\t\t\t\t<\/div>\n\t\t\t\t<\/div>\n\t\t<div class=\"elementor-element elementor-element-2ee40e7 e-con-full e-flex e-con e-child\" data-id=\"2ee40e7\" data-element_type=\"container\" data-e-type=\"container\">\n\t\t\t\t<div class=\"elementor-element elementor-element-7510f9b elementor-widget elementor-widget-heading\" data-id=\"7510f9b\" data-element_type=\"widget\" data-e-type=\"widget\" data-widget_type=\"heading.default\">\n\t\t\t\t\t<h2 class=\"elementor-heading-title elementor-size-default\">Die Verpackung<\/h2>\t\t\t\t<\/div>\n\t\t\t\t<\/div>\n\t\t\t\t\t<\/div>\n\t\t\t\t<\/div>\n\t\t\t\t\t<\/div>\n\t\t\t\t<\/div>\n\t\t\t\t<\/div>\n\t\t","protected":false},"excerpt":{"rendered":"<p>Qualit\u00e4t im Schnitt. Sch\u00f6nheit im Design. Das Sakai Kyuba \u583a\u4e45\u99ac K\u00fcchenmesserset geht auf eine 600 Jahre alte Schmiedetradition zur\u00fcck und wurde entwickelt, um die Freude am Kochen zu steigern. Die drei Messer: Kochmesser, Gem\u00fcsemesser und Sch\u00e4lmesser sind die einzigen 3 Messer, die Sie jemals brauchen werden. Die Klingen sind aus erstklassig geschliffenem, wasserfest stabilisiertem, mediterran blau gef\u00e4rbtem Ahorn-Wurzelholz gefertigt. Die Messer werden in einer handgefertigten, minimalistischen Holzbox geliefert, die mit einem einzigartigen Illustrationsstreifen versehen ist. Das Set wird mit einer lebenslangen Garantie geliefert.<\/p>\n","protected":false},"featured_media":56346,"comment_status":"open","ping_status":"closed","template":"","meta":{"_acf_changed":false,"_glsr_average":0,"_glsr_ranking":0,"_glsr_reviews":0},"product_brand":[],"product_cat":[9035,9036],"product_tag":[9294],"class_list":{"0":"post-42711","1":"product","2":"type-product","3":"status-publish","4":"has-post-thumbnail","6":"product_cat-japanische-messer","7":"product_cat-kochmesser-sets","8":"product_tag-sakai-kyuba-de","10":"first","11":"instock","12":"shipping-taxable","13":"purchasable","14":"product-type-variable"},"supplier_id":null,"supplier_sku":"","barcode":null,"atum_controlled":true,"out_stock_date":null,"out_stock_threshold":null,"inheritable":true,"inbound_stock":0,"stock_on_hold":0,"sold_today":0,"sales_last_days":0,"reserved_stock":0,"customer_returns":0,"warehouse_damage":0,"lost_in_post":0,"other_logs":0,"out_stock_days":0,"lost_sales":0,"has_location":false,"update_date":"2026-04-17T00:31:04","atum_locations":[],"atum_stock_status":"instock","restock_status":false,"low_stock_amount":2,"sales_update_date":"2026-04-17T00:31:04","calc_backorders":0,"acf":[],"_links":{"self":[{"href":"https:\/\/oishya.com\/de\/wp-json\/wp\/v2\/product\/42711","targetHints":{"allow":["GET"]}}],"collection":[{"href":"https:\/\/oishya.com\/de\/wp-json\/wp\/v2\/product"}],"about":[{"href":"https:\/\/oishya.com\/de\/wp-json\/wp\/v2\/types\/product"}],"replies":[{"embeddable":true,"href":"https:\/\/oishya.com\/de\/wp-json\/wp\/v2\/comments?post=42711"}],"version-history":[{"count":8,"href":"https:\/\/oishya.com\/de\/wp-json\/wp\/v2\/product\/42711\/revisions"}],"predecessor-version":[{"id":114896,"href":"https:\/\/oishya.com\/de\/wp-json\/wp\/v2\/product\/42711\/revisions\/114896"}],"wp:featuredmedia":[{"embeddable":true,"href":"https:\/\/oishya.com\/de\/wp-json\/wp\/v2\/media\/56346"}],"wp:attachment":[{"href":"https:\/\/oishya.com\/de\/wp-json\/wp\/v2\/media?parent=42711"}],"wp:term":[{"taxonomy":"product_brand","embeddable":true,"href":"https:\/\/oishya.com\/de\/wp-json\/wp\/v2\/product_brand?post=42711"},{"taxonomy":"product_cat","embeddable":true,"href":"https:\/\/oishya.com\/de\/wp-json\/wp\/v2\/product_cat?post=42711"},{"taxonomy":"product_tag","embeddable":true,"href":"https:\/\/oishya.com\/de\/wp-json\/wp\/v2\/product_tag?post=42711"}],"curies":[{"name":"wp","href":"https:\/\/api.w.org\/{rel}","templated":true}]}}