{"id":41226,"date":"2021-04-02T17:01:30","date_gmt":"2021-04-02T16:01:30","guid":{"rendered":"https:\/\/oishya.com\/?post_type=product&#038;p=41226"},"modified":"2026-04-10T03:19:57","modified_gmt":"2026-04-10T02:19:57","slug":"sakai-kyuba-kyu-messerset-gyuto-nakiri-petty","status":"publish","type":"product","link":"https:\/\/oishya.com\/de\/sakai-kyuba-kyu-messerset-gyuto-nakiri-petty\/","title":{"rendered":"Sakai Kyuba KYU Messerset: Gyuto, Nakiri, Petty"},"content":{"rendered":"\t\t<div data-elementor-type=\"product-post\" data-elementor-id=\"41226\" class=\"elementor elementor-41226 elementor-41223\" data-elementor-post-type=\"product\">\n\t\t\t\t<div class=\"elementor-element elementor-element-66f3942 e-flex e-con-boxed e-con e-parent\" data-id=\"66f3942\" data-element_type=\"container\" data-e-type=\"container\">\n\t\t\t\t\t<div class=\"e-con-inner\">\n\t\t<div class=\"elementor-element elementor-element-6fbe52b e-con-full e-flex e-con e-child\" data-id=\"6fbe52b\" data-element_type=\"container\" data-e-type=\"container\">\n\t\t<div class=\"elementor-element elementor-element-215999c e-con-full e-flex e-con e-child\" data-id=\"215999c\" data-element_type=\"container\" data-e-type=\"container\">\n\t\t\t\t<div class=\"elementor-element elementor-element-00cc429 elementor-widget elementor-widget-heading\" data-id=\"00cc429\" data-element_type=\"widget\" data-e-type=\"widget\" data-widget_type=\"heading.default\">\n\t\t\t\t\t<h2 class=\"elementor-heading-title elementor-size-default\">Das letzte Messerset, das Sie jemals brauchen werden<\/h2>\t\t\t\t<\/div>\n\t\t\t\t<div class=\"elementor-element elementor-element-74ebd4a elementor-widget elementor-widget-text-editor\" data-id=\"74ebd4a\" data-element_type=\"widget\" data-e-type=\"widget\" data-widget_type=\"text-editor.default\">\n\t\t\t\t\t\t\t\t\t<p>The Sakai Kyuba Japanese kitchen knife set in Olive Green includes three knives, each perfectly balanced with optimal sharpness, precision and durability:<\/p>\n<ul>\n<li>A Chef\u2019s Knife 210mm \/ 8.3in\u00a0 \u2013 The Gyuto\u00a0 \u2013 a daily knife, a versatile all-rounder slicing knife, a typical Japanese shape, longer than <a href=\"https:\/\/oishya.com\/sakai-kyuba-knife-set-santoku-nakiri-petty-mediterranean-blue\/\">Santoku<\/a><\/li>\n<li>A Vegetable Knife 160mm \/ 7in \u2013 The Nakiri \u2013 thin and sharp, perfect for chopping and dicing vegetables;<\/li>\n<li>A Paring Knife 150mm \/ 5in \u2013 The Petty \u2013 extra nimble to tackle the smaller, more intricate chores like peeling or carving.<\/li>\n<\/ul>\n<p>With these three quality Japanese knives you will be able to perform any cutting task in the kitchen with ease and efficiency. The Santoku, Nakiri and Petty are the only knives you will need, a beautiful knife set that will last for generations. As unique and everlasting as the memories you will create using them. You will love using them.<\/p>\n\t\t\t\t\t\t\t\t<\/div>\n\t\t\t\t<\/div>\n\t\t<div class=\"elementor-element elementor-element-fed2a91 e-con-full e-flex e-con e-child\" data-id=\"fed2a91\" data-element_type=\"container\" data-e-type=\"container\">\n\t\t\t\t<div class=\"elementor-element elementor-element-d8d210a elementor-widget elementor-widget-image\" data-id=\"d8d210a\" data-element_type=\"widget\" data-e-type=\"widget\" data-widget_type=\"image.default\">\n\t\t\t\t\t\t\t\t\t\t\t\t\t\t\t<img loading=\"lazy\" decoding=\"async\" loading=\"lazy\" width=\"2000\" height=\"2000\" src=\"https:\/\/cdn.oishya.com\/wp-content\/uploads\/2021\/05\/06213629\/28_KW.jpg\" class=\"attachment-large size-large wp-image-56294\" alt=\"Sakai Kyuba Knife set olive gree\" srcset=\"https:\/\/cdn.oishya.com\/wp-content\/uploads\/2021\/05\/06213629\/28_KW.jpg 2000w, https:\/\/cdn.oishya.com\/wp-content\/uploads\/2021\/05\/06213629\/28_KW-300x300.jpg 300w, https:\/\/cdn.oishya.com\/wp-content\/uploads\/2021\/05\/06213629\/28_KW-150x150.jpg 150w, https:\/\/cdn.oishya.com\/wp-content\/uploads\/2021\/05\/06213629\/28_KW-700x700.jpg 700w, https:\/\/cdn.oishya.com\/wp-content\/uploads\/2021\/05\/06213629\/28_KW-64x64.jpg 64w\" sizes=\"auto, (max-width: 2000px) 100vw, 2000px\" \/>\t\t\t\t\t\t\t\t\t\t\t\t\t\t\t<\/div>\n\t\t\t\t<\/div>\n\t\t\t\t<\/div>\n\t\t\t\t\t<\/div>\n\t\t\t\t<\/div>\n\t\t<div class=\"elementor-element elementor-element-581bed2 e-flex e-con-boxed e-con e-parent\" data-id=\"581bed2\" data-element_type=\"container\" data-e-type=\"container\">\n\t\t\t\t\t<div class=\"e-con-inner\">\n\t\t<div class=\"elementor-element elementor-element-73e6c95 e-flex e-con-boxed e-con e-child\" data-id=\"73e6c95\" data-element_type=\"container\" data-e-type=\"container\">\n\t\t\t\t\t<div class=\"e-con-inner\">\n\t\t<div class=\"elementor-element elementor-element-0d1fc82 e-con-full e-flex e-con e-child\" data-id=\"0d1fc82\" data-element_type=\"container\" data-e-type=\"container\">\n\t\t\t\t<div class=\"elementor-element elementor-element-38f3748 elementor-widget elementor-widget-image\" data-id=\"38f3748\" data-element_type=\"widget\" data-e-type=\"widget\" data-widget_type=\"image.default\">\n\t\t\t\t\t\t\t\t\t\t\t\t\t\t\t<img loading=\"lazy\" decoding=\"async\" loading=\"lazy\" width=\"2000\" height=\"2000\" src=\"https:\/\/cdn.oishya.com\/wp-content\/uploads\/2021\/05\/06213605\/25_KW.jpg\" class=\"attachment-large size-large wp-image-56362\" alt=\"Sakai Kyuba The Knife Blade Thickness Engraving Japanese \u2013 Mediterranean Blue\" srcset=\"https:\/\/cdn.oishya.com\/wp-content\/uploads\/2021\/05\/06213605\/25_KW.jpg 2000w, https:\/\/cdn.oishya.com\/wp-content\/uploads\/2021\/05\/06213605\/25_KW-300x300.jpg 300w, https:\/\/cdn.oishya.com\/wp-content\/uploads\/2021\/05\/06213605\/25_KW-150x150.jpg 150w, https:\/\/cdn.oishya.com\/wp-content\/uploads\/2021\/05\/06213605\/25_KW-700x700.jpg 700w, https:\/\/cdn.oishya.com\/wp-content\/uploads\/2021\/05\/06213605\/25_KW-64x64.jpg 64w\" sizes=\"auto, (max-width: 2000px) 100vw, 2000px\" \/>\t\t\t\t\t\t\t\t\t\t\t\t\t\t\t<\/div>\n\t\t\t\t<\/div>\n\t\t<div class=\"elementor-element elementor-element-cad8f1f e-con-full e-flex e-con e-child\" data-id=\"cad8f1f\" data-element_type=\"container\" data-e-type=\"container\">\n\t\t\t\t<div class=\"elementor-element elementor-element-f28baa0 elementor-widget elementor-widget-heading\" data-id=\"f28baa0\" data-element_type=\"widget\" data-e-type=\"widget\" data-widget_type=\"heading.default\">\n\t\t\t\t\t<h2 class=\"elementor-heading-title elementor-size-default\">Die Klingen: Sch\u00e4rfe, Vielseitigkeit und Tradition<\/h2>\t\t\t\t<\/div>\n\t\t\t\t<div class=\"elementor-element elementor-element-d54989d elementor-widget__width-initial elementor-widget elementor-widget-text-editor\" data-id=\"d54989d\" data-element_type=\"widget\" data-e-type=\"widget\" data-widget_type=\"text-editor.default\">\n\t\t\t\t\t\t\t\t\t<p><span style=\"text-align: start; white-space: pre-wrap;\">The blades in this Japanese kitchen knives set are designed to make cooking more enjoyable as cutting through produce will become an effortless task. <\/span><\/p>\n<p><br style=\"text-align: start; white-space: pre-wrap;\" \/><span style=\"text-align: start; white-space: pre-wrap;\">The blades in this Japanese kitchen knife set are handcrafted by skilled Japanese blacksmiths in Sakai, Japan with premium Japanese AUS10 stainless steel. AUS10 is a stainless steel with a high carbon content, making it harder than most stainless steel types. With AUS10,\u00a0 you get the hardness of a carbon steel but the corrosion resistance of stainless. Hence, AUS10 steel offers an excellent balance between toughness, durability, and a razor sharpness. <\/span><\/p>\n<p><br style=\"margin-bottom: 0px; text-align: start; white-space: pre-wrap;\" \/><span style=\"text-align: start; white-space: pre-wrap;\">The blades have a Rockwell Hardness rating (HRC) of 62 which means the edge stays noticeably sharper for a longer time. This means you won\u2019t have to worry about sharpening them often. They are forged with 46 layers of Damascus steel which is legendary for its plasticity, hardness and distinctive patterns. The blades will allow foods to be easily and promptly cut with precision.<\/span><\/p>\n\t\t\t\t\t\t\t\t<\/div>\n\t\t\t\t<\/div>\n\t\t\t\t\t<\/div>\n\t\t\t\t<\/div>\n\t\t\t\t\t<\/div>\n\t\t\t\t<\/div>\n\t\t<div class=\"elementor-element elementor-element-96cc4b4 e-flex e-con-boxed e-con e-parent\" data-id=\"96cc4b4\" data-element_type=\"container\" data-e-type=\"container\">\n\t\t\t\t\t<div class=\"e-con-inner\">\n\t\t<div class=\"elementor-element elementor-element-1c491c1 e-flex e-con-boxed e-con e-child\" data-id=\"1c491c1\" data-element_type=\"container\" data-e-type=\"container\">\n\t\t\t\t\t<div class=\"e-con-inner\">\n\t\t<div class=\"elementor-element elementor-element-0671555 e-con-full e-flex e-con e-child\" data-id=\"0671555\" data-element_type=\"container\" data-e-type=\"container\">\n\t\t\t\t<div class=\"elementor-element elementor-element-193fb20 elementor-widget elementor-widget-heading\" data-id=\"193fb20\" data-element_type=\"widget\" data-e-type=\"widget\" data-widget_type=\"heading.default\">\n\t\t\t\t\t<h2 class=\"elementor-heading-title elementor-size-default\">No Handle Pattern <br>Is The Same<\/h2>\t\t\t\t<\/div>\n\t\t\t\t<div class=\"elementor-element elementor-element-97bd0f1 elementor-widget elementor-widget-text-editor\" data-id=\"97bd0f1\" data-element_type=\"widget\" data-e-type=\"widget\" data-widget_type=\"text-editor.default\">\n\t\t\t\t\t\t\t\t\t<p><span style=\"text-align: start; white-space: pre-wrap;\">The beautiful handles are made with extremely limited European maple burl dyed in an Mediterranean Blue colour and feature a subtle copper ring under the oak bog wood kakumaki (collar of the handle). The wood has to be dried for two years before it undergoes the process of stabilisation. This ensures the wood is completely waterproof to avoid bacteria growth and is able to last generations.<\/span><\/p>\n<p><br style=\"text-align: start; white-space: pre-wrap;\" \/><span style=\"text-align: start; white-space: pre-wrap;\">The Japanese kitchen knife set&#8217;s kakumaki (collar) is made with oak bog wood. A wood ranging from 2,500 to 5,000 years in age. Its age and living conditions give it a unique character and rich natural colour variation determined by its age. Giving you a knife with a rich history.<\/span><br style=\"text-align: start; white-space: pre-wrap;\" \/><br style=\"text-align: start; white-space: pre-wrap;\" \/><span style=\"text-align: start; white-space: pre-wrap;\">The stabilised premium-cut maple burl is shaped into an octagonal shaped ambidextrous handle to give you a firm grip on the knife. Not only are the handles aesthetically pleasing, they are also perfectly balanced, light and comfortable. This allows for maximum precision and more controlled movements during use.<\/span><br style=\"text-align: start; white-space: pre-wrap;\" \/><br style=\"margin-bottom: 0px; text-align: start; white-space: pre-wrap;\" \/><span style=\"text-align: start; white-space: pre-wrap;\">Please note that no two handle colours or patterns are ever the same as the natural properties of each wood block are unique and will absorb the colour dye differently. This will give each knife a beautiful unique look.<\/span><\/p>\n\t\t\t\t\t\t\t\t<\/div>\n\t\t\t\t<\/div>\n\t\t<div class=\"elementor-element elementor-element-f5c456f e-con-full e-flex e-con e-child\" data-id=\"f5c456f\" data-element_type=\"container\" data-e-type=\"container\">\n\t\t\t\t<div class=\"elementor-element elementor-element-1bb650f elementor-widget elementor-widget-image\" data-id=\"1bb650f\" data-element_type=\"widget\" data-e-type=\"widget\" data-widget_type=\"image.default\">\n\t\t\t\t\t\t\t\t\t\t\t\t\t\t\t<img loading=\"lazy\" decoding=\"async\" loading=\"lazy\" width=\"2000\" height=\"2000\" src=\"https:\/\/cdn.oishya.com\/wp-content\/uploads\/2022\/04\/06213546\/21_KW.jpg\" class=\"attachment-large size-large wp-image-56902\" alt=\"Sakai Kyuba Oishya Nakiri Gyuto Petty Knife handles - Blue Blue - Close Up\" srcset=\"https:\/\/cdn.oishya.com\/wp-content\/uploads\/2022\/04\/06213546\/21_KW.jpg 2000w, https:\/\/cdn.oishya.com\/wp-content\/uploads\/2022\/04\/06213546\/21_KW-300x300.jpg 300w, https:\/\/cdn.oishya.com\/wp-content\/uploads\/2022\/04\/06213546\/21_KW-150x150.jpg 150w, https:\/\/cdn.oishya.com\/wp-content\/uploads\/2022\/04\/06213546\/21_KW-700x700.jpg 700w, https:\/\/cdn.oishya.com\/wp-content\/uploads\/2022\/04\/06213546\/21_KW-64x64.jpg 64w\" sizes=\"auto, (max-width: 2000px) 100vw, 2000px\" \/>\t\t\t\t\t\t\t\t\t\t\t\t\t\t\t<\/div>\n\t\t\t\t<\/div>\n\t\t\t\t\t<\/div>\n\t\t\t\t<\/div>\n\t\t\t\t\t<\/div>\n\t\t\t\t<\/div>\n\t\t<div class=\"elementor-element elementor-element-0168161 e-flex e-con-boxed e-con e-parent\" data-id=\"0168161\" data-element_type=\"container\" data-e-type=\"container\">\n\t\t\t\t\t<div class=\"e-con-inner\">\n\t\t<div class=\"elementor-element elementor-element-3226128 e-flex e-con-boxed e-con e-child\" data-id=\"3226128\" data-element_type=\"container\" data-e-type=\"container\">\n\t\t\t\t\t<div class=\"e-con-inner\">\n\t\t<div class=\"elementor-element elementor-element-bd8fcd3 e-con-full e-flex e-con e-child\" data-id=\"bd8fcd3\" data-element_type=\"container\" data-e-type=\"container\">\n\t\t\t\t<div class=\"elementor-element elementor-element-fe9098e elementor-widget elementor-widget-video\" data-id=\"fe9098e\" data-element_type=\"widget\" data-e-type=\"widget\" data-settings=\"{&quot;video_type&quot;:&quot;hosted&quot;,&quot;loop&quot;:&quot;yes&quot;,&quot;controls&quot;:&quot;yes&quot;}\" data-widget_type=\"video.default\">\n\t\t\t\t\t\t\t<div class=\"e-hosted-video elementor-wrapper elementor-open-inline\">\n\t\t\t\t\t<video class=\"elementor-video\" src=\"https:\/\/cdn.oishya.com\/wp-content\/uploads\/2021\/05\/06212638\/knives_unpacking.mp4\" loop=\"\" controls=\"\" preload=\"metadata\" controlsList=\"nodownload\"><\/video>\n\t\t\t\t<\/div>\n\t\t\t\t\t\t<\/div>\n\t\t\t\t<\/div>\n\t\t<div class=\"elementor-element elementor-element-8e6f919 e-con-full e-flex e-con e-child\" data-id=\"8e6f919\" data-element_type=\"container\" data-e-type=\"container\">\n\t\t\t\t<div class=\"elementor-element elementor-element-c4052f6 elementor-widget elementor-widget-heading\" data-id=\"c4052f6\" data-element_type=\"widget\" data-e-type=\"widget\" data-widget_type=\"heading.default\">\n\t\t\t\t\t<h2 class=\"elementor-heading-title elementor-size-default\">Die Verpackung<\/h2>\t\t\t\t<\/div>\n\t\t\t\t<div class=\"elementor-element elementor-element-71f6387 elementor-widget__width-initial elementor-widget elementor-widget-text-editor\" data-id=\"71f6387\" data-element_type=\"widget\" data-e-type=\"widget\" data-widget_type=\"text-editor.default\">\n\t\t\t\t\t\t\t\t\t<p>All Sakai Kyuba kitchen knives set come in a handcrafted, minimalist European Oak wooden box with a delicate waxed finish. The box is wrapped in a Oishya signature illustration strip featuring the Onna Bugeisha \u2013 Japanese female warriors.<\/p>\n<p>Inside, you&#8217;ll see a beautiful note with a genuine 5 Japanese yen coin for luck.\u00a0There\u2019s an ancient superstition that giving someone a knife is bad luck because it cuts the relationship between the giver and the recipient. The way around this is to attach a coin of symbolic value to the knife, which is then returned to the giver as a form of payment. As we want you to maintain your\u00a0relationships with your loved ones, here is a 5 yen coin.\u00a0<\/p>\n<p>The Japanese for five yen go en (\u4e94\u5186) is a homophone with go-en (\u5fa1\u7e01), which means relationship, connection and bond. So by exchanging this coin with the receiver you no longer have to worry about this superstition.\u00a0<\/p>\n\t\t\t\t\t\t\t\t<\/div>\n\t\t\t\t<\/div>\n\t\t\t\t\t<\/div>\n\t\t\t\t<\/div>\n\t\t\t\t\t<\/div>\n\t\t\t\t<\/div>\n\t\t\t\t<\/div>\n\t\t","protected":false},"excerpt":{"rendered":"<p>Qualit\u00e4t im Schnitt. Sch\u00f6nheit im Design. Das Sakai Kyuba \u583a\u4e45\u99ac K\u00fcchenmesserset geht auf eine 600 Jahre alte Schmiedetradition zur\u00fcck und wurde entwickelt, um die Freude am Kochen zu steigern. Die drei Messer: Kochmesser, Gem\u00fcsemesser und Sch\u00e4lmesser sind die einzigen 3 Messer, die Sie jemals brauchen werden. Die Klingen sind aus erstklassig geschliffenem, wasserfest stabilisiertem, mediterran blau gef\u00e4rbtem Ahorn-Wurzelholz gefertigt. Die Messer werden in einer handgefertigten, minimalistischen Holzbox geliefert, die mit einem einzigartigen Illustrationsstreifen versehen ist. Das Set wird mit einer lebenslangen Garantie geliefert.<\/p>\n","protected":false},"featured_media":56342,"comment_status":"open","ping_status":"closed","template":"","meta":{"_acf_changed":false,"_glsr_average":0,"_glsr_ranking":0,"_glsr_reviews":0},"product_brand":[],"product_cat":[9035,9036],"product_tag":[9294],"class_list":{"0":"post-41226","1":"product","2":"type-product","3":"status-publish","4":"has-post-thumbnail","6":"product_cat-japanische-messer","7":"product_cat-kochmesser-sets","8":"product_tag-sakai-kyuba-de","9":"pa_blade-length-150mm-de","10":"pa_blade-length-160mm-de","11":"pa_blade-length-210mm-de","12":"pa_hrc-62-de","13":"pa_knife-handle-material-verfestigtes-ahorn-holz","14":"pa_knife-type-gyuto-de","15":"pa_knife-type-nakiri-de","16":"pa_knife-type-petty","17":"pa_steel-type-46-lagig","18":"pa_steel-type-damaskus","19":"pa_steel-type-vg10-high-carbon-stainless-steel","21":"first","22":"onbackorder","23":"shipping-taxable","24":"purchasable","25":"product-type-variable"},"supplier_id":null,"supplier_sku":"","barcode":null,"atum_controlled":true,"out_stock_date":null,"out_stock_threshold":null,"inheritable":true,"inbound_stock":0,"stock_on_hold":3,"sold_today":0,"sales_last_days":0,"reserved_stock":0,"customer_returns":0,"warehouse_damage":0,"lost_in_post":0,"other_logs":0,"out_stock_days":0,"lost_sales":0,"has_location":false,"update_date":"2026-04-13T00:29:32","atum_locations":[],"atum_stock_status":"onbackorder","restock_status":false,"low_stock_amount":2,"sales_update_date":"2026-04-13T00:29:32","calc_backorders":-3,"acf":[],"_links":{"self":[{"href":"https:\/\/oishya.com\/de\/wp-json\/wp\/v2\/product\/41226","targetHints":{"allow":["GET"]}}],"collection":[{"href":"https:\/\/oishya.com\/de\/wp-json\/wp\/v2\/product"}],"about":[{"href":"https:\/\/oishya.com\/de\/wp-json\/wp\/v2\/types\/product"}],"replies":[{"embeddable":true,"href":"https:\/\/oishya.com\/de\/wp-json\/wp\/v2\/comments?post=41226"}],"version-history":[{"count":14,"href":"https:\/\/oishya.com\/de\/wp-json\/wp\/v2\/product\/41226\/revisions"}],"predecessor-version":[{"id":116628,"href":"https:\/\/oishya.com\/de\/wp-json\/wp\/v2\/product\/41226\/revisions\/116628"}],"wp:featuredmedia":[{"embeddable":true,"href":"https:\/\/oishya.com\/de\/wp-json\/wp\/v2\/media\/56342"}],"wp:attachment":[{"href":"https:\/\/oishya.com\/de\/wp-json\/wp\/v2\/media?parent=41226"}],"wp:term":[{"taxonomy":"product_brand","embeddable":true,"href":"https:\/\/oishya.com\/de\/wp-json\/wp\/v2\/product_brand?post=41226"},{"taxonomy":"product_cat","embeddable":true,"href":"https:\/\/oishya.com\/de\/wp-json\/wp\/v2\/product_cat?post=41226"},{"taxonomy":"product_tag","embeddable":true,"href":"https:\/\/oishya.com\/de\/wp-json\/wp\/v2\/product_tag?post=41226"}],"curies":[{"name":"wp","href":"https:\/\/api.w.org\/{rel}","templated":true}]}}