{"id":41142,"date":"2021-04-02T14:41:38","date_gmt":"2021-04-02T13:41:38","guid":{"rendered":"https:\/\/oishya.com\/?post_type=product&#038;p=41142"},"modified":"2026-03-29T18:56:09","modified_gmt":"2026-03-29T17:56:09","slug":"sakai-kyuba-kyu-gemusemesser-16cm-nakiri","status":"publish","type":"product","link":"https:\/\/oishya.com\/de\/sakai-kyuba-kyu-gemusemesser-16cm-nakiri\/","title":{"rendered":"Sakai Kyuba KYU Gem\u00fcsemesser 16cm Nakiri"},"content":{"rendered":"\t\t<div data-elementor-type=\"product-post\" data-elementor-id=\"41142\" class=\"elementor elementor-41142 elementor-41139\" data-elementor-post-type=\"product\">\n\t\t\t\t\t\t<section class=\"elementor-section elementor-top-section elementor-element elementor-element-1f86956 elementor-section-boxed elementor-section-height-default elementor-section-height-default\" data-id=\"1f86956\" data-element_type=\"section\" data-e-type=\"section\">\n\t\t\t\t\t\t<div class=\"elementor-container elementor-column-gap-default\">\n\t\t\t\t\t<div class=\"elementor-column elementor-col-33 elementor-top-column elementor-element elementor-element-418e750\" data-id=\"418e750\" data-element_type=\"column\" data-e-type=\"column\">\n\t\t\t<div class=\"elementor-widget-wrap elementor-element-populated\">\n\t\t\t\t\t\t<div class=\"elementor-element elementor-element-f49c3b5 elementor-widget elementor-widget-heading\" data-id=\"f49c3b5\" data-element_type=\"widget\" data-e-type=\"widget\" data-widget_type=\"heading.default\">\n\t\t\t\t\t<h2 class=\"elementor-heading-title elementor-size-default\">Die Nakiri<\/h2>\t\t\t\t<\/div>\n\t\t\t\t<div class=\"elementor-element elementor-element-9062ac4 elementor-widget elementor-widget-text-editor\" data-id=\"9062ac4\" data-element_type=\"widget\" data-e-type=\"widget\" data-widget_type=\"text-editor.default\">\n\t\t\t\t\t\t\t\t\t<p><span style=\"font-family: var( --e-global-typography-primary-font-family ), Sans-serif; font-size: var( --e-global-typography-primary-font-size ); font-weight: var( --e-global-typography-primary-font-weight ); letter-spacing: var( --e-global-typography-primary-letter-spacing ); word-spacing: 0em;\">Das japanische Nakirimesser ist zum Schneiden von Gem&#252;se gedacht. Es verf&#252;gt &#252;ber eine d&#252;nne und breite Klinge und abgeschr&#228;gte Spitzen. Dank des doppelten Schliffs ist es sowohl f&#252;r Links- als auch f&#252;r Rechtsh&#228;nder geeignet. <\/span>Dank seiner scharfen, geraden Klinge kann das Nakiri-Messer m&#252;helos lange St&#252;cke (z. B. Auberginen und Karotten) durchschneiden und hauchd&#252;nne, pr&#228;zise Scheiben aus Gurken, Bitterk&#252;rbis, Tomaten und dergleichen schneiden. Es eignet sich auch hervorragend zum Schneiden von sehr hartschaligen Produkten wie K&#252;rbissen und K&#252;rbissen.<\/p>\n<p>Ein unverzichtbares Messer f&#252;r jeden Gem&#252;seliebhaber. Dieses Sakai Kyuba 16cm Nakiri-Messer ist so einzigartig und unverg&#228;nglich wie die Erinnerungen, die Sie mit ihm schaffen werden.<\/p>\n\t\t\t\t\t\t\t\t<\/div>\n\t\t\t\t\t<\/div>\n\t\t<\/div>\n\t\t\t\t<div class=\"elementor-column elementor-col-66 elementor-top-column elementor-element elementor-element-d3a22d6\" data-id=\"d3a22d6\" data-element_type=\"column\" data-e-type=\"column\">\n\t\t\t<div class=\"elementor-widget-wrap elementor-element-populated\">\n\t\t\t\t\t\t<div class=\"elementor-element elementor-element-b354a9e elementor-widget elementor-widget-image\" data-id=\"b354a9e\" data-element_type=\"widget\" data-e-type=\"widget\" data-widget_type=\"image.default\">\n\t\t\t\t\t\t\t\t\t\t\t\t\t\t\t<img decoding=\"async\" loading=\"lazy\" src=\"https:\/\/cdn.oishya.com\/wp-content\/uploads\/2021\/04\/06213350\/nakiri_sakai_kyuba.jpg\" title=\"nakiri_sakai_kyuba\" alt=\"nakiri_sakai_kyuba\" \/>\t\t\t\t\t\t\t\t\t\t\t\t\t\t\t<\/div>\n\t\t\t\t\t<\/div>\n\t\t<\/div>\n\t\t\t\t\t<\/div>\n\t\t<\/section>\n\t\t\t\t<section class=\"elementor-section elementor-top-section elementor-element elementor-element-ed0ca1c elementor-section-boxed elementor-section-height-default elementor-section-height-default\" data-id=\"ed0ca1c\" data-element_type=\"section\" data-e-type=\"section\">\n\t\t\t\t\t\t<div class=\"elementor-container elementor-column-gap-default\">\n\t\t\t\t\t<div class=\"elementor-column elementor-col-66 elementor-top-column elementor-element elementor-element-7cb66ce\" data-id=\"7cb66ce\" data-element_type=\"column\" data-e-type=\"column\">\n\t\t\t<div class=\"elementor-widget-wrap elementor-element-populated\">\n\t\t\t\t\t\t<div class=\"elementor-element elementor-element-39bb375 elementor-widget elementor-widget-image\" data-id=\"39bb375\" data-element_type=\"widget\" data-e-type=\"widget\" data-widget_type=\"image.default\">\n\t\t\t\t\t\t\t\t\t\t\t\t\t\t\t<img loading=\"lazy\" decoding=\"async\" loading=\"lazy\" width=\"2000\" height=\"2000\" src=\"https:\/\/cdn.oishya.com\/wp-content\/uploads\/2021\/05\/06213605\/25_KW.jpg\" class=\"attachment-large size-large wp-image-56362\" alt=\"Sakai Kyuba The Knife Blade Thickness Engraving Japanese \u2013 Mediterranean Blue\" srcset=\"https:\/\/cdn.oishya.com\/wp-content\/uploads\/2021\/05\/06213605\/25_KW.jpg 2000w, https:\/\/cdn.oishya.com\/wp-content\/uploads\/2021\/05\/06213605\/25_KW-300x300.jpg 300w, https:\/\/cdn.oishya.com\/wp-content\/uploads\/2021\/05\/06213605\/25_KW-150x150.jpg 150w, https:\/\/cdn.oishya.com\/wp-content\/uploads\/2021\/05\/06213605\/25_KW-700x700.jpg 700w, https:\/\/cdn.oishya.com\/wp-content\/uploads\/2021\/05\/06213605\/25_KW-64x64.jpg 64w\" sizes=\"auto, (max-width: 2000px) 100vw, 2000px\" \/>\t\t\t\t\t\t\t\t\t\t\t\t\t\t\t<\/div>\n\t\t\t\t\t<\/div>\n\t\t<\/div>\n\t\t\t\t<div class=\"elementor-column elementor-col-33 elementor-top-column elementor-element elementor-element-ee44d95\" data-id=\"ee44d95\" data-element_type=\"column\" data-e-type=\"column\">\n\t\t\t<div class=\"elementor-widget-wrap elementor-element-populated\">\n\t\t\t\t\t\t<div class=\"elementor-element elementor-element-92733c8 elementor-widget elementor-widget-heading\" data-id=\"92733c8\" data-element_type=\"widget\" data-e-type=\"widget\" data-widget_type=\"heading.default\">\n\t\t\t\t\t<h2 class=\"elementor-heading-title elementor-size-default\">Die Klinge<\/h2>\t\t\t\t<\/div>\n\t\t\t\t\t<\/div>\n\t\t<\/div>\n\t\t\t\t\t<\/div>\n\t\t<\/section>\n\t\t\t\t<section class=\"elementor-section elementor-top-section elementor-element elementor-element-f733276 elementor-section-boxed elementor-section-height-default elementor-section-height-default\" data-id=\"f733276\" data-element_type=\"section\" data-e-type=\"section\">\n\t\t\t\t\t\t<div class=\"elementor-container elementor-column-gap-default\">\n\t\t\t\t\t<div class=\"elementor-column elementor-col-33 elementor-top-column elementor-element elementor-element-5656888\" data-id=\"5656888\" data-element_type=\"column\" data-e-type=\"column\">\n\t\t\t<div class=\"elementor-widget-wrap elementor-element-populated\">\n\t\t\t\t\t\t<div class=\"elementor-element elementor-element-02385b4 elementor-widget elementor-widget-heading\" data-id=\"02385b4\" data-element_type=\"widget\" data-e-type=\"widget\" data-widget_type=\"heading.default\">\n\t\t\t\t\t<h2 class=\"elementor-heading-title elementor-size-default\">Der Handgriff<\/h2>\t\t\t\t<\/div>\n\t\t\t\t\t<\/div>\n\t\t<\/div>\n\t\t\t\t<div class=\"elementor-column elementor-col-66 elementor-top-column elementor-element elementor-element-02f0934\" data-id=\"02f0934\" data-element_type=\"column\" data-e-type=\"column\">\n\t\t\t<div class=\"elementor-widget-wrap elementor-element-populated\">\n\t\t\t\t\t\t<div class=\"elementor-element elementor-element-db9479b elementor-widget elementor-widget-image\" data-id=\"db9479b\" data-element_type=\"widget\" data-e-type=\"widget\" data-widget_type=\"image.default\">\n\t\t\t\t\t\t\t\t\t\t\t\t\t\t\t<img loading=\"lazy\" decoding=\"async\" loading=\"lazy\" width=\"2000\" height=\"2000\" src=\"https:\/\/cdn.oishya.com\/wp-content\/uploads\/2022\/04\/06213546\/21_KW.jpg\" class=\"attachment-large size-large wp-image-56902\" alt=\"Sakai Kyuba Oishya Nakiri Gyuto Petty Knife handles - Blue Blue - Close Up\" srcset=\"https:\/\/cdn.oishya.com\/wp-content\/uploads\/2022\/04\/06213546\/21_KW.jpg 2000w, https:\/\/cdn.oishya.com\/wp-content\/uploads\/2022\/04\/06213546\/21_KW-300x300.jpg 300w, https:\/\/cdn.oishya.com\/wp-content\/uploads\/2022\/04\/06213546\/21_KW-150x150.jpg 150w, https:\/\/cdn.oishya.com\/wp-content\/uploads\/2022\/04\/06213546\/21_KW-700x700.jpg 700w, https:\/\/cdn.oishya.com\/wp-content\/uploads\/2022\/04\/06213546\/21_KW-64x64.jpg 64w\" sizes=\"auto, (max-width: 2000px) 100vw, 2000px\" \/>\t\t\t\t\t\t\t\t\t\t\t\t\t\t\t<\/div>\n\t\t\t\t\t<\/div>\n\t\t<\/div>\n\t\t\t\t\t<\/div>\n\t\t<\/section>\n\t\t\t\t<section class=\"elementor-section elementor-top-section elementor-element elementor-element-f9a7ed5 elementor-section-boxed elementor-section-height-default elementor-section-height-default\" data-id=\"f9a7ed5\" data-element_type=\"section\" data-e-type=\"section\">\n\t\t\t\t\t\t<div class=\"elementor-container elementor-column-gap-default\">\n\t\t\t\t\t<div class=\"elementor-column elementor-col-66 elementor-top-column elementor-element elementor-element-3375b05\" data-id=\"3375b05\" data-element_type=\"column\" data-e-type=\"column\">\n\t\t\t<div class=\"elementor-widget-wrap elementor-element-populated\">\n\t\t\t\t\t\t<div class=\"elementor-element elementor-element-d741c85 elementor-widget elementor-widget-video\" data-id=\"d741c85\" data-element_type=\"widget\" data-e-type=\"widget\" data-settings=\"{&quot;video_type&quot;:&quot;hosted&quot;,&quot;loop&quot;:&quot;yes&quot;,&quot;controls&quot;:&quot;yes&quot;}\" data-widget_type=\"video.default\">\n\t\t\t\t\t\t\t<div class=\"e-hosted-video elementor-wrapper elementor-open-inline\">\n\t\t\t\t\t<video class=\"elementor-video\" src=\"https:\/\/cdn.oishya.com\/wp-content\/uploads\/2021\/05\/06212638\/knives_unpacking.mp4\" loop=\"\" controls=\"\" preload=\"metadata\" controlsList=\"nodownload\"><\/video>\n\t\t\t\t<\/div>\n\t\t\t\t\t\t<\/div>\n\t\t\t\t\t<\/div>\n\t\t<\/div>\n\t\t\t\t<div class=\"elementor-column elementor-col-33 elementor-top-column elementor-element elementor-element-b95eb8e\" data-id=\"b95eb8e\" data-element_type=\"column\" data-e-type=\"column\">\n\t\t\t<div class=\"elementor-widget-wrap elementor-element-populated\">\n\t\t\t\t\t\t<div class=\"elementor-element elementor-element-fa59006 elementor-widget elementor-widget-image\" data-id=\"fa59006\" data-element_type=\"widget\" data-e-type=\"widget\" data-widget_type=\"image.default\">\n\t\t\t\t\t\t\t\t\t\t\t\t\t\t\t<img loading=\"lazy\" decoding=\"async\" loading=\"lazy\" width=\"1608\" height=\"1608\" src=\"https:\/\/cdn.oishya.com\/wp-content\/uploads\/2021\/04\/06213351\/box-single-sakai-kyuba.jpg\" class=\"attachment-large size-large wp-image-62499\" alt=\"box single sakai kyuba\" srcset=\"https:\/\/cdn.oishya.com\/wp-content\/uploads\/2021\/04\/06213351\/box-single-sakai-kyuba.jpg 1608w, https:\/\/cdn.oishya.com\/wp-content\/uploads\/2021\/04\/06213351\/box-single-sakai-kyuba-300x300.jpg 300w, https:\/\/cdn.oishya.com\/wp-content\/uploads\/2021\/04\/06213351\/box-single-sakai-kyuba-150x150.jpg 150w, https:\/\/cdn.oishya.com\/wp-content\/uploads\/2021\/04\/06213351\/box-single-sakai-kyuba-700x700.jpg 700w, https:\/\/cdn.oishya.com\/wp-content\/uploads\/2021\/04\/06213351\/box-single-sakai-kyuba-64x64.jpg 64w\" sizes=\"auto, (max-width: 1608px) 100vw, 1608px\" \/>\t\t\t\t\t\t\t\t\t\t\t\t\t\t\t<\/div>\n\t\t\t\t<div class=\"elementor-element elementor-element-de4d0f1 elementor-widget elementor-widget-text-editor\" data-id=\"de4d0f1\" data-element_type=\"widget\" data-e-type=\"widget\" data-widget_type=\"text-editor.default\">\n\t\t\t\t\t\t\t\t\t<p><span style=\"text-align: start; white-space: pre-wrap;\">Alle Sakai Kyuba-K&#252;chenmesser werden in einer handgefertigten, minimalistischen Holzschachtel aus europ&#228;ischer Eiche mit einer zarten, gewachsten Oberfl&#228;che geliefert.<\/span> Die <span style=\"text-align: start; white-space: pre-wrap;\">Schatulle ist mit einem Oishya-Signaturstreifen umwickelt, auf dem die Onna Bugeisha &#8211; japanische Kriegerinnen &#8211; abgebildet sind.<\/span> <br \/>Im Inneren befindet sich ein sch&#246;ner Zettel mit einer echten 5-Yen-M&#252;nze als Gl&#252;cksbringer. Ein alter Aberglaube besagt, dass es Ungl&#252;ck bringt, jemandem ein Messer zu schenken, weil es die Beziehung zwischen dem Schenkenden und dem Empf&#228;nger kappt. Um dies zu vermeiden, wird das Messer mit einer M&#252;nze von symbolischem Wert versehen, die dann dem Schenkenden als Zahlungsmittel zur&#252;ckgegeben wird. Da wir m&#246;chten, dass Sie Ihre <span style=\"font-family: var( --e-global-typography-primary-font-family ), Sans-serif; font-size: var( --e-global-typography-primary-font-size ); font-weight: var( --e-global-typography-primary-font-weight ); letter-spacing: var( --e-global-typography-primary-letter-spacing ); word-spacing: 0em;\">Beziehungen zu Ihren Lieben <\/span> aufrechterhalten <span style=\"font-family: var( --e-global-typography-primary-font-family ), Sans-serif; font-size: var( --e-global-typography-primary-font-size ); font-weight: var( --e-global-typography-primary-font-weight ); letter-spacing: var( --e-global-typography-primary-letter-spacing ); word-spacing: 0em;\">, finden Sie hier eine 5-Yen-M&#252;nze. <\/span><\/p>\n<p>Das japanische Wort f&#252;r f&#252;nf Yen go en (&#20116;&#20870;) ist ein Homophon zu go-en (&#24481;&#32257;), was Beziehung, Verbindung und Bindung bedeutet. Durch den Austausch dieser M&#252;nze mit dem Empf&#228;nger m&#252;ssen Sie sich also keine Sorgen mehr &#252;ber diesen Aberglauben machen. <\/p>\n\t\t\t\t\t\t\t\t<\/div>\n\t\t\t\t\t<\/div>\n\t\t<\/div>\n\t\t\t\t\t<\/div>\n\t\t<\/section>\n\t\t\t\t<\/div>\n\t\t","protected":false},"excerpt":{"rendered":"<p>Qualit\u00e4t im Schnitt. Sch\u00f6nheit im Design. Das Sakai Kyuba \u583a\u4e45\u99ac Nakiri-Messer geht auf eine 600 Jahre alte Schmiedetradition zur\u00fcck und wurde entwickelt, um die Freude am Kochen zu steigern und die Freude am Kochen zu intensivieren. Nakiri ist perfekt f\u00fcr Gem\u00fcse und Obst mit fleischigerer Struktur wie Kartoffeln oder Butternussk\u00fcrbis. Die scharfe Klinge ist in ein erstklassig geschliffenes, wasserfest stabilisiertes, mediterran blau gef\u00e4rbtes Ahorn-Maserholz eingefasst. Das Messer wird in einer handgefertigten, minimalistischen Holzbox geliefert, die mit einem einzigartigen Illustrationsstreifen umwickelt ist. Mit einer lebenslangen Garantie versehen.<\/p>\n","protected":false},"featured_media":56334,"comment_status":"open","ping_status":"closed","template":"","meta":{"_acf_changed":false,"_glsr_average":0,"_glsr_ranking":0,"_glsr_reviews":0},"product_brand":[],"product_cat":[9061,9035],"product_tag":[9294],"class_list":{"0":"post-41142","1":"product","2":"type-product","3":"status-publish","4":"has-post-thumbnail","6":"product_cat-gemusemesser","7":"product_cat-japanische-messer","8":"product_tag-sakai-kyuba-de","9":"pa_blade-length-160mm-de","10":"pa_hrc-62-de","11":"pa_knife-handle-material-verfestigtes-ahorn-holz","12":"pa_knife-type-nakiri-de","13":"pa_steel-type-46-lagig","14":"pa_steel-type-damaskus","16":"first","17":"instock","18":"shipping-taxable","19":"purchasable","20":"product-type-variable"},"supplier_id":null,"supplier_sku":"","barcode":null,"atum_controlled":true,"out_stock_date":null,"out_stock_threshold":null,"inheritable":true,"inbound_stock":null,"stock_on_hold":1,"sold_today":0,"sales_last_days":1,"reserved_stock":null,"customer_returns":null,"warehouse_damage":null,"lost_in_post":null,"other_logs":null,"out_stock_days":0,"lost_sales":0,"has_location":false,"update_date":"2026-04-18T00:31:17","atum_locations":[],"atum_stock_status":"instock","restock_status":true,"low_stock_amount":2,"sales_update_date":"2026-04-18T00:31:17","calc_backorders":0,"acf":[],"_links":{"self":[{"href":"https:\/\/oishya.com\/de\/wp-json\/wp\/v2\/product\/41142","targetHints":{"allow":["GET"]}}],"collection":[{"href":"https:\/\/oishya.com\/de\/wp-json\/wp\/v2\/product"}],"about":[{"href":"https:\/\/oishya.com\/de\/wp-json\/wp\/v2\/types\/product"}],"replies":[{"embeddable":true,"href":"https:\/\/oishya.com\/de\/wp-json\/wp\/v2\/comments?post=41142"}],"version-history":[{"count":15,"href":"https:\/\/oishya.com\/de\/wp-json\/wp\/v2\/product\/41142\/revisions"}],"predecessor-version":[{"id":116623,"href":"https:\/\/oishya.com\/de\/wp-json\/wp\/v2\/product\/41142\/revisions\/116623"}],"wp:featuredmedia":[{"embeddable":true,"href":"https:\/\/oishya.com\/de\/wp-json\/wp\/v2\/media\/56334"}],"wp:attachment":[{"href":"https:\/\/oishya.com\/de\/wp-json\/wp\/v2\/media?parent=41142"}],"wp:term":[{"taxonomy":"product_brand","embeddable":true,"href":"https:\/\/oishya.com\/de\/wp-json\/wp\/v2\/product_brand?post=41142"},{"taxonomy":"product_cat","embeddable":true,"href":"https:\/\/oishya.com\/de\/wp-json\/wp\/v2\/product_cat?post=41142"},{"taxonomy":"product_tag","embeddable":true,"href":"https:\/\/oishya.com\/de\/wp-json\/wp\/v2\/product_tag?post=41142"}],"curies":[{"name":"wp","href":"https:\/\/api.w.org\/{rel}","templated":true}]}}