{"id":41125,"date":"2021-04-02T14:02:11","date_gmt":"2021-04-02T13:02:11","guid":{"rendered":"https:\/\/oishya.com\/?post_type=product&#038;p=41125"},"modified":"2026-03-29T18:55:47","modified_gmt":"2026-03-29T17:55:47","slug":"stonewashed-leinen-tischdecke","status":"publish","type":"product","link":"https:\/\/oishya.com\/de\/stonewashed-leinen-tischdecke\/","title":{"rendered":"Stonewashed Leinen-Tischdecke"},"content":{"rendered":"<p class=\"whitespace-pre-wrap break-words\">Erh\u00f6hen Sie Ihr Esserlebnis mit unserer atemberaubenden Tischdecke in Naturbeige, die sorgf\u00e4ltig aus schwerem, steingewaschenem 100%igem Leinen gefertigt ist. Diese Tischdecke vereint m\u00fchelos Eleganz und Langlebigkeit und ist damit die perfekte Wahl sowohl f\u00fcr besondere Anl\u00e4sse als auch f\u00fcr den t\u00e4glichen Gebrauch.<\/p>\n<p class=\"whitespace-pre-wrap break-words\">Der hochwertige Leinenstoff wurde einem Steinwaschverfahren unterzogen, das eine weiche Textur und ein subtil verwittertes Aussehen erzeugt, das dem satten, nat\u00fcrlichen Beigeton Tiefe und Charakter verleiht. Die OEKO-TEX\u00ae-Zertifizierung garantiert, dass der Stoff frei von Schadstoffen ist und somit sicher f\u00fcr Sie und Ihre Liebsten.<\/p>\n<p class=\"whitespace-pre-wrap break-words\">Mit einer Gr\u00f6\u00dfe von 250 cm x 140 cm ist diese Tischdecke ideal f\u00fcr mittelgro\u00dfe Esstische geeignet. Sie deckt den Tisch gro\u00dfz\u00fcgig ab und bildet einen raffinierten Hintergrund f\u00fcr Ihre kulinarischen Kreationen und die Momente, die Sie mit Familie und Freunden teilen. Der klassische 5 cm breite Rand verleiht dem Design einen Hauch von Raffinesse und visuellem Interesse.<\/p>\n<p class=\"whitespace-pre-wrap break-words\">Die Farbe verleiht Ihrem Essbereich einen Hauch von zeitloser Eleganz und passt zu einer Vielzahl von Einrichtungsstilen und Farbschemata. Egal, ob Sie eine formelle Dinnerparty veranstalten oder ein zwangloses Essen genie\u00dfen, diese Tischdecke wird das Ambiente verbessern und eine einladende Atmosph\u00e4re schaffen.<\/p>\n<p class=\"whitespace-pre-wrap break-words\">Diese robuste und pflegeleichte Tischdecke aus Leinen ist f\u00fcr den h\u00e4ufigen Gebrauch und die h\u00e4ufige W\u00e4sche ausgelegt. Der mit Stein gewaschene Stoff wird mit jeder W\u00e4sche weicher und geschmeidiger und entwickelt mit der Zeit eine charmante Patina. Werten Sie Ihren Esstisch mit dieser cremefarbenen Steingewaschenen Leinentischdecke auf und erleben Sie die perfekte Verbindung von Stil, Funktionalit\u00e4t und dauerhafter Qualit\u00e4t.<\/p>\n","protected":false},"excerpt":{"rendered":"<ul>\n<li class=\"whitespace-normal break-words\">Diese naturbeige Tischdecke aus schwerem, steingewaschenem 100 %igem Leinen vereint m\u00fchelos Eleganz und Langlebigkeit und eignet sich damit sowohl f\u00fcr besondere Anl\u00e4sse als auch f\u00fcr den t\u00e4glichen Gebrauch.<\/li>\n<li class=\"whitespace-normal break-words\">Das OEKO-TEX\u00ae-zertifizierte Leinengewebe ist weich, dezent verwittert und frei von Schadstoffen, was ein sicheres und komfortables Esserlebnis garantiert.<\/li>\n<li class=\"whitespace-normal break-words\">Mit einer Gr\u00f6\u00dfe von 250 cm x 140 cm ist diese Tischdecke ideal f\u00fcr mittelgro\u00dfe Esstische, w\u00e4hrend der klassische 5 cm breite Rand f\u00fcr einen Hauch von Raffinesse sorgt.<\/li>\n<li class=\"whitespace-normal break-words\">Diese Tischdecke aus Leinen ist langlebig, pflegeleicht und passt zu einer Vielzahl von Einrichtungsstilen. Sie bietet eine perfekte Mischung aus zeitloser Eleganz, Funktionalit\u00e4t und dauerhafter Qualit\u00e4t.<\/li>\n<\/ul>\n","protected":false},"featured_media":92635,"comment_status":"open","ping_status":"closed","template":"","meta":{"_acf_changed":false,"_glsr_average":0,"_glsr_ranking":0,"_glsr_reviews":0},"product_brand":[],"product_cat":[9110],"product_tag":[9506],"class_list":{"0":"post-41125","1":"product","2":"type-product","3":"status-publish","4":"has-post-thumbnail","6":"product_cat-tisch-leinen","7":"product_tag-leinen","8":"pa_material-100-leinen","10":"first","11":"onbackorder","12":"shipping-taxable","13":"purchasable","14":"product-type-variable"},"supplier_id":null,"supplier_sku":"","barcode":null,"atum_controlled":true,"out_stock_date":null,"out_stock_threshold":null,"inheritable":true,"inbound_stock":null,"stock_on_hold":1,"sold_today":0,"sales_last_days":0,"reserved_stock":null,"customer_returns":null,"warehouse_damage":null,"lost_in_post":null,"other_logs":null,"out_stock_days":0,"lost_sales":0,"has_location":false,"update_date":"2026-04-18T00:31:15","atum_locations":[],"atum_stock_status":"onbackorder","restock_status":false,"low_stock_amount":"","sales_update_date":"2026-04-18T00:31:15","calc_backorders":0,"acf":[],"_links":{"self":[{"href":"https:\/\/oishya.com\/de\/wp-json\/wp\/v2\/product\/41125","targetHints":{"allow":["GET"]}}],"collection":[{"href":"https:\/\/oishya.com\/de\/wp-json\/wp\/v2\/product"}],"about":[{"href":"https:\/\/oishya.com\/de\/wp-json\/wp\/v2\/types\/product"}],"replies":[{"embeddable":true,"href":"https:\/\/oishya.com\/de\/wp-json\/wp\/v2\/comments?post=41125"}],"version-history":[{"count":3,"href":"https:\/\/oishya.com\/de\/wp-json\/wp\/v2\/product\/41125\/revisions"}],"predecessor-version":[{"id":114864,"href":"https:\/\/oishya.com\/de\/wp-json\/wp\/v2\/product\/41125\/revisions\/114864"}],"wp:featuredmedia":[{"embeddable":true,"href":"https:\/\/oishya.com\/de\/wp-json\/wp\/v2\/media\/92635"}],"wp:attachment":[{"href":"https:\/\/oishya.com\/de\/wp-json\/wp\/v2\/media?parent=41125"}],"wp:term":[{"taxonomy":"product_brand","embeddable":true,"href":"https:\/\/oishya.com\/de\/wp-json\/wp\/v2\/product_brand?post=41125"},{"taxonomy":"product_cat","embeddable":true,"href":"https:\/\/oishya.com\/de\/wp-json\/wp\/v2\/product_cat?post=41125"},{"taxonomy":"product_tag","embeddable":true,"href":"https:\/\/oishya.com\/de\/wp-json\/wp\/v2\/product_tag?post=41125"}],"curies":[{"name":"wp","href":"https:\/\/api.w.org\/{rel}","templated":true}]}}