{"id":41119,"date":"2021-04-02T13:43:14","date_gmt":"2021-04-02T12:43:14","guid":{"rendered":"https:\/\/oishya.com\/?post_type=product&#038;p=41119"},"modified":"2026-01-16T21:21:52","modified_gmt":"2026-01-16T21:21:52","slug":"geschirrtucher-fur-die-kuche-6er-set-leinen-stonewashed","status":"publish","type":"product","link":"https:\/\/oishya.com\/de\/geschirrtucher-fur-die-kuche-6er-set-leinen-stonewashed\/","title":{"rendered":"Geschirrt\u00fccher f\u00fcr die K\u00fcche (6er Set) Leinen Stonewashed"},"content":{"rendered":"<p>Werten Sie Ihre K\u00fcchenutensilien mit unseren exquisiten, naturbeigen Geschirrt\u00fcchern auf, die sorgf\u00e4ltig aus schwerem, steingewaschenem 100% europ\u00e4ischem Leinen gefertigt sind. Diese Handt\u00fccher vereinen m\u00fchelos Funktionalit\u00e4t und Stil, mit einer wundersch\u00f6nen Stickerei des Oishya-Wappens (kamon), das 3 Bugeisha-F\u00e4cher darstellt, was sie zu einer unverzichtbaren Erg\u00e4nzung f\u00fcr jeden Haushalt macht. Das hochwertige europ\u00e4ische Leinengewebe wurde einem Steinwaschverfahren unterzogen, was zu einer weichen Textur und einem subtil verwitterten Aussehen f\u00fchrt, das dem satten, beigen Farbton Tiefe und Charakter verleiht. Das vorgewaschene Material sorgt daf\u00fcr, dass die Handt\u00fccher sowohl saugf\u00e4hig als auch schnelltrocknend sind, w\u00e4hrend die inh\u00e4renten antimikrobiellen Eigenschaften von Leinen sie l\u00e4nger frisch halten, was sie ideal macht, um jede Aufgabe in der K\u00fcche mit Leichtigkeit zu bew\u00e4ltigen. Mit ihren gro\u00dfz\u00fcgigen Ma\u00dfen von 68 cm L\u00e4nge und 46 cm Breite bieten diese Geschirrt\u00fccher ausreichend Platz zum Trocknen von Geschirr, zum Abwischen von Oberfl\u00e4chen oder sogar als improvisierter Untersetzer f\u00fcr hei\u00dfe Speisen. Das Set besteht aus sechs Handt\u00fcchern, so dass Sie immer ein frisches, sauberes Handtuch zur Hand haben. Die beige Farbe, kombiniert mit der eleganten Stickerei des Oishya-Wappens, verleiht Ihrer K\u00fccheneinrichtung einen Hauch von Raffinesse und passt sowohl zu modernen als auch zu traditionellen Stilen. Durch ihre schlichte Eleganz eignen sich diese Handt\u00fccher als dekorative Akzente, wenn sie nicht gebraucht werden, \u00fcber einem Ofengriff drapiert oder ordentlich gefaltet auf einer Arbeitsplatte. Die robusten und pflegeleichten Geschirrt\u00fccher aus Leinen halten dem t\u00e4glichen Gebrauch und h\u00e4ufigem Waschen stand. Der mit Stein gewaschene Stoff wird mit jeder W\u00e4sche weicher und geschmeidiger und entwickelt mit der Zeit eine charmante Patina. Erweitern Sie Ihre K\u00fcchenw\u00e4schekollektion mit diesen mattschwarzen, steingewaschenen Geschirrt\u00fcchern aus europ\u00e4ischem Leinen, die mit dem Oishya-Wappen verziert sind, und erleben Sie die perfekte Mischung aus Zweckm\u00e4\u00dfigkeit, Haltbarkeit und zeitlosem Stil.<\/p>\n","protected":false},"excerpt":{"rendered":"<ul>\n<li class=\"whitespace-normal break-words\">Diese naturbeigefarbenen Geschirrt\u00fccher aus schwerem, steingewaschenem 100 % europ\u00e4ischem Leinen vereinen m\u00fchelos Funktionalit\u00e4t und Stil. Sie sind mit einer sch\u00f6nen Stickerei des Oishya-Wappens (kamon) versehen, das 3 Bugeisha-F\u00e4cher darstellt.<\/li>\n<li class=\"whitespace-normal break-words\">Das vorgewaschene Leinenmaterial ist saugf\u00e4hig, schnelltrocknend und hat ein dezent verwittertes Aussehen. Damit eignet es sich perfekt f\u00fcr alle Aufgaben in der K\u00fcche und bleibt aufgrund seiner antimikrobiellen Eigenschaften l\u00e4nger frisch.<\/li>\n<li class=\"whitespace-normal break-words\">Das Set enth\u00e4lt 6 gro\u00dfz\u00fcgig bemessene Geschirrt\u00fccher mit den Ma\u00dfen 27\u2033 L\u00e4nge x 18\u2033 Breite (68cm L\u00e4nge x 46cm Breite), die eine ausreichende Abdeckung bieten und sicherstellen, dass immer ein frisches, sauberes Handtuch zur Hand ist.<\/li>\n<li class=\"whitespace-normal break-words\">Diese Geschirrt\u00fccher aus Leinen sind strapazierf\u00e4hig, pflegeleicht und passen sowohl zu modernen als auch zu traditionellen K\u00fccheneinrichtungen. Sie bieten eine perfekte Mischung aus Funktionalit\u00e4t, zeitlosem Stil und Raffinesse.<\/li>\n<\/ul>\n","protected":false},"featured_media":42810,"comment_status":"open","ping_status":"closed","template":"","meta":{"_acf_changed":false,"_glsr_average":0,"_glsr_ranking":0,"_glsr_reviews":0},"product_brand":[],"product_cat":[9110],"product_tag":[9506],"class_list":{"0":"post-41119","1":"product","2":"type-product","3":"status-publish","4":"has-post-thumbnail","6":"product_cat-tisch-leinen","7":"product_tag-leinen","8":"pa_material-100-leinen","10":"first","11":"instock","12":"shipping-taxable","13":"purchasable","14":"product-type-variable"},"supplier_id":null,"supplier_sku":"","barcode":null,"atum_controlled":true,"out_stock_date":null,"out_stock_threshold":null,"inheritable":false,"inbound_stock":null,"stock_on_hold":1,"sold_today":0,"sales_last_days":1,"reserved_stock":null,"customer_returns":null,"warehouse_damage":null,"lost_in_post":null,"other_logs":null,"out_stock_days":0,"lost_sales":0,"has_location":false,"update_date":"2026-04-18T00:31:17","atum_locations":[],"atum_stock_status":"instock","restock_status":false,"low_stock_amount":"","sales_update_date":"2026-04-18T00:31:17","calc_backorders":0,"acf":[],"_links":{"self":[{"href":"https:\/\/oishya.com\/de\/wp-json\/wp\/v2\/product\/41119","targetHints":{"allow":["GET"]}}],"collection":[{"href":"https:\/\/oishya.com\/de\/wp-json\/wp\/v2\/product"}],"about":[{"href":"https:\/\/oishya.com\/de\/wp-json\/wp\/v2\/types\/product"}],"replies":[{"embeddable":true,"href":"https:\/\/oishya.com\/de\/wp-json\/wp\/v2\/comments?post=41119"}],"version-history":[{"count":3,"href":"https:\/\/oishya.com\/de\/wp-json\/wp\/v2\/product\/41119\/revisions"}],"predecessor-version":[{"id":114861,"href":"https:\/\/oishya.com\/de\/wp-json\/wp\/v2\/product\/41119\/revisions\/114861"}],"wp:featuredmedia":[{"embeddable":true,"href":"https:\/\/oishya.com\/de\/wp-json\/wp\/v2\/media\/42810"}],"wp:attachment":[{"href":"https:\/\/oishya.com\/de\/wp-json\/wp\/v2\/media?parent=41119"}],"wp:term":[{"taxonomy":"product_brand","embeddable":true,"href":"https:\/\/oishya.com\/de\/wp-json\/wp\/v2\/product_brand?post=41119"},{"taxonomy":"product_cat","embeddable":true,"href":"https:\/\/oishya.com\/de\/wp-json\/wp\/v2\/product_cat?post=41119"},{"taxonomy":"product_tag","embeddable":true,"href":"https:\/\/oishya.com\/de\/wp-json\/wp\/v2\/product_tag?post=41119"}],"curies":[{"name":"wp","href":"https:\/\/api.w.org\/{rel}","templated":true}]}}