{"id":40912,"date":"2021-03-31T18:41:55","date_gmt":"2021-03-31T17:41:55","guid":{"rendered":"https:\/\/oishya.com\/?post_type=product&#038;p=40912"},"modified":"2026-03-29T18:54:04","modified_gmt":"2026-03-29T17:54:04","slug":"magnetischer-messerblock-aus-holz","status":"publish","type":"product","link":"https:\/\/oishya.com\/de\/magnetischer-messerblock-aus-holz\/","title":{"rendered":"Magnetischer Messerblock aus Holz"},"content":{"rendered":"<p class=\"whitespace-pre-wrap break-words\">Werten Sie Ihre K\u00fccheneinrichtung auf und bewahren Sie gleichzeitig Ihre wertvollen K\u00fcchenmesser sicher auf &#8211; mit dem magnetischen Messerst\u00e4nderblock von Oishya aus nat\u00fcrlicher Eiche. Dieses atemberaubende Accessoire setzt Ihre sch\u00f6nen Klingen als Teil Ihrer K\u00fcchen\u00e4sthetik in Szene, mit einem minimalistischen, japanisch inspirierten Design, das jeden Stil erg\u00e4nzt.<\/p>\n<p class=\"whitespace-pre-wrap break-words\">Der aus hochwertigem Eichenholz gefertigte St\u00e4nder ist mit dem wundersch\u00f6n eingravierten Oishya-Logo versehen, das drei Geisha-F\u00e4cher symbolisiert &#8211; ein Familienwappen aus der Edo-Zeit. Die versteckten, superstarken Neodym-Magnete halten bis zu 7 Messer mit Klingen von bis zu 27 cm L\u00e4nge sicher fest und sorgen daf\u00fcr, dass Ihre Messer leicht zug\u00e4nglich sind, ohne dass die Gefahr von Kratzern besteht.<\/p>\n<p class=\"whitespace-pre-wrap break-words\">Der solide, stabile und rutschfeste Sockel h\u00e4lt den St\u00e4nder sicher auf Ihrer K\u00fcchenoberfl\u00e4che, w\u00e4hrend die Holzkonstruktion ihn extrem haltbar und pflegeleicht macht, perfekt f\u00fcr moderne und traditionelle Inneneinrichtungen. Der St\u00e4nder wurde mit einer Wachsschicht versehen, um seine Wasserfestigkeit zu gew\u00e4hrleisten.<\/p>\n<p class=\"whitespace-pre-wrap break-words\">Um die Sch\u00f6nheit und Langlebigkeit Ihres magnetischen Messerst\u00e4nderblocks von Oishya zu erhalten, beachten Sie bitte, dass die Messer aufgrund der nat\u00fcrlichen Eigenschaften des Eichenholzes (Tannin) getrocknet werden sollten, bevor sie auf den St\u00e4nder gelegt werden, um Verf\u00e4rbungen zu vermeiden. Mit einer lebenslangen Garantie und seiner perfekten Mischung aus Stil und Funktionalit\u00e4t ist dieser magnetische Messerst\u00e4nder ein unverzichtbares Accessoire f\u00fcr jeden leidenschaftlichen Koch oder Profikoch.<\/p>\n","protected":false},"excerpt":{"rendered":"<p class=\"whitespace-pre-wrap break-words\">Bewahren Sie Ihre K\u00fcchenmesser sicher auf und pr\u00e4sentieren Sie sie mit dem stilvollen magnetischen Messerst\u00e4nderblock von Oishya in Eiche natur.<\/p>\n<ul class=\"list-disc pl-8 space-y-2 -mt-1\">\n<li class=\"whitespace-normal break-words\">H\u00e4lt bis zu 7 Messer mit Klingen von bis zu 27 cm L\u00e4nge<\/li>\n<li class=\"whitespace-normal break-words\">Gefertigt aus hochwertigem Eichenholz mit minimalistischem, japanisch inspiriertem Design<\/li>\n<li class=\"whitespace-normal break-words\">Mit dem wundersch\u00f6n eingravierten Oishya-Logo, das drei Geisha-Fans symbolisiert<\/li>\n<li class=\"whitespace-normal break-words\">Versteckte superstarke Neodym-Magnete halten die Messer sicher fest, ohne sie zu verkratzen<\/li>\n<li class=\"whitespace-normal break-words\">Der solide, stabile und rutschfeste Sockel sorgt daf\u00fcr, dass der St\u00e4nder sicher an seinem Platz bleibt<\/li>\n<li class=\"whitespace-normal break-words\">Inklusive lebenslanger Garantie<\/li>\n<\/ul>\n","protected":false},"featured_media":87833,"comment_status":"open","ping_status":"closed","template":"","meta":{"_acf_changed":false,"_glsr_average":0,"_glsr_ranking":0,"_glsr_reviews":0},"product_brand":[],"product_cat":[9010,8995],"product_tag":[9504],"class_list":{"0":"post-40912","1":"product","2":"type-product","3":"status-publish","4":"has-post-thumbnail","6":"product_cat-aufbewahrung","7":"product_cat-zubehor","8":"product_tag-magnetisch","9":"pa_material-eiche","10":"pa_material-nusbaum","12":"first","13":"instock","14":"shipping-taxable","15":"purchasable","16":"product-type-variable"},"supplier_id":null,"supplier_sku":"","barcode":null,"atum_controlled":true,"out_stock_date":null,"out_stock_threshold":null,"inheritable":true,"inbound_stock":null,"stock_on_hold":1,"sold_today":0,"sales_last_days":0,"reserved_stock":null,"customer_returns":null,"warehouse_damage":null,"lost_in_post":null,"other_logs":null,"out_stock_days":0,"lost_sales":0,"has_location":false,"update_date":"2026-04-18T00:31:17","atum_locations":[],"atum_stock_status":"instock","restock_status":false,"low_stock_amount":"","sales_update_date":"2026-04-18T00:31:17","calc_backorders":0,"acf":[],"_links":{"self":[{"href":"https:\/\/oishya.com\/de\/wp-json\/wp\/v2\/product\/40912","targetHints":{"allow":["GET"]}}],"collection":[{"href":"https:\/\/oishya.com\/de\/wp-json\/wp\/v2\/product"}],"about":[{"href":"https:\/\/oishya.com\/de\/wp-json\/wp\/v2\/types\/product"}],"replies":[{"embeddable":true,"href":"https:\/\/oishya.com\/de\/wp-json\/wp\/v2\/comments?post=40912"}],"version-history":[{"count":3,"href":"https:\/\/oishya.com\/de\/wp-json\/wp\/v2\/product\/40912\/revisions"}],"predecessor-version":[{"id":114838,"href":"https:\/\/oishya.com\/de\/wp-json\/wp\/v2\/product\/40912\/revisions\/114838"}],"wp:featuredmedia":[{"embeddable":true,"href":"https:\/\/oishya.com\/de\/wp-json\/wp\/v2\/media\/87833"}],"wp:attachment":[{"href":"https:\/\/oishya.com\/de\/wp-json\/wp\/v2\/media?parent=40912"}],"wp:term":[{"taxonomy":"product_brand","embeddable":true,"href":"https:\/\/oishya.com\/de\/wp-json\/wp\/v2\/product_brand?post=40912"},{"taxonomy":"product_cat","embeddable":true,"href":"https:\/\/oishya.com\/de\/wp-json\/wp\/v2\/product_cat?post=40912"},{"taxonomy":"product_tag","embeddable":true,"href":"https:\/\/oishya.com\/de\/wp-json\/wp\/v2\/product_tag?post=40912"}],"curies":[{"name":"wp","href":"https:\/\/api.w.org\/{rel}","templated":true}]}}