{"id":39120,"date":"2019-04-28T23:23:39","date_gmt":"2019-04-28T22:23:39","guid":{"rendered":"https:\/\/oishya.com\/tischdecke-japanische-motive-wellen-set-von-6\/"},"modified":"2025-11-21T20:45:39","modified_gmt":"2025-11-21T20:45:39","slug":"tischset-japanische-motive-wellen-6er-set","status":"publish","type":"product","link":"https:\/\/oishya.com\/de\/tischset-japanische-motive-wellen-6er-set\/","title":{"rendered":"Tischset Japanische Motive &#8211; Wellen, 6er Set"},"content":{"rendered":"<div class=\"Overview_5ba6op\">Bring eine gewisse Raffinesse in Dein Esszimmer mit dem japanischen 6er Tischset aus Baumwolle. Gefertigt aus organischem, mit japanischen Motiven bedrucktem Stoff f\u00fcr ein luxuri\u00f6ses Gef\u00fchl, um Deinem Tisch einen subtilen japanischen Akzent zu verleihen.<\/div>\n<div class=\"mt2 Overview_18CMhs\">\n<ul>\n<li>6er Set<\/li>\n<li>Bringt eine elegante Note auf jeden Esstisch<\/li>\n<li>100 % japanische Baumwolle aus Tokio<\/li>\n<li>Maschinenw\u00e4sche und Trocknen<\/li>\n<li>B\u00fcgeln bei Bedarf<\/li>\n<li>Ma\u00dfe jeweils 19,7&#8243; L x 23,6&#8243; B (50 x 60 cm)<\/li>\n<li>Handgefertigt<\/li>\n<\/ul>\n<\/div>\n","protected":false},"excerpt":{"rendered":"<p>Das im minimalistischen, japanischen Stil entworfene Baumwoll-Tisch-Set kombiniert das sch\u00f6ne japanische Wellendesign mit au\u00dfergew\u00f6hnlicher Geschmeidigkeit. Bring einen Hauch von japanischer Raffinesse in Dein Esszimmer mit diesem 6er-Set japanischer Baumwolltischdecken.<\/p>\n<p>https:\/\/youtu.be\/-1V500AdKKI<\/p>\n","protected":false},"featured_media":57364,"comment_status":"open","ping_status":"closed","template":"","meta":{"_acf_changed":false,"_glsr_average":0,"_glsr_ranking":0,"_glsr_reviews":0},"product_brand":[],"product_cat":[9110,8995],"product_tag":[],"class_list":{"0":"post-39120","1":"product","2":"type-product","3":"status-publish","4":"has-post-thumbnail","6":"product_cat-tisch-leinen","7":"product_cat-zubehor","9":"first","10":"onbackorder","11":"shipping-taxable","12":"purchasable","13":"product-type-simple"},"supplier_id":null,"supplier_sku":"","barcode":null,"atum_controlled":true,"out_stock_date":null,"out_stock_threshold":null,"inheritable":false,"inbound_stock":null,"stock_on_hold":0,"sold_today":0,"sales_last_days":0,"reserved_stock":null,"customer_returns":null,"warehouse_damage":null,"lost_in_post":null,"other_logs":null,"out_stock_days":0,"lost_sales":0,"has_location":null,"update_date":"2026-04-18T00:31:16","atum_locations":[],"atum_stock_status":"onbackorder","restock_status":false,"low_stock_amount":"","sales_update_date":"2026-04-18T00:31:16","calc_backorders":0,"acf":[],"_links":{"self":[{"href":"https:\/\/oishya.com\/de\/wp-json\/wp\/v2\/product\/39120","targetHints":{"allow":["GET"]}}],"collection":[{"href":"https:\/\/oishya.com\/de\/wp-json\/wp\/v2\/product"}],"about":[{"href":"https:\/\/oishya.com\/de\/wp-json\/wp\/v2\/types\/product"}],"replies":[{"embeddable":true,"href":"https:\/\/oishya.com\/de\/wp-json\/wp\/v2\/comments?post=39120"}],"version-history":[{"count":0,"href":"https:\/\/oishya.com\/de\/wp-json\/wp\/v2\/product\/39120\/revisions"}],"wp:featuredmedia":[{"embeddable":true,"href":"https:\/\/oishya.com\/de\/wp-json\/wp\/v2\/media\/57364"}],"wp:attachment":[{"href":"https:\/\/oishya.com\/de\/wp-json\/wp\/v2\/media?parent=39120"}],"wp:term":[{"taxonomy":"product_brand","embeddable":true,"href":"https:\/\/oishya.com\/de\/wp-json\/wp\/v2\/product_brand?post=39120"},{"taxonomy":"product_cat","embeddable":true,"href":"https:\/\/oishya.com\/de\/wp-json\/wp\/v2\/product_cat?post=39120"},{"taxonomy":"product_tag","embeddable":true,"href":"https:\/\/oishya.com\/de\/wp-json\/wp\/v2\/product_tag?post=39120"}],"curies":[{"name":"wp","href":"https:\/\/api.w.org\/{rel}","templated":true}]}}