{"id":39099,"date":"2020-07-26T12:58:07","date_gmt":"2020-07-26T11:58:07","guid":{"rendered":"https:\/\/oishya.com\/messing-essstaebchen\/"},"modified":"2026-01-23T07:05:20","modified_gmt":"2026-01-23T07:05:20","slug":"signature-brass-essstbchen-inc-rest","status":"publish","type":"product","link":"https:\/\/oishya.com\/de\/signature-brass-essstbchen-inc-rest\/","title":{"rendered":"Signature Brass Essst\u00e4bchen Inc. Rest"},"content":{"rendered":"\t\t<div data-elementor-type=\"product-post\" data-elementor-id=\"39099\" class=\"elementor elementor-39099 elementor-30819\" data-elementor-post-type=\"product\">\n\t\t\t\t\t\t<section class=\"elementor-section elementor-top-section elementor-element elementor-element-337c0354 elementor-section-boxed elementor-section-height-default elementor-section-height-default\" data-id=\"337c0354\" data-element_type=\"section\" data-e-type=\"section\">\n\t\t\t\t\t\t<div class=\"elementor-container elementor-column-gap-default\">\n\t\t\t\t\t<div class=\"elementor-column elementor-col-100 elementor-top-column elementor-element elementor-element-173052c\" data-id=\"173052c\" data-element_type=\"column\" data-e-type=\"column\">\n\t\t\t<div class=\"elementor-widget-wrap elementor-element-populated\">\n\t\t\t\t\t\t<div class=\"elementor-element elementor-element-7ddcb3b9 elementor-widget elementor-widget-text-editor\" data-id=\"7ddcb3b9\" data-element_type=\"widget\" data-e-type=\"widget\" data-widget_type=\"text-editor.default\">\n\t\t\t\t\t\t\t\t\t<h3><span style=\"color: #b2886d;\"><strong>Die Messing-Essst&#228;bchen<\/strong><\/span><\/h3>\n<p>Elegant speisen mit diesem Essst&#228;bchen-Set aus Messing. Ideal f&#252;r alle Liebhaber der asiatischen K&#252;che. Sie werden Ihr Lieblings-Essst&#228;bchenset f&#252;r Dinnerpartys sein. Die schlichte und klare Messingfarbe passt sowohl zu traditionellen als auch zu modernen Tafeln und verleiht Ihrem Tisch einen authentischen Touch.<\/p>\n<p>Das Set enth&#228;lt eine passende Messingablage f&#252;r die Essst&#228;bchen. Es wird in einer handgefertigten, minimalistischen <a href=\"https:\/\/www.instagram.com\/stories\/highlights\/17928180175484450\/\">Holzkiste<\/a> aus europ&#228;ischer Eiche mit zarter Wachsbeschichtung in einer <a href=\"https:\/\/oishya.com\/de\/nachhaltigkeit-und-soziale-auswirkungen\/\">umweltfreundlichen Satintasche<\/a> verpackt. Ideal als Geschenk.<\/p>\t\t\t\t\t\t\t\t<\/div>\n\t\t\t\t\t<\/div>\n\t\t<\/div>\n\t\t\t\t\t<\/div>\n\t\t<\/section>\n\t\t\t\t<\/div>\n\t\t","protected":false},"excerpt":{"rendered":"<div class=\"more-from\">\n<p>Minimalistisch anmutendes, handgefertigtes Set; ein Paar Essst\u00e4bchen aus Messing und eine Ablage machen Ihren Tisch k\u00f6niglich und funkelnd. Wird in einer sch\u00f6nen Holzkiste geliefert, verpackt in einer schwarzen Satin-Stickerei-Tasche. Ideal f\u00fcr ein Geschenk.<\/p>\n<div class=\"detailed\">\n<div class=\"detailed-caracteristics\">\n<ul>\n<li class=\"\"><span class=\"product-caracteristics-value\"><span class=\"value\">L\u00e4nge der Essst\u00e4bchen: 21 cm<\/span><\/span><\/li>\n<li>Material: Reines Messing<\/li>\n<li class=\"two-rows-max\"><span class=\"product-caracteristics-value\"><span class=\"value\">Lebensmittelecht<\/span><\/span><\/li>\n<li class=\"two-rows-max\"><span class=\"product-caracteristics-value\"><span class=\"value\">sp\u00fclmaschinenfest<\/span><\/span><\/li>\n<\/ul>\n<\/div>\n<\/div>\n<\/div>\n","protected":false},"featured_media":57125,"comment_status":"open","ping_status":"closed","template":"","meta":{"_acf_changed":false,"_glsr_average":0,"_glsr_ranking":0,"_glsr_reviews":0},"product_brand":[],"product_cat":[9041,8995],"product_tag":[9596],"class_list":{"0":"post-39099","1":"product","2":"type-product","3":"status-publish","4":"has-post-thumbnail","6":"product_cat-tableware","7":"product_cat-zubehor","8":"product_tag-messing","9":"pa_material-brass","11":"first","12":"instock","13":"shipping-taxable","14":"purchasable","15":"product-type-simple"},"supplier_id":null,"supplier_sku":"","barcode":null,"atum_controlled":true,"out_stock_date":null,"out_stock_threshold":null,"inheritable":false,"inbound_stock":null,"stock_on_hold":0,"sold_today":0,"sales_last_days":0,"reserved_stock":null,"customer_returns":null,"warehouse_damage":null,"lost_in_post":null,"other_logs":null,"out_stock_days":0,"lost_sales":0,"has_location":false,"update_date":"2026-04-19T00:31:36","atum_locations":[],"atum_stock_status":"instock","restock_status":false,"low_stock_amount":"","sales_update_date":"2026-04-19T00:31:36","calc_backorders":0,"acf":[],"_links":{"self":[{"href":"https:\/\/oishya.com\/de\/wp-json\/wp\/v2\/product\/39099","targetHints":{"allow":["GET"]}}],"collection":[{"href":"https:\/\/oishya.com\/de\/wp-json\/wp\/v2\/product"}],"about":[{"href":"https:\/\/oishya.com\/de\/wp-json\/wp\/v2\/types\/product"}],"replies":[{"embeddable":true,"href":"https:\/\/oishya.com\/de\/wp-json\/wp\/v2\/comments?post=39099"}],"version-history":[{"count":11,"href":"https:\/\/oishya.com\/de\/wp-json\/wp\/v2\/product\/39099\/revisions"}],"predecessor-version":[{"id":91315,"href":"https:\/\/oishya.com\/de\/wp-json\/wp\/v2\/product\/39099\/revisions\/91315"}],"wp:featuredmedia":[{"embeddable":true,"href":"https:\/\/oishya.com\/de\/wp-json\/wp\/v2\/media\/57125"}],"wp:attachment":[{"href":"https:\/\/oishya.com\/de\/wp-json\/wp\/v2\/media?parent=39099"}],"wp:term":[{"taxonomy":"product_brand","embeddable":true,"href":"https:\/\/oishya.com\/de\/wp-json\/wp\/v2\/product_brand?post=39099"},{"taxonomy":"product_cat","embeddable":true,"href":"https:\/\/oishya.com\/de\/wp-json\/wp\/v2\/product_cat?post=39099"},{"taxonomy":"product_tag","embeddable":true,"href":"https:\/\/oishya.com\/de\/wp-json\/wp\/v2\/product_tag?post=39099"}],"curies":[{"name":"wp","href":"https:\/\/api.w.org\/{rel}","templated":true}]}}