{"id":39097,"date":"2020-11-21T19:24:20","date_gmt":"2020-11-21T19:24:20","guid":{"rendered":"https:\/\/oishya.com\/dunkel-walnuss-kuechenutensilien-6-teiliges-set\/"},"modified":"2026-03-29T18:53:48","modified_gmt":"2026-03-29T17:53:48","slug":"walnuss-dunkel-kchenutensilien-6-teiliges-set","status":"publish","type":"product","link":"https:\/\/oishya.com\/de\/walnuss-dunkel-kchenutensilien-6-teiliges-set\/","title":{"rendered":"Walnuss dunkel K\u00fcchenutensilien 6-teiliges Set"},"content":{"rendered":"<h3><span style=\"color: #b2886d;\"><strong>Informationen zum Produkt<\/strong><\/span><\/h3>\n<ul>\n<li>Material: schwarzer italienischer Nussbaum<\/li>\n<li>Handwerk: handgeschnitzt und poliert<\/li>\n<li>Gr\u00f6\u00dfe: wie im Bild gezeigt<\/li>\n<li>Jedes Set ist einzigartig, da es <a href=\"https:\/\/www.youtube.com\/watch?v=jyBpRZXvycE\">handgeschnitzt<\/a> ist<\/li>\n<\/ul>\n<h3><span style=\"color: #b2886d;\"><strong>Reinigung und Pflege<\/strong><\/span><\/h3>\n<ul>\n<li>Weichen Sie die Holzk\u00fcchenutensilien vor dem Gebrauch etwa eine Stunde lang in warmem Salzwasser ein. Legen Sie die Holzutensilien nach der Reinigung zum Trocknen an einen bel\u00fcfteten und trockenen Ort.<\/li>\n<li>Nach dem Trocknen k\u00f6nnen Sie die Oberfl\u00e4che des h\u00f6lzernen Kochgeschirrs mit Speise- oder Oliven\u00f6l einreiben und es dann 12 Stunden lang trocknen lassen. Das Holzprodukt wird dadurch haltbarer und sch\u00f6ner.<\/li>\n<li>Nicht mit kochendem Wasser absp\u00fclen, nicht lange einweichen und nicht der Sonne aussetzen. Nach dem Waschen bitte mit einem trockenen Tuch abwischen, um es trocken zu halten. Versuchen Sie, die Lagerung an einem k\u00fchlen Ort zu vermeiden, um Verformungen und Risse zu verhindern.<\/li>\n<li>Bestreichen Sie die Oberfl\u00e4che der Holzutensilien alle zwei Wochen mit Speise\u00f6l, um die Utensilien haltbar zu machen<\/li>\n<\/ul>\n<h3><span style=\"color: #b2886d;\"><strong>Handwerkskunst<\/strong><\/span><\/h3>\n<p>Unsere h\u00f6lzernen K\u00fcchenutensilien werden von einem lokalen europ\u00e4ischen Handwerker handgefertigt. Die Holzschnitzerei ist eine der \u00e4ltesten Kunstformen der Menschheit. Die handwerkliche Methode der Holzschnitzerei braucht Jahre, bis sie perfektioniert ist, und wie im Fall unserer Handwerker ist es eine F\u00e4higkeit, die von einer Generation an die n\u00e4chste weitergegeben wird. In einer Welt, in der dieser Prozess gr\u00f6\u00dftenteils maschinell und automatisiert abl\u00e4uft, sind wir stolz darauf, die Handwerker zu unterst\u00fctzen, die heute noch aktiv sind und die Kunst der Holzschnitzerei am Leben erhalten. Unsere Handwerker durchlaufen eine erstaunliche Anzahl von Arbeitsschritten, so dass die Herstellung eines einzigen L\u00f6ffels fast einen ganzen Tag dauert. Zu diesen Schritten geh\u00f6ren das sorgf\u00e4ltige Aush\u00f6hlen, die Feinabstimmung, das Trocknen, Schleifen und \u00d6len jedes L\u00f6ffels. Die Handwerker m\u00fcssen viele Schritte wiederholen, um eine perfekte Form und eine glatte Oberfl\u00e4che zu erreichen.  Die Hingabe, die Zeit und die Pr\u00e4zision, die hinter jedem dieser h\u00f6lzernen Utensilien stehen, machen sie zu echten Unikaten.<\/p>\n","protected":false},"excerpt":{"rendered":"<p>Dieses sechsteilige, handgeschnitzte K\u00fcchenutensilien-Set aus dunklem Walnussholz ist sowohl k\u00fcnstlerisch als auch praktisch. Sie sehen in jeder modernen, minimalistischen oder rustikalen K\u00fcche gro\u00dfartig aus. Sie w\u00e4ren ein au\u00dfergew\u00f6hnliches Geschenk f\u00fcr einen geliebten Menschen oder Freunde, die gerne kochen. Farbe und Maserung k\u00f6nnen aufgrund des nat\u00fcrlichen Holzes leicht variieren. Diese handwerkliche Methode &#8211; das Schnitzen &#8211; braucht Jahre, um sie zu perfektionieren; das Schnitzen eines einzigen L\u00f6ffels ist ein akribischer Prozess, der fast einen Tag dauert. Jedes St\u00fcck ist ein einzigartiges Werk in der Welt &#8211; Sie werden die Handwerkskunst und die unverg\u00e4ngliche Sch\u00f6nheit der Natur zu sch\u00e4tzen wissen. &#8211; Perfekt mit dem <a title=\"Wooden Kitchen Utensils Holder \u2013 Oak\" href=\"https:\/\/oishya.com\/de\/kochenutensilien-halter\/\">K\u00fcchenutensilienhalter aus Holz <\/a><\/p>\n","protected":false},"featured_media":56908,"comment_status":"open","ping_status":"closed","template":"","meta":{"_acf_changed":false,"_glsr_average":0,"_glsr_ranking":0,"_glsr_reviews":0},"product_brand":[],"product_cat":[9035],"product_tag":[],"class_list":{"0":"post-39097","1":"product","2":"type-product","3":"status-publish","4":"has-post-thumbnail","6":"product_cat-japanische-messer","8":"first","9":"instock","10":"shipping-taxable","11":"purchasable","12":"product-type-simple"},"supplier_id":null,"supplier_sku":"","barcode":null,"atum_controlled":true,"out_stock_date":null,"out_stock_threshold":null,"inheritable":false,"inbound_stock":null,"stock_on_hold":0,"sold_today":0,"sales_last_days":0,"reserved_stock":null,"customer_returns":null,"warehouse_damage":null,"lost_in_post":null,"other_logs":null,"out_stock_days":0,"lost_sales":0,"has_location":false,"update_date":"2026-04-05T00:23:51","atum_locations":[],"atum_stock_status":"instock","restock_status":false,"low_stock_amount":"","sales_update_date":"2026-04-05T00:23:51","calc_backorders":0,"acf":[],"_links":{"self":[{"href":"https:\/\/oishya.com\/de\/wp-json\/wp\/v2\/product\/39097","targetHints":{"allow":["GET"]}}],"collection":[{"href":"https:\/\/oishya.com\/de\/wp-json\/wp\/v2\/product"}],"about":[{"href":"https:\/\/oishya.com\/de\/wp-json\/wp\/v2\/types\/product"}],"replies":[{"embeddable":true,"href":"https:\/\/oishya.com\/de\/wp-json\/wp\/v2\/comments?post=39097"}],"version-history":[{"count":4,"href":"https:\/\/oishya.com\/de\/wp-json\/wp\/v2\/product\/39097\/revisions"}],"predecessor-version":[{"id":116621,"href":"https:\/\/oishya.com\/de\/wp-json\/wp\/v2\/product\/39097\/revisions\/116621"}],"wp:featuredmedia":[{"embeddable":true,"href":"https:\/\/oishya.com\/de\/wp-json\/wp\/v2\/media\/56908"}],"wp:attachment":[{"href":"https:\/\/oishya.com\/de\/wp-json\/wp\/v2\/media?parent=39097"}],"wp:term":[{"taxonomy":"product_brand","embeddable":true,"href":"https:\/\/oishya.com\/de\/wp-json\/wp\/v2\/product_brand?post=39097"},{"taxonomy":"product_cat","embeddable":true,"href":"https:\/\/oishya.com\/de\/wp-json\/wp\/v2\/product_cat?post=39097"},{"taxonomy":"product_tag","embeddable":true,"href":"https:\/\/oishya.com\/de\/wp-json\/wp\/v2\/product_tag?post=39097"}],"curies":[{"name":"wp","href":"https:\/\/api.w.org\/{rel}","templated":true}]}}