{"id":38948,"date":"2020-12-06T19:35:02","date_gmt":"2020-12-06T19:35:02","guid":{"rendered":"https:\/\/oishya.com\/holz-kuechenutensilien-halter\/"},"modified":"2026-01-16T21:21:45","modified_gmt":"2026-01-16T21:21:45","slug":"kochenutensilien-halter","status":"publish","type":"product","link":"https:\/\/oishya.com\/de\/kochenutensilien-halter\/","title":{"rendered":"K\u00f6chenutensilien-Halter"},"content":{"rendered":"<h3><span style=\"color: #b2886d;\"><strong>\u00dcber unsere Produkte aus Eiche<\/strong><\/span><\/h3>\n<p>Dieser K\u00fcchenutensilienhalter aus Holz ist aus Eichenholz gefertigt. Eiche ist ein Hartholz, das in der K\u00fcche eine ausgezeichnete Wahl ist. Es besticht durch seine lebendige Farbe und seine faszinierende Holzstruktur. Eichenholz ist unbedenklich (ungeachtet von Allergien und Empfindlichkeiten), solange man es nicht isst.<\/p>\n<h3><span style=\"color: #b2886d;\"><strong>Handwerkskunst<\/strong><\/span><\/h3>\n<p>Unsere Holzprodukte wie dieser K\u00fcchenutensilienhalter sind aus massivem Naturholz gefertigt und werden niemals mit Leim verklebt. Die Produkte wurden zum Schutz und zur farblichen Hervorhebung mit lebensmittelechtem \u00d6l behandelt. Da jedes einzelne St\u00fcck von Handwerkern mit gro\u00dfer Sorgfalt hergestellt wird, k\u00f6nnen wir nicht in gro\u00dfem Umfang produzieren, aber wir \u00fcberpr\u00fcfen die Qualit\u00e4t immer selbst unter den strengen Pr\u00fcfkriterien f\u00fcr Sie, unsere wichtigen Kunden. Sie k\u00f6nnen die Seele des Handwerkers sp\u00fcren, wenn Sie die Oberfl\u00e4che unserer Produkte sehen. Dieser Holzutensilienhalter passt perfekt zu unserem <a title=\"Dark Walnut Kitchen Utensils 6 Pieces Set\" href=\"https:\/\/oishya.com\/de\/walnuss-dunkel-kchenutensilien-6-teiliges-set\/\">6-teiligen Set K\u00fcchenutensilien aus dunklem Walnussholz.<\/a><\/p>\n<div class=\"thb_transform_price\">\n<div class=\"thb_transform_loop_price\"><\/div>\n<\/div>\n","protected":false},"excerpt":{"rendered":"<p>K&#252;chenutensilienhalter aus massivem europ&#228;ischem Eichenholz mit glattem Ausschnitt an der Unterseite f&#252;r den Abfluss. Handgefertigt in Mitteleuropa f&#252;r Oishya. Er kann f&#252;r viele verschiedene Dinge verwendet werden, wie z.B. getrocknete Blumen, Schreibwaren, Kr&#228;uter, etc. Ein perfektes Geschenk zur Einweihung, zum Geburtstag und zum Jahrestag. Sie haben die Wahl zwischen zwei nat&#252;rlichen H&#246;lzern: Nussbaum oder Eiche. Alle Teile sind mit einem satinierten Lack &#252;berzogen &#8211; Innenma&#223;e: 16cm x 16cm x 9,5cm, &#8211; Wandst&#228;rke: 1cm<\/p>\n","protected":false},"featured_media":57307,"comment_status":"open","ping_status":"closed","template":"","meta":{"_acf_changed":false,"_glsr_average":0,"_glsr_ranking":0,"_glsr_reviews":0},"product_brand":[],"product_cat":[9010,8995],"product_tag":[9505],"class_list":{"0":"post-38948","1":"product","2":"type-product","3":"status-publish","4":"has-post-thumbnail","6":"product_cat-aufbewahrung","7":"product_cat-zubehor","8":"product_tag-holz","9":"pa_material-eiche","10":"pa_material-nusbaum","12":"first","13":"instock","14":"shipping-taxable","15":"purchasable","16":"product-type-variable"},"supplier_id":null,"supplier_sku":"","barcode":null,"atum_controlled":true,"out_stock_date":null,"out_stock_threshold":null,"inheritable":false,"inbound_stock":null,"stock_on_hold":0,"sold_today":0,"sales_last_days":0,"reserved_stock":null,"customer_returns":null,"warehouse_damage":null,"lost_in_post":null,"other_logs":null,"out_stock_days":0,"lost_sales":0,"has_location":false,"update_date":"2026-05-07T00:41:41","atum_locations":[],"atum_stock_status":"instock","restock_status":false,"low_stock_amount":0,"sales_update_date":"2026-05-07T00:41:41","calc_backorders":0,"acf":[],"_links":{"self":[{"href":"https:\/\/oishya.com\/de\/wp-json\/wp\/v2\/product\/38948","targetHints":{"allow":["GET"]}}],"collection":[{"href":"https:\/\/oishya.com\/de\/wp-json\/wp\/v2\/product"}],"about":[{"href":"https:\/\/oishya.com\/de\/wp-json\/wp\/v2\/types\/product"}],"replies":[{"embeddable":true,"href":"https:\/\/oishya.com\/de\/wp-json\/wp\/v2\/comments?post=38948"}],"version-history":[{"count":2,"href":"https:\/\/oishya.com\/de\/wp-json\/wp\/v2\/product\/38948\/revisions"}],"predecessor-version":[{"id":114831,"href":"https:\/\/oishya.com\/de\/wp-json\/wp\/v2\/product\/38948\/revisions\/114831"}],"wp:featuredmedia":[{"embeddable":true,"href":"https:\/\/oishya.com\/de\/wp-json\/wp\/v2\/media\/57307"}],"wp:attachment":[{"href":"https:\/\/oishya.com\/de\/wp-json\/wp\/v2\/media?parent=38948"}],"wp:term":[{"taxonomy":"product_brand","embeddable":true,"href":"https:\/\/oishya.com\/de\/wp-json\/wp\/v2\/product_brand?post=38948"},{"taxonomy":"product_cat","embeddable":true,"href":"https:\/\/oishya.com\/de\/wp-json\/wp\/v2\/product_cat?post=38948"},{"taxonomy":"product_tag","embeddable":true,"href":"https:\/\/oishya.com\/de\/wp-json\/wp\/v2\/product_tag?post=38948"}],"curies":[{"name":"wp","href":"https:\/\/api.w.org\/{rel}","templated":true}]}}