{"id":37078,"date":"2017-02-18T15:40:32","date_gmt":"2017-02-18T15:40:32","guid":{"rendered":"https:\/\/oishya.com\/moritaka-als-yanagiba-210mm-fisch-fleisch-japanisch-kuechen-messer\/"},"modified":"2025-11-21T20:49:53","modified_gmt":"2025-11-21T20:49:53","slug":"moritaka-as-fisch-fleisch-japanisches-kuchenmesser-21cm-yanagiba","status":"publish","type":"product","link":"https:\/\/oishya.com\/de\/moritaka-as-fisch-fleisch-japanisches-kuchenmesser-21cm-yanagiba\/","title":{"rendered":"Moritaka AS &#8211; Fisch-Fleisch Japanisches K\u00fcchenmesser 21cm &#8211; Yanagiba"},"content":{"rendered":"<h3><span style=\"color: #b2886d;\"><strong>\u00dcber das Yanagiba<\/strong><\/span><\/h3>\n<p>Der Moritaka AS Yanagiba Messerschneider kann gro\u00dfe Braten und andere Fleisch- und Fischsorten tranchieren und verarbeiten, aber auch andere Zutaten wie Gurken oder R\u00e4ucherlachs in d\u00fcnne Scheiben schneiden. Die lange Klinge des Yanagiba erm\u00f6glicht es, das Fleisch oder den Fisch in einer einzigen Zugbewegung zu schneiden, von der Ferse bis zur Spitze. Die schmale Klinge und der relativ spitze Klingenwinkel des Yanagibas sind Merkmale, die den Kraftaufwand beim Schneiden von Zutaten stark reduzieren. Aus diesem Grund ist es empfehlenswert eine Klinge zu verwenden, die so lang ist wie m\u00f6glich, insofern es von Dein Budget und Dein Arbeitsplatz zul\u00e4sst. Die Kombination aus Schneidetechnik, spitzem Klingenwinkel und scharfer Schneide f\u00fchrt zu einer sehr geringen Zellsch\u00e4digung der Schnittfl\u00e4che. Dies ist besonders wichtig f\u00fcr Gerichte, bei denen der Fisch roh verzehrt wird, da somit der urspr\u00fcnglichen Geschmack und die Textur des Fisches erhalten bleibt.<\/p>\n<p>Die Schneide dieses Messers ist strapazierf\u00e4higer als die seiner Pendants mit einfachem Schliff und kann f\u00fcr mehr Anwendungen als nur das Zerlegen eines ganzen Fisches verwendet werden. Dies ist auch ein gro\u00dfartiges Messer f\u00fcr Linksh\u00e4nder, die ihr Schnittmuster erkunden aber keine gro\u00dfen Summen f\u00fcr ein, von einem Schmied ma\u00dfgeschneidertes, Linksh\u00e4nder-Messer ausgeben wollen. Passform und Verarbeitung sind bei diesen Messern ausgezeichnet und angesichts der Menge an Metall, die f\u00fcr die Herstellung dieser Yanagibas verwendet wird, ist dies eines der besten Produkte aus handgefertigtem Aogami-Superstahl, die man finden kann.<\/p>\n<h3><span style=\"color: #b2886d;\"><strong>Zeitlos<\/strong><\/span><\/h3>\n<p>Aogami Super Steel zusammen mit Aogami #2 werden wegen ihrer besonderen Haltbarkeit und dem l\u00e4nger anhaltendem Schneidverhaltens ausgew\u00e4hlt. Der extrem best\u00e4ndige Griff ist aus gereiftem Kirschbaumholz gefertigt. Das Cherrywood \u00fcberdauert das leichtere Magnolienholz, das normalerweise f\u00fcr japanische Messer verwendet wird.<\/p>\n<p>Das Wichtige an Moritaka-Messern (und diesem <a href=\"https:\/\/www.youtube.com\/watch?v=J0-DmzuChVM\">Moritaka AS Yanagiba-Messer<\/a>) ist die Tatsache, dass die Karbonklinge zu einem rostfreien Erl geschmiedet wird, was bedeutet, dass jegliche Feuchtigkeit nicht zu vorzeitigem Lochfra\u00df oder Sch\u00e4den am Griff f\u00fchrt. Also, kein Rosten von innen, wodurch sich der Griff l\u00f6sen k\u00f6nnte (ein Problem bei traditionellen japanischen Messern). Dieses neue Design und die patentierte L\u00f6sung gew\u00e4hrleisten sowohl Langlebigkeit, als auch Hygiene der Messer.<\/p>\n<p>Aogami Super Steel ist der h\u00f6chste YSS (Yasugi Speciality Steel), welcher hohe Anteile an Kohlenstoff, Chrom und Wolfram enth\u00e4lt, um die H\u00e4rte zu erh\u00f6hen und die Schneidhaltigkeit, sowie die Korrosionsbest\u00e4ndigkeit zu steigern. Aogami Super Steel wird f\u00fcr seine F\u00e4higkeit gesch\u00e4tzt, eine sehr steile und scharfe Klinge zu f\u00fchren.<\/p>\n<h3><span style=\"color: #b2886d;\"><strong>Handwerkskunst<\/strong><\/span><span style=\"font-weight: 400;\"> <\/span><\/h3>\n<p>Moritaka Hamono ist eine traditionelle Messerschmiede, die auf eine \u00fcber 700-j\u00e4hrige Geschichte zur\u00fcckblicken kann. In jahrelanger Handarbeit haben sie einzigartige F\u00e4higkeiten und Kenntnisse entwickelt, die von Generation zu Generation weitergegeben werden. Die einzigartigen Klingenschmiedetechniken von Moritaka erm\u00f6glichen die Herstellung von Messern, die l\u00e4nger als jedes andere Messer auf dem Markt, scharfe Kanten behalten. Sowohl die Leistung als auch der Charakter dieser Klingen sind beim ersten Gebrauch dieses Messers zu sp\u00fcren.<\/p>\n<p><img fetchpriority=\"high\" decoding=\"async\" class=\"size-full wp-image-9021 aligncenter\" src=\"https:\/\/cdn.oishya.com\/wp-content\/uploads\/2017\/02\/06222244\/moritaka-hamono.jpg\" alt=\"moritaka hamono familie\" width=\"500\" height=\"259\" srcset=\"https:\/\/cdn.oishya.com\/wp-content\/uploads\/2017\/02\/06222244\/moritaka-hamono.jpg 500w, https:\/\/cdn.oishya.com\/wp-content\/uploads\/2017\/02\/06222244\/moritaka-hamono-150x78.jpg 150w, https:\/\/cdn.oishya.com\/wp-content\/uploads\/2017\/02\/06222244\/moritaka-hamono-64x33.jpg 64w\" sizes=\"(max-width: 500px) 100vw, 500px\" \/><\/p>\n<p>Heute werden Deine Messer vom 26., 27. und 28. Schwertschmied geschmiedet.<\/p>\n<ul>\n<li style=\"list-style-type: none;\">\n<ul>\n<li style=\"list-style-type: none;\">\n<ul>\n<li>Takuzo Moritaka (der Meister und 26. Schwertschmied) ist immer noch da aber schon im Begriff sich zur Ruhe zu setzen, w\u00e4hrend seine beiden S\u00f6hne:<\/li>\n<li>Tsunehiro Moritaka (27ter Schwertschmied) und<\/li>\n<li>sein j\u00fcngerer Bruder Teruhiro Moritaka (28. Schwertschmied) die Familientradition fortsetzen.<\/li>\n<\/ul>\n<\/li>\n<\/ul>\n<\/li>\n<\/ul>\n<p>In dieser Fabrik gibt es kein Flie\u00dfband &#8211; <i>hier sind nur K\u00fcnstler am Werk.<\/i> Und wir haben diese Messer direkt von der Familie Moritaka importiert. Bitte ber\u00fccksichtige, dass jedes Messer ein etwas anderes Aussehen und eine andere Gr\u00f6\u00dfe hat, da die Klinge handgefertigt ist und der Griff aus Naturholz besteht.<\/p>\n<h3><span style=\"color: #b2886d;\"><strong>Instandhaltung<\/strong><\/span><\/h3>\n<p>Die Schneiden des Moritaka AS Yanagiba Messers sind extrem steil und k\u00f6nnen durch hohe Veredelungsstufen auf den Steinen genommen werden. In Anbetracht des Verwendungszwecks kann es sich lohnen, den Schr\u00e4gungswinkel des Herstellers beizubehalten, um ein Abplatzen beim Bearbeiten von Gefl\u00fcgelst\u00fccken zu vermeiden. Das Finish ist Kurouchi (schwarz) mit einer Lackschicht &#8211; diese dient als Schutz des Stahls und sollte nicht wegpoliert werden. Die Schneide ist, anders als bei traditionellen einschneidigen japanischen Messern, eine 50-50-Doppelschneide. Dadurch ist es viel einfacher sie mit einigen handels\u00fcblichen Sch\u00e4rfsystemen scharf zu halten.<\/p>\n<p>Wie die meisten Ger\u00e4te braucht auch dieses Moritaka AS Yanagiba-Messer ein wenig Liebe und Pflege. Du solltest sie regelm\u00e4\u00dfig sch\u00e4rfen und je nach Stahlsorte sofort nach dem Gebrauch trocknen. Dies sind 3 allgemeine Regeln, die Du befolgen solltest:<\/p>\n<ul>\n<li style=\"list-style-type: none;\">\n<ul>\n<li style=\"list-style-type: none;\">\n<ol>\n<li style=\"font-weight: 400;\">Lege Dein Messer nicht in die Sp\u00fclmaschine.<\/li>\n<li style=\"font-weight: 400;\">Bewahre Deine Messer entweder auf <span style=\"text-decoration: underline;\"><a href=\"https:\/\/oishya.com\/wall-mounted-magnetic-wood-knife-rack-steel\/?length=50cm&#038;material=walnut\" target=\"_blank\" rel=\"noopener noreferrer\">der magnetischem Messerleist<\/a><\/span>e, <span style=\"text-decoration: underline;\"><a href=\"https:\/\/oishya.com\/wooden-magnetic-knife-stand-block\/?material=walnut\" target=\"_blank\" rel=\"noopener noreferrer\">dem Messerblock<\/a><\/span>, oder ummantelt in der Utensilien schublade auf<\/li>\n<li style=\"font-weight: 400;\">Schiebe Dein Messer nicht mit der Klinge nach unten \u00fcber das Schneidebrett, um zum Beispiel das gerade Gehackte beiseite zu schieben.<\/li>\n<\/ol>\n<\/li>\n<\/ul>\n<\/li>\n<\/ul>\n<p>Lies auch unsere vollst\u00e4ndige Anleitung, <a href=\"https:\/\/oishya.com\/journal\/how-to-keep-your-kitchen-knives-sharp\/\" target=\"_blank\" rel=\"noopener noreferrer\">wie du Messer richtig pflegstund sch\u00e4rfst.<\/a><\/p>\n","protected":false},"excerpt":{"rendered":"<p>Dieses 210 mm lange Yanagiba geh\u00f6rt zu Moritakas Supreme-Serie von K\u00fcchenmessern und verf\u00fcgt \u00fcber eine lange Klinge, die perfekt daf\u00fcr geeignet ist ein St\u00fcck Fleisch oder Fisch in einem Zug zu durchschneiden. Ein ideales Messer zum Schneiden von Fischfilets ohne Gr\u00e4ten f\u00fcr Sashimi- und Sushi-Gerichte oder zum Enth\u00e4uten von Fisch.<\/p>\n<p>&#8211; Das Kurouchi-Finish verleiht der Klinge eine brillante, rustikale \u00c4sthetik und unterst\u00fctzt zudem die Korrosionsbest\u00e4ndigkeit<br \/>\n&#8211; Die Klinge aus blauem Stahl ist zu einem Erl aus rostfreiem Stahl geschmiedet, der dann in einen sch\u00f6nen Kirschholzgriff eingesetzt wird<\/p>\n","protected":false},"featured_media":57345,"comment_status":"open","ping_status":"closed","template":"","meta":{"_acf_changed":false,"_glsr_average":0,"_glsr_ranking":0,"_glsr_reviews":0},"product_brand":[],"product_cat":[9035],"product_tag":[],"class_list":{"0":"post-37078","1":"product","2":"type-product","3":"status-publish","4":"has-post-thumbnail","6":"product_cat-japanische-messer","7":"pa_blade-length-210mm-de","8":"pa_hrc-65-de","9":"pa_knife-handle-material-kirschbaumholz","10":"pa_knife-type-yanagiba-de","11":"pa_steel-type-aogami-super-de","13":"first","14":"outofstock","15":"sale","16":"shipping-taxable","17":"purchasable","18":"product-type-simple"},"supplier_id":null,"supplier_sku":"","barcode":null,"atum_controlled":true,"out_stock_date":null,"out_stock_threshold":null,"inheritable":false,"inbound_stock":null,"stock_on_hold":0,"sold_today":0,"sales_last_days":0,"reserved_stock":null,"customer_returns":null,"warehouse_damage":null,"lost_in_post":null,"other_logs":null,"out_stock_days":0,"lost_sales":0,"has_location":null,"update_date":"2026-04-19T00:31:32","atum_locations":[],"atum_stock_status":"outofstock","restock_status":false,"low_stock_amount":0,"sales_update_date":"2026-04-19T00:31:32","calc_backorders":null,"acf":[],"_links":{"self":[{"href":"https:\/\/oishya.com\/de\/wp-json\/wp\/v2\/product\/37078","targetHints":{"allow":["GET"]}}],"collection":[{"href":"https:\/\/oishya.com\/de\/wp-json\/wp\/v2\/product"}],"about":[{"href":"https:\/\/oishya.com\/de\/wp-json\/wp\/v2\/types\/product"}],"replies":[{"embeddable":true,"href":"https:\/\/oishya.com\/de\/wp-json\/wp\/v2\/comments?post=37078"}],"version-history":[{"count":0,"href":"https:\/\/oishya.com\/de\/wp-json\/wp\/v2\/product\/37078\/revisions"}],"wp:featuredmedia":[{"embeddable":true,"href":"https:\/\/oishya.com\/de\/wp-json\/wp\/v2\/media\/57345"}],"wp:attachment":[{"href":"https:\/\/oishya.com\/de\/wp-json\/wp\/v2\/media?parent=37078"}],"wp:term":[{"taxonomy":"product_brand","embeddable":true,"href":"https:\/\/oishya.com\/de\/wp-json\/wp\/v2\/product_brand?post=37078"},{"taxonomy":"product_cat","embeddable":true,"href":"https:\/\/oishya.com\/de\/wp-json\/wp\/v2\/product_cat?post=37078"},{"taxonomy":"product_tag","embeddable":true,"href":"https:\/\/oishya.com\/de\/wp-json\/wp\/v2\/product_tag?post=37078"}],"curies":[{"name":"wp","href":"https:\/\/api.w.org\/{rel}","templated":true}]}}