{"id":37064,"date":"2018-09-08T11:51:04","date_gmt":"2018-09-08T10:51:04","guid":{"rendered":"https:\/\/oishya.com\/kintsugi-inspiriertes-porzellan-essteller-set\/"},"modified":"2026-01-16T21:21:43","modified_gmt":"2026-01-16T21:21:43","slug":"kintsugi-sammlung-fine-bone-china-porzellan","status":"publish","type":"product","link":"https:\/\/oishya.com\/de\/kintsugi-sammlung-fine-bone-china-porzellan\/","title":{"rendered":"Kintsugi Sammlung Fine Bone China Porzellan"},"content":{"rendered":"<p>F\u00fcr unsere Kintsugi-Porzellan-Kollektion haben wir mit der europ\u00e4ischen Porzellanmanufaktur Karolina zusammengearbeitet, deren Geschichte bis ins Jahr 1860 zur\u00fcckreicht, um Ihnen ein Produkt zu bieten, das das Ergebnis jahrelanger Erfahrung ist. Unser gesamtes Porzellan wird von Hand dekoriert und auf seine Qualit\u00e4t gepr\u00fcft, so dass jedes St\u00fcck ein Unikat ist. Ein Kintsugi-Muster aus 24-kar\u00e4tigem Gold wird von Hand auf das fein gearbeitete, tierversuchsfreie Fine Bone China (FBC)-Porzellan aufgebracht, um eine zeitgem\u00e4\u00dfe Interpretation des alten Japan zu schaffen.<\/p>\n<h3><span style=\"color: #b2886d;\"><strong>\u00dcber die Kunst des Kintsugi <\/strong><\/span><\/h3>\n<p><img fetchpriority=\"high\" decoding=\"async\" class=\"alignnone size-full wp-image-39335\" src=\"https:\/\/cdn.oishya.com\/wp-content\/uploads\/2021\/02\/06215453\/P9030408.jpg\" alt=\"woman selecting porcelain for Kintsugi plates\" width=\"2000\" height=\"1500\" srcset=\"https:\/\/cdn.oishya.com\/wp-content\/uploads\/2021\/02\/06215453\/P9030408.jpg 2000w, https:\/\/cdn.oishya.com\/wp-content\/uploads\/2021\/02\/06215453\/P9030408-768x576.jpg 768w, https:\/\/cdn.oishya.com\/wp-content\/uploads\/2021\/02\/06215453\/P9030408-700x525.jpg 700w, https:\/\/cdn.oishya.com\/wp-content\/uploads\/2021\/02\/06215453\/P9030408-150x113.jpg 150w, https:\/\/cdn.oishya.com\/wp-content\/uploads\/2021\/02\/06215453\/P9030408-64x48.jpg 64w\" sizes=\"(max-width: 2000px) 100vw, 2000px\" \/><\/p>\n<p>Die japanische Kunst des Kintsugi lehrt, dass zerbrochene Gegenst\u00e4nde, insbesondere Porzellan, nicht versteckt, sondern mit Stolz zur Schau gestellt werden sollten, und daran wollten wir alle erinnern. Wenn eine Schale, eine Teekanne oder eine kostbare Vase herunterf\u00e4llt und in tausend St\u00fccke zerbricht, werfen wir sie w\u00fctend und mit Bedauern weg. Doch es gibt eine Alternative, eine <a href=\"https:\/\/oishya.com\/kintsugi-collection-fine-bone-china-porcelain\/\">japanische Praxis<\/a>, bei der die Bruchstellen hervorgehoben und aufgewertet werden, wodurch das zerbrochene Objekt an Wert gewinnt. Kintsugi (\u91d1\u7d99\u304e) oder Kintsukuroi (\u91d1\u7e55\u3044), w\u00f6rtlich Gold (&#8220;kin&#8221;) und Reparatur (&#8220;tsugi&#8221;), ist eine traditionelle japanische Kunst, bei der ein Edelmetall &#8211; fl\u00fcssiges Gold, fl\u00fcssiges Silber oder mit Goldpulver best\u00e4ubter Lack &#8211; verwendet wird, um die Scherben eines zerbrochenen T\u00f6pferwarenst\u00fccks wieder zusammenzuf\u00fcgen und gleichzeitig die Bruchstellen aufzuwerten. Die Technik besteht darin, Porzellanfragmente zusammenzuf\u00fcgen und ihnen ein neues, raffinierteres Aussehen zu verleihen. Jedes reparierte St\u00fcck ist ein Unikat, da die Keramik zuf\u00e4llig zerbricht und unregelm\u00e4\u00dfige Muster entstehen, die durch die Verwendung von Metallen verst\u00e4rkt werden. Bei der Gestaltung der Kintsugi Collection haben wir uns von dieser alten japanischen Kunst der Keramikreparatur inspirieren lassen. Durch das Reparieren zerbrochener Keramik war es m\u00f6glich, der Keramik ein neues Leben zu geben, das durch ihre &#8220;Narben&#8221; noch raffinierter werden konnte.<\/p>\n<h3><span style=\"color: #b2886d;\"><strong>\u00dcber unser Fine Bone China-Porzellan<\/strong><\/span><\/h3>\n<p>Fine Bone China (FBC)-Porzellanprodukte zeichnen sich durch einen cremefarbenen Ton und eine hohe Transluzenz aus. Diese Eigenschaften ergeben sich aus den Brennbedingungen und der Zusammensetzung der Masse. Die Geschirrkollektion von Oishya Home wird aus tierversuchsfreiem Fine Bone China, also<a href=\"https:\/\/oishya.com\/de\/journal\/ist-fine-bone-china-frei-von-tierqulerei\/\"> New Fine Bone China<\/a>, hergestellt. F\u00fcr diese Kollektion haben wir mit einem europ\u00e4ischen Porzellanhersteller zusammengearbeitet, der die spezielle Technik zur Herstellung von elfenbeinfarbenem Porzellan mit hoher Lichtdurchl\u00e4ssigkeit, dem sogenannten Fine Bone China, perfektioniert hat. Unser Geschirr wird aus hochwertigen importierten Rohstoffen hergestellt, darunter Kaoline (48%), Quarz (20%) und Feldspat (30%). Der Hersteller verf\u00fcgt \u00fcber g\u00fcltige Qualit\u00e4tszertifikate der Lieferanten f\u00fcr alle in der Produktion verwendeten Rohstoffe. Dar\u00fcber hinaus werden die Rohstoffe im Werkslabor auf der Grundlage der Normen BN, PN und ZN gepr\u00fcft, bevor sie in die Produktion gelangen.<\/p>\n","protected":false},"excerpt":{"rendered":"<div class=\"text\">\n<p>Dieses 6er-Set Kintsugi (28 cm) geh\u00f6rt zu unserer modernen Porzellan-Kollektion Kintsugi, die ein sch\u00f6nes Gef\u00fchl in Ihr Zuhause bringen soll &#8211; eine Erinnerung an die Zerbrechlichkeit des Lebens und die Sch\u00f6nheit der Unvollkommenheit. Die fein gearbeiteten Teller aus tierversuchsfreiem FBC-Porzellan mit einer aufgetragenen Goldschicht auf der Oberseite sind mit einem breiten Rand aus erhabenen, gebrochenen Linien versehen, die eine moderne Interpretation des alten Japan darstellen. Jedes St\u00fcck tr\u00e4gt auf der R\u00fcckseite eine andere Nummer aus der Kintsugi-Kollektion, z. B. eins (\u4e00), zwei (\u4e8c), drei (\u4e09), vier (\u56db). Das Set bildet ein Muster, das gebrochen und geklebt mit einem alten kintsugi Technik Porzellan. Alle unsere Porzellan ist von Hand dekoriert und das Porzellan ist f\u00fcr die Qualit\u00e4t \u00fcberpr\u00fcft, so dass jedes St\u00fcck einzigartig.<\/p>\n<ul>\n<li>Ein Satz von 6<\/li>\n<li>Ideal f\u00fcr ein Geschenk<\/li>\n<li>Hergestellt in Zusammenarbeit mit einem Porzellanhersteller, dessen Geschichte bis ins Jahr 1860 zur\u00fcckreicht<\/li>\n<li>Handaufgetragenes 24-Karat-Gold-Kintsugi-Muster<\/li>\n<li>Sp\u00fclmaschinenfest<\/li>\n<\/ul>\n<\/div>\n","protected":false},"featured_media":57600,"comment_status":"open","ping_status":"closed","template":"","meta":{"_acf_changed":false,"_glsr_average":0,"_glsr_ranking":0,"_glsr_reviews":0},"product_brand":[],"product_cat":[9041,8995],"product_tag":[9503],"class_list":{"0":"post-37064","1":"product","2":"type-product","3":"status-publish","4":"has-post-thumbnail","6":"product_cat-tableware","7":"product_cat-zubehor","8":"product_tag-kintsugi-porzellan","9":"pa_dishwasher-safe-ja","10":"pa_material-24-carat-gold-de","11":"pa_material-fbc-porzellan-guteklasse-a","13":"first","14":"instock","15":"shipping-taxable","16":"purchasable","17":"product-type-variable"},"supplier_id":null,"supplier_sku":"","barcode":null,"atum_controlled":true,"out_stock_date":null,"out_stock_threshold":null,"inheritable":true,"inbound_stock":null,"stock_on_hold":0,"sold_today":0,"sales_last_days":0,"reserved_stock":null,"customer_returns":null,"warehouse_damage":null,"lost_in_post":null,"other_logs":null,"out_stock_days":0,"lost_sales":0,"has_location":false,"update_date":"2026-04-13T00:29:30","atum_locations":[],"atum_stock_status":"instock","restock_status":false,"low_stock_amount":0,"sales_update_date":"2026-04-13T00:29:30","calc_backorders":0,"acf":[],"_links":{"self":[{"href":"https:\/\/oishya.com\/de\/wp-json\/wp\/v2\/product\/37064","targetHints":{"allow":["GET"]}}],"collection":[{"href":"https:\/\/oishya.com\/de\/wp-json\/wp\/v2\/product"}],"about":[{"href":"https:\/\/oishya.com\/de\/wp-json\/wp\/v2\/types\/product"}],"replies":[{"embeddable":true,"href":"https:\/\/oishya.com\/de\/wp-json\/wp\/v2\/comments?post=37064"}],"version-history":[{"count":4,"href":"https:\/\/oishya.com\/de\/wp-json\/wp\/v2\/product\/37064\/revisions"}],"predecessor-version":[{"id":115010,"href":"https:\/\/oishya.com\/de\/wp-json\/wp\/v2\/product\/37064\/revisions\/115010"}],"wp:featuredmedia":[{"embeddable":true,"href":"https:\/\/oishya.com\/de\/wp-json\/wp\/v2\/media\/57600"}],"wp:attachment":[{"href":"https:\/\/oishya.com\/de\/wp-json\/wp\/v2\/media?parent=37064"}],"wp:term":[{"taxonomy":"product_brand","embeddable":true,"href":"https:\/\/oishya.com\/de\/wp-json\/wp\/v2\/product_brand?post=37064"},{"taxonomy":"product_cat","embeddable":true,"href":"https:\/\/oishya.com\/de\/wp-json\/wp\/v2\/product_cat?post=37064"},{"taxonomy":"product_tag","embeddable":true,"href":"https:\/\/oishya.com\/de\/wp-json\/wp\/v2\/product_tag?post=37064"}],"curies":[{"name":"wp","href":"https:\/\/api.w.org\/{rel}","templated":true}]}}