{"id":37049,"date":"2017-02-07T21:24:51","date_gmt":"2017-02-07T21:24:51","guid":{"rendered":"https:\/\/oishya.com\/king-kw-65-1000-6000-japanischer-schaerf-stein\/"},"modified":"2025-11-23T10:14:31","modified_gmt":"2025-11-23T10:14:31","slug":"king-kw-65-1000-6000-japanischer-schrfstein","status":"publish","type":"product","link":"https:\/\/oishya.com\/de\/king-kw-65-1000-6000-japanischer-schrfstein\/","title":{"rendered":"King KW-65 1000\/6000 Japanischer Sch\u00e4rfstein"},"content":{"rendered":"<h3><span style=\"color: #b2886d;\"><strong>Der King KW-65 1000\/6000<\/strong><\/span><\/h3>\n<p>Dieser kombinierte Wasserstein (Schleifstein) <a href=\"https:\/\/www.youtube.com\/watch?v=QAEAMXf9wB4\"> mit den<\/a> K\u00f6rnungen <a href=\"https:\/\/www.youtube.com\/watch?v=QAEAMXf9wB4\"> 1000 und 6000<\/a> macht aus einer stumpfen Schneide eine scharfe Schneide mit der 1000er Seite. Mit der 6000er Seite wird der Klingenr\u00fccken und die Fase hochglanzpoliert. Ideal f\u00fcr die Bearbeitung von stumpfen, nicht besch\u00e4digten Klingen. Die zwei verschiedenen K\u00f6rnungen in einem doppelseitigen Stein machen Kombinations-Wassersteine zu einer hervorragenden, kosteng\u00fcnstigen M\u00f6glichkeit, eine Reihe von K\u00f6rnungen zu besitzen. Hergestellt aus Schleifpartikeln, die in einem Bindemittel suspendiert sind. Der Stein deckt zwei aufeinanderfolgende Stufen im Sch\u00e4rfprozess ab. Die Abmessungen des Schleifsteins betragen 207 x 66 x 36 mm. King-Steine haben sich weltweit einen Namen gemacht. Dies ist einer der angesehensten Schleifsteinhersteller mit Sitz in Matsunaga, Osaka in Japan. Dieser Sch\u00e4rfstein hat auf der einen Seite eine Oberfl\u00e4che mit mittlerer K\u00f6rnung und auf der anderen Seite eine Oberfl\u00e4che mit feiner K\u00f6rnung. Dies ist die perfekte Steinkombination f\u00fcr neue oder gelegentliche Freihandsch\u00e4rfer.<\/p>\n<h3><span style=\"color: #b2886d;\"><strong>Japanische Wetzsteine<\/strong><\/span><\/h3>\n<p>Im Gegensatz zu anderen synthetischen Sch\u00e4rfsteinen, die aus einem einzigen Schleifmittel bestehen, bestehen diese <a href=\"https:\/\/oishya.com\/accessories\/sharpening-stones-accessories\/\">japanischen Wassersteine<\/a> aus Aluminiumoxid, Karbid und Nitridpartikeln, die miteinander verschmolzen sind. Diese Mischung wird dann mit einem tonartigen Bindemittel vermischt und bei hohen Temperaturen gebrannt, um den Schleifstein zu formen. Der so entstandene Stein ist weich, sch\u00e4rft aber sehr schnell. Die weiche Bindeerde sorgt daf\u00fcr, dass sich die Schleifpartikel sehr leicht l\u00f6sen, wenn der Stein in Wasser eingeweicht wird. Wenn Sie einen synthetischen japanischen Schleifstein kaufen, haben Sie die Garantie, dass Sie einen Stein mit einheitlicher K\u00f6rnung erhalten, der beim Sch\u00e4rfen gleichbleibend hochwertige Ergebnisse liefert und dessen Qualit\u00e4t nicht von Stein zu Stein variiert.<\/p>\n","protected":false},"excerpt":{"rendered":"<p>Hauptmerkmale:<\/p>\n<ul>\n<li>Macht aus einer stumpfen Schneide wieder eine scharfe und poliert die R\u00fcckseite und die Fase auf Hochglanz<\/li>\n<li>Eine ausgezeichnete, kosteng\u00fcnstige M\u00f6glichkeit, eine Reihe von K\u00f6rnungen zu besitzen<\/li>\n<li>Besteht aus Schleifpartikeln, die durch eine weiche Bindemasse zusammengehalten werden<\/li>\n<li>Besteht aus Aluminiumoxid-, Karbid- und Nitridpartikeln, die miteinander verschmolzen sind<\/li>\n<li>Weiche Bindemasse gibt die Schleifmittel sehr leicht frei, wenn der Stein eingeweicht wird<\/li>\n<li>Ma\u00dfe: 207 mm x 66 mm x 36 mm<\/li>\n<\/ul>\n<p>Hergestellt in Japan<\/p>\n","protected":false},"featured_media":57323,"comment_status":"open","ping_status":"closed","template":"","meta":{"_acf_changed":false,"_glsr_average":0,"_glsr_ranking":0,"_glsr_reviews":0},"product_brand":[],"product_cat":[8994,8995],"product_tag":[],"class_list":{"0":"post-37049","1":"product","2":"type-product","3":"status-publish","4":"has-post-thumbnail","6":"product_cat-schleifsteine","7":"product_cat-zubehor","9":"first","10":"instock","11":"shipping-taxable","12":"purchasable","13":"product-type-simple"},"supplier_id":null,"supplier_sku":"","barcode":null,"atum_controlled":true,"out_stock_date":null,"out_stock_threshold":null,"inheritable":false,"inbound_stock":0,"stock_on_hold":0,"sold_today":0,"sales_last_days":0,"reserved_stock":0,"customer_returns":0,"warehouse_damage":0,"lost_in_post":0,"other_logs":0,"out_stock_days":0,"lost_sales":0,"has_location":false,"update_date":"2026-05-02T00:38:40","atum_locations":[],"atum_stock_status":"instock","restock_status":false,"low_stock_amount":0,"sales_update_date":"2026-05-02T00:38:40","calc_backorders":0,"acf":[],"_links":{"self":[{"href":"https:\/\/oishya.com\/de\/wp-json\/wp\/v2\/product\/37049","targetHints":{"allow":["GET"]}}],"collection":[{"href":"https:\/\/oishya.com\/de\/wp-json\/wp\/v2\/product"}],"about":[{"href":"https:\/\/oishya.com\/de\/wp-json\/wp\/v2\/types\/product"}],"replies":[{"embeddable":true,"href":"https:\/\/oishya.com\/de\/wp-json\/wp\/v2\/comments?post=37049"}],"version-history":[{"count":2,"href":"https:\/\/oishya.com\/de\/wp-json\/wp\/v2\/product\/37049\/revisions"}],"predecessor-version":[{"id":91414,"href":"https:\/\/oishya.com\/de\/wp-json\/wp\/v2\/product\/37049\/revisions\/91414"}],"wp:featuredmedia":[{"embeddable":true,"href":"https:\/\/oishya.com\/de\/wp-json\/wp\/v2\/media\/57323"}],"wp:attachment":[{"href":"https:\/\/oishya.com\/de\/wp-json\/wp\/v2\/media?parent=37049"}],"wp:term":[{"taxonomy":"product_brand","embeddable":true,"href":"https:\/\/oishya.com\/de\/wp-json\/wp\/v2\/product_brand?post=37049"},{"taxonomy":"product_cat","embeddable":true,"href":"https:\/\/oishya.com\/de\/wp-json\/wp\/v2\/product_cat?post=37049"},{"taxonomy":"product_tag","embeddable":true,"href":"https:\/\/oishya.com\/de\/wp-json\/wp\/v2\/product_tag?post=37049"}],"curies":[{"name":"wp","href":"https:\/\/api.w.org\/{rel}","templated":true}]}}