{"id":36986,"date":"2020-05-07T12:02:30","date_gmt":"2020-05-07T11:02:30","guid":{"rendered":"https:\/\/oishya.com\/sakai-kyuba-x-japana-schael-messer-15cm-das-petty\/"},"modified":"2026-04-11T00:28:13","modified_gmt":"2026-04-10T23:28:13","slug":"sakai-kyuba-kyu-gemusemesser-15cm-petty","status":"publish","type":"product","link":"https:\/\/oishya.com\/de\/sakai-kyuba-kyu-gemusemesser-15cm-petty\/","title":{"rendered":"Sakai Kyuba KYU Sch\u00e4lmesser 15 cm Petty"},"content":{"rendered":"\t\t<div data-elementor-type=\"product-post\" data-elementor-id=\"36986\" class=\"elementor elementor-36986 elementor-29279\" data-elementor-post-type=\"product\">\n\t\t\t\t\t\t<section class=\"elementor-section elementor-top-section elementor-element elementor-element-87599a8 elementor-section-boxed elementor-section-height-default elementor-section-height-default\" data-id=\"87599a8\" data-element_type=\"section\" data-e-type=\"section\">\n\t\t\t\t\t\t<div class=\"elementor-container elementor-column-gap-default\">\n\t\t\t\t\t<div class=\"elementor-column elementor-col-33 elementor-top-column elementor-element elementor-element-fef6283\" data-id=\"fef6283\" data-element_type=\"column\" data-e-type=\"column\">\n\t\t\t<div class=\"elementor-widget-wrap elementor-element-populated\">\n\t\t\t\t\t\t<div class=\"elementor-element elementor-element-708dc61 elementor-widget elementor-widget-heading\" data-id=\"708dc61\" data-element_type=\"widget\" data-e-type=\"widget\" data-widget_type=\"heading.default\">\n\t\t\t\t\t<h2 class=\"elementor-heading-title elementor-size-default\">Die Petty<\/h2>\t\t\t\t<\/div>\n\t\t\t\t<div class=\"elementor-element elementor-element-af98044 elementor-widget elementor-widget-text-editor\" data-id=\"af98044\" data-element_type=\"widget\" data-e-type=\"widget\" data-widget_type=\"text-editor.default\">\n\t\t\t\t\t\t\t\t\t<p><span style=\"font-family: var( --e-global-typography-primary-font-family ), Sans-serif; font-size: var( --e-global-typography-primary-font-size ); font-weight: var( --e-global-typography-primary-font-weight ); letter-spacing: var( --e-global-typography-primary-letter-spacing ); word-spacing: 0em;\">Das Petty-Messer, das manchmal auch als Universalmesser bezeichnet wird, ist eine kleinere Version des Kochmessers, aber gr\u00f6\u00dfer als ein Sch\u00e4lmesser. Dank seiner Klingengr\u00f6\u00dfe passt das Petty-Messer an kleine Stellen, die mehr Fingerspitzengef\u00fchl erfordern als gr\u00f6\u00dfere Kochmesser, und erledigt gleichzeitig gr\u00f6\u00dfere Aufgaben als ein Sch\u00e4lmesser. <\/span>Seine unvergleichliche Sch\u00e4rfe wird f\u00fcr kleinere Pr\u00e4zisionsarbeiten wie das Sch\u00e4len, Trimmen und Schneiden von kleinem Obst und Gem\u00fcse verwendet. Aber auch f\u00fcr gr\u00f6\u00dfere Aufgaben als kleines, vielseitiges Kochmesser.<\/p>\n<p>Es ist eine ideale Alternative zu Gyuto und Santoku f\u00fcr Menschen mit kleineren H\u00e4nden. Mit seinem 45\u00b0-Schliff ist es sowohl f\u00fcr Links- als auch f\u00fcr Rechtsh\u00e4nder geeignet. Unser Sakai Kyuba 16cm Petty macht die Zubereitung von Speisen effizienter und angenehmer. Ein Messer, das so einzigartig und unverg\u00e4nglich ist wie die Erinnerungen, die Sie mit ihm schaffen werden.<\/p>\n\t\t\t\t\t\t\t\t<\/div>\n\t\t\t\t\t<\/div>\n\t\t<\/div>\n\t\t\t\t<div class=\"elementor-column elementor-col-66 elementor-top-column elementor-element elementor-element-f10cb45\" data-id=\"f10cb45\" data-element_type=\"column\" data-e-type=\"column\">\n\t\t\t<div class=\"elementor-widget-wrap elementor-element-populated\">\n\t\t\t\t\t\t<div class=\"elementor-element elementor-element-e722277 elementor-widget elementor-widget-image\" data-id=\"e722277\" data-element_type=\"widget\" data-e-type=\"widget\" data-widget_type=\"image.default\">\n\t\t\t\t\t\t\t\t\t\t\t\t\t\t\t<img decoding=\"async\" loading=\"lazy\" src=\"https:\/\/cdn.oishya.com\/wp-content\/uploads\/2022\/04\/06213546\/20_KW.jpg\" title=\"Sakai Kyuba Oishya Petty Paring Knife \u2013 Natural Brown Close up\" alt=\"Sakai Kyuba Oishya Nakiri Veggie Knife \u2013 Blue - Close Up\" \/>\t\t\t\t\t\t\t\t\t\t\t\t\t\t\t<\/div>\n\t\t\t\t\t<\/div>\n\t\t<\/div>\n\t\t\t\t\t<\/div>\n\t\t<\/section>\n\t\t\t\t<section class=\"elementor-section elementor-top-section elementor-element elementor-element-705ef82 elementor-section-boxed elementor-section-height-default elementor-section-height-default\" data-id=\"705ef82\" data-element_type=\"section\" data-e-type=\"section\">\n\t\t\t\t\t\t<div class=\"elementor-container elementor-column-gap-default\">\n\t\t\t\t\t<div class=\"elementor-column elementor-col-100 elementor-top-column elementor-element elementor-element-c15fea6\" data-id=\"c15fea6\" data-element_type=\"column\" data-e-type=\"column\">\n\t\t\t<div class=\"elementor-widget-wrap elementor-element-populated\">\n\t\t\t\t\t\t<div class=\"elementor-element elementor-element-a00b8e2 elementor-widget elementor-widget-spacer\" data-id=\"a00b8e2\" data-element_type=\"widget\" data-e-type=\"widget\" data-widget_type=\"spacer.default\">\n\t\t\t\t\t\t\t<div class=\"elementor-spacer\">\n\t\t\t<div class=\"elementor-spacer-inner\"><\/div>\n\t\t<\/div>\n\t\t\t\t\t\t<\/div>\n\t\t\t\t\t<\/div>\n\t\t<\/div>\n\t\t\t\t\t<\/div>\n\t\t<\/section>\n\t\t\t\t<section class=\"elementor-section elementor-top-section elementor-element elementor-element-7d22e57 elementor-section-boxed elementor-section-height-default elementor-section-height-default\" data-id=\"7d22e57\" data-element_type=\"section\" data-e-type=\"section\">\n\t\t\t\t\t\t<div class=\"elementor-container elementor-column-gap-default\">\n\t\t\t\t\t<div class=\"elementor-column elementor-col-66 elementor-top-column elementor-element elementor-element-d7217f9\" data-id=\"d7217f9\" data-element_type=\"column\" data-e-type=\"column\">\n\t\t\t<div class=\"elementor-widget-wrap elementor-element-populated\">\n\t\t\t\t\t\t<div class=\"elementor-element elementor-element-60a4c99 elementor-widget elementor-widget-image\" data-id=\"60a4c99\" data-element_type=\"widget\" data-e-type=\"widget\" data-widget_type=\"image.default\">\n\t\t\t\t\t\t\t\t\t\t\t\t\t\t\t<img loading=\"lazy\" decoding=\"async\" loading=\"lazy\" width=\"1024\" height=\"1024\" src=\"https:\/\/cdn.oishya.com\/wp-content\/uploads\/2021\/05\/06213605\/25_KW.jpg\" class=\"attachment-large size-large wp-image-56362\" alt=\"Sakai Kyuba The Knife Blade Thickness Engraving Japanese \u2013 Mediterranean Blue\" srcset=\"https:\/\/cdn.oishya.com\/wp-content\/uploads\/2021\/05\/06213605\/25_KW.jpg 2000w, https:\/\/cdn.oishya.com\/wp-content\/uploads\/2021\/05\/06213605\/25_KW-300x300.jpg 300w, https:\/\/cdn.oishya.com\/wp-content\/uploads\/2021\/05\/06213605\/25_KW-150x150.jpg 150w, https:\/\/cdn.oishya.com\/wp-content\/uploads\/2021\/05\/06213605\/25_KW-700x700.jpg 700w, https:\/\/cdn.oishya.com\/wp-content\/uploads\/2021\/05\/06213605\/25_KW-64x64.jpg 64w\" sizes=\"auto, (max-width: 1024px) 100vw, 1024px\" \/>\t\t\t\t\t\t\t\t\t\t\t\t\t\t\t<\/div>\n\t\t\t\t\t<\/div>\n\t\t<\/div>\n\t\t\t\t<div class=\"elementor-column elementor-col-33 elementor-top-column elementor-element elementor-element-a73f562\" data-id=\"a73f562\" data-element_type=\"column\" data-e-type=\"column\">\n\t\t\t<div class=\"elementor-widget-wrap elementor-element-populated\">\n\t\t\t\t\t\t<div class=\"elementor-element elementor-element-55557f2 elementor-widget elementor-widget-heading\" data-id=\"55557f2\" data-element_type=\"widget\" data-e-type=\"widget\" data-widget_type=\"heading.default\">\n\t\t\t\t\t<h2 class=\"elementor-heading-title elementor-size-default\">Die Klinge<\/h2>\t\t\t\t<\/div>\n\t\t\t\t<div class=\"elementor-element elementor-element-c4034e6 elementor-widget elementor-widget-text-editor\" data-id=\"c4034e6\" data-element_type=\"widget\" data-e-type=\"widget\" data-widget_type=\"text-editor.default\">\n\t\t\t\t\t\t\t\t\t<p><span style=\"text-align: start; white-space: pre-wrap;\">Die Klinge wurde entwickelt, um das Kochen angenehmer zu machen, da das Schneiden von Gem\u00fcse zu einer m\u00fchelosen Aufgabe wird. <\/span><br style=\"text-align: start; white-space: pre-wrap;\" \/><span style=\"text-align: start; white-space: pre-wrap;\">Die Klinge wird von erfahrenen japanischen Schmieden in Sakai, Japan, aus hochwertigem japanischem VG10-Edelstahl handgefertigt. VG10 ist ein rostfreier Stahl mit einem hohen Kohlenstoffgehalt, der h\u00e4rter ist als die meisten anderen rostfreien St\u00e4hle. VG10 bietet die H\u00e4rte eines Kohlenstoffstahls, aber die Korrosionsbest\u00e4ndigkeit von Edelstahl. Daher bietet VG10-Stahl ein hervorragendes Gleichgewicht zwischen Z\u00e4higkeit, Haltbarkeit und Rasiermessersch\u00e4rfe. <\/span><br style=\"margin-bottom: 0px; text-align: start; white-space: pre-wrap;\" \/><span style=\"text-align: start; white-space: pre-wrap;\">Die Klinge hat einen Rockwell-H\u00e4rtegrad (HRC) von 62, was bedeutet, dass die Klinge deutlich l\u00e4nger scharf bleibt. Das bedeutet, dass Sie sich keine Sorgen machen m\u00fcssen, sie oft zu sch\u00e4rfen. Die Klinge ist aus 46 Lagen Damaszenerstahl geschmiedet, der f\u00fcr seine Plastizit\u00e4t, H\u00e4rte und ausgepr\u00e4gten Muster bekannt ist. Mit der Klinge lassen sich Lebensmittel leicht und schnell mit Pr\u00e4zision schneiden.<\/span><\/p>\n\t\t\t\t\t\t\t\t<\/div>\n\t\t\t\t\t<\/div>\n\t\t<\/div>\n\t\t\t\t\t<\/div>\n\t\t<\/section>\n\t\t\t\t<section class=\"elementor-section elementor-top-section elementor-element elementor-element-e3175c9 elementor-section-boxed elementor-section-height-default elementor-section-height-default\" data-id=\"e3175c9\" data-element_type=\"section\" data-e-type=\"section\">\n\t\t\t\t\t\t<div class=\"elementor-container elementor-column-gap-default\">\n\t\t\t\t\t<div class=\"elementor-column elementor-col-100 elementor-top-column elementor-element elementor-element-e21c14d\" data-id=\"e21c14d\" data-element_type=\"column\" data-e-type=\"column\">\n\t\t\t<div class=\"elementor-widget-wrap elementor-element-populated\">\n\t\t\t\t\t\t<div class=\"elementor-element elementor-element-9ab33f3 elementor-widget elementor-widget-spacer\" data-id=\"9ab33f3\" data-element_type=\"widget\" data-e-type=\"widget\" data-widget_type=\"spacer.default\">\n\t\t\t\t\t\t\t<div class=\"elementor-spacer\">\n\t\t\t<div class=\"elementor-spacer-inner\"><\/div>\n\t\t<\/div>\n\t\t\t\t\t\t<\/div>\n\t\t\t\t\t<\/div>\n\t\t<\/div>\n\t\t\t\t\t<\/div>\n\t\t<\/section>\n\t\t\t\t<section class=\"elementor-section elementor-top-section elementor-element elementor-element-837a966 elementor-section-boxed elementor-section-height-default elementor-section-height-default\" data-id=\"837a966\" data-element_type=\"section\" data-e-type=\"section\">\n\t\t\t\t\t\t<div class=\"elementor-container elementor-column-gap-default\">\n\t\t\t\t\t<div class=\"elementor-column elementor-col-33 elementor-top-column elementor-element elementor-element-92c0347\" data-id=\"92c0347\" data-element_type=\"column\" data-e-type=\"column\">\n\t\t\t<div class=\"elementor-widget-wrap elementor-element-populated\">\n\t\t\t\t\t\t<div class=\"elementor-element elementor-element-c37b11a elementor-widget elementor-widget-heading\" data-id=\"c37b11a\" data-element_type=\"widget\" data-e-type=\"widget\" data-widget_type=\"heading.default\">\n\t\t\t\t\t<h2 class=\"elementor-heading-title elementor-size-default\">Der Handgriff<\/h2>\t\t\t\t<\/div>\n\t\t\t\t<div class=\"elementor-element elementor-element-93af7b8 elementor-widget elementor-widget-text-editor\" data-id=\"93af7b8\" data-element_type=\"widget\" data-e-type=\"widget\" data-widget_type=\"text-editor.default\">\n\t\t\t\t\t\t\t\t\t<p><span style=\"text-align: start; white-space: pre-wrap;\">Der sch\u00f6ne Griff ist aus extrem limitiertem, mediterran blau gef\u00e4rbtem europ\u00e4ischem Ahorn gefertigt und weist einen subtilen Kupferring unter dem Kakumaki aus Eichenmoorholz (Kragen des Griffs) auf. Das Holz muss zwei Jahre lang getrocknet werden, bevor es dem Stabilisierungsprozess unterzogen wird. Dadurch wird das Holz vollst\u00e4ndig wasserdicht, um das Wachstum von Bakterien zu verhindern, und es kann Generationen \u00fcberdauern.<\/span><\/p>\n<p><span style=\"text-align: start; white-space: pre-wrap;\">Der Kakumaki (Kragen) der Klinge ist aus Eichenmoorholz gefertigt. Ein Holz, das zwischen 2.500 und 5.000 Jahre alt ist. Sein Alter und seine Lebensbedingungen verleihen ihm einen einzigartigen Charakter und eine reiche nat\u00fcrliche Farbvariation, die durch sein Alter bestimmt wird. So erhalten Sie ein Messer mit einer reichen Geschichte.<\/span><br style=\"text-align: start; white-space: pre-wrap;\" \/><br style=\"text-align: start; white-space: pre-wrap;\" \/><span style=\"text-align: start; white-space: pre-wrap;\">Der stabilisierte, erstklassig geschliffene Wurzelahorn ist zu einem achteckigen, beidh\u00e4ndig nutzbaren Griff geformt, damit Sie das Messer sicher in der Hand halten k\u00f6nnen. Die Griffe sind nicht nur \u00e4sthetisch ansprechend, sie sind auch perfekt ausbalanciert, leicht und komfortabel. Dies erm\u00f6glicht ein H\u00f6chstma\u00df an Pr\u00e4zision und kontrollierte Bewegungen w\u00e4hrend des Gebrauchs.<\/span><br style=\"text-align: start; white-space: pre-wrap;\" \/><br style=\"margin-bottom: 0px; text-align: start; white-space: pre-wrap;\" \/><span style=\"text-align: start; white-space: pre-wrap;\">Keine zwei Grifffarben oder -muster sind jemals gleich, da die nat\u00fcrlichen Eigenschaften jedes Holzblocks einzigartig sind und den Farbstoff unterschiedlich aufnehmen. Dadurch erh\u00e4lt jedes Messer ein wundersch\u00f6nes, einzigartiges Aussehen und kann als unvergessliches Geschenk dienen. <\/span><\/p>\n\t\t\t\t\t\t\t\t<\/div>\n\t\t\t\t\t<\/div>\n\t\t<\/div>\n\t\t\t\t<div class=\"elementor-column elementor-col-66 elementor-top-column elementor-element elementor-element-ce963b3\" data-id=\"ce963b3\" data-element_type=\"column\" data-e-type=\"column\">\n\t\t\t<div class=\"elementor-widget-wrap elementor-element-populated\">\n\t\t\t\t\t\t<div class=\"elementor-element elementor-element-e0d1e37 elementor-widget elementor-widget-image\" data-id=\"e0d1e37\" data-element_type=\"widget\" data-e-type=\"widget\" data-widget_type=\"image.default\">\n\t\t\t\t\t\t\t\t\t\t\t\t\t\t\t<img loading=\"lazy\" decoding=\"async\" loading=\"lazy\" width=\"1024\" height=\"1024\" src=\"https:\/\/cdn.oishya.com\/wp-content\/uploads\/2022\/04\/06213546\/21_KW.jpg\" class=\"attachment-large size-large wp-image-56902\" alt=\"Sakai Kyuba Oishya Nakiri Gyuto Petty Knife handles - Blue Blue - Close Up\" srcset=\"https:\/\/cdn.oishya.com\/wp-content\/uploads\/2022\/04\/06213546\/21_KW.jpg 2000w, https:\/\/cdn.oishya.com\/wp-content\/uploads\/2022\/04\/06213546\/21_KW-300x300.jpg 300w, https:\/\/cdn.oishya.com\/wp-content\/uploads\/2022\/04\/06213546\/21_KW-150x150.jpg 150w, https:\/\/cdn.oishya.com\/wp-content\/uploads\/2022\/04\/06213546\/21_KW-700x700.jpg 700w, https:\/\/cdn.oishya.com\/wp-content\/uploads\/2022\/04\/06213546\/21_KW-64x64.jpg 64w\" sizes=\"auto, (max-width: 1024px) 100vw, 1024px\" \/>\t\t\t\t\t\t\t\t\t\t\t\t\t\t\t<\/div>\n\t\t\t\t\t<\/div>\n\t\t<\/div>\n\t\t\t\t\t<\/div>\n\t\t<\/section>\n\t\t\t\t<section class=\"elementor-section elementor-top-section elementor-element elementor-element-290b4e0 elementor-section-boxed elementor-section-height-default elementor-section-height-default\" data-id=\"290b4e0\" data-element_type=\"section\" data-e-type=\"section\">\n\t\t\t\t\t\t<div class=\"elementor-container elementor-column-gap-default\">\n\t\t\t\t\t<div class=\"elementor-column elementor-col-100 elementor-top-column elementor-element elementor-element-703d977\" data-id=\"703d977\" data-element_type=\"column\" data-e-type=\"column\">\n\t\t\t<div class=\"elementor-widget-wrap elementor-element-populated\">\n\t\t\t\t\t\t<div class=\"elementor-element elementor-element-c595e93 elementor-widget elementor-widget-spacer\" data-id=\"c595e93\" data-element_type=\"widget\" data-e-type=\"widget\" data-widget_type=\"spacer.default\">\n\t\t\t\t\t\t\t<div class=\"elementor-spacer\">\n\t\t\t<div class=\"elementor-spacer-inner\"><\/div>\n\t\t<\/div>\n\t\t\t\t\t\t<\/div>\n\t\t\t\t\t<\/div>\n\t\t<\/div>\n\t\t\t\t\t<\/div>\n\t\t<\/section>\n\t\t\t\t<section class=\"elementor-section elementor-top-section elementor-element elementor-element-e006ce2 elementor-section-boxed elementor-section-height-default elementor-section-height-default\" data-id=\"e006ce2\" data-element_type=\"section\" data-e-type=\"section\">\n\t\t\t\t\t\t<div class=\"elementor-container elementor-column-gap-default\">\n\t\t\t\t\t<div class=\"elementor-column elementor-col-66 elementor-top-column elementor-element elementor-element-3eb41fd\" data-id=\"3eb41fd\" data-element_type=\"column\" data-e-type=\"column\">\n\t\t\t<div class=\"elementor-widget-wrap elementor-element-populated\">\n\t\t\t\t\t\t<div class=\"elementor-element elementor-element-778eb74 elementor-widget elementor-widget-video\" data-id=\"778eb74\" data-element_type=\"widget\" data-e-type=\"widget\" data-settings=\"{&quot;video_type&quot;:&quot;hosted&quot;,&quot;controls&quot;:&quot;yes&quot;}\" data-widget_type=\"video.default\">\n\t\t\t\t\t\t\t<div class=\"e-hosted-video elementor-wrapper elementor-open-inline\">\n\t\t\t\t\t<video class=\"elementor-video\" src=\"https:\/\/cdn.oishya.com\/wp-content\/uploads\/2021\/05\/06212638\/knives_unpacking.mp4\" controls=\"\" preload=\"metadata\" controlsList=\"nodownload\"><\/video>\n\t\t\t\t<\/div>\n\t\t\t\t\t\t<\/div>\n\t\t\t\t\t<\/div>\n\t\t<\/div>\n\t\t\t\t<div class=\"elementor-column elementor-col-33 elementor-top-column elementor-element elementor-element-5c6ba41\" data-id=\"5c6ba41\" data-element_type=\"column\" data-e-type=\"column\">\n\t\t\t<div class=\"elementor-widget-wrap elementor-element-populated\">\n\t\t\t\t\t\t<div class=\"elementor-element elementor-element-e994d7b elementor-widget elementor-widget-heading\" data-id=\"e994d7b\" data-element_type=\"widget\" data-e-type=\"widget\" data-widget_type=\"heading.default\">\n\t\t\t\t\t<h2 class=\"elementor-heading-title elementor-size-default\">Die Verpackung<\/h2>\t\t\t\t<\/div>\n\t\t\t\t<div class=\"elementor-element elementor-element-68a6716 elementor-widget elementor-widget-image\" data-id=\"68a6716\" data-element_type=\"widget\" data-e-type=\"widget\" data-widget_type=\"image.default\">\n\t\t\t\t\t\t\t\t\t\t\t\t\t\t\t<img loading=\"lazy\" decoding=\"async\" loading=\"lazy\" width=\"1024\" height=\"1024\" src=\"https:\/\/cdn.oishya.com\/wp-content\/uploads\/2021\/04\/06213351\/box-single-sakai-kyuba.jpg\" class=\"attachment-large size-large wp-image-62499\" alt=\"box single sakai kyuba\" srcset=\"https:\/\/cdn.oishya.com\/wp-content\/uploads\/2021\/04\/06213351\/box-single-sakai-kyuba.jpg 1608w, https:\/\/cdn.oishya.com\/wp-content\/uploads\/2021\/04\/06213351\/box-single-sakai-kyuba-300x300.jpg 300w, https:\/\/cdn.oishya.com\/wp-content\/uploads\/2021\/04\/06213351\/box-single-sakai-kyuba-150x150.jpg 150w, https:\/\/cdn.oishya.com\/wp-content\/uploads\/2021\/04\/06213351\/box-single-sakai-kyuba-700x700.jpg 700w, https:\/\/cdn.oishya.com\/wp-content\/uploads\/2021\/04\/06213351\/box-single-sakai-kyuba-64x64.jpg 64w\" sizes=\"auto, (max-width: 1024px) 100vw, 1024px\" \/>\t\t\t\t\t\t\t\t\t\t\t\t\t\t\t<\/div>\n\t\t\t\t<div class=\"elementor-element elementor-element-8e67507 elementor-widget elementor-widget-text-editor\" data-id=\"8e67507\" data-element_type=\"widget\" data-e-type=\"widget\" data-widget_type=\"text-editor.default\">\n\t\t\t\t\t\t\t\t\t<p><span style=\"text-align: start; white-space: pre-wrap;\">Alle Sakai Kyuba-K\u00fcchenmesser werden in einer handgefertigten, minimalistischen Holzschachtel aus europ\u00e4ischer Eiche mit einer zarten, gewachsten Oberfl\u00e4che geliefert.<\/span> Die <span style=\"text-align: start; white-space: pre-wrap;\">Schatulle ist mit einem Oishya-Signaturstreifen umwickelt, auf dem die Onna Bugeisha \u2013 japanische Kriegerinnen \u2013 abgebildet sind.<\/span> <br \/>Im Inneren befindet sich ein sch\u00f6ner Zettel mit einer echten 5-Yen-M\u00fcnze als Gl\u00fccksbringer. Ein alter Aberglaube besagt, dass es Ungl\u00fcck bringt, jemandem ein Messer zu schenken, weil es die Beziehung zwischen dem Schenkenden und dem Empf\u00e4nger kappt. Um dies zu vermeiden, wird das Messer mit einer M\u00fcnze von symbolischem Wert versehen, die dann dem Schenkenden als Zahlungsmittel zur\u00fcckgegeben wird. Da wir m\u00f6chten, dass Sie Ihre <span style=\"font-family: var( --e-global-typography-primary-font-family ), Sans-serif; font-size: var( --e-global-typography-primary-font-size ); font-weight: var( --e-global-typography-primary-font-weight ); letter-spacing: var( --e-global-typography-primary-letter-spacing ); word-spacing: 0em;\">Beziehungen zu Ihren Lieben <\/span> aufrechterhalten <span style=\"font-family: var( --e-global-typography-primary-font-family ), Sans-serif; font-size: var( --e-global-typography-primary-font-size ); font-weight: var( --e-global-typography-primary-font-weight ); letter-spacing: var( --e-global-typography-primary-letter-spacing ); word-spacing: 0em;\">, finden Sie hier eine 5-Yen-M\u00fcnze. <\/span><\/p>\n<p>Das japanische Wort f\u00fcr f\u00fcnf Yen go en (\u4e94\u5186) ist ein Homophon zu go-en (\u5fa1\u7e01), was Beziehung, Verbindung und Bindung bedeutet. Durch den Austausch dieser M\u00fcnze mit dem Empf\u00e4nger m\u00fcssen Sie sich also keine Sorgen mehr \u00fcber diesen Aberglauben machen. <\/p>\n\t\t\t\t\t\t\t\t<\/div>\n\t\t\t\t\t<\/div>\n\t\t<\/div>\n\t\t\t\t\t<\/div>\n\t\t<\/section>\n\t\t\t\t<\/div>\n\t\t","protected":false},"excerpt":{"rendered":"<p>Qualit\u00e4t im Schnitt. Sch\u00f6nheit im Design. Das Sakai Kyuba \u583a\u4e45\u99ac Petty Messer geht auf eine 600 Jahre alte Schmiedetradition zur\u00fcck und wurde entwickelt, um die Freude am Kochen zu steigern. Es ist ein kleines Allzweckmesser, das zum Sch\u00e4len, Formen und Schneiden von Obst und Gem\u00fcse, zum Hacken von Kr\u00e4utern und zum Anrichten von Garnierungen verwendet wird. Die scharfe Klinge ist in ein erstklassig geschliffenes, wasserfest stabilisiertes Ahorn-Maserholz in Mediterranean Blue gefasst. Das Messer wird in einer handgefertigten, minimalistischen Holzbox geliefert, die mit einem einzigartigen Illustrationsstreifen umwickelt ist. Mit einer lebenslangen Garantie.<\/p>\n","protected":false},"featured_media":56330,"comment_status":"open","ping_status":"closed","template":"","meta":{"_acf_changed":false,"_glsr_average":0,"_glsr_ranking":0,"_glsr_reviews":0},"product_brand":[],"product_cat":[9035,9060],"product_tag":[9294],"class_list":{"0":"post-36986","1":"product","2":"type-product","3":"status-publish","4":"has-post-thumbnail","6":"product_cat-japanische-messer","7":"product_cat-schalmesser-universalmesser","8":"product_tag-sakai-kyuba-de","9":"pa_blade-length-150mm-de","10":"pa_hrc-62-de","11":"pa_knife-handle-material-verfestigtes-ahorn-holz","12":"pa_knife-type-petty","13":"pa_steel-type-46-lagig","14":"pa_steel-type-damaskus","15":"pa_steel-type-vg10-high-carbon-stainless-steel","17":"first","18":"onbackorder","19":"shipping-taxable","20":"purchasable","21":"product-type-variable"},"supplier_id":null,"supplier_sku":"","barcode":null,"atum_controlled":true,"out_stock_date":null,"out_stock_threshold":null,"inheritable":true,"inbound_stock":null,"stock_on_hold":2,"sold_today":0,"sales_last_days":0,"reserved_stock":null,"customer_returns":null,"warehouse_damage":null,"lost_in_post":null,"other_logs":null,"out_stock_days":0,"lost_sales":0,"has_location":false,"update_date":"2026-05-07T00:41:36","atum_locations":[],"atum_stock_status":"onbackorder","restock_status":false,"low_stock_amount":2,"sales_update_date":"2026-05-07T00:41:35","calc_backorders":-1,"acf":[],"_links":{"self":[{"href":"https:\/\/oishya.com\/de\/wp-json\/wp\/v2\/product\/36986","targetHints":{"allow":["GET"]}}],"collection":[{"href":"https:\/\/oishya.com\/de\/wp-json\/wp\/v2\/product"}],"about":[{"href":"https:\/\/oishya.com\/de\/wp-json\/wp\/v2\/types\/product"}],"replies":[{"embeddable":true,"href":"https:\/\/oishya.com\/de\/wp-json\/wp\/v2\/comments?post=36986"}],"version-history":[{"count":10,"href":"https:\/\/oishya.com\/de\/wp-json\/wp\/v2\/product\/36986\/revisions"}],"predecessor-version":[{"id":116620,"href":"https:\/\/oishya.com\/de\/wp-json\/wp\/v2\/product\/36986\/revisions\/116620"}],"wp:featuredmedia":[{"embeddable":true,"href":"https:\/\/oishya.com\/de\/wp-json\/wp\/v2\/media\/56330"}],"wp:attachment":[{"href":"https:\/\/oishya.com\/de\/wp-json\/wp\/v2\/media?parent=36986"}],"wp:term":[{"taxonomy":"product_brand","embeddable":true,"href":"https:\/\/oishya.com\/de\/wp-json\/wp\/v2\/product_brand?post=36986"},{"taxonomy":"product_cat","embeddable":true,"href":"https:\/\/oishya.com\/de\/wp-json\/wp\/v2\/product_cat?post=36986"},{"taxonomy":"product_tag","embeddable":true,"href":"https:\/\/oishya.com\/de\/wp-json\/wp\/v2\/product_tag?post=36986"}],"curies":[{"name":"wp","href":"https:\/\/api.w.org\/{rel}","templated":true}]}}