{"id":36187,"date":"2018-08-01T15:44:02","date_gmt":"2018-08-01T14:44:02","guid":{"rendered":"https:\/\/oishya.com\/king-gold-g-1-inc-nagura-8000-japanischer-schleifstein\/"},"modified":"2025-11-23T10:14:31","modified_gmt":"2025-11-23T10:14:31","slug":"king-gold-g-1-inc-nagura-8000-japanischer-schrfstein","status":"publish","type":"product","link":"https:\/\/oishya.com\/de\/king-gold-g-1-inc-nagura-8000-japanischer-schrfstein\/","title":{"rendered":"King Gold G-1 (Inc. Nagura) #8000 Japanischer Sch\u00e4rfstein"},"content":{"rendered":"<h3><span style=\"color: #b2886d;\"><strong>Der King Gold G-1 #800<\/strong><\/span><\/h3>\n<p>Mit seiner extrem feinen K\u00f6rnung ist dieser Sch\u00e4rfstein mit der K\u00f6rnung <a href=\"https:\/\/www.youtube.com\/watch?v=Pry4Ynx9Qwo\">#8000<\/a> perfekt f\u00fcr das abschlie\u00dfende Polieren von Fasen und R\u00fcckseiten. Er verleiht jedem Werkzeug der Messerklinge eine feine, rasiermesserscharfe Kante. Dieser original japanische Schleifstein gibt w\u00e4hrend des Sch\u00e4rfens eine konstante Menge an Schleifpartikeln ab. Er sorgt daf\u00fcr, dass die Klinge immer mit frischen Schneiden versehen ist. Dadurch kann der Stein sehr schnell arbeiten. Au\u00dferdem wird so verhindert, dass er sich mit dem von der Schneide abgetragenen Metall verstopft. Um den Gebrauch zu erleichtern, wird dieser Abziehstein mit einem St\u00e4nder geliefert. Abmessungen des Steins: 210 x 73 x 22 mm. King-Steine haben sich weltweit einen Namen gemacht. Dies ist einer der angesehensten Hersteller von Abziehsteinen mit Sitz in Matsunaga, Osaka in Japan. Dieser Sch\u00e4rfstein hat auf der einen Seite eine Schleiffl\u00e4che mit mittlerer K\u00f6rnung und auf der anderen Seite eine Oberfl\u00e4che mit feiner K\u00f6rnung. Dies ist die perfekte Steinkombination f\u00fcr neue oder gelegentliche Freihandsch\u00e4rfer.<\/p>\n<h3><span style=\"color: #b2886d;\"><strong>Japanische Wetzsteine<\/strong><\/span><\/h3>\n<p>Im Gegensatz zu allen anderen synthetischen Sch\u00e4rfsteinen, die aus einem einzigen Schleifmittel bestehen, bestehen diese <a href=\"https:\/\/oishya.com\/accessories\/sharpening-stones-accessories\/\">japanischen Wassersteine<\/a> aus Aluminiumoxid, Karbid und Nitridpartikeln, die miteinander verschmolzen sind. Diese Mischung wird mit einem tonartigen Bindemittel vermischt und bei hohen Temperaturen gebrannt, um den Schleifstein zu formen. Der so entstandene Stein ist weich, sch\u00e4rft aber sehr schnell. Die weiche Bindeerde sorgt daf\u00fcr, dass sich die Schleifpartikel sehr leicht l\u00f6sen, wenn der Stein in Wasser eingeweicht wird. Wenn Sie einen synthetischen japanischen Schleifstein kaufen, haben Sie die Garantie, dass Sie einen Stein mit einheitlicher K\u00f6rnung erhalten, der beim Sch\u00e4rfen gleichbleibende, hochwertige Ergebnisse liefert und dessen Qualit\u00e4t nicht von Stein zu Stein variiert. So wird sichergestellt, dass auch diejenigen, die wenig Erfahrung mit Sch\u00e4rftechniken haben, leicht lernen k\u00f6nnen, wie sie ihre Werkzeuge optimal sch\u00e4rfen k\u00f6nnen. Hergestellt in Japan<\/p>\n","protected":false},"excerpt":{"rendered":"<p>King Japanese Sharpening Stone 8000 Grit Gold G-1 With Nagura sch\u00e4rft Ihre Messerklinge wie kein anderer Sch\u00e4rfer. Sie machen eine ausgezeichnete Sch\u00e4rfer f\u00fcr die meisten gr\u00f6\u00dferen Klingen und sind vielleicht die \u00e4lteste und effizienteste Mittel, um eine lang anhaltende glatte Kante zu erreichen. Die 8000er K\u00f6rnung ist ein sehr glatter Stein, der dazu dient, die Schneide vor dem Gebrauch fertig zu schleifen. Das Verfahren ist denkbar einfach, da nur Wasser und ein wenig Geduld f\u00fcr die Anwendung erforderlich sind. Dieses Modell wird mit einem Nagura-Stein geliefert.<\/p>\n<ul>\n<li>Perfekt f\u00fcr das abschlie\u00dfende Polieren von R\u00fcckseiten und Fasen, um eine feine, rasiermesserscharfe Kante zu erhalten<\/li>\n<li>Zur Verwendung bei stumpfen, besch\u00e4digten oder korrodierten Stemmeisen und Hobeleisen<\/li>\n<li>Besteht aus Schleifpartikeln, die durch eine weiche Bindemasse zusammengehalten werden<\/li>\n<li>Besteht aus Aluminiumoxid-, Karbid- und Nitridpartikeln, die miteinander verschmolzen sind<\/li>\n<li>Weiche Bindemasse gibt die Schleifmittel sehr leicht frei, wenn der Stein eingeweicht wird<\/li>\n<li>Montiert auf eigenem St\u00e4nder mit rutschfesten Gummif\u00fc\u00dfen<\/li>\n<li>Ma\u00dfe: 210 mm x 73 mm x 22 mm<\/li>\n<li>Hergestellt in Japan<\/li>\n<\/ul>\n","protected":false},"featured_media":57326,"comment_status":"open","ping_status":"closed","template":"","meta":{"_acf_changed":false,"_glsr_average":0,"_glsr_ranking":0,"_glsr_reviews":0},"product_brand":[],"product_cat":[8994,8995],"product_tag":[],"class_list":{"0":"post-36187","1":"product","2":"type-product","3":"status-publish","4":"has-post-thumbnail","6":"product_cat-schleifsteine","7":"product_cat-zubehor","9":"first","10":"instock","11":"shipping-taxable","12":"purchasable","13":"product-type-simple"},"supplier_id":null,"supplier_sku":"","barcode":null,"atum_controlled":true,"out_stock_date":null,"out_stock_threshold":null,"inheritable":false,"inbound_stock":0,"stock_on_hold":0,"sold_today":0,"sales_last_days":0,"reserved_stock":0,"customer_returns":0,"warehouse_damage":0,"lost_in_post":0,"other_logs":0,"out_stock_days":0,"lost_sales":0,"has_location":false,"update_date":"2026-04-08T00:25:46","atum_locations":[],"atum_stock_status":"instock","restock_status":false,"low_stock_amount":0,"sales_update_date":"2026-04-08T00:25:46","calc_backorders":0,"acf":[],"_links":{"self":[{"href":"https:\/\/oishya.com\/de\/wp-json\/wp\/v2\/product\/36187","targetHints":{"allow":["GET"]}}],"collection":[{"href":"https:\/\/oishya.com\/de\/wp-json\/wp\/v2\/product"}],"about":[{"href":"https:\/\/oishya.com\/de\/wp-json\/wp\/v2\/types\/product"}],"replies":[{"embeddable":true,"href":"https:\/\/oishya.com\/de\/wp-json\/wp\/v2\/comments?post=36187"}],"version-history":[{"count":2,"href":"https:\/\/oishya.com\/de\/wp-json\/wp\/v2\/product\/36187\/revisions"}],"predecessor-version":[{"id":93432,"href":"https:\/\/oishya.com\/de\/wp-json\/wp\/v2\/product\/36187\/revisions\/93432"}],"wp:featuredmedia":[{"embeddable":true,"href":"https:\/\/oishya.com\/de\/wp-json\/wp\/v2\/media\/57326"}],"wp:attachment":[{"href":"https:\/\/oishya.com\/de\/wp-json\/wp\/v2\/media?parent=36187"}],"wp:term":[{"taxonomy":"product_brand","embeddable":true,"href":"https:\/\/oishya.com\/de\/wp-json\/wp\/v2\/product_brand?post=36187"},{"taxonomy":"product_cat","embeddable":true,"href":"https:\/\/oishya.com\/de\/wp-json\/wp\/v2\/product_cat?post=36187"},{"taxonomy":"product_tag","embeddable":true,"href":"https:\/\/oishya.com\/de\/wp-json\/wp\/v2\/product_tag?post=36187"}],"curies":[{"name":"wp","href":"https:\/\/api.w.org\/{rel}","templated":true}]}}