{"id":103695,"date":"2024-08-19T14:23:58","date_gmt":"2024-08-19T13:23:58","guid":{"rendered":"https:\/\/oishya.com\/product\/seki-kyuba-kata-messerset-santoku-nakiri-petty-mittelblau\/"},"modified":"2026-01-16T21:22:06","modified_gmt":"2026-01-16T21:22:06","slug":"seki-kyuba-kata-messerset-santoku-nakiri-petty","status":"publish","type":"product","link":"https:\/\/oishya.com\/de\/seki-kyuba-kata-messerset-santoku-nakiri-petty\/","title":{"rendered":"Seki Kyuba KATA Messerset (Santoku Nakiri Petty)"},"content":{"rendered":"\t\t<div data-elementor-type=\"product-post\" data-elementor-id=\"103695\" class=\"elementor elementor-103695 elementor-90940\" data-elementor-post-type=\"product\">\n\t\t\t\t\t\t<section class=\"elementor-section elementor-top-section elementor-element elementor-element-81e62eb elementor-section-boxed elementor-section-height-default elementor-section-height-default\" data-id=\"81e62eb\" data-element_type=\"section\" data-e-type=\"section\">\n\t\t\t\t\t\t<div class=\"elementor-container elementor-column-gap-default\">\n\t\t\t\t\t<div class=\"elementor-column elementor-col-33 elementor-top-column elementor-element elementor-element-64ce989\" data-id=\"64ce989\" data-element_type=\"column\" data-e-type=\"column\">\n\t\t\t<div class=\"elementor-widget-wrap elementor-element-populated\">\n\t\t\t\t\t\t\t<\/div>\n\t\t<\/div>\n\t\t\t\t<div class=\"elementor-column elementor-col-66 elementor-top-column elementor-element elementor-element-5439712\" data-id=\"5439712\" data-element_type=\"column\" data-e-type=\"column\">\n\t\t\t<div class=\"elementor-widget-wrap elementor-element-populated\">\n\t\t\t\t\t\t<div class=\"elementor-element elementor-element-692b7e3 elementor-widget elementor-widget-image\" data-id=\"692b7e3\" data-element_type=\"widget\" data-e-type=\"widget\" data-widget_type=\"image.default\">\n\t\t\t\t\t\t\t\t\t\t\t\t\t\t\t<img decoding=\"async\" loading=\"lazy\" src=\"https:\/\/cdn.oishya.com\/wp-content\/uploads\/2024\/08\/05214415\/seki-kyuba-kata-bunka-santoku-nakiri-petty-knife-set-close-up.jpg\" title=\"seki kyuba kata bunka santoku nakiri kleinmesser set nahaufnahme\" alt=\"seki kyuba kata bunka nakiri petty knife set close up\" \/>\t\t\t\t\t\t\t\t\t\t\t\t\t\t\t<\/div>\n\t\t\t\t\t<\/div>\n\t\t<\/div>\n\t\t\t\t\t<\/div>\n\t\t<\/section>\n\t\t\t\t<section class=\"elementor-section elementor-top-section elementor-element elementor-element-0527389 elementor-section-boxed elementor-section-height-default elementor-section-height-default\" data-id=\"0527389\" data-element_type=\"section\" data-e-type=\"section\">\n\t\t\t\t\t\t<div class=\"elementor-container elementor-column-gap-default\">\n\t\t\t\t\t<div class=\"elementor-column elementor-col-66 elementor-top-column elementor-element elementor-element-c3fd2fc\" data-id=\"c3fd2fc\" data-element_type=\"column\" data-e-type=\"column\">\n\t\t\t<div class=\"elementor-widget-wrap elementor-element-populated\">\n\t\t\t\t\t\t<div class=\"elementor-element elementor-element-cb32741 elementor-widget elementor-widget-image\" data-id=\"cb32741\" data-element_type=\"widget\" data-e-type=\"widget\" data-widget_type=\"image.default\">\n\t\t\t\t\t\t\t\t\t\t\t\t\t\t\t<img loading=\"lazy\" decoding=\"async\" loading=\"lazy\" width=\"1111\" height=\"1111\" src=\"https:\/\/cdn.oishya.com\/wp-content\/uploads\/2024\/08\/19111810\/seki-kyuba-vegetable-knife-nakiri-close-up.jpg\" class=\"attachment-large size-large wp-image-90873\" alt=\"seki kyuba gem\u00fcsemesser nakiri nahaufnahme\" srcset=\"https:\/\/cdn.oishya.com\/wp-content\/uploads\/2024\/08\/19111810\/seki-kyuba-vegetable-knife-nakiri-close-up.jpg 1111w, https:\/\/cdn.oishya.com\/wp-content\/uploads\/2024\/08\/19111810\/seki-kyuba-vegetable-knife-nakiri-close-up-300x300.jpg 300w, https:\/\/cdn.oishya.com\/wp-content\/uploads\/2024\/08\/19111810\/seki-kyuba-vegetable-knife-nakiri-close-up-150x150.jpg 150w, https:\/\/cdn.oishya.com\/wp-content\/uploads\/2024\/08\/19111810\/seki-kyuba-vegetable-knife-nakiri-close-up-700x700.jpg 700w, https:\/\/cdn.oishya.com\/wp-content\/uploads\/2024\/08\/19111810\/seki-kyuba-vegetable-knife-nakiri-close-up-64x64.jpg 64w, https:\/\/cdn.oishya.com\/wp-content\/uploads\/2024\/08\/19111810\/seki-kyuba-vegetable-knife-nakiri-close-up-768x768.jpg 768w, https:\/\/cdn.oishya.com\/wp-content\/uploads\/2024\/08\/19111810\/seki-kyuba-vegetable-knife-nakiri-close-up-990x990.jpg 990w, https:\/\/cdn.oishya.com\/wp-content\/uploads\/2024\/08\/19111810\/seki-kyuba-vegetable-knife-nakiri-close-up-441x441.jpg 441w, https:\/\/cdn.oishya.com\/wp-content\/uploads\/2024\/08\/19111810\/seki-kyuba-vegetable-knife-nakiri-close-up-100x100.jpg 100w, https:\/\/cdn.oishya.com\/wp-content\/uploads\/2024\/08\/19111810\/seki-kyuba-vegetable-knife-nakiri-close-up-96x96.jpg 96w\" sizes=\"auto, (max-width: 1111px) 100vw, 1111px\" \/>\t\t\t\t\t\t\t\t\t\t\t\t\t\t\t<\/div>\n\t\t\t\t\t<\/div>\n\t\t<\/div>\n\t\t\t\t<div class=\"elementor-column elementor-col-33 elementor-top-column elementor-element elementor-element-1f6d282\" data-id=\"1f6d282\" data-element_type=\"column\" data-e-type=\"column\">\n\t\t\t<div class=\"elementor-widget-wrap elementor-element-populated\">\n\t\t\t\t\t\t<div class=\"elementor-element elementor-element-1ba2639 elementor-widget elementor-widget-heading\" data-id=\"1ba2639\" data-element_type=\"widget\" data-e-type=\"widget\" data-widget_type=\"heading.default\">\n\t\t\t\t\t<h2 class=\"elementor-heading-title elementor-size-default\">Die Klingen<\/h2>\t\t\t\t<\/div>\n\t\t\t\t\t<\/div>\n\t\t<\/div>\n\t\t\t\t\t<\/div>\n\t\t<\/section>\n\t\t\t\t<section class=\"elementor-section elementor-top-section elementor-element elementor-element-f2f6b7a elementor-section-boxed elementor-section-height-default elementor-section-height-default\" data-id=\"f2f6b7a\" data-element_type=\"section\" data-e-type=\"section\">\n\t\t\t\t\t\t<div class=\"elementor-container elementor-column-gap-default\">\n\t\t\t\t\t<div class=\"elementor-column elementor-col-33 elementor-top-column elementor-element elementor-element-02929c5\" data-id=\"02929c5\" data-element_type=\"column\" data-e-type=\"column\">\n\t\t\t<div class=\"elementor-widget-wrap elementor-element-populated\">\n\t\t\t\t\t\t<div class=\"elementor-element elementor-element-4def7b7 elementor-widget elementor-widget-heading\" data-id=\"4def7b7\" data-element_type=\"widget\" data-e-type=\"widget\" data-widget_type=\"heading.default\">\n\t\t\t\t\t<h2 class=\"elementor-heading-title elementor-size-default\">Die Griffe<\/h2>\t\t\t\t<\/div>\n\t\t\t\t\t<\/div>\n\t\t<\/div>\n\t\t\t\t<div class=\"elementor-column elementor-col-66 elementor-top-column elementor-element elementor-element-c17a278\" data-id=\"c17a278\" data-element_type=\"column\" data-e-type=\"column\">\n\t\t\t<div class=\"elementor-widget-wrap elementor-element-populated\">\n\t\t\t\t\t\t<div class=\"elementor-element elementor-element-5fb825a elementor-widget elementor-widget-image\" data-id=\"5fb825a\" data-element_type=\"widget\" data-e-type=\"widget\" data-widget_type=\"image.default\">\n\t\t\t\t\t\t\t\t\t\t\t\t\t\t\t<img loading=\"lazy\" decoding=\"async\" loading=\"lazy\" width=\"2000\" height=\"2000\" src=\"https:\/\/cdn.oishya.com\/wp-content\/uploads\/2023\/12\/19092244\/blade-close-up.jpg\" class=\"attachment-large size-large wp-image-90844\" alt=\"seki kyuba kata santoku blade close up\" srcset=\"https:\/\/cdn.oishya.com\/wp-content\/uploads\/2023\/12\/19092244\/blade-close-up.jpg 2000w, https:\/\/cdn.oishya.com\/wp-content\/uploads\/2023\/12\/19092244\/blade-close-up-300x300.jpg 300w, https:\/\/cdn.oishya.com\/wp-content\/uploads\/2023\/12\/19092244\/blade-close-up-150x150.jpg 150w, https:\/\/cdn.oishya.com\/wp-content\/uploads\/2023\/12\/19092244\/blade-close-up-700x700.jpg 700w, https:\/\/cdn.oishya.com\/wp-content\/uploads\/2023\/12\/19092244\/blade-close-up-64x64.jpg 64w, https:\/\/cdn.oishya.com\/wp-content\/uploads\/2023\/12\/19092244\/blade-close-up-768x768.jpg 768w, https:\/\/cdn.oishya.com\/wp-content\/uploads\/2023\/12\/19092244\/blade-close-up-990x990.jpg 990w, https:\/\/cdn.oishya.com\/wp-content\/uploads\/2023\/12\/19092244\/blade-close-up-441x441.jpg 441w, https:\/\/cdn.oishya.com\/wp-content\/uploads\/2023\/12\/19092244\/blade-close-up-100x100.jpg 100w, https:\/\/cdn.oishya.com\/wp-content\/uploads\/2023\/12\/19092244\/blade-close-up-96x96.jpg 96w\" sizes=\"auto, (max-width: 2000px) 100vw, 2000px\" \/>\t\t\t\t\t\t\t\t\t\t\t\t\t\t\t<\/div>\n\t\t\t\t\t<\/div>\n\t\t<\/div>\n\t\t\t\t\t<\/div>\n\t\t<\/section>\n\t\t<div class=\"elementor-element elementor-element-674c008 e-flex e-con-boxed e-con e-parent\" data-id=\"674c008\" data-element_type=\"container\" data-e-type=\"container\">\n\t\t\t\t\t<div class=\"e-con-inner\">\n\t\t<div class=\"elementor-element elementor-element-4a3da8a e-con-full e-flex e-con e-child\" data-id=\"4a3da8a\" data-element_type=\"container\" data-e-type=\"container\">\n\t\t\t\t<div class=\"elementor-element elementor-element-779cfab elementor-widget elementor-widget-image\" data-id=\"779cfab\" data-element_type=\"widget\" data-e-type=\"widget\" data-widget_type=\"image.default\">\n\t\t\t\t\t\t\t\t\t\t\t\t\t\t\t<img loading=\"lazy\" decoding=\"async\" loading=\"lazy\" width=\"2000\" height=\"3088\" src=\"https:\/\/cdn.oishya.com\/wp-content\/uploads\/2024\/08\/04122057\/seki-kyuba-kata-set-packaging-japanese-knives-2.jpg\" class=\"attachment-large size-large wp-image-115052\" alt=\"seki kyuba kata set packaging japanese knives 2\" srcset=\"https:\/\/cdn.oishya.com\/wp-content\/uploads\/2024\/08\/04122057\/seki-kyuba-kata-set-packaging-japanese-knives-2.jpg 2000w, https:\/\/cdn.oishya.com\/wp-content\/uploads\/2024\/08\/04122057\/seki-kyuba-kata-set-packaging-japanese-knives-2-768x1186.jpg 768w, https:\/\/cdn.oishya.com\/wp-content\/uploads\/2024\/08\/04122057\/seki-kyuba-kata-set-packaging-japanese-knives-2-700x1081.jpg 700w, https:\/\/cdn.oishya.com\/wp-content\/uploads\/2024\/08\/04122057\/seki-kyuba-kata-set-packaging-japanese-knives-2-150x232.jpg 150w, https:\/\/cdn.oishya.com\/wp-content\/uploads\/2024\/08\/04122057\/seki-kyuba-kata-set-packaging-japanese-knives-2-64x99.jpg 64w\" sizes=\"auto, (max-width: 2000px) 100vw, 2000px\" \/>\t\t\t\t\t\t\t\t\t\t\t\t\t\t\t<\/div>\n\t\t\t\t<\/div>\n\t\t<div class=\"elementor-element elementor-element-863f817 e-con-full e-flex e-con e-child\" data-id=\"863f817\" data-element_type=\"container\" data-e-type=\"container\">\n\t\t\t\t<div class=\"elementor-element elementor-element-6ca5f60 elementor-widget elementor-widget-image\" data-id=\"6ca5f60\" data-element_type=\"widget\" data-e-type=\"widget\" data-widget_type=\"image.default\">\n\t\t\t\t\t\t\t\t\t\t\t\t\t\t\t<img loading=\"lazy\" decoding=\"async\" loading=\"lazy\" width=\"2000\" height=\"2000\" src=\"https:\/\/cdn.oishya.com\/wp-content\/uploads\/2025\/08\/04122443\/certificate-of-authenticity-coin-japanese-knives-kitchen-knives-oishya-04596.jpg\" class=\"attachment-large size-large wp-image-109916\" alt=\"\" srcset=\"https:\/\/cdn.oishya.com\/wp-content\/uploads\/2025\/08\/04122443\/certificate-of-authenticity-coin-japanese-knives-kitchen-knives-oishya-04596.jpg 2000w, https:\/\/cdn.oishya.com\/wp-content\/uploads\/2025\/08\/04122443\/certificate-of-authenticity-coin-japanese-knives-kitchen-knives-oishya-04596-150x150.jpg 150w, https:\/\/cdn.oishya.com\/wp-content\/uploads\/2025\/08\/04122443\/certificate-of-authenticity-coin-japanese-knives-kitchen-knives-oishya-04596-768x768.jpg 768w, https:\/\/cdn.oishya.com\/wp-content\/uploads\/2025\/08\/04122443\/certificate-of-authenticity-coin-japanese-knives-kitchen-knives-oishya-04596-300x300.jpg 300w, https:\/\/cdn.oishya.com\/wp-content\/uploads\/2025\/08\/04122443\/certificate-of-authenticity-coin-japanese-knives-kitchen-knives-oishya-04596-700x700.jpg 700w, https:\/\/cdn.oishya.com\/wp-content\/uploads\/2025\/08\/04122443\/certificate-of-authenticity-coin-japanese-knives-kitchen-knives-oishya-04596-96x96.jpg 96w, https:\/\/cdn.oishya.com\/wp-content\/uploads\/2025\/08\/04122443\/certificate-of-authenticity-coin-japanese-knives-kitchen-knives-oishya-04596-100x100.jpg 100w, https:\/\/cdn.oishya.com\/wp-content\/uploads\/2025\/08\/04122443\/certificate-of-authenticity-coin-japanese-knives-kitchen-knives-oishya-04596-64x64.jpg 64w\" sizes=\"auto, (max-width: 2000px) 100vw, 2000px\" \/>\t\t\t\t\t\t\t\t\t\t\t\t\t\t\t<\/div>\n\t\t\t\t<div class=\"elementor-element elementor-element-a6f9084 elementor-widget elementor-widget-image\" data-id=\"a6f9084\" data-element_type=\"widget\" data-e-type=\"widget\" data-widget_type=\"image.default\">\n\t\t\t\t\t\t\t\t\t\t\t\t\t\t\t<img loading=\"lazy\" decoding=\"async\" loading=\"lazy\" width=\"2000\" height=\"2000\" src=\"https:\/\/cdn.oishya.com\/wp-content\/uploads\/2025\/08\/04122448\/certificate-of-authenticity-coin-japanese-knives-kitchen-knives-oishya-04594.jpg\" class=\"attachment-large size-large wp-image-109914\" alt=\"\" srcset=\"https:\/\/cdn.oishya.com\/wp-content\/uploads\/2025\/08\/04122448\/certificate-of-authenticity-coin-japanese-knives-kitchen-knives-oishya-04594.jpg 2000w, https:\/\/cdn.oishya.com\/wp-content\/uploads\/2025\/08\/04122448\/certificate-of-authenticity-coin-japanese-knives-kitchen-knives-oishya-04594-150x150.jpg 150w, https:\/\/cdn.oishya.com\/wp-content\/uploads\/2025\/08\/04122448\/certificate-of-authenticity-coin-japanese-knives-kitchen-knives-oishya-04594-768x768.jpg 768w, https:\/\/cdn.oishya.com\/wp-content\/uploads\/2025\/08\/04122448\/certificate-of-authenticity-coin-japanese-knives-kitchen-knives-oishya-04594-300x300.jpg 300w, https:\/\/cdn.oishya.com\/wp-content\/uploads\/2025\/08\/04122448\/certificate-of-authenticity-coin-japanese-knives-kitchen-knives-oishya-04594-700x700.jpg 700w, https:\/\/cdn.oishya.com\/wp-content\/uploads\/2025\/08\/04122448\/certificate-of-authenticity-coin-japanese-knives-kitchen-knives-oishya-04594-96x96.jpg 96w, https:\/\/cdn.oishya.com\/wp-content\/uploads\/2025\/08\/04122448\/certificate-of-authenticity-coin-japanese-knives-kitchen-knives-oishya-04594-100x100.jpg 100w, https:\/\/cdn.oishya.com\/wp-content\/uploads\/2025\/08\/04122448\/certificate-of-authenticity-coin-japanese-knives-kitchen-knives-oishya-04594-64x64.jpg 64w\" sizes=\"auto, (max-width: 2000px) 100vw, 2000px\" \/>\t\t\t\t\t\t\t\t\t\t\t\t\t\t\t<\/div>\n\t\t\t\t<\/div>\n\t\t\t\t\t<\/div>\n\t\t\t\t<\/div>\n\t\t\t\t<section class=\"elementor-section elementor-top-section elementor-element elementor-element-e596ff0 elementor-section-boxed elementor-section-height-default elementor-section-height-default\" data-id=\"e596ff0\" data-element_type=\"section\" data-e-type=\"section\">\n\t\t\t\t\t\t<div class=\"elementor-container elementor-column-gap-default\">\n\t\t\t\t\t<div class=\"elementor-column elementor-col-33 elementor-top-column elementor-element elementor-element-b512c2c\" data-id=\"b512c2c\" data-element_type=\"column\" data-e-type=\"column\">\n\t\t\t<div class=\"elementor-widget-wrap elementor-element-populated\">\n\t\t\t\t\t\t<div class=\"elementor-element elementor-element-4be9ec3 elementor-widget elementor-widget-heading\" data-id=\"4be9ec3\" data-element_type=\"widget\" data-e-type=\"widget\" data-widget_type=\"heading.default\">\n\t\t\t\t\t<h2 class=\"elementor-heading-title elementor-size-default\">Der Schmied<\/h2>\t\t\t\t<\/div>\n\t\t\t\t\t<\/div>\n\t\t<\/div>\n\t\t\t\t<div class=\"elementor-column elementor-col-66 elementor-top-column elementor-element elementor-element-748b79f\" data-id=\"748b79f\" data-element_type=\"column\" data-e-type=\"column\">\n\t\t\t<div class=\"elementor-widget-wrap elementor-element-populated\">\n\t\t\t\t\t\t<div class=\"elementor-element elementor-element-357fd70 elementor-widget elementor-widget-image\" data-id=\"357fd70\" data-element_type=\"widget\" data-e-type=\"widget\" data-widget_type=\"image.default\">\n\t\t\t\t\t\t\t\t\t\t\t\t\t\t\t<img loading=\"lazy\" decoding=\"async\" loading=\"lazy\" width=\"2000\" height=\"1330\" src=\"https:\/\/cdn.oishya.com\/wp-content\/uploads\/2023\/04\/06212038\/seki-kyuba.jpg\" class=\"attachment-large size-large wp-image-71204\" alt=\"seki kyuba blacksmith\" sizes=\"auto, \" \/>\t\t\t\t\t\t\t\t\t\t\t\t\t\t\t<\/div>\n\t\t\t\t\t<\/div>\n\t\t<\/div>\n\t\t\t\t\t<\/div>\n\t\t<\/section>\n\t\t\t\t<\/div>\n\t\t","protected":false},"excerpt":{"rendered":"<p>Das Seki Kyuba KATA Set mit dem Santoku, dem Nakiri und dem Petty ist das perfekte Trio f\u00fcr den passionierten Hobbykoch. Jedes Messer ist aus VG10-Stahl und einer 3-Lagen-Konstruktion gefertigt und bietet au\u00dfergew\u00f6hnliche Sch\u00e4rfe, Haltbarkeit und Schnitthaltigkeit. Das Santoku dient als Allzweckmesser, das Nakiri ist auf die Zubereitung von Gem\u00fcse spezialisiert, und das Petty erledigt Detailarbeiten mit Pr\u00e4zision. Mit ihren geh\u00e4mmerten Oberfl\u00e4chen und stabilisierten Holzgriffen sind diese Messer ebenso sch\u00f6n wie funktional und werten sowohl Ihre Kochleistung als auch die K\u00fcchen\u00e4sthetik auf.<\/p>\n","protected":false},"featured_media":91194,"comment_status":"open","ping_status":"closed","template":"","meta":{"_acf_changed":false,"_glsr_average":0,"_glsr_ranking":0,"_glsr_reviews":0},"product_brand":[],"product_cat":[9035,9036],"product_tag":[9509],"class_list":{"0":"post-103695","1":"product","2":"type-product","3":"status-publish","4":"has-post-thumbnail","6":"product_cat-japanische-messer","7":"product_cat-kochmesser-sets","8":"product_tag-seki-kyuba-kata-de","9":"pa_blade-length-120mm","10":"pa_blade-length-165mm-de","11":"pa_blade-length-180mm-de","12":"pa_hrc-63-64-de","13":"pa_knife-handle-material-verfestigtes-ahorn-holz","14":"pa_knife-type-kuchenchef","15":"pa_knife-type-petty","16":"pa_knife-type-vegetable-knife","17":"pa_steel-type-stainless","18":"pa_steel-type-vg10-high-carbon-stainless-steel","20":"first","21":"instock","22":"shipping-taxable","23":"purchasable","24":"product-type-variable"},"supplier_id":null,"supplier_sku":"","barcode":null,"atum_controlled":true,"out_stock_date":null,"out_stock_threshold":null,"inheritable":true,"inbound_stock":0,"stock_on_hold":1,"sold_today":0,"sales_last_days":0,"reserved_stock":0,"customer_returns":0,"warehouse_damage":0,"lost_in_post":0,"other_logs":0,"out_stock_days":0,"lost_sales":0,"has_location":false,"update_date":"2026-04-18T00:31:15","atum_locations":[],"atum_stock_status":"instock","restock_status":false,"low_stock_amount":2,"sales_update_date":"2026-04-18T00:31:15","calc_backorders":0,"acf":[],"_links":{"self":[{"href":"https:\/\/oishya.com\/de\/wp-json\/wp\/v2\/product\/103695","targetHints":{"allow":["GET"]}}],"collection":[{"href":"https:\/\/oishya.com\/de\/wp-json\/wp\/v2\/product"}],"about":[{"href":"https:\/\/oishya.com\/de\/wp-json\/wp\/v2\/types\/product"}],"replies":[{"embeddable":true,"href":"https:\/\/oishya.com\/de\/wp-json\/wp\/v2\/comments?post=103695"}],"version-history":[{"count":6,"href":"https:\/\/oishya.com\/de\/wp-json\/wp\/v2\/product\/103695\/revisions"}],"predecessor-version":[{"id":115009,"href":"https:\/\/oishya.com\/de\/wp-json\/wp\/v2\/product\/103695\/revisions\/115009"}],"wp:featuredmedia":[{"embeddable":true,"href":"https:\/\/oishya.com\/de\/wp-json\/wp\/v2\/media\/91194"}],"wp:attachment":[{"href":"https:\/\/oishya.com\/de\/wp-json\/wp\/v2\/media?parent=103695"}],"wp:term":[{"taxonomy":"product_brand","embeddable":true,"href":"https:\/\/oishya.com\/de\/wp-json\/wp\/v2\/product_brand?post=103695"},{"taxonomy":"product_cat","embeddable":true,"href":"https:\/\/oishya.com\/de\/wp-json\/wp\/v2\/product_cat?post=103695"},{"taxonomy":"product_tag","embeddable":true,"href":"https:\/\/oishya.com\/de\/wp-json\/wp\/v2\/product_tag?post=103695"}],"curies":[{"name":"wp","href":"https:\/\/api.w.org\/{rel}","templated":true}]}}