{"id":103689,"date":"2024-08-19T15:38:30","date_gmt":"2024-08-19T14:38:30","guid":{"rendered":"https:\/\/oishya.com\/product\/seki-kyuba-kata-messerset-bunka-nakiri-petty-mittelblau\/"},"modified":"2026-01-17T14:41:13","modified_gmt":"2026-01-17T14:41:13","slug":"seki-kyuba-kata-messerset-bunka-nakiri-petty","status":"publish","type":"product","link":"https:\/\/oishya.com\/de\/seki-kyuba-kata-messerset-bunka-nakiri-petty\/","title":{"rendered":"Seki Kyuba KATA Messerset (Bunka Nakiri Petty)"},"content":{"rendered":"\t\t<div data-elementor-type=\"product-post\" data-elementor-id=\"103689\" class=\"elementor elementor-103689 elementor-90970\" data-elementor-post-type=\"product\">\n\t\t\t\t\t\t<section class=\"elementor-section elementor-top-section elementor-element elementor-element-82e9d2b elementor-section-boxed elementor-section-height-default elementor-section-height-default\" data-id=\"82e9d2b\" data-element_type=\"section\" data-e-type=\"section\">\n\t\t\t\t\t\t<div class=\"elementor-container elementor-column-gap-default\">\n\t\t\t\t\t<div class=\"elementor-column elementor-col-33 elementor-top-column elementor-element elementor-element-eed9c4a\" data-id=\"eed9c4a\" data-element_type=\"column\" data-e-type=\"column\">\n\t\t\t<div class=\"elementor-widget-wrap elementor-element-populated\">\n\t\t\t\t\t\t\t<\/div>\n\t\t<\/div>\n\t\t\t\t<div class=\"elementor-column elementor-col-66 elementor-top-column elementor-element elementor-element-af4d1d1\" data-id=\"af4d1d1\" data-element_type=\"column\" data-e-type=\"column\">\n\t\t\t<div class=\"elementor-widget-wrap elementor-element-populated\">\n\t\t\t\t\t\t<div class=\"elementor-element elementor-element-6e51ceb elementor-widget elementor-widget-image\" data-id=\"6e51ceb\" data-element_type=\"widget\" data-e-type=\"widget\" data-widget_type=\"image.default\">\n\t\t\t\t\t\t\t\t\t\t\t\t\t\t\t<img decoding=\"async\" loading=\"lazy\" src=\"https:\/\/cdn.oishya.com\/wp-content\/uploads\/2024\/08\/05214415\/seki-kyuba-kata-bunka-santoku-nakiri-petty-knife-set-close-up.jpg\" title=\"seki kyuba kata bunka santoku nakiri kleinmesser set nahaufnahme\" alt=\"seki kyuba kata bunka nakiri petty knife set close up\" \/>\t\t\t\t\t\t\t\t\t\t\t\t\t\t\t<\/div>\n\t\t\t\t\t<\/div>\n\t\t<\/div>\n\t\t\t\t\t<\/div>\n\t\t<\/section>\n\t\t\t\t<section class=\"elementor-section elementor-top-section elementor-element elementor-element-00c4f55 elementor-section-boxed elementor-section-height-default elementor-section-height-default\" data-id=\"00c4f55\" data-element_type=\"section\" data-e-type=\"section\">\n\t\t\t\t\t\t<div class=\"elementor-container elementor-column-gap-default\">\n\t\t\t\t\t<div class=\"elementor-column elementor-col-66 elementor-top-column elementor-element elementor-element-a31160c\" data-id=\"a31160c\" data-element_type=\"column\" data-e-type=\"column\">\n\t\t\t<div class=\"elementor-widget-wrap elementor-element-populated\">\n\t\t\t\t\t\t<div class=\"elementor-element elementor-element-1342276 elementor-widget elementor-widget-image\" data-id=\"1342276\" data-element_type=\"widget\" data-e-type=\"widget\" data-widget_type=\"image.default\">\n\t\t\t\t\t\t\t\t\t\t\t\t\t\t\t<img loading=\"lazy\" decoding=\"async\" loading=\"lazy\" width=\"1111\" height=\"1111\" src=\"https:\/\/cdn.oishya.com\/wp-content\/uploads\/2024\/08\/19111810\/seki-kyuba-vegetable-knife-nakiri-close-up.jpg\" class=\"attachment-large size-large wp-image-90873\" alt=\"seki kyuba gem\u00fcsemesser nakiri nahaufnahme\" srcset=\"https:\/\/cdn.oishya.com\/wp-content\/uploads\/2024\/08\/19111810\/seki-kyuba-vegetable-knife-nakiri-close-up.jpg 1111w, https:\/\/cdn.oishya.com\/wp-content\/uploads\/2024\/08\/19111810\/seki-kyuba-vegetable-knife-nakiri-close-up-300x300.jpg 300w, https:\/\/cdn.oishya.com\/wp-content\/uploads\/2024\/08\/19111810\/seki-kyuba-vegetable-knife-nakiri-close-up-150x150.jpg 150w, https:\/\/cdn.oishya.com\/wp-content\/uploads\/2024\/08\/19111810\/seki-kyuba-vegetable-knife-nakiri-close-up-700x700.jpg 700w, https:\/\/cdn.oishya.com\/wp-content\/uploads\/2024\/08\/19111810\/seki-kyuba-vegetable-knife-nakiri-close-up-64x64.jpg 64w, https:\/\/cdn.oishya.com\/wp-content\/uploads\/2024\/08\/19111810\/seki-kyuba-vegetable-knife-nakiri-close-up-768x768.jpg 768w, https:\/\/cdn.oishya.com\/wp-content\/uploads\/2024\/08\/19111810\/seki-kyuba-vegetable-knife-nakiri-close-up-990x990.jpg 990w, https:\/\/cdn.oishya.com\/wp-content\/uploads\/2024\/08\/19111810\/seki-kyuba-vegetable-knife-nakiri-close-up-441x441.jpg 441w, https:\/\/cdn.oishya.com\/wp-content\/uploads\/2024\/08\/19111810\/seki-kyuba-vegetable-knife-nakiri-close-up-100x100.jpg 100w, https:\/\/cdn.oishya.com\/wp-content\/uploads\/2024\/08\/19111810\/seki-kyuba-vegetable-knife-nakiri-close-up-96x96.jpg 96w\" sizes=\"auto, (max-width: 1111px) 100vw, 1111px\" \/>\t\t\t\t\t\t\t\t\t\t\t\t\t\t\t<\/div>\n\t\t\t\t\t<\/div>\n\t\t<\/div>\n\t\t\t\t<div class=\"elementor-column elementor-col-33 elementor-top-column elementor-element elementor-element-1965d35\" data-id=\"1965d35\" data-element_type=\"column\" data-e-type=\"column\">\n\t\t\t<div class=\"elementor-widget-wrap elementor-element-populated\">\n\t\t\t\t\t\t<div class=\"elementor-element elementor-element-8026ad1 elementor-widget elementor-widget-heading\" data-id=\"8026ad1\" data-element_type=\"widget\" data-e-type=\"widget\" data-widget_type=\"heading.default\">\n\t\t\t\t\t<h2 class=\"elementor-heading-title elementor-size-default\">Die Klingen<\/h2>\t\t\t\t<\/div>\n\t\t\t\t\t<\/div>\n\t\t<\/div>\n\t\t\t\t\t<\/div>\n\t\t<\/section>\n\t\t\t\t<section class=\"elementor-section elementor-top-section elementor-element elementor-element-b9cc428 elementor-section-boxed elementor-section-height-default elementor-section-height-default\" data-id=\"b9cc428\" data-element_type=\"section\" data-e-type=\"section\">\n\t\t\t\t\t\t<div class=\"elementor-container elementor-column-gap-default\">\n\t\t\t\t\t<div class=\"elementor-column elementor-col-33 elementor-top-column elementor-element elementor-element-8ccbeed\" data-id=\"8ccbeed\" data-element_type=\"column\" data-e-type=\"column\">\n\t\t\t<div class=\"elementor-widget-wrap elementor-element-populated\">\n\t\t\t\t\t\t<div class=\"elementor-element elementor-element-b085d10 elementor-widget elementor-widget-heading\" data-id=\"b085d10\" data-element_type=\"widget\" data-e-type=\"widget\" data-widget_type=\"heading.default\">\n\t\t\t\t\t<h2 class=\"elementor-heading-title elementor-size-default\">Die Griffe<\/h2>\t\t\t\t<\/div>\n\t\t\t\t\t<\/div>\n\t\t<\/div>\n\t\t\t\t<div class=\"elementor-column elementor-col-66 elementor-top-column elementor-element elementor-element-6da42b2\" data-id=\"6da42b2\" data-element_type=\"column\" data-e-type=\"column\">\n\t\t\t<div class=\"elementor-widget-wrap elementor-element-populated\">\n\t\t\t\t\t\t<div class=\"elementor-element elementor-element-71a0871 elementor-widget elementor-widget-image\" data-id=\"71a0871\" data-element_type=\"widget\" data-e-type=\"widget\" data-widget_type=\"image.default\">\n\t\t\t\t\t\t\t\t\t\t\t\t\t\t\t<img loading=\"lazy\" decoding=\"async\" loading=\"lazy\" width=\"2000\" height=\"2000\" src=\"https:\/\/cdn.oishya.com\/wp-content\/uploads\/2023\/12\/19092244\/blade-close-up.jpg\" class=\"attachment-large size-large wp-image-90844\" alt=\"seki kyuba kata santoku blade close up\" srcset=\"https:\/\/cdn.oishya.com\/wp-content\/uploads\/2023\/12\/19092244\/blade-close-up.jpg 2000w, https:\/\/cdn.oishya.com\/wp-content\/uploads\/2023\/12\/19092244\/blade-close-up-300x300.jpg 300w, https:\/\/cdn.oishya.com\/wp-content\/uploads\/2023\/12\/19092244\/blade-close-up-150x150.jpg 150w, https:\/\/cdn.oishya.com\/wp-content\/uploads\/2023\/12\/19092244\/blade-close-up-700x700.jpg 700w, https:\/\/cdn.oishya.com\/wp-content\/uploads\/2023\/12\/19092244\/blade-close-up-64x64.jpg 64w, https:\/\/cdn.oishya.com\/wp-content\/uploads\/2023\/12\/19092244\/blade-close-up-768x768.jpg 768w, https:\/\/cdn.oishya.com\/wp-content\/uploads\/2023\/12\/19092244\/blade-close-up-990x990.jpg 990w, https:\/\/cdn.oishya.com\/wp-content\/uploads\/2023\/12\/19092244\/blade-close-up-441x441.jpg 441w, https:\/\/cdn.oishya.com\/wp-content\/uploads\/2023\/12\/19092244\/blade-close-up-100x100.jpg 100w, https:\/\/cdn.oishya.com\/wp-content\/uploads\/2023\/12\/19092244\/blade-close-up-96x96.jpg 96w\" sizes=\"auto, (max-width: 2000px) 100vw, 2000px\" \/>\t\t\t\t\t\t\t\t\t\t\t\t\t\t\t<\/div>\n\t\t\t\t\t<\/div>\n\t\t<\/div>\n\t\t\t\t\t<\/div>\n\t\t<\/section>\n\t\t<div class=\"elementor-element elementor-element-3618fc9 e-flex e-con-boxed e-con e-parent\" data-id=\"3618fc9\" data-element_type=\"container\" data-e-type=\"container\">\n\t\t\t\t\t<div class=\"e-con-inner\">\n\t\t<div class=\"elementor-element elementor-element-b8d1a70 e-con-full e-flex e-con e-child\" data-id=\"b8d1a70\" data-element_type=\"container\" data-e-type=\"container\">\n\t\t\t\t<div class=\"elementor-element elementor-element-7e049de elementor-widget elementor-widget-image\" data-id=\"7e049de\" data-element_type=\"widget\" data-e-type=\"widget\" data-widget_type=\"image.default\">\n\t\t\t\t\t\t\t\t\t\t\t\t\t\t\t<img loading=\"lazy\" decoding=\"async\" loading=\"lazy\" width=\"2000\" height=\"3088\" src=\"https:\/\/cdn.oishya.com\/wp-content\/uploads\/2024\/08\/04122057\/seki-kyuba-kata-set-packaging-japanese-knives-2.jpg\" class=\"attachment-large size-large wp-image-115052\" alt=\"seki kyuba kata set packaging japanese knives 2\" srcset=\"https:\/\/cdn.oishya.com\/wp-content\/uploads\/2024\/08\/04122057\/seki-kyuba-kata-set-packaging-japanese-knives-2.jpg 2000w, https:\/\/cdn.oishya.com\/wp-content\/uploads\/2024\/08\/04122057\/seki-kyuba-kata-set-packaging-japanese-knives-2-768x1186.jpg 768w, https:\/\/cdn.oishya.com\/wp-content\/uploads\/2024\/08\/04122057\/seki-kyuba-kata-set-packaging-japanese-knives-2-700x1081.jpg 700w, https:\/\/cdn.oishya.com\/wp-content\/uploads\/2024\/08\/04122057\/seki-kyuba-kata-set-packaging-japanese-knives-2-150x232.jpg 150w, https:\/\/cdn.oishya.com\/wp-content\/uploads\/2024\/08\/04122057\/seki-kyuba-kata-set-packaging-japanese-knives-2-64x99.jpg 64w\" sizes=\"auto, (max-width: 2000px) 100vw, 2000px\" \/>\t\t\t\t\t\t\t\t\t\t\t\t\t\t\t<\/div>\n\t\t\t\t<\/div>\n\t\t<div class=\"elementor-element elementor-element-4c6fcd1 e-con-full e-flex e-con e-child\" data-id=\"4c6fcd1\" data-element_type=\"container\" data-e-type=\"container\">\n\t\t\t\t<div class=\"elementor-element elementor-element-724b234 elementor-widget elementor-widget-image\" data-id=\"724b234\" data-element_type=\"widget\" data-e-type=\"widget\" data-widget_type=\"image.default\">\n\t\t\t\t\t\t\t\t\t\t\t\t\t\t\t<img loading=\"lazy\" decoding=\"async\" loading=\"lazy\" width=\"2000\" height=\"2000\" src=\"https:\/\/cdn.oishya.com\/wp-content\/uploads\/2025\/08\/04122443\/certificate-of-authenticity-coin-japanese-knives-kitchen-knives-oishya-04596.jpg\" class=\"attachment-large size-large wp-image-109916\" alt=\"\" srcset=\"https:\/\/cdn.oishya.com\/wp-content\/uploads\/2025\/08\/04122443\/certificate-of-authenticity-coin-japanese-knives-kitchen-knives-oishya-04596.jpg 2000w, https:\/\/cdn.oishya.com\/wp-content\/uploads\/2025\/08\/04122443\/certificate-of-authenticity-coin-japanese-knives-kitchen-knives-oishya-04596-150x150.jpg 150w, https:\/\/cdn.oishya.com\/wp-content\/uploads\/2025\/08\/04122443\/certificate-of-authenticity-coin-japanese-knives-kitchen-knives-oishya-04596-768x768.jpg 768w, https:\/\/cdn.oishya.com\/wp-content\/uploads\/2025\/08\/04122443\/certificate-of-authenticity-coin-japanese-knives-kitchen-knives-oishya-04596-300x300.jpg 300w, https:\/\/cdn.oishya.com\/wp-content\/uploads\/2025\/08\/04122443\/certificate-of-authenticity-coin-japanese-knives-kitchen-knives-oishya-04596-700x700.jpg 700w, https:\/\/cdn.oishya.com\/wp-content\/uploads\/2025\/08\/04122443\/certificate-of-authenticity-coin-japanese-knives-kitchen-knives-oishya-04596-96x96.jpg 96w, https:\/\/cdn.oishya.com\/wp-content\/uploads\/2025\/08\/04122443\/certificate-of-authenticity-coin-japanese-knives-kitchen-knives-oishya-04596-100x100.jpg 100w, https:\/\/cdn.oishya.com\/wp-content\/uploads\/2025\/08\/04122443\/certificate-of-authenticity-coin-japanese-knives-kitchen-knives-oishya-04596-64x64.jpg 64w\" sizes=\"auto, (max-width: 2000px) 100vw, 2000px\" \/>\t\t\t\t\t\t\t\t\t\t\t\t\t\t\t<\/div>\n\t\t\t\t<div class=\"elementor-element elementor-element-36c869b elementor-widget elementor-widget-image\" data-id=\"36c869b\" data-element_type=\"widget\" data-e-type=\"widget\" data-widget_type=\"image.default\">\n\t\t\t\t\t\t\t\t\t\t\t\t\t\t\t<img loading=\"lazy\" decoding=\"async\" loading=\"lazy\" width=\"2000\" height=\"2000\" src=\"https:\/\/cdn.oishya.com\/wp-content\/uploads\/2025\/08\/04122448\/certificate-of-authenticity-coin-japanese-knives-kitchen-knives-oishya-04594.jpg\" class=\"attachment-large size-large wp-image-109914\" alt=\"\" srcset=\"https:\/\/cdn.oishya.com\/wp-content\/uploads\/2025\/08\/04122448\/certificate-of-authenticity-coin-japanese-knives-kitchen-knives-oishya-04594.jpg 2000w, https:\/\/cdn.oishya.com\/wp-content\/uploads\/2025\/08\/04122448\/certificate-of-authenticity-coin-japanese-knives-kitchen-knives-oishya-04594-150x150.jpg 150w, https:\/\/cdn.oishya.com\/wp-content\/uploads\/2025\/08\/04122448\/certificate-of-authenticity-coin-japanese-knives-kitchen-knives-oishya-04594-768x768.jpg 768w, https:\/\/cdn.oishya.com\/wp-content\/uploads\/2025\/08\/04122448\/certificate-of-authenticity-coin-japanese-knives-kitchen-knives-oishya-04594-300x300.jpg 300w, https:\/\/cdn.oishya.com\/wp-content\/uploads\/2025\/08\/04122448\/certificate-of-authenticity-coin-japanese-knives-kitchen-knives-oishya-04594-700x700.jpg 700w, https:\/\/cdn.oishya.com\/wp-content\/uploads\/2025\/08\/04122448\/certificate-of-authenticity-coin-japanese-knives-kitchen-knives-oishya-04594-96x96.jpg 96w, https:\/\/cdn.oishya.com\/wp-content\/uploads\/2025\/08\/04122448\/certificate-of-authenticity-coin-japanese-knives-kitchen-knives-oishya-04594-100x100.jpg 100w, https:\/\/cdn.oishya.com\/wp-content\/uploads\/2025\/08\/04122448\/certificate-of-authenticity-coin-japanese-knives-kitchen-knives-oishya-04594-64x64.jpg 64w\" sizes=\"auto, (max-width: 2000px) 100vw, 2000px\" \/>\t\t\t\t\t\t\t\t\t\t\t\t\t\t\t<\/div>\n\t\t\t\t<\/div>\n\t\t\t\t\t<\/div>\n\t\t\t\t<\/div>\n\t\t\t\t<section class=\"elementor-section elementor-top-section elementor-element elementor-element-f06e340 elementor-section-boxed elementor-section-height-default elementor-section-height-default\" data-id=\"f06e340\" data-element_type=\"section\" data-e-type=\"section\">\n\t\t\t\t\t\t<div class=\"elementor-container elementor-column-gap-default\">\n\t\t\t\t\t<div class=\"elementor-column elementor-col-33 elementor-top-column elementor-element elementor-element-4675dcc\" data-id=\"4675dcc\" data-element_type=\"column\" data-e-type=\"column\">\n\t\t\t<div class=\"elementor-widget-wrap elementor-element-populated\">\n\t\t\t\t\t\t<div class=\"elementor-element elementor-element-8e5c647 elementor-widget elementor-widget-heading\" data-id=\"8e5c647\" data-element_type=\"widget\" data-e-type=\"widget\" data-widget_type=\"heading.default\">\n\t\t\t\t\t<h2 class=\"elementor-heading-title elementor-size-default\">Der Schmied<\/h2>\t\t\t\t<\/div>\n\t\t\t\t\t<\/div>\n\t\t<\/div>\n\t\t\t\t<div class=\"elementor-column elementor-col-66 elementor-top-column elementor-element elementor-element-644d01a\" data-id=\"644d01a\" data-element_type=\"column\" data-e-type=\"column\">\n\t\t\t<div class=\"elementor-widget-wrap elementor-element-populated\">\n\t\t\t\t\t\t<div class=\"elementor-element elementor-element-8c28dfa elementor-widget elementor-widget-image\" data-id=\"8c28dfa\" data-element_type=\"widget\" data-e-type=\"widget\" data-widget_type=\"image.default\">\n\t\t\t\t\t\t\t\t\t\t\t\t\t\t\t<img loading=\"lazy\" decoding=\"async\" loading=\"lazy\" width=\"2000\" height=\"1330\" src=\"https:\/\/cdn.oishya.com\/wp-content\/uploads\/2023\/04\/06212038\/seki-kyuba.jpg\" class=\"attachment-large size-large wp-image-71204\" alt=\"seki kyuba blacksmith\" sizes=\"auto, \" \/>\t\t\t\t\t\t\t\t\t\t\t\t\t\t\t<\/div>\n\t\t\t\t\t<\/div>\n\t\t<\/div>\n\t\t\t\t\t<\/div>\n\t\t<\/section>\n\t\t\t\t<\/div>\n\t\t","protected":false},"excerpt":{"rendered":"<p>Das Seki Kyuba KATA Set mit Bunka, Nakiri und Petty ist die ideale Wahl f\u00fcr K\u00f6che, die Wert auf Vielseitigkeit legen. Das Bunka bietet Pr\u00e4zision mit seiner einzigartigen Spitze, das Nakiri eignet sich hervorragend f\u00fcr die Zubereitung von Gem\u00fcse, und das Petty eignet sich f\u00fcr detaillierte Arbeiten &#8211; alle sind aus VG10-Stahl mit 3-Schicht-Konstruktion f\u00fcr \u00fcberlegene Leistung. Die geh\u00e4mmerte Oberfl\u00e4che jeder Klinge ist nicht nur optisch interessant, sondern erh\u00f6ht auch die Schneideffizienz, da sie das Anhaften von Lebensmitteln reduziert. Dieses Set bietet ein perfektes Gleichgewicht zwischen Spezial- und Allzweckwerkzeugen, so dass Sie jedes Rezept mit Selbstvertrauen und Stil bew\u00e4ltigen k\u00f6nnen.<\/p>\n","protected":false},"featured_media":91188,"comment_status":"open","ping_status":"closed","template":"","meta":{"_acf_changed":false,"_glsr_average":0,"_glsr_ranking":0,"_glsr_reviews":0},"product_brand":[],"product_cat":[9035,9036],"product_tag":[9509],"class_list":{"0":"post-103689","1":"product","2":"type-product","3":"status-publish","4":"has-post-thumbnail","6":"product_cat-japanische-messer","7":"product_cat-kochmesser-sets","8":"product_tag-seki-kyuba-kata-de","9":"pa_blade-length-120mm","10":"pa_blade-length-180mm-de","11":"pa_hrc-63-64-de","12":"pa_knife-handle-material-verfestigtes-ahorn-holz","13":"pa_knife-type-kuchenchef","14":"pa_knife-type-petty","15":"pa_knife-type-vegetable-knife","16":"pa_steel-type-stainless","17":"pa_steel-type-vg10-high-carbon-stainless-steel","19":"first","20":"instock","21":"shipping-taxable","22":"purchasable","23":"product-type-variable"},"supplier_id":null,"supplier_sku":"","barcode":null,"atum_controlled":true,"out_stock_date":null,"out_stock_threshold":null,"inheritable":true,"inbound_stock":0,"stock_on_hold":2,"sold_today":0,"sales_last_days":0,"reserved_stock":0,"customer_returns":0,"warehouse_damage":0,"lost_in_post":0,"other_logs":0,"out_stock_days":0,"lost_sales":0,"has_location":false,"update_date":"2026-04-17T00:31:07","atum_locations":[],"atum_stock_status":"instock","restock_status":false,"low_stock_amount":2,"sales_update_date":"2026-04-17T00:31:07","calc_backorders":0,"acf":[],"_links":{"self":[{"href":"https:\/\/oishya.com\/de\/wp-json\/wp\/v2\/product\/103689","targetHints":{"allow":["GET"]}}],"collection":[{"href":"https:\/\/oishya.com\/de\/wp-json\/wp\/v2\/product"}],"about":[{"href":"https:\/\/oishya.com\/de\/wp-json\/wp\/v2\/types\/product"}],"replies":[{"embeddable":true,"href":"https:\/\/oishya.com\/de\/wp-json\/wp\/v2\/comments?post=103689"}],"version-history":[{"count":6,"href":"https:\/\/oishya.com\/de\/wp-json\/wp\/v2\/product\/103689\/revisions"}],"predecessor-version":[{"id":115079,"href":"https:\/\/oishya.com\/de\/wp-json\/wp\/v2\/product\/103689\/revisions\/115079"}],"wp:featuredmedia":[{"embeddable":true,"href":"https:\/\/oishya.com\/de\/wp-json\/wp\/v2\/media\/91188"}],"wp:attachment":[{"href":"https:\/\/oishya.com\/de\/wp-json\/wp\/v2\/media?parent=103689"}],"wp:term":[{"taxonomy":"product_brand","embeddable":true,"href":"https:\/\/oishya.com\/de\/wp-json\/wp\/v2\/product_brand?post=103689"},{"taxonomy":"product_cat","embeddable":true,"href":"https:\/\/oishya.com\/de\/wp-json\/wp\/v2\/product_cat?post=103689"},{"taxonomy":"product_tag","embeddable":true,"href":"https:\/\/oishya.com\/de\/wp-json\/wp\/v2\/product_tag?post=103689"}],"curies":[{"name":"wp","href":"https:\/\/api.w.org\/{rel}","templated":true}]}}