{"id":103670,"date":"2024-08-19T12:57:00","date_gmt":"2024-08-19T11:57:00","guid":{"rendered":"https:\/\/oishya.com\/product\/seki-kyuba-kata-kochmesser-bunka-18cm-mittelmeerblau\/"},"modified":"2026-02-23T11:19:15","modified_gmt":"2026-02-23T11:19:15","slug":"seki-kyuba-kata-kochmesser-bunka-18cm","status":"publish","type":"product","link":"https:\/\/oishya.com\/de\/seki-kyuba-kata-kochmesser-bunka-18cm\/","title":{"rendered":"Seki Kyuba KATA Kochmesser Bunka 18cm"},"content":{"rendered":"\t\t<div data-elementor-type=\"product-post\" data-elementor-id=\"103670\" class=\"elementor elementor-103670 elementor-90887\" data-elementor-post-type=\"product\">\n\t\t\t\t\t\t<section class=\"elementor-section elementor-top-section elementor-element elementor-element-3b86d0d elementor-section-boxed elementor-section-height-default elementor-section-height-default\" data-id=\"3b86d0d\" data-element_type=\"section\" data-e-type=\"section\">\n\t\t\t\t\t\t<div class=\"elementor-container elementor-column-gap-default\">\n\t\t\t\t\t<div class=\"elementor-column elementor-col-33 elementor-top-column elementor-element elementor-element-72bdb4d\" data-id=\"72bdb4d\" data-element_type=\"column\" data-e-type=\"column\">\n\t\t\t<div class=\"elementor-widget-wrap elementor-element-populated\">\n\t\t\t\t\t\t<div class=\"elementor-element elementor-element-c09e691 elementor-widget elementor-widget-heading\" data-id=\"c09e691\" data-element_type=\"widget\" data-e-type=\"widget\" data-widget_type=\"heading.default\">\n\t\t\t\t\t<h2 class=\"elementor-heading-title elementor-size-default\">Die Bunka<\/h2>\t\t\t\t<\/div>\n\t\t\t\t\t<\/div>\n\t\t<\/div>\n\t\t\t\t<div class=\"elementor-column elementor-col-66 elementor-top-column elementor-element elementor-element-dda7f5f\" data-id=\"dda7f5f\" data-element_type=\"column\" data-e-type=\"column\">\n\t\t\t<div class=\"elementor-widget-wrap elementor-element-populated\">\n\t\t\t\t\t\t<div class=\"elementor-element elementor-element-0381987 elementor-widget__width-initial elementor-widget elementor-widget-image\" data-id=\"0381987\" data-element_type=\"widget\" data-e-type=\"widget\" data-widget_type=\"image.default\">\n\t\t\t\t\t\t\t\t\t\t\t\t\t\t\t<img decoding=\"async\" loading=\"lazy\" src=\"https:\/\/cdn.oishya.com\/wp-content\/uploads\/2024\/08\/04122048\/Oishya-japanese-kitchen-knives-10.jpg\" title=\"Oishya japanese kitchen knives-10\" alt=\"Oishya japanese kitchen knives-10\" \/>\t\t\t\t\t\t\t\t\t\t\t\t\t\t\t<\/div>\n\t\t\t\t\t<\/div>\n\t\t<\/div>\n\t\t\t\t\t<\/div>\n\t\t<\/section>\n\t\t\t\t<section class=\"elementor-section elementor-top-section elementor-element elementor-element-6acf3bf elementor-section-boxed elementor-section-height-default elementor-section-height-default\" data-id=\"6acf3bf\" data-element_type=\"section\" data-e-type=\"section\">\n\t\t\t\t\t\t<div class=\"elementor-container elementor-column-gap-default\">\n\t\t\t\t\t<div class=\"elementor-column elementor-col-66 elementor-top-column elementor-element elementor-element-8a07d55\" data-id=\"8a07d55\" data-element_type=\"column\" data-e-type=\"column\">\n\t\t\t<div class=\"elementor-widget-wrap elementor-element-populated\">\n\t\t\t\t\t\t<div class=\"elementor-element elementor-element-189305f elementor-widget elementor-widget-image\" data-id=\"189305f\" data-element_type=\"widget\" data-e-type=\"widget\" data-widget_type=\"image.default\">\n\t\t\t\t\t\t\t\t\t\t\t\t\t\t\t<img loading=\"lazy\" decoding=\"async\" loading=\"lazy\" width=\"1111\" height=\"1111\" src=\"https:\/\/cdn.oishya.com\/wp-content\/uploads\/2024\/08\/19111810\/seki-kyuba-vegetable-knife-nakiri-close-up.jpg\" class=\"attachment-large size-large wp-image-90873\" alt=\"seki kyuba gem\u00fcsemesser nakiri nahaufnahme\" srcset=\"https:\/\/cdn.oishya.com\/wp-content\/uploads\/2024\/08\/19111810\/seki-kyuba-vegetable-knife-nakiri-close-up.jpg 1111w, https:\/\/cdn.oishya.com\/wp-content\/uploads\/2024\/08\/19111810\/seki-kyuba-vegetable-knife-nakiri-close-up-300x300.jpg 300w, https:\/\/cdn.oishya.com\/wp-content\/uploads\/2024\/08\/19111810\/seki-kyuba-vegetable-knife-nakiri-close-up-150x150.jpg 150w, https:\/\/cdn.oishya.com\/wp-content\/uploads\/2024\/08\/19111810\/seki-kyuba-vegetable-knife-nakiri-close-up-700x700.jpg 700w, https:\/\/cdn.oishya.com\/wp-content\/uploads\/2024\/08\/19111810\/seki-kyuba-vegetable-knife-nakiri-close-up-64x64.jpg 64w, https:\/\/cdn.oishya.com\/wp-content\/uploads\/2024\/08\/19111810\/seki-kyuba-vegetable-knife-nakiri-close-up-768x768.jpg 768w, https:\/\/cdn.oishya.com\/wp-content\/uploads\/2024\/08\/19111810\/seki-kyuba-vegetable-knife-nakiri-close-up-990x990.jpg 990w, https:\/\/cdn.oishya.com\/wp-content\/uploads\/2024\/08\/19111810\/seki-kyuba-vegetable-knife-nakiri-close-up-441x441.jpg 441w, https:\/\/cdn.oishya.com\/wp-content\/uploads\/2024\/08\/19111810\/seki-kyuba-vegetable-knife-nakiri-close-up-100x100.jpg 100w, https:\/\/cdn.oishya.com\/wp-content\/uploads\/2024\/08\/19111810\/seki-kyuba-vegetable-knife-nakiri-close-up-96x96.jpg 96w\" sizes=\"auto, (max-width: 1111px) 100vw, 1111px\" \/>\t\t\t\t\t\t\t\t\t\t\t\t\t\t\t<\/div>\n\t\t\t\t\t<\/div>\n\t\t<\/div>\n\t\t\t\t<div class=\"elementor-column elementor-col-33 elementor-top-column elementor-element elementor-element-ffe300d\" data-id=\"ffe300d\" data-element_type=\"column\" data-e-type=\"column\">\n\t\t\t<div class=\"elementor-widget-wrap elementor-element-populated\">\n\t\t\t\t\t\t<div class=\"elementor-element elementor-element-1ed0fff elementor-widget elementor-widget-heading\" data-id=\"1ed0fff\" data-element_type=\"widget\" data-e-type=\"widget\" data-widget_type=\"heading.default\">\n\t\t\t\t\t<h2 class=\"elementor-heading-title elementor-size-default\">Die Klinge<\/h2>\t\t\t\t<\/div>\n\t\t\t\t\t<\/div>\n\t\t<\/div>\n\t\t\t\t\t<\/div>\n\t\t<\/section>\n\t\t\t\t<section class=\"elementor-section elementor-top-section elementor-element elementor-element-85617f0 elementor-section-boxed elementor-section-height-default elementor-section-height-default\" data-id=\"85617f0\" data-element_type=\"section\" data-e-type=\"section\">\n\t\t\t\t\t\t<div class=\"elementor-container elementor-column-gap-default\">\n\t\t\t\t\t<div class=\"elementor-column elementor-col-33 elementor-top-column elementor-element elementor-element-497e238\" data-id=\"497e238\" data-element_type=\"column\" data-e-type=\"column\">\n\t\t\t<div class=\"elementor-widget-wrap elementor-element-populated\">\n\t\t\t\t\t\t<div class=\"elementor-element elementor-element-3ea391e elementor-widget elementor-widget-heading\" data-id=\"3ea391e\" data-element_type=\"widget\" data-e-type=\"widget\" data-widget_type=\"heading.default\">\n\t\t\t\t\t<h2 class=\"elementor-heading-title elementor-size-default\">Der Handgriff<\/h2>\t\t\t\t<\/div>\n\t\t\t\t\t<\/div>\n\t\t<\/div>\n\t\t\t\t<div class=\"elementor-column elementor-col-66 elementor-top-column elementor-element elementor-element-4625c3f\" data-id=\"4625c3f\" data-element_type=\"column\" data-e-type=\"column\">\n\t\t\t<div class=\"elementor-widget-wrap elementor-element-populated\">\n\t\t\t\t\t\t<div class=\"elementor-element elementor-element-96f41ca elementor-widget elementor-widget-image\" data-id=\"96f41ca\" data-element_type=\"widget\" data-e-type=\"widget\" data-widget_type=\"image.default\">\n\t\t\t\t\t\t\t\t\t\t\t\t\t\t\t<img loading=\"lazy\" decoding=\"async\" loading=\"lazy\" width=\"2000\" height=\"2000\" src=\"https:\/\/cdn.oishya.com\/wp-content\/uploads\/2023\/12\/19092244\/blade-close-up.jpg\" class=\"attachment-large size-large wp-image-90844\" alt=\"seki kyuba kata santoku blade close up\" srcset=\"https:\/\/cdn.oishya.com\/wp-content\/uploads\/2023\/12\/19092244\/blade-close-up.jpg 2000w, https:\/\/cdn.oishya.com\/wp-content\/uploads\/2023\/12\/19092244\/blade-close-up-300x300.jpg 300w, https:\/\/cdn.oishya.com\/wp-content\/uploads\/2023\/12\/19092244\/blade-close-up-150x150.jpg 150w, https:\/\/cdn.oishya.com\/wp-content\/uploads\/2023\/12\/19092244\/blade-close-up-700x700.jpg 700w, https:\/\/cdn.oishya.com\/wp-content\/uploads\/2023\/12\/19092244\/blade-close-up-64x64.jpg 64w, https:\/\/cdn.oishya.com\/wp-content\/uploads\/2023\/12\/19092244\/blade-close-up-768x768.jpg 768w, https:\/\/cdn.oishya.com\/wp-content\/uploads\/2023\/12\/19092244\/blade-close-up-990x990.jpg 990w, https:\/\/cdn.oishya.com\/wp-content\/uploads\/2023\/12\/19092244\/blade-close-up-441x441.jpg 441w, https:\/\/cdn.oishya.com\/wp-content\/uploads\/2023\/12\/19092244\/blade-close-up-100x100.jpg 100w, https:\/\/cdn.oishya.com\/wp-content\/uploads\/2023\/12\/19092244\/blade-close-up-96x96.jpg 96w\" sizes=\"auto, (max-width: 2000px) 100vw, 2000px\" \/>\t\t\t\t\t\t\t\t\t\t\t\t\t\t\t<\/div>\n\t\t\t\t\t<\/div>\n\t\t<\/div>\n\t\t\t\t\t<\/div>\n\t\t<\/section>\n\t\t<div class=\"elementor-element elementor-element-467192c e-flex e-con-boxed e-con e-parent\" data-id=\"467192c\" data-element_type=\"container\" data-e-type=\"container\">\n\t\t\t\t\t<div class=\"e-con-inner\">\n\t\t<div class=\"elementor-element elementor-element-486e517 e-con-full e-flex e-con e-child\" data-id=\"486e517\" data-element_type=\"container\" data-e-type=\"container\">\n\t\t\t\t<div class=\"elementor-element elementor-element-8752831 elementor-widget elementor-widget-image\" data-id=\"8752831\" data-element_type=\"widget\" data-e-type=\"widget\" data-widget_type=\"image.default\">\n\t\t\t\t\t\t\t\t\t\t\t\t\t\t\t<img loading=\"lazy\" decoding=\"async\" loading=\"lazy\" width=\"2000\" height=\"3088\" src=\"https:\/\/cdn.oishya.com\/wp-content\/uploads\/2024\/08\/04122057\/seki-kyuba-kata-set-packaging-japanese-knives-2.jpg\" class=\"attachment-large size-large wp-image-115052\" alt=\"seki kyuba kata set packaging japanese knives 2\" srcset=\"https:\/\/cdn.oishya.com\/wp-content\/uploads\/2024\/08\/04122057\/seki-kyuba-kata-set-packaging-japanese-knives-2.jpg 2000w, https:\/\/cdn.oishya.com\/wp-content\/uploads\/2024\/08\/04122057\/seki-kyuba-kata-set-packaging-japanese-knives-2-768x1186.jpg 768w, https:\/\/cdn.oishya.com\/wp-content\/uploads\/2024\/08\/04122057\/seki-kyuba-kata-set-packaging-japanese-knives-2-700x1081.jpg 700w, https:\/\/cdn.oishya.com\/wp-content\/uploads\/2024\/08\/04122057\/seki-kyuba-kata-set-packaging-japanese-knives-2-150x232.jpg 150w, https:\/\/cdn.oishya.com\/wp-content\/uploads\/2024\/08\/04122057\/seki-kyuba-kata-set-packaging-japanese-knives-2-64x99.jpg 64w\" sizes=\"auto, (max-width: 2000px) 100vw, 2000px\" \/>\t\t\t\t\t\t\t\t\t\t\t\t\t\t\t<\/div>\n\t\t\t\t<\/div>\n\t\t<div class=\"elementor-element elementor-element-bc28fa7 e-con-full e-flex e-con e-child\" data-id=\"bc28fa7\" data-element_type=\"container\" data-e-type=\"container\">\n\t\t\t\t<div class=\"elementor-element elementor-element-3e62189 elementor-widget elementor-widget-image\" data-id=\"3e62189\" data-element_type=\"widget\" data-e-type=\"widget\" data-widget_type=\"image.default\">\n\t\t\t\t\t\t\t\t\t\t\t\t\t\t\t<img loading=\"lazy\" decoding=\"async\" loading=\"lazy\" width=\"2000\" height=\"2000\" src=\"https:\/\/cdn.oishya.com\/wp-content\/uploads\/2025\/08\/04122443\/certificate-of-authenticity-coin-japanese-knives-kitchen-knives-oishya-04596.jpg\" class=\"attachment-large size-large wp-image-109916\" alt=\"\" srcset=\"https:\/\/cdn.oishya.com\/wp-content\/uploads\/2025\/08\/04122443\/certificate-of-authenticity-coin-japanese-knives-kitchen-knives-oishya-04596.jpg 2000w, https:\/\/cdn.oishya.com\/wp-content\/uploads\/2025\/08\/04122443\/certificate-of-authenticity-coin-japanese-knives-kitchen-knives-oishya-04596-150x150.jpg 150w, https:\/\/cdn.oishya.com\/wp-content\/uploads\/2025\/08\/04122443\/certificate-of-authenticity-coin-japanese-knives-kitchen-knives-oishya-04596-768x768.jpg 768w, https:\/\/cdn.oishya.com\/wp-content\/uploads\/2025\/08\/04122443\/certificate-of-authenticity-coin-japanese-knives-kitchen-knives-oishya-04596-300x300.jpg 300w, https:\/\/cdn.oishya.com\/wp-content\/uploads\/2025\/08\/04122443\/certificate-of-authenticity-coin-japanese-knives-kitchen-knives-oishya-04596-700x700.jpg 700w, https:\/\/cdn.oishya.com\/wp-content\/uploads\/2025\/08\/04122443\/certificate-of-authenticity-coin-japanese-knives-kitchen-knives-oishya-04596-96x96.jpg 96w, https:\/\/cdn.oishya.com\/wp-content\/uploads\/2025\/08\/04122443\/certificate-of-authenticity-coin-japanese-knives-kitchen-knives-oishya-04596-100x100.jpg 100w, https:\/\/cdn.oishya.com\/wp-content\/uploads\/2025\/08\/04122443\/certificate-of-authenticity-coin-japanese-knives-kitchen-knives-oishya-04596-64x64.jpg 64w\" sizes=\"auto, (max-width: 2000px) 100vw, 2000px\" \/>\t\t\t\t\t\t\t\t\t\t\t\t\t\t\t<\/div>\n\t\t\t\t<div class=\"elementor-element elementor-element-607fcb2 elementor-widget elementor-widget-image\" data-id=\"607fcb2\" data-element_type=\"widget\" data-e-type=\"widget\" data-widget_type=\"image.default\">\n\t\t\t\t\t\t\t\t\t\t\t\t\t\t\t<img loading=\"lazy\" decoding=\"async\" loading=\"lazy\" width=\"2000\" height=\"2000\" src=\"https:\/\/cdn.oishya.com\/wp-content\/uploads\/2025\/08\/04122448\/certificate-of-authenticity-coin-japanese-knives-kitchen-knives-oishya-04594.jpg\" class=\"attachment-large size-large wp-image-109914\" alt=\"\" srcset=\"https:\/\/cdn.oishya.com\/wp-content\/uploads\/2025\/08\/04122448\/certificate-of-authenticity-coin-japanese-knives-kitchen-knives-oishya-04594.jpg 2000w, https:\/\/cdn.oishya.com\/wp-content\/uploads\/2025\/08\/04122448\/certificate-of-authenticity-coin-japanese-knives-kitchen-knives-oishya-04594-150x150.jpg 150w, https:\/\/cdn.oishya.com\/wp-content\/uploads\/2025\/08\/04122448\/certificate-of-authenticity-coin-japanese-knives-kitchen-knives-oishya-04594-768x768.jpg 768w, https:\/\/cdn.oishya.com\/wp-content\/uploads\/2025\/08\/04122448\/certificate-of-authenticity-coin-japanese-knives-kitchen-knives-oishya-04594-300x300.jpg 300w, https:\/\/cdn.oishya.com\/wp-content\/uploads\/2025\/08\/04122448\/certificate-of-authenticity-coin-japanese-knives-kitchen-knives-oishya-04594-700x700.jpg 700w, https:\/\/cdn.oishya.com\/wp-content\/uploads\/2025\/08\/04122448\/certificate-of-authenticity-coin-japanese-knives-kitchen-knives-oishya-04594-96x96.jpg 96w, https:\/\/cdn.oishya.com\/wp-content\/uploads\/2025\/08\/04122448\/certificate-of-authenticity-coin-japanese-knives-kitchen-knives-oishya-04594-100x100.jpg 100w, https:\/\/cdn.oishya.com\/wp-content\/uploads\/2025\/08\/04122448\/certificate-of-authenticity-coin-japanese-knives-kitchen-knives-oishya-04594-64x64.jpg 64w\" sizes=\"auto, (max-width: 2000px) 100vw, 2000px\" \/>\t\t\t\t\t\t\t\t\t\t\t\t\t\t\t<\/div>\n\t\t\t\t<\/div>\n\t\t\t\t\t<\/div>\n\t\t\t\t<\/div>\n\t\t\t\t<section class=\"elementor-section elementor-top-section elementor-element elementor-element-c31f9f1 elementor-section-boxed elementor-section-height-default elementor-section-height-default\" data-id=\"c31f9f1\" data-element_type=\"section\" data-e-type=\"section\">\n\t\t\t\t\t\t<div class=\"elementor-container elementor-column-gap-default\">\n\t\t\t\t\t<div class=\"elementor-column elementor-col-33 elementor-top-column elementor-element elementor-element-3ba4376\" data-id=\"3ba4376\" data-element_type=\"column\" data-e-type=\"column\">\n\t\t\t<div class=\"elementor-widget-wrap elementor-element-populated\">\n\t\t\t\t\t\t<div class=\"elementor-element elementor-element-7db8c70 elementor-widget elementor-widget-heading\" data-id=\"7db8c70\" data-element_type=\"widget\" data-e-type=\"widget\" data-widget_type=\"heading.default\">\n\t\t\t\t\t<h2 class=\"elementor-heading-title elementor-size-default\">Der Schmied<\/h2>\t\t\t\t<\/div>\n\t\t\t\t\t<\/div>\n\t\t<\/div>\n\t\t\t\t<div class=\"elementor-column elementor-col-66 elementor-top-column elementor-element elementor-element-a1bd577\" data-id=\"a1bd577\" data-element_type=\"column\" data-e-type=\"column\">\n\t\t\t<div class=\"elementor-widget-wrap elementor-element-populated\">\n\t\t\t\t\t\t<div class=\"elementor-element elementor-element-513d932 elementor-widget elementor-widget-image\" data-id=\"513d932\" data-element_type=\"widget\" data-e-type=\"widget\" data-widget_type=\"image.default\">\n\t\t\t\t\t\t\t\t\t\t\t\t\t\t\t<img loading=\"lazy\" decoding=\"async\" loading=\"lazy\" width=\"2000\" height=\"1330\" src=\"https:\/\/cdn.oishya.com\/wp-content\/uploads\/2023\/04\/06212038\/seki-kyuba.jpg\" class=\"attachment-large size-large wp-image-71204\" alt=\"seki kyuba blacksmith\" sizes=\"auto, \" \/>\t\t\t\t\t\t\t\t\t\t\t\t\t\t\t<\/div>\n\t\t\t\t\t<\/div>\n\t\t<\/div>\n\t\t\t\t\t<\/div>\n\t\t<\/section>\n\t\t\t\t<\/div>\n\t\t","protected":false},"excerpt":{"rendered":"<p>Das Seki Kyuba KATA Bunka ist ein vielseitiges Kochmesser mit einem einzigartigen Twist, perfekt f\u00fcr K\u00f6che, die Pr\u00e4zision und Stil sch\u00e4tzen. Die 18 cm lange Klinge aus VG10-Stahl mit einer 3-Lagen-Konstruktion bietet eine au\u00dfergew\u00f6hnliche Sch\u00e4rfe und Schnitthaltigkeit, w\u00e4hrend die charakteristische Reverse-Tanto-Spitze filigrane Detailarbeit erm\u00f6glicht. Die geh\u00e4mmerte Oberfl\u00e4che erh\u00f6ht nicht nur die \u00c4sthetik des Messers, sondern verbessert auch die Schneidleistung, indem sie das Anhaften von Lebensmitteln reduziert. Dieses Messer eignet sich f\u00fcr eine Vielzahl von Aufgaben, vom feinen Schneiden bis zum Hacken, und ist damit eine ausgezeichnete Wahl f\u00fcr den kreativen Koch.<\/p>\n","protected":false},"featured_media":90896,"comment_status":"open","ping_status":"closed","template":"","meta":{"_acf_changed":false,"_glsr_average":0,"_glsr_ranking":0,"_glsr_reviews":0},"product_brand":[],"product_cat":[9035,9059],"product_tag":[9509],"class_list":{"0":"post-103670","1":"product","2":"type-product","3":"status-publish","4":"has-post-thumbnail","6":"product_cat-japanische-messer","7":"product_cat-kochmesser","8":"product_tag-seki-kyuba-kata-de","9":"pa_blade-length-165mm-de","10":"pa_hrc-63-64-de","11":"pa_knife-handle-material-verfestigtes-ahorn-holz","12":"pa_knife-type-kuchenchef","13":"pa_steel-type-stainless","14":"pa_steel-type-vg10-high-carbon-stainless-steel","16":"first","17":"onbackorder","18":"shipping-taxable","19":"purchasable","20":"product-type-variable"},"supplier_id":null,"supplier_sku":"","barcode":null,"atum_controlled":true,"out_stock_date":"2025-11-12 16:00:00","out_stock_threshold":null,"inheritable":true,"inbound_stock":0,"stock_on_hold":2,"sold_today":0,"sales_last_days":0,"reserved_stock":0,"customer_returns":0,"warehouse_damage":0,"lost_in_post":0,"other_logs":0,"out_stock_days":155,"lost_sales":0,"has_location":false,"update_date":"2026-04-17T00:31:04","atum_locations":[],"atum_stock_status":"onbackorder","restock_status":false,"low_stock_amount":2,"sales_update_date":"2026-04-17T00:31:04","calc_backorders":0,"acf":[],"_links":{"self":[{"href":"https:\/\/oishya.com\/de\/wp-json\/wp\/v2\/product\/103670","targetHints":{"allow":["GET"]}}],"collection":[{"href":"https:\/\/oishya.com\/de\/wp-json\/wp\/v2\/product"}],"about":[{"href":"https:\/\/oishya.com\/de\/wp-json\/wp\/v2\/types\/product"}],"replies":[{"embeddable":true,"href":"https:\/\/oishya.com\/de\/wp-json\/wp\/v2\/comments?post=103670"}],"version-history":[{"count":6,"href":"https:\/\/oishya.com\/de\/wp-json\/wp\/v2\/product\/103670\/revisions"}],"predecessor-version":[{"id":115003,"href":"https:\/\/oishya.com\/de\/wp-json\/wp\/v2\/product\/103670\/revisions\/115003"}],"wp:featuredmedia":[{"embeddable":true,"href":"https:\/\/oishya.com\/de\/wp-json\/wp\/v2\/media\/90896"}],"wp:attachment":[{"href":"https:\/\/oishya.com\/de\/wp-json\/wp\/v2\/media?parent=103670"}],"wp:term":[{"taxonomy":"product_brand","embeddable":true,"href":"https:\/\/oishya.com\/de\/wp-json\/wp\/v2\/product_brand?post=103670"},{"taxonomy":"product_cat","embeddable":true,"href":"https:\/\/oishya.com\/de\/wp-json\/wp\/v2\/product_cat?post=103670"},{"taxonomy":"product_tag","embeddable":true,"href":"https:\/\/oishya.com\/de\/wp-json\/wp\/v2\/product_tag?post=103670"}],"curies":[{"name":"wp","href":"https:\/\/api.w.org\/{rel}","templated":true}]}}