{"id":103666,"date":"2024-08-19T08:20:12","date_gmt":"2024-08-19T07:20:12","guid":{"rendered":"https:\/\/oishya.com\/product\/seki-kyuba-shin-kochmesser-santoku-18cm-mediterran-blau\/"},"modified":"2026-01-16T21:22:01","modified_gmt":"2026-01-16T21:22:01","slug":"seki-kyuba-shin-kochmesser-santoku-18cm","status":"publish","type":"product","link":"https:\/\/oishya.com\/de\/seki-kyuba-shin-kochmesser-santoku-18cm\/","title":{"rendered":"Seki Kyuba SHIN Kochmesser Santoku 18cm"},"content":{"rendered":"\t\t<div data-elementor-type=\"product-post\" data-elementor-id=\"103666\" class=\"elementor elementor-103666 elementor-90838\" data-elementor-post-type=\"product\">\n\t\t\t\t\t\t<section class=\"elementor-section elementor-top-section elementor-element elementor-element-c90c38a elementor-section-boxed elementor-section-height-default elementor-section-height-default\" data-id=\"c90c38a\" data-element_type=\"section\" data-e-type=\"section\">\n\t\t\t\t\t\t<div class=\"elementor-container elementor-column-gap-default\">\n\t\t\t\t\t<div class=\"elementor-column elementor-col-33 elementor-top-column elementor-element elementor-element-49c436a\" data-id=\"49c436a\" data-element_type=\"column\" data-e-type=\"column\">\n\t\t\t<div class=\"elementor-widget-wrap elementor-element-populated\">\n\t\t\t\t\t\t<div class=\"elementor-element elementor-element-765e61e elementor-widget elementor-widget-heading\" data-id=\"765e61e\" data-element_type=\"widget\" data-e-type=\"widget\" data-widget_type=\"heading.default\">\n\t\t\t\t\t<h2 class=\"elementor-heading-title elementor-size-default\">Das Santoku<\/h2>\t\t\t\t<\/div>\n\t\t\t\t<div class=\"elementor-element elementor-element-9145eb5 elementor-widget elementor-widget-text-editor\" data-id=\"9145eb5\" data-element_type=\"widget\" data-e-type=\"widget\" data-widget_type=\"text-editor.default\">\n\t\t\t\t\t\t\t\t\t<p class=\"whitespace-pre-wrap break-words\">Das Seki Kyuba SHIN Santoku mit seiner 18 cm langen Klinge ist die Spitze der japanischen Allzweckmesser. &#8220;Santoku&#8221; bedeutet auf Japanisch &#8220;drei Tugenden&#8221; und bezieht sich auf seine hervorragenden Eigenschaften beim Schneiden, W\u00fcrfeln und Hacken. Die L\u00e4nge von 18 cm bietet eine perfekte Balance zwischen der Beweglichkeit eines kleineren Messers und der Leistungsf\u00e4higkeit eines gro\u00dfen Kochmessers.<\/p>\n<p class=\"whitespace-pre-wrap break-words\">Mit einem Kern aus SG2\/R2-Pulverstahl und einer 31-lagigen Damastkonstruktion verk\u00f6rpert das SHIN Santoku das absolut Beste der japanischen Metallurgie. Der SG2\/R2-Kern sorgt f\u00fcr unvergleichliche Schnitthaltigkeit und Sch\u00e4rfe, w\u00e4hrend die 31 Lagen zur allgemeinen Haltbarkeit und Fleckenbest\u00e4ndigkeit beitragen und ein atemberaubendes Damaszenermuster erzeugen. Die geh\u00e4mmerte Oberfl\u00e4che der Klinge, die sich \u00fcber den Damast legt, ist nicht nur ein beeindruckendes optisches Element, sondern tr\u00e4gt auch dazu bei, dass Lebensmittel w\u00e4hrend des Gebrauchs nicht anhaften, was die Effizienz bei der Zubereitung von Speisen erh\u00f6ht.<\/p>\n<p class=\"whitespace-pre-wrap break-words\">Der sanft gew\u00f6lbte Bauch des Santoku erm\u00f6glicht eine leichte Schaukelbewegung, wodurch es sich f\u00fcr eine Vielzahl von Schneidetechniken eignet. Die im Vergleich zu einem Gyuto k\u00fcrzere L\u00e4nge macht es besonders geeignet f\u00fcr K\u00f6che mit kleineren H\u00e4nden oder f\u00fcr diejenigen, die eine flinkere Klinge bevorzugen.<\/p>\n<p class=\"whitespace-pre-wrap break-words\">Das SHIN Santoku ist in den Farben Mediterranblau, Olivgr\u00fcn und Naturbraun erh\u00e4ltlich und ist der Inbegriff von Kochkunst und Leistung. Jede Farbvariante verf\u00fcgt \u00fcber einen Griff aus haltbarem, stabilisiertem Holz, der nicht nur \u00e4sthetisch ansprechend ist, sondern auch einen bequemen, sicheren Griff bietet.<\/p>\n<p class=\"whitespace-pre-wrap break-words\">Wenn Sie eine l\u00e4ngere Klinge mit einer ausgepr\u00e4gteren Spitze bevorzugen, sollten Sie das Gyuto oder Kiritsuke in Betracht ziehen. Wenn Sie jedoch ein vielseitiges Allzweckmesser suchen, das sich f\u00fcr eine breite Palette von K\u00fcchenarbeiten eignet, ist das Santoku eine ausgezeichnete Wahl.<\/p>\n\t\t\t\t\t\t\t\t<\/div>\n\t\t\t\t\t<\/div>\n\t\t<\/div>\n\t\t\t\t<div class=\"elementor-column elementor-col-66 elementor-top-column elementor-element elementor-element-d1934e6\" data-id=\"d1934e6\" data-element_type=\"column\" data-e-type=\"column\">\n\t\t\t<div class=\"elementor-widget-wrap elementor-element-populated\">\n\t\t\t\t\t\t<div class=\"elementor-element elementor-element-bf19e3f elementor-widget elementor-widget-image\" data-id=\"bf19e3f\" data-element_type=\"widget\" data-e-type=\"widget\" data-widget_type=\"image.default\">\n\t\t\t\t\t\t\t\t\t\t\t\t\t\t\t<img decoding=\"async\" loading=\"lazy\" src=\"https:\/\/cdn.oishya.com\/wp-content\/uploads\/2024\/08\/04122236\/20240829_114748.jpg\" title=\"Seki Kyuba SHIN Santoku Chef&#8217;s Knife Japanese\" alt=\"Seki Kyuba SHIN Santoku Chef&#039;s Knife Japanese\" \/>\t\t\t\t\t\t\t\t\t\t\t\t\t\t\t<\/div>\n\t\t\t\t\t<\/div>\n\t\t<\/div>\n\t\t\t\t\t<\/div>\n\t\t<\/section>\n\t\t\t\t<section class=\"elementor-section elementor-top-section elementor-element elementor-element-dc96b5a elementor-section-boxed elementor-section-height-default elementor-section-height-default\" data-id=\"dc96b5a\" data-element_type=\"section\" data-e-type=\"section\">\n\t\t\t\t\t\t<div class=\"elementor-container elementor-column-gap-default\">\n\t\t\t\t\t<div class=\"elementor-column elementor-col-66 elementor-top-column elementor-element elementor-element-1125cbf\" data-id=\"1125cbf\" data-element_type=\"column\" data-e-type=\"column\">\n\t\t\t<div class=\"elementor-widget-wrap elementor-element-populated\">\n\t\t\t\t\t\t<div class=\"elementor-element elementor-element-89b6be4 elementor-widget elementor-widget-image\" data-id=\"89b6be4\" data-element_type=\"widget\" data-e-type=\"widget\" data-widget_type=\"image.default\">\n\t\t\t\t\t\t\t\t\t\t\t\t\t\t\t<img loading=\"lazy\" decoding=\"async\" loading=\"lazy\" width=\"2000\" height=\"2674\" src=\"https:\/\/cdn.oishya.com\/wp-content\/uploads\/2024\/08\/04122245\/20240829_114416.jpg\" class=\"attachment-large size-large wp-image-109458\" alt=\"Seki Kyuba SHIN Knife Packaging\" srcset=\"https:\/\/cdn.oishya.com\/wp-content\/uploads\/2024\/08\/04122245\/20240829_114416.jpg 2000w, https:\/\/cdn.oishya.com\/wp-content\/uploads\/2024\/08\/04122245\/20240829_114416-768x1027.jpg 768w, https:\/\/cdn.oishya.com\/wp-content\/uploads\/2024\/08\/04122245\/20240829_114416-990x1324.jpg 990w, https:\/\/cdn.oishya.com\/wp-content\/uploads\/2024\/08\/04122245\/20240829_114416-441x590.jpg 441w, https:\/\/cdn.oishya.com\/wp-content\/uploads\/2024\/08\/04122245\/20240829_114416-700x936.jpg 700w, https:\/\/cdn.oishya.com\/wp-content\/uploads\/2024\/08\/04122245\/20240829_114416-150x201.jpg 150w, https:\/\/cdn.oishya.com\/wp-content\/uploads\/2024\/08\/04122245\/20240829_114416-64x86.jpg 64w\" sizes=\"auto, (max-width: 2000px) 100vw, 2000px\" \/>\t\t\t\t\t\t\t\t\t\t\t\t\t\t\t<\/div>\n\t\t\t\t\t<\/div>\n\t\t<\/div>\n\t\t\t\t<div class=\"elementor-column elementor-col-33 elementor-top-column elementor-element elementor-element-673e6bf\" data-id=\"673e6bf\" data-element_type=\"column\" data-e-type=\"column\">\n\t\t\t<div class=\"elementor-widget-wrap elementor-element-populated\">\n\t\t\t\t\t\t<div class=\"elementor-element elementor-element-4ddbdb4 elementor-widget elementor-widget-heading\" data-id=\"4ddbdb4\" data-element_type=\"widget\" data-e-type=\"widget\" data-widget_type=\"heading.default\">\n\t\t\t\t\t<h2 class=\"elementor-heading-title elementor-size-default\">Die Klinge<\/h2>\t\t\t\t<\/div>\n\t\t\t\t\t<\/div>\n\t\t<\/div>\n\t\t\t\t\t<\/div>\n\t\t<\/section>\n\t\t\t\t<section class=\"elementor-section elementor-top-section elementor-element elementor-element-475b040 elementor-section-boxed elementor-section-height-default elementor-section-height-default\" data-id=\"475b040\" data-element_type=\"section\" data-e-type=\"section\">\n\t\t\t\t\t\t<div class=\"elementor-container elementor-column-gap-default\">\n\t\t\t\t\t<div class=\"elementor-column elementor-col-33 elementor-top-column elementor-element elementor-element-e19e3cb\" data-id=\"e19e3cb\" data-element_type=\"column\" data-e-type=\"column\">\n\t\t\t<div class=\"elementor-widget-wrap elementor-element-populated\">\n\t\t\t\t\t\t<div class=\"elementor-element elementor-element-a9d3561 elementor-widget elementor-widget-heading\" data-id=\"a9d3561\" data-element_type=\"widget\" data-e-type=\"widget\" data-widget_type=\"heading.default\">\n\t\t\t\t\t<h2 class=\"elementor-heading-title elementor-size-default\">Der Handgriff<\/h2>\t\t\t\t<\/div>\n\t\t\t\t\t<\/div>\n\t\t<\/div>\n\t\t\t\t<div class=\"elementor-column elementor-col-66 elementor-top-column elementor-element elementor-element-26d17cd\" data-id=\"26d17cd\" data-element_type=\"column\" data-e-type=\"column\">\n\t\t\t<div class=\"elementor-widget-wrap elementor-element-populated\">\n\t\t\t\t\t\t<div class=\"elementor-element elementor-element-8ddc469 elementor-widget elementor-widget-image\" data-id=\"8ddc469\" data-element_type=\"widget\" data-e-type=\"widget\" data-widget_type=\"image.default\">\n\t\t\t\t\t\t\t\t\t\t\t\t\t\t\t<img loading=\"lazy\" decoding=\"async\" loading=\"lazy\" width=\"2000\" height=\"2000\" src=\"https:\/\/cdn.oishya.com\/wp-content\/uploads\/2024\/08\/04122242\/seki-kyuba-shin-handle.jpg\" class=\"attachment-large size-large wp-image-109459\" alt=\"\" srcset=\"https:\/\/cdn.oishya.com\/wp-content\/uploads\/2024\/08\/04122242\/seki-kyuba-shin-handle.jpg 2000w, https:\/\/cdn.oishya.com\/wp-content\/uploads\/2024\/08\/04122242\/seki-kyuba-shin-handle-150x150.jpg 150w, https:\/\/cdn.oishya.com\/wp-content\/uploads\/2024\/08\/04122242\/seki-kyuba-shin-handle-768x768.jpg 768w, https:\/\/cdn.oishya.com\/wp-content\/uploads\/2024\/08\/04122242\/seki-kyuba-shin-handle-990x990.jpg 990w, https:\/\/cdn.oishya.com\/wp-content\/uploads\/2024\/08\/04122242\/seki-kyuba-shin-handle-441x441.jpg 441w, https:\/\/cdn.oishya.com\/wp-content\/uploads\/2024\/08\/04122242\/seki-kyuba-shin-handle-300x300.jpg 300w, https:\/\/cdn.oishya.com\/wp-content\/uploads\/2024\/08\/04122242\/seki-kyuba-shin-handle-700x700.jpg 700w, https:\/\/cdn.oishya.com\/wp-content\/uploads\/2024\/08\/04122242\/seki-kyuba-shin-handle-96x96.jpg 96w, https:\/\/cdn.oishya.com\/wp-content\/uploads\/2024\/08\/04122242\/seki-kyuba-shin-handle-100x100.jpg 100w, https:\/\/cdn.oishya.com\/wp-content\/uploads\/2024\/08\/04122242\/seki-kyuba-shin-handle-64x64.jpg 64w\" sizes=\"auto, (max-width: 2000px) 100vw, 2000px\" \/>\t\t\t\t\t\t\t\t\t\t\t\t\t\t\t<\/div>\n\t\t\t\t\t<\/div>\n\t\t<\/div>\n\t\t\t\t\t<\/div>\n\t\t<\/section>\n\t\t<div class=\"elementor-element elementor-element-bc3497a e-flex e-con-boxed e-con e-parent\" data-id=\"bc3497a\" data-element_type=\"container\" data-e-type=\"container\">\n\t\t\t\t\t<div class=\"e-con-inner\">\n\t\t<div class=\"elementor-element elementor-element-97bbe6e e-con-full e-flex e-con e-child\" data-id=\"97bbe6e\" data-element_type=\"container\" data-e-type=\"container\">\n\t\t\t\t<div class=\"elementor-element elementor-element-cc3103c elementor-widget elementor-widget-image\" data-id=\"cc3103c\" data-element_type=\"widget\" data-e-type=\"widget\" data-widget_type=\"image.default\">\n\t\t\t\t\t\t\t\t\t\t\t\t\t\t\t<img loading=\"lazy\" decoding=\"async\" loading=\"lazy\" width=\"2000\" height=\"2000\" src=\"https:\/\/cdn.oishya.com\/wp-content\/uploads\/2024\/08\/04122423\/Oishya-japanese-kitchen-knives-412.jpg\" class=\"attachment-large size-large wp-image-110024\" alt=\"\" srcset=\"https:\/\/cdn.oishya.com\/wp-content\/uploads\/2024\/08\/04122423\/Oishya-japanese-kitchen-knives-412.jpg 2000w, https:\/\/cdn.oishya.com\/wp-content\/uploads\/2024\/08\/04122423\/Oishya-japanese-kitchen-knives-412-150x150.jpg 150w, https:\/\/cdn.oishya.com\/wp-content\/uploads\/2024\/08\/04122423\/Oishya-japanese-kitchen-knives-412-768x768.jpg 768w, https:\/\/cdn.oishya.com\/wp-content\/uploads\/2024\/08\/04122423\/Oishya-japanese-kitchen-knives-412-300x300.jpg 300w, https:\/\/cdn.oishya.com\/wp-content\/uploads\/2024\/08\/04122423\/Oishya-japanese-kitchen-knives-412-700x700.jpg 700w, https:\/\/cdn.oishya.com\/wp-content\/uploads\/2024\/08\/04122423\/Oishya-japanese-kitchen-knives-412-96x96.jpg 96w, https:\/\/cdn.oishya.com\/wp-content\/uploads\/2024\/08\/04122423\/Oishya-japanese-kitchen-knives-412-100x100.jpg 100w, https:\/\/cdn.oishya.com\/wp-content\/uploads\/2024\/08\/04122423\/Oishya-japanese-kitchen-knives-412-64x64.jpg 64w\" sizes=\"auto, (max-width: 2000px) 100vw, 2000px\" \/>\t\t\t\t\t\t\t\t\t\t\t\t\t\t\t<\/div>\n\t\t\t\t<div class=\"elementor-element elementor-element-525ce61 elementor-widget elementor-widget-image\" data-id=\"525ce61\" data-element_type=\"widget\" data-e-type=\"widget\" data-widget_type=\"image.default\">\n\t\t\t\t\t\t\t\t\t\t\t\t\t\t\t<img loading=\"lazy\" decoding=\"async\" loading=\"lazy\" width=\"2000\" height=\"2000\" src=\"https:\/\/cdn.oishya.com\/wp-content\/uploads\/2025\/08\/04122443\/certificate-of-authenticity-coin-japanese-knives-kitchen-knives-oishya-04596.jpg\" class=\"attachment-large size-large wp-image-109916\" alt=\"\" srcset=\"https:\/\/cdn.oishya.com\/wp-content\/uploads\/2025\/08\/04122443\/certificate-of-authenticity-coin-japanese-knives-kitchen-knives-oishya-04596.jpg 2000w, https:\/\/cdn.oishya.com\/wp-content\/uploads\/2025\/08\/04122443\/certificate-of-authenticity-coin-japanese-knives-kitchen-knives-oishya-04596-150x150.jpg 150w, https:\/\/cdn.oishya.com\/wp-content\/uploads\/2025\/08\/04122443\/certificate-of-authenticity-coin-japanese-knives-kitchen-knives-oishya-04596-768x768.jpg 768w, https:\/\/cdn.oishya.com\/wp-content\/uploads\/2025\/08\/04122443\/certificate-of-authenticity-coin-japanese-knives-kitchen-knives-oishya-04596-300x300.jpg 300w, https:\/\/cdn.oishya.com\/wp-content\/uploads\/2025\/08\/04122443\/certificate-of-authenticity-coin-japanese-knives-kitchen-knives-oishya-04596-700x700.jpg 700w, https:\/\/cdn.oishya.com\/wp-content\/uploads\/2025\/08\/04122443\/certificate-of-authenticity-coin-japanese-knives-kitchen-knives-oishya-04596-96x96.jpg 96w, https:\/\/cdn.oishya.com\/wp-content\/uploads\/2025\/08\/04122443\/certificate-of-authenticity-coin-japanese-knives-kitchen-knives-oishya-04596-100x100.jpg 100w, https:\/\/cdn.oishya.com\/wp-content\/uploads\/2025\/08\/04122443\/certificate-of-authenticity-coin-japanese-knives-kitchen-knives-oishya-04596-64x64.jpg 64w\" sizes=\"auto, (max-width: 2000px) 100vw, 2000px\" \/>\t\t\t\t\t\t\t\t\t\t\t\t\t\t\t<\/div>\n\t\t\t\t<\/div>\n\t\t<div class=\"elementor-element elementor-element-83ed803 e-con-full e-flex e-con e-child\" data-id=\"83ed803\" data-element_type=\"container\" data-e-type=\"container\">\n\t\t\t\t<div class=\"elementor-element elementor-element-fade1db elementor-widget elementor-widget-image\" data-id=\"fade1db\" data-element_type=\"widget\" data-e-type=\"widget\" data-widget_type=\"image.default\">\n\t\t\t\t\t\t\t\t\t\t\t\t\t\t\t<img loading=\"lazy\" decoding=\"async\" loading=\"lazy\" width=\"2000\" height=\"2000\" src=\"https:\/\/cdn.oishya.com\/wp-content\/uploads\/2025\/08\/04122448\/certificate-of-authenticity-coin-japanese-knives-kitchen-knives-oishya-04594.jpg\" class=\"attachment-large size-large wp-image-109914\" alt=\"\" srcset=\"https:\/\/cdn.oishya.com\/wp-content\/uploads\/2025\/08\/04122448\/certificate-of-authenticity-coin-japanese-knives-kitchen-knives-oishya-04594.jpg 2000w, https:\/\/cdn.oishya.com\/wp-content\/uploads\/2025\/08\/04122448\/certificate-of-authenticity-coin-japanese-knives-kitchen-knives-oishya-04594-150x150.jpg 150w, https:\/\/cdn.oishya.com\/wp-content\/uploads\/2025\/08\/04122448\/certificate-of-authenticity-coin-japanese-knives-kitchen-knives-oishya-04594-768x768.jpg 768w, https:\/\/cdn.oishya.com\/wp-content\/uploads\/2025\/08\/04122448\/certificate-of-authenticity-coin-japanese-knives-kitchen-knives-oishya-04594-300x300.jpg 300w, https:\/\/cdn.oishya.com\/wp-content\/uploads\/2025\/08\/04122448\/certificate-of-authenticity-coin-japanese-knives-kitchen-knives-oishya-04594-700x700.jpg 700w, https:\/\/cdn.oishya.com\/wp-content\/uploads\/2025\/08\/04122448\/certificate-of-authenticity-coin-japanese-knives-kitchen-knives-oishya-04594-96x96.jpg 96w, https:\/\/cdn.oishya.com\/wp-content\/uploads\/2025\/08\/04122448\/certificate-of-authenticity-coin-japanese-knives-kitchen-knives-oishya-04594-100x100.jpg 100w, https:\/\/cdn.oishya.com\/wp-content\/uploads\/2025\/08\/04122448\/certificate-of-authenticity-coin-japanese-knives-kitchen-knives-oishya-04594-64x64.jpg 64w\" sizes=\"auto, (max-width: 2000px) 100vw, 2000px\" \/>\t\t\t\t\t\t\t\t\t\t\t\t\t\t\t<\/div>\n\t\t\t\t<\/div>\n\t\t\t\t\t<\/div>\n\t\t\t\t<\/div>\n\t\t\t\t<section class=\"elementor-section elementor-top-section elementor-element elementor-element-60b6b06 elementor-section-boxed elementor-section-height-default elementor-section-height-default\" data-id=\"60b6b06\" data-element_type=\"section\" data-e-type=\"section\">\n\t\t\t\t\t\t<div class=\"elementor-container elementor-column-gap-default\">\n\t\t\t\t\t<div class=\"elementor-column elementor-col-33 elementor-top-column elementor-element elementor-element-3cc2062\" data-id=\"3cc2062\" data-element_type=\"column\" data-e-type=\"column\">\n\t\t\t<div class=\"elementor-widget-wrap elementor-element-populated\">\n\t\t\t\t\t\t<div class=\"elementor-element elementor-element-bde1bbc elementor-widget elementor-widget-heading\" data-id=\"bde1bbc\" data-element_type=\"widget\" data-e-type=\"widget\" data-widget_type=\"heading.default\">\n\t\t\t\t\t<h2 class=\"elementor-heading-title elementor-size-default\">Der Schmied<\/h2>\t\t\t\t<\/div>\n\t\t\t\t\t<\/div>\n\t\t<\/div>\n\t\t\t\t<div class=\"elementor-column elementor-col-66 elementor-top-column elementor-element elementor-element-0e744ef\" data-id=\"0e744ef\" data-element_type=\"column\" data-e-type=\"column\">\n\t\t\t<div class=\"elementor-widget-wrap elementor-element-populated\">\n\t\t\t\t\t\t<div class=\"elementor-element elementor-element-7d0c097 elementor-widget elementor-widget-image\" data-id=\"7d0c097\" data-element_type=\"widget\" data-e-type=\"widget\" data-widget_type=\"image.default\">\n\t\t\t\t\t\t\t\t\t\t\t\t\t\t\t<img loading=\"lazy\" decoding=\"async\" loading=\"lazy\" width=\"2000\" height=\"1330\" src=\"https:\/\/cdn.oishya.com\/wp-content\/uploads\/2023\/04\/06212038\/seki-kyuba.jpg\" class=\"attachment-large size-large wp-image-71204\" alt=\"seki kyuba blacksmith\" sizes=\"auto, \" \/>\t\t\t\t\t\t\t\t\t\t\t\t\t\t\t<\/div>\n\t\t\t\t\t<\/div>\n\t\t<\/div>\n\t\t\t\t\t<\/div>\n\t\t<\/section>\n\t\t\t\t<\/div>\n\t\t","protected":false},"excerpt":{"rendered":"<p>Das Seki Kyuba SHIN Santoku ist die Spitze der japanischen Allzweckmesser, perfekt f\u00fcr den ernsthaften Koch, der das Beste verlangt. Seine 18 cm lange Klinge aus hochwertigem SG2\/R2-Pulverstahl mit einer 31-lagigen Damastkonstruktion bietet eine unvergleichliche Sch\u00e4rfe und Schnitthaltigkeit. Das geh\u00e4mmerte Finish \u00fcber dem Damastmuster sorgt nicht nur f\u00fcr eine atemberaubende \u00c4sthetik, sondern verbessert auch die Leistung, indem es das Anhaften von Lebensmitteln reduziert. Dieses Santoku eignet sich hervorragend zum Schneiden, W\u00fcrfeln und Hacken und ist damit das ultimative Werkzeug f\u00fcr allt\u00e4gliche K\u00fcchenarbeiten, die Pr\u00e4zision und Effizienz erfordern.<\/p>\n","protected":false},"featured_media":90993,"comment_status":"open","ping_status":"closed","template":"","meta":{"_acf_changed":false,"_glsr_average":0,"_glsr_ranking":0,"_glsr_reviews":0},"product_brand":[],"product_cat":[9035,9059],"product_tag":[9501],"class_list":{"0":"post-103666","1":"product","2":"type-product","3":"status-publish","4":"has-post-thumbnail","6":"product_cat-japanische-messer","7":"product_cat-kochmesser","8":"product_tag-seki-kyuba-shin-de","9":"pa_blade-length-180mm-de","10":"pa_hrc-60-62","11":"pa_knife-handle-material-verfestigtes-ahorn-holz","12":"pa_knife-type-kuchenchef","13":"pa_knife-type-santoku-de","14":"pa_steel-type-damaskus","15":"pa_steel-type-stainless","17":"first","18":"onbackorder","19":"shipping-taxable","20":"purchasable","21":"product-type-variable"},"supplier_id":null,"supplier_sku":"","barcode":null,"atum_controlled":true,"out_stock_date":null,"out_stock_threshold":null,"inheritable":true,"inbound_stock":null,"stock_on_hold":4,"sold_today":0,"sales_last_days":0,"reserved_stock":null,"customer_returns":null,"warehouse_damage":null,"lost_in_post":null,"other_logs":null,"out_stock_days":0,"lost_sales":0,"has_location":false,"update_date":"2026-04-17T00:31:05","atum_locations":[],"atum_stock_status":"onbackorder","restock_status":false,"low_stock_amount":2,"sales_update_date":"2026-04-17T00:31:05","calc_backorders":-2,"acf":[],"_links":{"self":[{"href":"https:\/\/oishya.com\/de\/wp-json\/wp\/v2\/product\/103666","targetHints":{"allow":["GET"]}}],"collection":[{"href":"https:\/\/oishya.com\/de\/wp-json\/wp\/v2\/product"}],"about":[{"href":"https:\/\/oishya.com\/de\/wp-json\/wp\/v2\/types\/product"}],"replies":[{"embeddable":true,"href":"https:\/\/oishya.com\/de\/wp-json\/wp\/v2\/comments?post=103666"}],"version-history":[{"count":5,"href":"https:\/\/oishya.com\/de\/wp-json\/wp\/v2\/product\/103666\/revisions"}],"predecessor-version":[{"id":114708,"href":"https:\/\/oishya.com\/de\/wp-json\/wp\/v2\/product\/103666\/revisions\/114708"}],"wp:featuredmedia":[{"embeddable":true,"href":"https:\/\/oishya.com\/de\/wp-json\/wp\/v2\/media\/90993"}],"wp:attachment":[{"href":"https:\/\/oishya.com\/de\/wp-json\/wp\/v2\/media?parent=103666"}],"wp:term":[{"taxonomy":"product_brand","embeddable":true,"href":"https:\/\/oishya.com\/de\/wp-json\/wp\/v2\/product_brand?post=103666"},{"taxonomy":"product_cat","embeddable":true,"href":"https:\/\/oishya.com\/de\/wp-json\/wp\/v2\/product_cat?post=103666"},{"taxonomy":"product_tag","embeddable":true,"href":"https:\/\/oishya.com\/de\/wp-json\/wp\/v2\/product_tag?post=103666"}],"curies":[{"name":"wp","href":"https:\/\/api.w.org\/{rel}","templated":true}]}}