{"id":103664,"date":"2024-08-19T12:55:04","date_gmt":"2024-08-19T11:55:04","guid":{"rendered":"https:\/\/oishya.com\/product\/seki-kyuba-kata-gemuesemesser-nakiri-18cm-mediterran-blau\/"},"modified":"2026-01-16T21:22:03","modified_gmt":"2026-01-16T21:22:03","slug":"seki-kyuba-kata-gemusemesser-nakiri-18cm","status":"publish","type":"product","link":"https:\/\/oishya.com\/de\/seki-kyuba-kata-gemusemesser-nakiri-18cm\/","title":{"rendered":"Seki Kyuba KATA Gem\u00fcsemesser Nakiri 18cm"},"content":{"rendered":"\t\t<div data-elementor-type=\"product-post\" data-elementor-id=\"103664\" class=\"elementor elementor-103664 elementor-90884\" data-elementor-post-type=\"product\">\n\t\t\t\t\t\t<section class=\"elementor-section elementor-top-section elementor-element elementor-element-c2551d7 elementor-section-boxed elementor-section-height-default elementor-section-height-default\" data-id=\"c2551d7\" data-element_type=\"section\" data-e-type=\"section\">\n\t\t\t\t\t\t<div class=\"elementor-container elementor-column-gap-default\">\n\t\t\t\t\t<div class=\"elementor-column elementor-col-100 elementor-top-column elementor-element elementor-element-b5a0fb2\" data-id=\"b5a0fb2\" data-element_type=\"column\" data-e-type=\"column\">\n\t\t\t<div class=\"elementor-widget-wrap elementor-element-populated\">\n\t\t\t\t\t\t<div class=\"elementor-element elementor-element-106c94c elementor-widget elementor-widget-spacer\" data-id=\"106c94c\" data-element_type=\"widget\" data-e-type=\"widget\" data-widget_type=\"spacer.default\">\n\t\t\t\t\t\t\t<div class=\"elementor-spacer\">\n\t\t\t<div class=\"elementor-spacer-inner\"><\/div>\n\t\t<\/div>\n\t\t\t\t\t\t<\/div>\n\t\t\t\t\t<\/div>\n\t\t<\/div>\n\t\t\t\t\t<\/div>\n\t\t<\/section>\n\t\t\t\t<section class=\"elementor-section elementor-top-section elementor-element elementor-element-c90c38a elementor-section-boxed elementor-section-height-default elementor-section-height-default\" data-id=\"c90c38a\" data-element_type=\"section\" data-e-type=\"section\">\n\t\t\t\t\t\t<div class=\"elementor-container elementor-column-gap-default\">\n\t\t\t\t\t<div class=\"elementor-column elementor-col-33 elementor-top-column elementor-element elementor-element-49c436a\" data-id=\"49c436a\" data-element_type=\"column\" data-e-type=\"column\">\n\t\t\t<div class=\"elementor-widget-wrap elementor-element-populated\">\n\t\t\t\t\t\t<div class=\"elementor-element elementor-element-765e61e elementor-widget elementor-widget-heading\" data-id=\"765e61e\" data-element_type=\"widget\" data-e-type=\"widget\" data-widget_type=\"heading.default\">\n\t\t\t\t\t<h2 class=\"elementor-heading-title elementor-size-default\">Die Nakiri<\/h2>\t\t\t\t<\/div>\n\t\t\t\t<div class=\"elementor-element elementor-element-9145eb5 elementor-widget elementor-widget-text-editor\" data-id=\"9145eb5\" data-element_type=\"widget\" data-e-type=\"widget\" data-widget_type=\"text-editor.default\">\n\t\t\t\t\t\t\t\t\t<p>Das Seki Kyuba KATA Nakiri mit seiner 18 cm langen Klinge ist das Gem\u00fcsemesser schlechthin in der japanischen K\u00fcche. Der Begriff &#8220;Nakiri&#8221; bedeutet grob \u00fcbersetzt &#8220;Blattschneider&#8221; und beschreibt damit treffend seine Hauptfunktion. Diese spezielle Klingenform mit ihrer geraden Kante und der abgeschr\u00e4gten Spitze ist f\u00fcr das effiziente Schneiden von Gem\u00fcse konzipiert.<\/p>\n<p>Mit einem VG10-Stahlkern in einer 3-Lagen-Konstruktion ist das KATA Nakiri ein Beispiel f\u00fcr die Verbindung traditioneller japanischer Messerherstellungstechniken mit moderner Metallurgie. Der VG10-Kern sorgt f\u00fcr eine rasiermesserscharfe Klinge mit hervorragender Schnitthaltigkeit, w\u00e4hrend die \u00e4u\u00dferen Schichten f\u00fcr zus\u00e4tzliche Haltbarkeit und Fleckenbest\u00e4ndigkeit sorgen. Die geh\u00e4mmerte Oberfl\u00e4che der Klinge sorgt nicht nur f\u00fcr eine sch\u00f6ne \u00c4sthetik, sondern erzeugt auch winzige Lufteinschl\u00fcsse, die verhindern, dass Gem\u00fcse beim Schneiden an der Klinge kleben bleibt.<\/p>\n<p>Die 18 cm lange Klinge des Nakiri bietet viel Spielraum f\u00fcr die Kn\u00f6chel und erm\u00f6glicht komfortable, wiederholte Schneidebewegungen ohne Erm\u00fcdung. Das hohe Klingenprofil erleichtert au\u00dferdem das Auffangen des geschnittenen Gem\u00fcses und vereinfacht so die Vorbereitungsarbeit.<\/p>\n<p><span style=\"color: var( --e-global-color-text ); font-family: var( --e-global-typography-primary-font-family ), Sans-serif; font-size: var( --e-global-typography-primary-font-size ); font-weight: var( --e-global-typography-primary-font-weight ); letter-spacing: var( --e-global-typography-primary-letter-spacing );\">Das Seki Kyuba KATA Nakiri bietet denjenigen, die der Zubereitung von Gem\u00fcse Priorit\u00e4t einr\u00e4umen oder ihre Sammlung um ein Spezialmesser erweitern m\u00f6chten, eine unvergleichliche Leistung. <\/span><\/p>\n\t\t\t\t\t\t\t\t<\/div>\n\t\t\t\t\t<\/div>\n\t\t<\/div>\n\t\t\t\t<div class=\"elementor-column elementor-col-66 elementor-top-column elementor-element elementor-element-d1934e6\" data-id=\"d1934e6\" data-element_type=\"column\" data-e-type=\"column\">\n\t\t\t<div class=\"elementor-widget-wrap elementor-element-populated\">\n\t\t\t\t\t\t<div class=\"elementor-element elementor-element-bf19e3f elementor-widget elementor-widget-image\" data-id=\"bf19e3f\" data-element_type=\"widget\" data-e-type=\"widget\" data-widget_type=\"image.default\">\n\t\t\t\t\t\t\t\t\t\t\t\t\t\t\t<img decoding=\"async\" loading=\"lazy\" src=\"https:\/\/cdn.oishya.com\/wp-content\/uploads\/2024\/08\/04122044\/NEW-japanese-kitchen-knife-oishya-seki-kyuba-knives-08060.jpg\" title=\"Seki Kyuba KATA Nakiri\" alt=\"Seki Kyuba KATA Nakiri\" \/>\t\t\t\t\t\t\t\t\t\t\t\t\t\t\t<\/div>\n\t\t\t\t\t<\/div>\n\t\t<\/div>\n\t\t\t\t\t<\/div>\n\t\t<\/section>\n\t\t\t\t<section class=\"elementor-section elementor-top-section elementor-element elementor-element-7dac8a7 elementor-section-boxed elementor-section-height-default elementor-section-height-default\" data-id=\"7dac8a7\" data-element_type=\"section\" data-e-type=\"section\">\n\t\t\t\t\t\t<div class=\"elementor-container elementor-column-gap-default\">\n\t\t\t\t\t<div class=\"elementor-column elementor-col-66 elementor-top-column elementor-element elementor-element-981b8e7\" data-id=\"981b8e7\" data-element_type=\"column\" data-e-type=\"column\">\n\t\t\t<div class=\"elementor-widget-wrap elementor-element-populated\">\n\t\t\t\t\t\t<div class=\"elementor-element elementor-element-95baf2e elementor-widget elementor-widget-image\" data-id=\"95baf2e\" data-element_type=\"widget\" data-e-type=\"widget\" data-widget_type=\"image.default\">\n\t\t\t\t\t\t\t\t\t\t\t\t\t\t\t<img loading=\"lazy\" decoding=\"async\" loading=\"lazy\" width=\"1111\" height=\"1111\" src=\"https:\/\/cdn.oishya.com\/wp-content\/uploads\/2024\/08\/19111810\/seki-kyuba-vegetable-knife-nakiri-close-up.jpg\" class=\"attachment-large size-large wp-image-90873\" alt=\"seki kyuba gem\u00fcsemesser nakiri nahaufnahme\" srcset=\"https:\/\/cdn.oishya.com\/wp-content\/uploads\/2024\/08\/19111810\/seki-kyuba-vegetable-knife-nakiri-close-up.jpg 1111w, https:\/\/cdn.oishya.com\/wp-content\/uploads\/2024\/08\/19111810\/seki-kyuba-vegetable-knife-nakiri-close-up-300x300.jpg 300w, https:\/\/cdn.oishya.com\/wp-content\/uploads\/2024\/08\/19111810\/seki-kyuba-vegetable-knife-nakiri-close-up-150x150.jpg 150w, https:\/\/cdn.oishya.com\/wp-content\/uploads\/2024\/08\/19111810\/seki-kyuba-vegetable-knife-nakiri-close-up-700x700.jpg 700w, https:\/\/cdn.oishya.com\/wp-content\/uploads\/2024\/08\/19111810\/seki-kyuba-vegetable-knife-nakiri-close-up-64x64.jpg 64w, https:\/\/cdn.oishya.com\/wp-content\/uploads\/2024\/08\/19111810\/seki-kyuba-vegetable-knife-nakiri-close-up-768x768.jpg 768w, https:\/\/cdn.oishya.com\/wp-content\/uploads\/2024\/08\/19111810\/seki-kyuba-vegetable-knife-nakiri-close-up-990x990.jpg 990w, https:\/\/cdn.oishya.com\/wp-content\/uploads\/2024\/08\/19111810\/seki-kyuba-vegetable-knife-nakiri-close-up-441x441.jpg 441w, https:\/\/cdn.oishya.com\/wp-content\/uploads\/2024\/08\/19111810\/seki-kyuba-vegetable-knife-nakiri-close-up-100x100.jpg 100w, https:\/\/cdn.oishya.com\/wp-content\/uploads\/2024\/08\/19111810\/seki-kyuba-vegetable-knife-nakiri-close-up-96x96.jpg 96w\" sizes=\"auto, (max-width: 1111px) 100vw, 1111px\" \/>\t\t\t\t\t\t\t\t\t\t\t\t\t\t\t<\/div>\n\t\t\t\t\t<\/div>\n\t\t<\/div>\n\t\t\t\t<div class=\"elementor-column elementor-col-33 elementor-top-column elementor-element elementor-element-585468a\" data-id=\"585468a\" data-element_type=\"column\" data-e-type=\"column\">\n\t\t\t<div class=\"elementor-widget-wrap elementor-element-populated\">\n\t\t\t\t\t\t<div class=\"elementor-element elementor-element-29704dc elementor-widget elementor-widget-heading\" data-id=\"29704dc\" data-element_type=\"widget\" data-e-type=\"widget\" data-widget_type=\"heading.default\">\n\t\t\t\t\t<h2 class=\"elementor-heading-title elementor-size-default\">Die Klinge<\/h2>\t\t\t\t<\/div>\n\t\t\t\t\t<\/div>\n\t\t<\/div>\n\t\t\t\t\t<\/div>\n\t\t<\/section>\n\t\t\t\t<section class=\"elementor-section elementor-top-section elementor-element elementor-element-593bf53 elementor-section-boxed elementor-section-height-default elementor-section-height-default\" data-id=\"593bf53\" data-element_type=\"section\" data-e-type=\"section\">\n\t\t\t\t\t\t<div class=\"elementor-container elementor-column-gap-default\">\n\t\t\t\t\t<div class=\"elementor-column elementor-col-33 elementor-top-column elementor-element elementor-element-9256c9b\" data-id=\"9256c9b\" data-element_type=\"column\" data-e-type=\"column\">\n\t\t\t<div class=\"elementor-widget-wrap elementor-element-populated\">\n\t\t\t\t\t\t<div class=\"elementor-element elementor-element-30b201f elementor-widget elementor-widget-heading\" data-id=\"30b201f\" data-element_type=\"widget\" data-e-type=\"widget\" data-widget_type=\"heading.default\">\n\t\t\t\t\t<h2 class=\"elementor-heading-title elementor-size-default\">Der Handgriff<\/h2>\t\t\t\t<\/div>\n\t\t\t\t\t<\/div>\n\t\t<\/div>\n\t\t\t\t<div class=\"elementor-column elementor-col-66 elementor-top-column elementor-element elementor-element-5bcab26\" data-id=\"5bcab26\" data-element_type=\"column\" data-e-type=\"column\">\n\t\t\t<div class=\"elementor-widget-wrap elementor-element-populated\">\n\t\t\t\t\t\t<div class=\"elementor-element elementor-element-d6d92da elementor-widget elementor-widget-image\" data-id=\"d6d92da\" data-element_type=\"widget\" data-e-type=\"widget\" data-widget_type=\"image.default\">\n\t\t\t\t\t\t\t\t\t\t\t\t\t\t\t<img loading=\"lazy\" decoding=\"async\" loading=\"lazy\" width=\"2000\" height=\"2000\" src=\"https:\/\/cdn.oishya.com\/wp-content\/uploads\/2023\/12\/19092244\/blade-close-up.jpg\" class=\"attachment-large size-large wp-image-90844\" alt=\"seki kyuba kata santoku blade close up\" srcset=\"https:\/\/cdn.oishya.com\/wp-content\/uploads\/2023\/12\/19092244\/blade-close-up.jpg 2000w, https:\/\/cdn.oishya.com\/wp-content\/uploads\/2023\/12\/19092244\/blade-close-up-300x300.jpg 300w, https:\/\/cdn.oishya.com\/wp-content\/uploads\/2023\/12\/19092244\/blade-close-up-150x150.jpg 150w, https:\/\/cdn.oishya.com\/wp-content\/uploads\/2023\/12\/19092244\/blade-close-up-700x700.jpg 700w, https:\/\/cdn.oishya.com\/wp-content\/uploads\/2023\/12\/19092244\/blade-close-up-64x64.jpg 64w, https:\/\/cdn.oishya.com\/wp-content\/uploads\/2023\/12\/19092244\/blade-close-up-768x768.jpg 768w, https:\/\/cdn.oishya.com\/wp-content\/uploads\/2023\/12\/19092244\/blade-close-up-990x990.jpg 990w, https:\/\/cdn.oishya.com\/wp-content\/uploads\/2023\/12\/19092244\/blade-close-up-441x441.jpg 441w, https:\/\/cdn.oishya.com\/wp-content\/uploads\/2023\/12\/19092244\/blade-close-up-100x100.jpg 100w, https:\/\/cdn.oishya.com\/wp-content\/uploads\/2023\/12\/19092244\/blade-close-up-96x96.jpg 96w\" sizes=\"auto, (max-width: 2000px) 100vw, 2000px\" \/>\t\t\t\t\t\t\t\t\t\t\t\t\t\t\t<\/div>\n\t\t\t\t\t<\/div>\n\t\t<\/div>\n\t\t\t\t\t<\/div>\n\t\t<\/section>\n\t\t<div class=\"elementor-element elementor-element-9aa5508 e-flex e-con-boxed e-con e-parent\" data-id=\"9aa5508\" data-element_type=\"container\" data-e-type=\"container\">\n\t\t\t\t\t<div class=\"e-con-inner\">\n\t\t<div class=\"elementor-element elementor-element-b9233c5 e-con-full e-flex e-con e-child\" data-id=\"b9233c5\" data-element_type=\"container\" data-e-type=\"container\">\n\t\t\t\t<div class=\"elementor-element elementor-element-dadca1f elementor-widget elementor-widget-image\" data-id=\"dadca1f\" data-element_type=\"widget\" data-e-type=\"widget\" data-widget_type=\"image.default\">\n\t\t\t\t\t\t\t\t\t\t\t\t\t\t\t<img loading=\"lazy\" decoding=\"async\" loading=\"lazy\" width=\"2000\" height=\"3088\" src=\"https:\/\/cdn.oishya.com\/wp-content\/uploads\/2024\/08\/04122057\/seki-kyuba-kata-set-packaging-japanese-knives-2.jpg\" class=\"attachment-large size-large wp-image-115052\" alt=\"seki kyuba kata set packaging japanese knives 2\" srcset=\"https:\/\/cdn.oishya.com\/wp-content\/uploads\/2024\/08\/04122057\/seki-kyuba-kata-set-packaging-japanese-knives-2.jpg 2000w, https:\/\/cdn.oishya.com\/wp-content\/uploads\/2024\/08\/04122057\/seki-kyuba-kata-set-packaging-japanese-knives-2-768x1186.jpg 768w, https:\/\/cdn.oishya.com\/wp-content\/uploads\/2024\/08\/04122057\/seki-kyuba-kata-set-packaging-japanese-knives-2-700x1081.jpg 700w, https:\/\/cdn.oishya.com\/wp-content\/uploads\/2024\/08\/04122057\/seki-kyuba-kata-set-packaging-japanese-knives-2-150x232.jpg 150w, https:\/\/cdn.oishya.com\/wp-content\/uploads\/2024\/08\/04122057\/seki-kyuba-kata-set-packaging-japanese-knives-2-64x99.jpg 64w\" sizes=\"auto, (max-width: 2000px) 100vw, 2000px\" \/>\t\t\t\t\t\t\t\t\t\t\t\t\t\t\t<\/div>\n\t\t\t\t<\/div>\n\t\t<div class=\"elementor-element elementor-element-e145630 e-con-full e-flex e-con e-child\" data-id=\"e145630\" data-element_type=\"container\" data-e-type=\"container\">\n\t\t\t\t<div class=\"elementor-element elementor-element-ac8744f elementor-widget elementor-widget-image\" data-id=\"ac8744f\" data-element_type=\"widget\" data-e-type=\"widget\" data-widget_type=\"image.default\">\n\t\t\t\t\t\t\t\t\t\t\t\t\t\t\t<img loading=\"lazy\" decoding=\"async\" loading=\"lazy\" width=\"2000\" height=\"2000\" src=\"https:\/\/cdn.oishya.com\/wp-content\/uploads\/2025\/08\/04122443\/certificate-of-authenticity-coin-japanese-knives-kitchen-knives-oishya-04596.jpg\" class=\"attachment-large size-large wp-image-109916\" alt=\"\" srcset=\"https:\/\/cdn.oishya.com\/wp-content\/uploads\/2025\/08\/04122443\/certificate-of-authenticity-coin-japanese-knives-kitchen-knives-oishya-04596.jpg 2000w, https:\/\/cdn.oishya.com\/wp-content\/uploads\/2025\/08\/04122443\/certificate-of-authenticity-coin-japanese-knives-kitchen-knives-oishya-04596-150x150.jpg 150w, https:\/\/cdn.oishya.com\/wp-content\/uploads\/2025\/08\/04122443\/certificate-of-authenticity-coin-japanese-knives-kitchen-knives-oishya-04596-768x768.jpg 768w, https:\/\/cdn.oishya.com\/wp-content\/uploads\/2025\/08\/04122443\/certificate-of-authenticity-coin-japanese-knives-kitchen-knives-oishya-04596-300x300.jpg 300w, https:\/\/cdn.oishya.com\/wp-content\/uploads\/2025\/08\/04122443\/certificate-of-authenticity-coin-japanese-knives-kitchen-knives-oishya-04596-700x700.jpg 700w, https:\/\/cdn.oishya.com\/wp-content\/uploads\/2025\/08\/04122443\/certificate-of-authenticity-coin-japanese-knives-kitchen-knives-oishya-04596-96x96.jpg 96w, https:\/\/cdn.oishya.com\/wp-content\/uploads\/2025\/08\/04122443\/certificate-of-authenticity-coin-japanese-knives-kitchen-knives-oishya-04596-100x100.jpg 100w, https:\/\/cdn.oishya.com\/wp-content\/uploads\/2025\/08\/04122443\/certificate-of-authenticity-coin-japanese-knives-kitchen-knives-oishya-04596-64x64.jpg 64w\" sizes=\"auto, (max-width: 2000px) 100vw, 2000px\" \/>\t\t\t\t\t\t\t\t\t\t\t\t\t\t\t<\/div>\n\t\t\t\t<div class=\"elementor-element elementor-element-14ee5f1 elementor-widget elementor-widget-image\" data-id=\"14ee5f1\" data-element_type=\"widget\" data-e-type=\"widget\" data-widget_type=\"image.default\">\n\t\t\t\t\t\t\t\t\t\t\t\t\t\t\t<img loading=\"lazy\" decoding=\"async\" loading=\"lazy\" width=\"2000\" height=\"2000\" src=\"https:\/\/cdn.oishya.com\/wp-content\/uploads\/2025\/08\/04122448\/certificate-of-authenticity-coin-japanese-knives-kitchen-knives-oishya-04594.jpg\" class=\"attachment-large size-large wp-image-109914\" alt=\"\" srcset=\"https:\/\/cdn.oishya.com\/wp-content\/uploads\/2025\/08\/04122448\/certificate-of-authenticity-coin-japanese-knives-kitchen-knives-oishya-04594.jpg 2000w, https:\/\/cdn.oishya.com\/wp-content\/uploads\/2025\/08\/04122448\/certificate-of-authenticity-coin-japanese-knives-kitchen-knives-oishya-04594-150x150.jpg 150w, https:\/\/cdn.oishya.com\/wp-content\/uploads\/2025\/08\/04122448\/certificate-of-authenticity-coin-japanese-knives-kitchen-knives-oishya-04594-768x768.jpg 768w, https:\/\/cdn.oishya.com\/wp-content\/uploads\/2025\/08\/04122448\/certificate-of-authenticity-coin-japanese-knives-kitchen-knives-oishya-04594-300x300.jpg 300w, https:\/\/cdn.oishya.com\/wp-content\/uploads\/2025\/08\/04122448\/certificate-of-authenticity-coin-japanese-knives-kitchen-knives-oishya-04594-700x700.jpg 700w, https:\/\/cdn.oishya.com\/wp-content\/uploads\/2025\/08\/04122448\/certificate-of-authenticity-coin-japanese-knives-kitchen-knives-oishya-04594-96x96.jpg 96w, https:\/\/cdn.oishya.com\/wp-content\/uploads\/2025\/08\/04122448\/certificate-of-authenticity-coin-japanese-knives-kitchen-knives-oishya-04594-100x100.jpg 100w, https:\/\/cdn.oishya.com\/wp-content\/uploads\/2025\/08\/04122448\/certificate-of-authenticity-coin-japanese-knives-kitchen-knives-oishya-04594-64x64.jpg 64w\" sizes=\"auto, (max-width: 2000px) 100vw, 2000px\" \/>\t\t\t\t\t\t\t\t\t\t\t\t\t\t\t<\/div>\n\t\t\t\t<\/div>\n\t\t\t\t\t<\/div>\n\t\t\t\t<\/div>\n\t\t\t\t<section class=\"elementor-section elementor-top-section elementor-element elementor-element-242b86a elementor-section-boxed elementor-section-height-default elementor-section-height-default\" data-id=\"242b86a\" data-element_type=\"section\" data-e-type=\"section\">\n\t\t\t\t\t\t<div class=\"elementor-container elementor-column-gap-default\">\n\t\t\t\t\t<div class=\"elementor-column elementor-col-33 elementor-top-column elementor-element elementor-element-0a542d9\" data-id=\"0a542d9\" data-element_type=\"column\" data-e-type=\"column\">\n\t\t\t<div class=\"elementor-widget-wrap elementor-element-populated\">\n\t\t\t\t\t\t<div class=\"elementor-element elementor-element-9e77736 elementor-widget elementor-widget-heading\" data-id=\"9e77736\" data-element_type=\"widget\" data-e-type=\"widget\" data-widget_type=\"heading.default\">\n\t\t\t\t\t<h2 class=\"elementor-heading-title elementor-size-default\">Der Schmied<\/h2>\t\t\t\t<\/div>\n\t\t\t\t\t<\/div>\n\t\t<\/div>\n\t\t\t\t<div class=\"elementor-column elementor-col-66 elementor-top-column elementor-element elementor-element-79852e4\" data-id=\"79852e4\" data-element_type=\"column\" data-e-type=\"column\">\n\t\t\t<div class=\"elementor-widget-wrap elementor-element-populated\">\n\t\t\t\t\t\t<div class=\"elementor-element elementor-element-a190b43 elementor-widget elementor-widget-image\" data-id=\"a190b43\" data-element_type=\"widget\" data-e-type=\"widget\" data-widget_type=\"image.default\">\n\t\t\t\t\t\t\t\t\t\t\t\t\t\t\t<img loading=\"lazy\" decoding=\"async\" loading=\"lazy\" width=\"2000\" height=\"1330\" src=\"https:\/\/cdn.oishya.com\/wp-content\/uploads\/2023\/04\/06212038\/seki-kyuba.jpg\" class=\"attachment-large size-large wp-image-71204\" alt=\"seki kyuba blacksmith\" sizes=\"auto, \" \/>\t\t\t\t\t\t\t\t\t\t\t\t\t\t\t<\/div>\n\t\t\t\t\t<\/div>\n\t\t<\/div>\n\t\t\t\t\t<\/div>\n\t\t<\/section>\n\t\t\t\t<\/div>\n\t\t","protected":false},"excerpt":{"rendered":"<p>F\u00fcr Gem\u00fcseliebhaber ist das Seki Kyuba KATA Nakiri ein echter Knaller. Die 18 cm lange, gerade Klinge aus VG10-Stahl mit einer 3-Schicht-Konstruktion ist f\u00fcr pr\u00e4zises, m\u00fcheloses Schneiden durch alle Arten von Gem\u00fcse ausgelegt. Die geh\u00e4mmerte Oberfl\u00e4che ist nicht nur sch\u00f6n, sondern auch funktionell, denn sie verhindert, dass Gem\u00fcse an der Klinge kleben bleibt. Mit seinem hohen Profil und der abgewinkelten Spitze verwandelt dieses Nakiri Ihre Gem\u00fcsezubereitung von einer l\u00e4stigen Pflicht in ein kulinarisches Erlebnis.<\/p>\n","protected":false},"featured_media":90871,"comment_status":"open","ping_status":"closed","template":"","meta":{"_acf_changed":false,"_glsr_average":0,"_glsr_ranking":0,"_glsr_reviews":0},"product_brand":[],"product_cat":[9061,9035],"product_tag":[9509],"class_list":{"0":"post-103664","1":"product","2":"type-product","3":"status-publish","4":"has-post-thumbnail","6":"product_cat-gemusemesser","7":"product_cat-japanische-messer","8":"product_tag-seki-kyuba-kata-de","9":"pa_blade-length-165mm-de","10":"pa_hrc-63-64-de","11":"pa_knife-handle-material-verfestigtes-ahorn-holz","12":"pa_knife-type-kuchenchef","13":"pa_steel-type-stainless","14":"pa_steel-type-vg10-high-carbon-stainless-steel","16":"first","17":"instock","18":"shipping-taxable","19":"purchasable","20":"product-type-variable"},"supplier_id":null,"supplier_sku":"","barcode":null,"atum_controlled":true,"out_stock_date":null,"out_stock_threshold":null,"inheritable":true,"inbound_stock":null,"stock_on_hold":3,"sold_today":0,"sales_last_days":0,"reserved_stock":null,"customer_returns":null,"warehouse_damage":null,"lost_in_post":null,"other_logs":null,"out_stock_days":0,"lost_sales":0,"has_location":false,"update_date":"2026-04-18T00:31:18","atum_locations":[],"atum_stock_status":"instock","restock_status":false,"low_stock_amount":2,"sales_update_date":"2026-04-18T00:31:18","calc_backorders":0,"acf":[],"_links":{"self":[{"href":"https:\/\/oishya.com\/de\/wp-json\/wp\/v2\/product\/103664","targetHints":{"allow":["GET"]}}],"collection":[{"href":"https:\/\/oishya.com\/de\/wp-json\/wp\/v2\/product"}],"about":[{"href":"https:\/\/oishya.com\/de\/wp-json\/wp\/v2\/types\/product"}],"replies":[{"embeddable":true,"href":"https:\/\/oishya.com\/de\/wp-json\/wp\/v2\/comments?post=103664"}],"version-history":[{"count":5,"href":"https:\/\/oishya.com\/de\/wp-json\/wp\/v2\/product\/103664\/revisions"}],"predecessor-version":[{"id":114718,"href":"https:\/\/oishya.com\/de\/wp-json\/wp\/v2\/product\/103664\/revisions\/114718"}],"wp:featuredmedia":[{"embeddable":true,"href":"https:\/\/oishya.com\/de\/wp-json\/wp\/v2\/media\/90871"}],"wp:attachment":[{"href":"https:\/\/oishya.com\/de\/wp-json\/wp\/v2\/media?parent=103664"}],"wp:term":[{"taxonomy":"product_brand","embeddable":true,"href":"https:\/\/oishya.com\/de\/wp-json\/wp\/v2\/product_brand?post=103664"},{"taxonomy":"product_cat","embeddable":true,"href":"https:\/\/oishya.com\/de\/wp-json\/wp\/v2\/product_cat?post=103664"},{"taxonomy":"product_tag","embeddable":true,"href":"https:\/\/oishya.com\/de\/wp-json\/wp\/v2\/product_tag?post=103664"}],"curies":[{"name":"wp","href":"https:\/\/api.w.org\/{rel}","templated":true}]}}