{"id":103658,"date":"2024-08-19T09:41:33","date_gmt":"2024-08-19T08:41:33","guid":{"rendered":"https:\/\/oishya.com\/product\/seki-kyuba-kata-chefs-santoku-16-5cm-mittelmeer-blau\/"},"modified":"2026-01-16T21:22:02","modified_gmt":"2026-01-16T21:22:02","slug":"seki-kyuba-kata-chefs-santoku-16-5cm","status":"publish","type":"product","link":"https:\/\/oishya.com\/de\/seki-kyuba-kata-chefs-santoku-16-5cm\/","title":{"rendered":"Seki Kyuba KATA Chef&#8217;s Santoku 16.5cm"},"content":{"rendered":"\t\t<div data-elementor-type=\"product-post\" data-elementor-id=\"103658\" class=\"elementor elementor-103658 elementor-90854\" data-elementor-post-type=\"product\">\n\t\t\t\t\t\t<section class=\"elementor-section elementor-top-section elementor-element elementor-element-ad0c554 elementor-section-boxed elementor-section-height-default elementor-section-height-default\" data-id=\"ad0c554\" data-element_type=\"section\" data-e-type=\"section\">\n\t\t\t\t\t\t<div class=\"elementor-container elementor-column-gap-default\">\n\t\t\t\t\t<div class=\"elementor-column elementor-col-33 elementor-top-column elementor-element elementor-element-c511c05\" data-id=\"c511c05\" data-element_type=\"column\" data-e-type=\"column\">\n\t\t\t<div class=\"elementor-widget-wrap elementor-element-populated\">\n\t\t\t\t\t\t<div class=\"elementor-element elementor-element-bd30a9a elementor-widget elementor-widget-heading\" data-id=\"bd30a9a\" data-element_type=\"widget\" data-e-type=\"widget\" data-widget_type=\"heading.default\">\n\t\t\t\t\t<h2 class=\"elementor-heading-title elementor-size-default\">Das Santoku<\/h2>\t\t\t\t<\/div>\n\t\t\t\t\t<\/div>\n\t\t<\/div>\n\t\t\t\t<div class=\"elementor-column elementor-col-66 elementor-top-column elementor-element elementor-element-5ce3285\" data-id=\"5ce3285\" data-element_type=\"column\" data-e-type=\"column\">\n\t\t\t<div class=\"elementor-widget-wrap elementor-element-populated\">\n\t\t\t\t\t\t<div class=\"elementor-element elementor-element-348fc74 elementor-widget__width-initial elementor-widget elementor-widget-image\" data-id=\"348fc74\" data-element_type=\"widget\" data-e-type=\"widget\" data-widget_type=\"image.default\">\n\t\t\t\t\t\t\t\t\t\t\t\t\t\t\t<img decoding=\"async\" loading=\"lazy\" src=\"https:\/\/cdn.oishya.com\/wp-content\/uploads\/2023\/12\/04122041\/20240829_112234.jpg\" title=\"Seki Kyuba KATA Santoku Chef&#8217;s Daily Japanese Knife\" alt=\"Seki Kyuba KATA Santoku Chef&#039;s Daily Japanese Knife\" \/>\t\t\t\t\t\t\t\t\t\t\t\t\t\t\t<\/div>\n\t\t\t\t\t<\/div>\n\t\t<\/div>\n\t\t\t\t\t<\/div>\n\t\t<\/section>\n\t\t\t\t<section class=\"elementor-section elementor-top-section elementor-element elementor-element-8514e05 elementor-section-boxed elementor-section-height-default elementor-section-height-default\" data-id=\"8514e05\" data-element_type=\"section\" data-e-type=\"section\">\n\t\t\t\t\t\t<div class=\"elementor-container elementor-column-gap-default\">\n\t\t\t\t\t<div class=\"elementor-column elementor-col-66 elementor-top-column elementor-element elementor-element-f6c96fd\" data-id=\"f6c96fd\" data-element_type=\"column\" data-e-type=\"column\">\n\t\t\t<div class=\"elementor-widget-wrap elementor-element-populated\">\n\t\t\t\t\t\t<div class=\"elementor-element elementor-element-7259fe0 elementor-widget elementor-widget-image\" data-id=\"7259fe0\" data-element_type=\"widget\" data-e-type=\"widget\" data-widget_type=\"image.default\">\n\t\t\t\t\t\t\t\t\t\t\t\t\t\t\t<img loading=\"lazy\" decoding=\"async\" loading=\"lazy\" width=\"1111\" height=\"1111\" src=\"https:\/\/cdn.oishya.com\/wp-content\/uploads\/2024\/08\/19111810\/seki-kyuba-vegetable-knife-nakiri-close-up.jpg\" class=\"attachment-large size-large wp-image-90873\" alt=\"seki kyuba gem\u00fcsemesser nakiri nahaufnahme\" srcset=\"https:\/\/cdn.oishya.com\/wp-content\/uploads\/2024\/08\/19111810\/seki-kyuba-vegetable-knife-nakiri-close-up.jpg 1111w, https:\/\/cdn.oishya.com\/wp-content\/uploads\/2024\/08\/19111810\/seki-kyuba-vegetable-knife-nakiri-close-up-300x300.jpg 300w, https:\/\/cdn.oishya.com\/wp-content\/uploads\/2024\/08\/19111810\/seki-kyuba-vegetable-knife-nakiri-close-up-150x150.jpg 150w, https:\/\/cdn.oishya.com\/wp-content\/uploads\/2024\/08\/19111810\/seki-kyuba-vegetable-knife-nakiri-close-up-700x700.jpg 700w, https:\/\/cdn.oishya.com\/wp-content\/uploads\/2024\/08\/19111810\/seki-kyuba-vegetable-knife-nakiri-close-up-64x64.jpg 64w, https:\/\/cdn.oishya.com\/wp-content\/uploads\/2024\/08\/19111810\/seki-kyuba-vegetable-knife-nakiri-close-up-768x768.jpg 768w, https:\/\/cdn.oishya.com\/wp-content\/uploads\/2024\/08\/19111810\/seki-kyuba-vegetable-knife-nakiri-close-up-990x990.jpg 990w, https:\/\/cdn.oishya.com\/wp-content\/uploads\/2024\/08\/19111810\/seki-kyuba-vegetable-knife-nakiri-close-up-441x441.jpg 441w, https:\/\/cdn.oishya.com\/wp-content\/uploads\/2024\/08\/19111810\/seki-kyuba-vegetable-knife-nakiri-close-up-100x100.jpg 100w, https:\/\/cdn.oishya.com\/wp-content\/uploads\/2024\/08\/19111810\/seki-kyuba-vegetable-knife-nakiri-close-up-96x96.jpg 96w\" sizes=\"auto, (max-width: 1111px) 100vw, 1111px\" \/>\t\t\t\t\t\t\t\t\t\t\t\t\t\t\t<\/div>\n\t\t\t\t\t<\/div>\n\t\t<\/div>\n\t\t\t\t<div class=\"elementor-column elementor-col-33 elementor-top-column elementor-element elementor-element-e0c632c\" data-id=\"e0c632c\" data-element_type=\"column\" data-e-type=\"column\">\n\t\t\t<div class=\"elementor-widget-wrap elementor-element-populated\">\n\t\t\t\t\t\t<div class=\"elementor-element elementor-element-62cdc5e elementor-widget elementor-widget-heading\" data-id=\"62cdc5e\" data-element_type=\"widget\" data-e-type=\"widget\" data-widget_type=\"heading.default\">\n\t\t\t\t\t<h2 class=\"elementor-heading-title elementor-size-default\">Die Klinge<\/h2>\t\t\t\t<\/div>\n\t\t\t\t\t<\/div>\n\t\t<\/div>\n\t\t\t\t\t<\/div>\n\t\t<\/section>\n\t\t\t\t<section class=\"elementor-section elementor-top-section elementor-element elementor-element-470c052 elementor-section-boxed elementor-section-height-default elementor-section-height-default\" data-id=\"470c052\" data-element_type=\"section\" data-e-type=\"section\">\n\t\t\t\t\t\t<div class=\"elementor-container elementor-column-gap-default\">\n\t\t\t\t\t<div class=\"elementor-column elementor-col-33 elementor-top-column elementor-element elementor-element-c27d9b6\" data-id=\"c27d9b6\" data-element_type=\"column\" data-e-type=\"column\">\n\t\t\t<div class=\"elementor-widget-wrap elementor-element-populated\">\n\t\t\t\t\t\t<div class=\"elementor-element elementor-element-dcf2f6b elementor-widget elementor-widget-heading\" data-id=\"dcf2f6b\" data-element_type=\"widget\" data-e-type=\"widget\" data-widget_type=\"heading.default\">\n\t\t\t\t\t<h2 class=\"elementor-heading-title elementor-size-default\">Der Handgriff<\/h2>\t\t\t\t<\/div>\n\t\t\t\t\t<\/div>\n\t\t<\/div>\n\t\t\t\t<div class=\"elementor-column elementor-col-66 elementor-top-column elementor-element elementor-element-34cb410\" data-id=\"34cb410\" data-element_type=\"column\" data-e-type=\"column\">\n\t\t\t<div class=\"elementor-widget-wrap elementor-element-populated\">\n\t\t\t\t\t\t<div class=\"elementor-element elementor-element-da59190 elementor-widget elementor-widget-image\" data-id=\"da59190\" data-element_type=\"widget\" data-e-type=\"widget\" data-widget_type=\"image.default\">\n\t\t\t\t\t\t\t\t\t\t\t\t\t\t\t<img loading=\"lazy\" decoding=\"async\" loading=\"lazy\" width=\"2000\" height=\"2000\" src=\"https:\/\/cdn.oishya.com\/wp-content\/uploads\/2023\/12\/19092244\/blade-close-up.jpg\" class=\"attachment-large size-large wp-image-90844\" alt=\"seki kyuba kata santoku blade close up\" srcset=\"https:\/\/cdn.oishya.com\/wp-content\/uploads\/2023\/12\/19092244\/blade-close-up.jpg 2000w, https:\/\/cdn.oishya.com\/wp-content\/uploads\/2023\/12\/19092244\/blade-close-up-300x300.jpg 300w, https:\/\/cdn.oishya.com\/wp-content\/uploads\/2023\/12\/19092244\/blade-close-up-150x150.jpg 150w, https:\/\/cdn.oishya.com\/wp-content\/uploads\/2023\/12\/19092244\/blade-close-up-700x700.jpg 700w, https:\/\/cdn.oishya.com\/wp-content\/uploads\/2023\/12\/19092244\/blade-close-up-64x64.jpg 64w, https:\/\/cdn.oishya.com\/wp-content\/uploads\/2023\/12\/19092244\/blade-close-up-768x768.jpg 768w, https:\/\/cdn.oishya.com\/wp-content\/uploads\/2023\/12\/19092244\/blade-close-up-990x990.jpg 990w, https:\/\/cdn.oishya.com\/wp-content\/uploads\/2023\/12\/19092244\/blade-close-up-441x441.jpg 441w, https:\/\/cdn.oishya.com\/wp-content\/uploads\/2023\/12\/19092244\/blade-close-up-100x100.jpg 100w, https:\/\/cdn.oishya.com\/wp-content\/uploads\/2023\/12\/19092244\/blade-close-up-96x96.jpg 96w\" sizes=\"auto, (max-width: 2000px) 100vw, 2000px\" \/>\t\t\t\t\t\t\t\t\t\t\t\t\t\t\t<\/div>\n\t\t\t\t\t<\/div>\n\t\t<\/div>\n\t\t\t\t\t<\/div>\n\t\t<\/section>\n\t\t<div class=\"elementor-element elementor-element-affbb66 e-flex e-con-boxed e-con e-parent\" data-id=\"affbb66\" data-element_type=\"container\" data-e-type=\"container\">\n\t\t\t\t\t<div class=\"e-con-inner\">\n\t\t<div class=\"elementor-element elementor-element-9c126ce e-con-full e-flex e-con e-child\" data-id=\"9c126ce\" data-element_type=\"container\" data-e-type=\"container\">\n\t\t\t\t<div class=\"elementor-element elementor-element-3b73561 elementor-widget elementor-widget-image\" data-id=\"3b73561\" data-element_type=\"widget\" data-e-type=\"widget\" data-widget_type=\"image.default\">\n\t\t\t\t\t\t\t\t\t\t\t\t\t\t\t<img loading=\"lazy\" decoding=\"async\" loading=\"lazy\" width=\"2000\" height=\"3088\" src=\"https:\/\/cdn.oishya.com\/wp-content\/uploads\/2024\/08\/04122057\/seki-kyuba-kata-set-packaging-japanese-knives-2.jpg\" class=\"attachment-large size-large wp-image-115052\" alt=\"seki kyuba kata set packaging japanese knives 2\" srcset=\"https:\/\/cdn.oishya.com\/wp-content\/uploads\/2024\/08\/04122057\/seki-kyuba-kata-set-packaging-japanese-knives-2.jpg 2000w, https:\/\/cdn.oishya.com\/wp-content\/uploads\/2024\/08\/04122057\/seki-kyuba-kata-set-packaging-japanese-knives-2-768x1186.jpg 768w, https:\/\/cdn.oishya.com\/wp-content\/uploads\/2024\/08\/04122057\/seki-kyuba-kata-set-packaging-japanese-knives-2-700x1081.jpg 700w, https:\/\/cdn.oishya.com\/wp-content\/uploads\/2024\/08\/04122057\/seki-kyuba-kata-set-packaging-japanese-knives-2-150x232.jpg 150w, https:\/\/cdn.oishya.com\/wp-content\/uploads\/2024\/08\/04122057\/seki-kyuba-kata-set-packaging-japanese-knives-2-64x99.jpg 64w\" sizes=\"auto, (max-width: 2000px) 100vw, 2000px\" \/>\t\t\t\t\t\t\t\t\t\t\t\t\t\t\t<\/div>\n\t\t\t\t<\/div>\n\t\t<div class=\"elementor-element elementor-element-d70022e e-con-full e-flex e-con e-child\" data-id=\"d70022e\" data-element_type=\"container\" data-e-type=\"container\">\n\t\t\t\t<div class=\"elementor-element elementor-element-727f97b elementor-widget elementor-widget-image\" data-id=\"727f97b\" data-element_type=\"widget\" data-e-type=\"widget\" data-widget_type=\"image.default\">\n\t\t\t\t\t\t\t\t\t\t\t\t\t\t\t<img loading=\"lazy\" decoding=\"async\" loading=\"lazy\" width=\"2000\" height=\"2000\" src=\"https:\/\/cdn.oishya.com\/wp-content\/uploads\/2025\/08\/04122443\/certificate-of-authenticity-coin-japanese-knives-kitchen-knives-oishya-04596.jpg\" class=\"attachment-large size-large wp-image-109916\" alt=\"\" srcset=\"https:\/\/cdn.oishya.com\/wp-content\/uploads\/2025\/08\/04122443\/certificate-of-authenticity-coin-japanese-knives-kitchen-knives-oishya-04596.jpg 2000w, https:\/\/cdn.oishya.com\/wp-content\/uploads\/2025\/08\/04122443\/certificate-of-authenticity-coin-japanese-knives-kitchen-knives-oishya-04596-150x150.jpg 150w, https:\/\/cdn.oishya.com\/wp-content\/uploads\/2025\/08\/04122443\/certificate-of-authenticity-coin-japanese-knives-kitchen-knives-oishya-04596-768x768.jpg 768w, https:\/\/cdn.oishya.com\/wp-content\/uploads\/2025\/08\/04122443\/certificate-of-authenticity-coin-japanese-knives-kitchen-knives-oishya-04596-300x300.jpg 300w, https:\/\/cdn.oishya.com\/wp-content\/uploads\/2025\/08\/04122443\/certificate-of-authenticity-coin-japanese-knives-kitchen-knives-oishya-04596-700x700.jpg 700w, https:\/\/cdn.oishya.com\/wp-content\/uploads\/2025\/08\/04122443\/certificate-of-authenticity-coin-japanese-knives-kitchen-knives-oishya-04596-96x96.jpg 96w, https:\/\/cdn.oishya.com\/wp-content\/uploads\/2025\/08\/04122443\/certificate-of-authenticity-coin-japanese-knives-kitchen-knives-oishya-04596-100x100.jpg 100w, https:\/\/cdn.oishya.com\/wp-content\/uploads\/2025\/08\/04122443\/certificate-of-authenticity-coin-japanese-knives-kitchen-knives-oishya-04596-64x64.jpg 64w\" sizes=\"auto, (max-width: 2000px) 100vw, 2000px\" \/>\t\t\t\t\t\t\t\t\t\t\t\t\t\t\t<\/div>\n\t\t\t\t<div class=\"elementor-element elementor-element-e63241d elementor-widget elementor-widget-image\" data-id=\"e63241d\" data-element_type=\"widget\" data-e-type=\"widget\" data-widget_type=\"image.default\">\n\t\t\t\t\t\t\t\t\t\t\t\t\t\t\t<img loading=\"lazy\" decoding=\"async\" loading=\"lazy\" width=\"2000\" height=\"2000\" src=\"https:\/\/cdn.oishya.com\/wp-content\/uploads\/2025\/08\/04122448\/certificate-of-authenticity-coin-japanese-knives-kitchen-knives-oishya-04594.jpg\" class=\"attachment-large size-large wp-image-109914\" alt=\"\" srcset=\"https:\/\/cdn.oishya.com\/wp-content\/uploads\/2025\/08\/04122448\/certificate-of-authenticity-coin-japanese-knives-kitchen-knives-oishya-04594.jpg 2000w, https:\/\/cdn.oishya.com\/wp-content\/uploads\/2025\/08\/04122448\/certificate-of-authenticity-coin-japanese-knives-kitchen-knives-oishya-04594-150x150.jpg 150w, https:\/\/cdn.oishya.com\/wp-content\/uploads\/2025\/08\/04122448\/certificate-of-authenticity-coin-japanese-knives-kitchen-knives-oishya-04594-768x768.jpg 768w, https:\/\/cdn.oishya.com\/wp-content\/uploads\/2025\/08\/04122448\/certificate-of-authenticity-coin-japanese-knives-kitchen-knives-oishya-04594-300x300.jpg 300w, https:\/\/cdn.oishya.com\/wp-content\/uploads\/2025\/08\/04122448\/certificate-of-authenticity-coin-japanese-knives-kitchen-knives-oishya-04594-700x700.jpg 700w, https:\/\/cdn.oishya.com\/wp-content\/uploads\/2025\/08\/04122448\/certificate-of-authenticity-coin-japanese-knives-kitchen-knives-oishya-04594-96x96.jpg 96w, https:\/\/cdn.oishya.com\/wp-content\/uploads\/2025\/08\/04122448\/certificate-of-authenticity-coin-japanese-knives-kitchen-knives-oishya-04594-100x100.jpg 100w, https:\/\/cdn.oishya.com\/wp-content\/uploads\/2025\/08\/04122448\/certificate-of-authenticity-coin-japanese-knives-kitchen-knives-oishya-04594-64x64.jpg 64w\" sizes=\"auto, (max-width: 2000px) 100vw, 2000px\" \/>\t\t\t\t\t\t\t\t\t\t\t\t\t\t\t<\/div>\n\t\t\t\t<\/div>\n\t\t\t\t\t<\/div>\n\t\t\t\t<\/div>\n\t\t\t\t<section class=\"elementor-section elementor-top-section elementor-element elementor-element-b15642a elementor-section-boxed elementor-section-height-default elementor-section-height-default\" data-id=\"b15642a\" data-element_type=\"section\" data-e-type=\"section\">\n\t\t\t\t\t\t<div class=\"elementor-container elementor-column-gap-default\">\n\t\t\t\t\t<div class=\"elementor-column elementor-col-33 elementor-top-column elementor-element elementor-element-f584733\" data-id=\"f584733\" data-element_type=\"column\" data-e-type=\"column\">\n\t\t\t<div class=\"elementor-widget-wrap elementor-element-populated\">\n\t\t\t\t\t\t<div class=\"elementor-element elementor-element-1dc4f4b elementor-widget elementor-widget-heading\" data-id=\"1dc4f4b\" data-element_type=\"widget\" data-e-type=\"widget\" data-widget_type=\"heading.default\">\n\t\t\t\t\t<h2 class=\"elementor-heading-title elementor-size-default\">Der Schmied<\/h2>\t\t\t\t<\/div>\n\t\t\t\t\t<\/div>\n\t\t<\/div>\n\t\t\t\t<div class=\"elementor-column elementor-col-66 elementor-top-column elementor-element elementor-element-d8c3c6f\" data-id=\"d8c3c6f\" data-element_type=\"column\" data-e-type=\"column\">\n\t\t\t<div class=\"elementor-widget-wrap elementor-element-populated\">\n\t\t\t\t\t\t<div class=\"elementor-element elementor-element-454b7e4 elementor-widget elementor-widget-image\" data-id=\"454b7e4\" data-element_type=\"widget\" data-e-type=\"widget\" data-widget_type=\"image.default\">\n\t\t\t\t\t\t\t\t\t\t\t\t\t\t\t<img loading=\"lazy\" decoding=\"async\" loading=\"lazy\" width=\"2000\" height=\"1330\" src=\"https:\/\/cdn.oishya.com\/wp-content\/uploads\/2023\/04\/06212038\/seki-kyuba.jpg\" class=\"attachment-large size-large wp-image-71204\" alt=\"seki kyuba blacksmith\" sizes=\"auto, \" \/>\t\t\t\t\t\t\t\t\t\t\t\t\t\t\t<\/div>\n\t\t\t\t\t<\/div>\n\t\t<\/div>\n\t\t\t\t\t<\/div>\n\t\t<\/section>\n\t\t\t\t<\/div>\n\t\t","protected":false},"excerpt":{"rendered":"<p>Das Seki Kyuba KATA Santoku ist ein vielseitiges Kraftpaket in der K\u00fcche, perfekt f\u00fcr alle, die ein Allzweckmesser lieben. Mit seiner 16,5 cm langen Klinge aus VG10-Stahl und der 3-Schicht-Konstruktion bietet es au\u00dfergew\u00f6hnliche Sch\u00e4rfe und Langlebigkeit f\u00fcr all Ihre Bed\u00fcrfnisse beim Schneiden, W\u00fcrfeln und Hacken. Die geh\u00e4mmerte Oberfl\u00e4che ist nicht nur optisch ansprechend, sondern verringert auch das Anhaften von Lebensmitteln und macht Ihre Vorbereitungsarbeit reibungsloser und effizienter. Ganz gleich, ob Sie Gem\u00fcse hacken, Fleisch in Scheiben schneiden oder Kr\u00e4uter zubereiten, dieses Santokumesser wird zu Ihrem Lieblingsmesser f\u00fcr die t\u00e4glichen Kochaufgaben.<\/p>\n","protected":false},"featured_media":90831,"comment_status":"open","ping_status":"closed","template":"","meta":{"_acf_changed":false,"_glsr_average":0,"_glsr_ranking":0,"_glsr_reviews":0},"product_brand":[],"product_cat":[9035,9059],"product_tag":[9509],"class_list":{"0":"post-103658","1":"product","2":"type-product","3":"status-publish","4":"has-post-thumbnail","6":"product_cat-japanische-messer","7":"product_cat-kochmesser","8":"product_tag-seki-kyuba-kata-de","9":"pa_blade-length-165mm-de","10":"pa_hrc-63-64-de","11":"pa_knife-handle-material-verfestigtes-ahorn-holz","12":"pa_knife-type-kuchenchef","13":"pa_steel-type-stainless","14":"pa_steel-type-vg10-high-carbon-stainless-steel","16":"first","17":"instock","18":"shipping-taxable","19":"purchasable","20":"product-type-variable"},"supplier_id":null,"supplier_sku":"","barcode":null,"atum_controlled":true,"out_stock_date":null,"out_stock_threshold":null,"inheritable":true,"inbound_stock":0,"stock_on_hold":1,"sold_today":0,"sales_last_days":0,"reserved_stock":0,"customer_returns":0,"warehouse_damage":0,"lost_in_post":0,"other_logs":0,"out_stock_days":0,"lost_sales":0,"has_location":false,"update_date":"2026-04-17T00:31:04","atum_locations":[],"atum_stock_status":"instock","restock_status":false,"low_stock_amount":2,"sales_update_date":"2026-04-17T00:31:04","calc_backorders":0,"acf":[],"_links":{"self":[{"href":"https:\/\/oishya.com\/de\/wp-json\/wp\/v2\/product\/103658","targetHints":{"allow":["GET"]}}],"collection":[{"href":"https:\/\/oishya.com\/de\/wp-json\/wp\/v2\/product"}],"about":[{"href":"https:\/\/oishya.com\/de\/wp-json\/wp\/v2\/types\/product"}],"replies":[{"embeddable":true,"href":"https:\/\/oishya.com\/de\/wp-json\/wp\/v2\/comments?post=103658"}],"version-history":[{"count":5,"href":"https:\/\/oishya.com\/de\/wp-json\/wp\/v2\/product\/103658\/revisions"}],"predecessor-version":[{"id":114713,"href":"https:\/\/oishya.com\/de\/wp-json\/wp\/v2\/product\/103658\/revisions\/114713"}],"wp:featuredmedia":[{"embeddable":true,"href":"https:\/\/oishya.com\/de\/wp-json\/wp\/v2\/media\/90831"}],"wp:attachment":[{"href":"https:\/\/oishya.com\/de\/wp-json\/wp\/v2\/media?parent=103658"}],"wp:term":[{"taxonomy":"product_brand","embeddable":true,"href":"https:\/\/oishya.com\/de\/wp-json\/wp\/v2\/product_brand?post=103658"},{"taxonomy":"product_cat","embeddable":true,"href":"https:\/\/oishya.com\/de\/wp-json\/wp\/v2\/product_cat?post=103658"},{"taxonomy":"product_tag","embeddable":true,"href":"https:\/\/oishya.com\/de\/wp-json\/wp\/v2\/product_tag?post=103658"}],"curies":[{"name":"wp","href":"https:\/\/api.w.org\/{rel}","templated":true}]}}