{"id":103593,"date":"2024-08-20T13:58:02","date_gmt":"2024-08-20T12:58:02","guid":{"rendered":"https:\/\/oishya.com\/product\/seki-kyuba-shin-kochmesser-kiritsuke-24-cm-mittelmeerblau\/"},"modified":"2026-01-18T07:07:09","modified_gmt":"2026-01-18T07:07:09","slug":"seki-kyuba-shin-kochmesser-kiritsuke-24-cm","status":"publish","type":"product","link":"https:\/\/oishya.com\/de\/seki-kyuba-shin-kochmesser-kiritsuke-24-cm\/","title":{"rendered":"Seki Kyuba SHIN Kochmesser Kiritsuke 24 cm"},"content":{"rendered":"\t\t<div data-elementor-type=\"product-post\" data-elementor-id=\"103593\" class=\"elementor elementor-103593 elementor-91129\" data-elementor-post-type=\"product\">\n\t\t\t\t\t\t<section class=\"elementor-section elementor-top-section elementor-element elementor-element-fdc12e7 elementor-section-boxed elementor-section-height-default elementor-section-height-default\" data-id=\"fdc12e7\" data-element_type=\"section\" data-e-type=\"section\">\n\t\t\t\t\t\t<div class=\"elementor-container elementor-column-gap-default\">\n\t\t\t\t\t<div class=\"elementor-column elementor-col-33 elementor-top-column elementor-element elementor-element-bb29038\" data-id=\"bb29038\" data-element_type=\"column\" data-e-type=\"column\">\n\t\t\t<div class=\"elementor-widget-wrap elementor-element-populated\">\n\t\t\t\t\t\t<div class=\"elementor-element elementor-element-0f2d7c9 elementor-widget elementor-widget-heading\" data-id=\"0f2d7c9\" data-element_type=\"widget\" data-e-type=\"widget\" data-widget_type=\"heading.default\">\n\t\t\t\t\t<h2 class=\"elementor-heading-title elementor-size-default\">Wenn Sie Lust auf etwas mehr haben: Der Kiritsuke<\/h2>\t\t\t\t<\/div>\n\t\t\t\t\t<\/div>\n\t\t<\/div>\n\t\t\t\t<div class=\"elementor-column elementor-col-66 elementor-top-column elementor-element elementor-element-6f0b581\" data-id=\"6f0b581\" data-element_type=\"column\" data-e-type=\"column\">\n\t\t\t<div class=\"elementor-widget-wrap elementor-element-populated\">\n\t\t\t\t\t\t<div class=\"elementor-element elementor-element-30643e6 elementor-widget elementor-widget-image\" data-id=\"30643e6\" data-element_type=\"widget\" data-e-type=\"widget\" data-widget_type=\"image.default\">\n\t\t\t\t\t\t\t\t\t\t\t\t\t\t\t<img decoding=\"async\" loading=\"lazy\" src=\"https:\/\/cdn.oishya.com\/wp-content\/uploads\/2024\/08\/04122419\/20240829_114530_001.jpg\" title=\"Seki Kyuba SHIN Knife Packaging\" alt=\"Seki Kyuba SHIN Knife Packaging\" \/>\t\t\t\t\t\t\t\t\t\t\t\t\t\t\t<\/div>\n\t\t\t\t\t<\/div>\n\t\t<\/div>\n\t\t\t\t\t<\/div>\n\t\t<\/section>\n\t\t\t\t<section class=\"elementor-section elementor-top-section elementor-element elementor-element-11f4a79 elementor-section-boxed elementor-section-height-default elementor-section-height-default\" data-id=\"11f4a79\" data-element_type=\"section\" data-e-type=\"section\">\n\t\t\t\t\t\t<div class=\"elementor-container elementor-column-gap-default\">\n\t\t\t\t\t<div class=\"elementor-column elementor-col-66 elementor-top-column elementor-element elementor-element-6893838\" data-id=\"6893838\" data-element_type=\"column\" data-e-type=\"column\">\n\t\t\t<div class=\"elementor-widget-wrap elementor-element-populated\">\n\t\t\t\t\t\t<div class=\"elementor-element elementor-element-35e5989 elementor-widget elementor-widget-image\" data-id=\"35e5989\" data-element_type=\"widget\" data-e-type=\"widget\" data-widget_type=\"image.default\">\n\t\t\t\t\t\t\t\t\t\t\t\t\t\t\t<img loading=\"lazy\" decoding=\"async\" loading=\"lazy\" width=\"2000\" height=\"2674\" src=\"https:\/\/cdn.oishya.com\/wp-content\/uploads\/2024\/08\/04122245\/20240829_114416.jpg\" class=\"attachment-large size-large wp-image-109458\" alt=\"Seki Kyuba SHIN Knife Packaging\" srcset=\"https:\/\/cdn.oishya.com\/wp-content\/uploads\/2024\/08\/04122245\/20240829_114416.jpg 2000w, https:\/\/cdn.oishya.com\/wp-content\/uploads\/2024\/08\/04122245\/20240829_114416-768x1027.jpg 768w, https:\/\/cdn.oishya.com\/wp-content\/uploads\/2024\/08\/04122245\/20240829_114416-990x1324.jpg 990w, https:\/\/cdn.oishya.com\/wp-content\/uploads\/2024\/08\/04122245\/20240829_114416-441x590.jpg 441w, https:\/\/cdn.oishya.com\/wp-content\/uploads\/2024\/08\/04122245\/20240829_114416-700x936.jpg 700w, https:\/\/cdn.oishya.com\/wp-content\/uploads\/2024\/08\/04122245\/20240829_114416-150x201.jpg 150w, https:\/\/cdn.oishya.com\/wp-content\/uploads\/2024\/08\/04122245\/20240829_114416-64x86.jpg 64w\" sizes=\"auto, (max-width: 2000px) 100vw, 2000px\" \/>\t\t\t\t\t\t\t\t\t\t\t\t\t\t\t<\/div>\n\t\t\t\t\t<\/div>\n\t\t<\/div>\n\t\t\t\t<div class=\"elementor-column elementor-col-33 elementor-top-column elementor-element elementor-element-a5ba95f\" data-id=\"a5ba95f\" data-element_type=\"column\" data-e-type=\"column\">\n\t\t\t<div class=\"elementor-widget-wrap elementor-element-populated\">\n\t\t\t\t\t\t<div class=\"elementor-element elementor-element-8b1dec3 elementor-widget elementor-widget-heading\" data-id=\"8b1dec3\" data-element_type=\"widget\" data-e-type=\"widget\" data-widget_type=\"heading.default\">\n\t\t\t\t\t<h2 class=\"elementor-heading-title elementor-size-default\">Die Klinge<\/h2>\t\t\t\t<\/div>\n\t\t\t\t\t<\/div>\n\t\t<\/div>\n\t\t\t\t\t<\/div>\n\t\t<\/section>\n\t\t\t\t<section class=\"elementor-section elementor-top-section elementor-element elementor-element-cde76b6 elementor-section-boxed elementor-section-height-default elementor-section-height-default\" data-id=\"cde76b6\" data-element_type=\"section\" data-e-type=\"section\">\n\t\t\t\t\t\t<div class=\"elementor-container elementor-column-gap-default\">\n\t\t\t\t\t<div class=\"elementor-column elementor-col-33 elementor-top-column elementor-element elementor-element-4244d01\" data-id=\"4244d01\" data-element_type=\"column\" data-e-type=\"column\">\n\t\t\t<div class=\"elementor-widget-wrap elementor-element-populated\">\n\t\t\t\t\t\t<div class=\"elementor-element elementor-element-c18ab69 elementor-widget elementor-widget-heading\" data-id=\"c18ab69\" data-element_type=\"widget\" data-e-type=\"widget\" data-widget_type=\"heading.default\">\n\t\t\t\t\t<h2 class=\"elementor-heading-title elementor-size-default\">Der Handgriff<\/h2>\t\t\t\t<\/div>\n\t\t\t\t\t<\/div>\n\t\t<\/div>\n\t\t\t\t<div class=\"elementor-column elementor-col-66 elementor-top-column elementor-element elementor-element-3a38be1\" data-id=\"3a38be1\" data-element_type=\"column\" data-e-type=\"column\">\n\t\t\t<div class=\"elementor-widget-wrap elementor-element-populated\">\n\t\t\t\t\t\t<div class=\"elementor-element elementor-element-e291ce5 elementor-widget elementor-widget-image\" data-id=\"e291ce5\" data-element_type=\"widget\" data-e-type=\"widget\" data-widget_type=\"image.default\">\n\t\t\t\t\t\t\t\t\t\t\t\t\t\t\t<img loading=\"lazy\" decoding=\"async\" loading=\"lazy\" width=\"2000\" height=\"2000\" src=\"https:\/\/cdn.oishya.com\/wp-content\/uploads\/2024\/08\/04122242\/seki-kyuba-shin-handle.jpg\" class=\"attachment-large size-large wp-image-109459\" alt=\"\" srcset=\"https:\/\/cdn.oishya.com\/wp-content\/uploads\/2024\/08\/04122242\/seki-kyuba-shin-handle.jpg 2000w, https:\/\/cdn.oishya.com\/wp-content\/uploads\/2024\/08\/04122242\/seki-kyuba-shin-handle-150x150.jpg 150w, https:\/\/cdn.oishya.com\/wp-content\/uploads\/2024\/08\/04122242\/seki-kyuba-shin-handle-768x768.jpg 768w, https:\/\/cdn.oishya.com\/wp-content\/uploads\/2024\/08\/04122242\/seki-kyuba-shin-handle-990x990.jpg 990w, https:\/\/cdn.oishya.com\/wp-content\/uploads\/2024\/08\/04122242\/seki-kyuba-shin-handle-441x441.jpg 441w, https:\/\/cdn.oishya.com\/wp-content\/uploads\/2024\/08\/04122242\/seki-kyuba-shin-handle-300x300.jpg 300w, https:\/\/cdn.oishya.com\/wp-content\/uploads\/2024\/08\/04122242\/seki-kyuba-shin-handle-700x700.jpg 700w, https:\/\/cdn.oishya.com\/wp-content\/uploads\/2024\/08\/04122242\/seki-kyuba-shin-handle-96x96.jpg 96w, https:\/\/cdn.oishya.com\/wp-content\/uploads\/2024\/08\/04122242\/seki-kyuba-shin-handle-100x100.jpg 100w, https:\/\/cdn.oishya.com\/wp-content\/uploads\/2024\/08\/04122242\/seki-kyuba-shin-handle-64x64.jpg 64w\" sizes=\"auto, (max-width: 2000px) 100vw, 2000px\" \/>\t\t\t\t\t\t\t\t\t\t\t\t\t\t\t<\/div>\n\t\t\t\t\t<\/div>\n\t\t<\/div>\n\t\t\t\t\t<\/div>\n\t\t<\/section>\n\t\t<div class=\"elementor-element elementor-element-b901374 e-flex e-con-boxed e-con e-parent\" data-id=\"b901374\" data-element_type=\"container\" data-e-type=\"container\">\n\t\t\t\t\t<div class=\"e-con-inner\">\n\t\t<div class=\"elementor-element elementor-element-679f184 e-con-full e-flex e-con e-child\" data-id=\"679f184\" data-element_type=\"container\" data-e-type=\"container\">\n\t\t\t\t<div class=\"elementor-element elementor-element-0d24cfa elementor-widget elementor-widget-image\" data-id=\"0d24cfa\" data-element_type=\"widget\" data-e-type=\"widget\" data-widget_type=\"image.default\">\n\t\t\t\t\t\t\t\t\t\t\t\t\t\t\t<img loading=\"lazy\" decoding=\"async\" loading=\"lazy\" width=\"2000\" height=\"2000\" src=\"https:\/\/cdn.oishya.com\/wp-content\/uploads\/2024\/08\/04122423\/Oishya-japanese-kitchen-knives-412.jpg\" class=\"attachment-large size-large wp-image-110024\" alt=\"\" srcset=\"https:\/\/cdn.oishya.com\/wp-content\/uploads\/2024\/08\/04122423\/Oishya-japanese-kitchen-knives-412.jpg 2000w, https:\/\/cdn.oishya.com\/wp-content\/uploads\/2024\/08\/04122423\/Oishya-japanese-kitchen-knives-412-150x150.jpg 150w, https:\/\/cdn.oishya.com\/wp-content\/uploads\/2024\/08\/04122423\/Oishya-japanese-kitchen-knives-412-768x768.jpg 768w, https:\/\/cdn.oishya.com\/wp-content\/uploads\/2024\/08\/04122423\/Oishya-japanese-kitchen-knives-412-300x300.jpg 300w, https:\/\/cdn.oishya.com\/wp-content\/uploads\/2024\/08\/04122423\/Oishya-japanese-kitchen-knives-412-700x700.jpg 700w, https:\/\/cdn.oishya.com\/wp-content\/uploads\/2024\/08\/04122423\/Oishya-japanese-kitchen-knives-412-96x96.jpg 96w, https:\/\/cdn.oishya.com\/wp-content\/uploads\/2024\/08\/04122423\/Oishya-japanese-kitchen-knives-412-100x100.jpg 100w, https:\/\/cdn.oishya.com\/wp-content\/uploads\/2024\/08\/04122423\/Oishya-japanese-kitchen-knives-412-64x64.jpg 64w\" sizes=\"auto, (max-width: 2000px) 100vw, 2000px\" \/>\t\t\t\t\t\t\t\t\t\t\t\t\t\t\t<\/div>\n\t\t\t\t<div class=\"elementor-element elementor-element-5b8c7c6 elementor-widget elementor-widget-image\" data-id=\"5b8c7c6\" data-element_type=\"widget\" data-e-type=\"widget\" data-widget_type=\"image.default\">\n\t\t\t\t\t\t\t\t\t\t\t\t\t\t\t<img loading=\"lazy\" decoding=\"async\" loading=\"lazy\" width=\"2000\" height=\"2000\" src=\"https:\/\/cdn.oishya.com\/wp-content\/uploads\/2025\/08\/04122443\/certificate-of-authenticity-coin-japanese-knives-kitchen-knives-oishya-04596.jpg\" class=\"attachment-large size-large wp-image-109916\" alt=\"\" srcset=\"https:\/\/cdn.oishya.com\/wp-content\/uploads\/2025\/08\/04122443\/certificate-of-authenticity-coin-japanese-knives-kitchen-knives-oishya-04596.jpg 2000w, https:\/\/cdn.oishya.com\/wp-content\/uploads\/2025\/08\/04122443\/certificate-of-authenticity-coin-japanese-knives-kitchen-knives-oishya-04596-150x150.jpg 150w, https:\/\/cdn.oishya.com\/wp-content\/uploads\/2025\/08\/04122443\/certificate-of-authenticity-coin-japanese-knives-kitchen-knives-oishya-04596-768x768.jpg 768w, https:\/\/cdn.oishya.com\/wp-content\/uploads\/2025\/08\/04122443\/certificate-of-authenticity-coin-japanese-knives-kitchen-knives-oishya-04596-300x300.jpg 300w, https:\/\/cdn.oishya.com\/wp-content\/uploads\/2025\/08\/04122443\/certificate-of-authenticity-coin-japanese-knives-kitchen-knives-oishya-04596-700x700.jpg 700w, https:\/\/cdn.oishya.com\/wp-content\/uploads\/2025\/08\/04122443\/certificate-of-authenticity-coin-japanese-knives-kitchen-knives-oishya-04596-96x96.jpg 96w, https:\/\/cdn.oishya.com\/wp-content\/uploads\/2025\/08\/04122443\/certificate-of-authenticity-coin-japanese-knives-kitchen-knives-oishya-04596-100x100.jpg 100w, https:\/\/cdn.oishya.com\/wp-content\/uploads\/2025\/08\/04122443\/certificate-of-authenticity-coin-japanese-knives-kitchen-knives-oishya-04596-64x64.jpg 64w\" sizes=\"auto, (max-width: 2000px) 100vw, 2000px\" \/>\t\t\t\t\t\t\t\t\t\t\t\t\t\t\t<\/div>\n\t\t\t\t<\/div>\n\t\t<div class=\"elementor-element elementor-element-b568a7c e-con-full e-flex e-con e-child\" data-id=\"b568a7c\" data-element_type=\"container\" data-e-type=\"container\">\n\t\t\t\t<div class=\"elementor-element elementor-element-f703347 elementor-widget elementor-widget-image\" data-id=\"f703347\" data-element_type=\"widget\" data-e-type=\"widget\" data-widget_type=\"image.default\">\n\t\t\t\t\t\t\t\t\t\t\t\t\t\t\t<img loading=\"lazy\" decoding=\"async\" loading=\"lazy\" width=\"2000\" height=\"2000\" src=\"https:\/\/cdn.oishya.com\/wp-content\/uploads\/2025\/08\/04122448\/certificate-of-authenticity-coin-japanese-knives-kitchen-knives-oishya-04594.jpg\" class=\"attachment-large size-large wp-image-109914\" alt=\"\" srcset=\"https:\/\/cdn.oishya.com\/wp-content\/uploads\/2025\/08\/04122448\/certificate-of-authenticity-coin-japanese-knives-kitchen-knives-oishya-04594.jpg 2000w, https:\/\/cdn.oishya.com\/wp-content\/uploads\/2025\/08\/04122448\/certificate-of-authenticity-coin-japanese-knives-kitchen-knives-oishya-04594-150x150.jpg 150w, https:\/\/cdn.oishya.com\/wp-content\/uploads\/2025\/08\/04122448\/certificate-of-authenticity-coin-japanese-knives-kitchen-knives-oishya-04594-768x768.jpg 768w, https:\/\/cdn.oishya.com\/wp-content\/uploads\/2025\/08\/04122448\/certificate-of-authenticity-coin-japanese-knives-kitchen-knives-oishya-04594-300x300.jpg 300w, https:\/\/cdn.oishya.com\/wp-content\/uploads\/2025\/08\/04122448\/certificate-of-authenticity-coin-japanese-knives-kitchen-knives-oishya-04594-700x700.jpg 700w, https:\/\/cdn.oishya.com\/wp-content\/uploads\/2025\/08\/04122448\/certificate-of-authenticity-coin-japanese-knives-kitchen-knives-oishya-04594-96x96.jpg 96w, https:\/\/cdn.oishya.com\/wp-content\/uploads\/2025\/08\/04122448\/certificate-of-authenticity-coin-japanese-knives-kitchen-knives-oishya-04594-100x100.jpg 100w, https:\/\/cdn.oishya.com\/wp-content\/uploads\/2025\/08\/04122448\/certificate-of-authenticity-coin-japanese-knives-kitchen-knives-oishya-04594-64x64.jpg 64w\" sizes=\"auto, (max-width: 2000px) 100vw, 2000px\" \/>\t\t\t\t\t\t\t\t\t\t\t\t\t\t\t<\/div>\n\t\t\t\t<\/div>\n\t\t\t\t\t<\/div>\n\t\t\t\t<\/div>\n\t\t\t\t<section class=\"elementor-section elementor-top-section elementor-element elementor-element-ac51644 elementor-section-boxed elementor-section-height-default elementor-section-height-default\" data-id=\"ac51644\" data-element_type=\"section\" data-e-type=\"section\">\n\t\t\t\t\t\t<div class=\"elementor-container elementor-column-gap-default\">\n\t\t\t\t\t<div class=\"elementor-column elementor-col-33 elementor-top-column elementor-element elementor-element-6187a52\" data-id=\"6187a52\" data-element_type=\"column\" data-e-type=\"column\">\n\t\t\t<div class=\"elementor-widget-wrap elementor-element-populated\">\n\t\t\t\t\t\t<div class=\"elementor-element elementor-element-b0437d9 elementor-widget elementor-widget-heading\" data-id=\"b0437d9\" data-element_type=\"widget\" data-e-type=\"widget\" data-widget_type=\"heading.default\">\n\t\t\t\t\t<h2 class=\"elementor-heading-title elementor-size-default\">Der Schmied<\/h2>\t\t\t\t<\/div>\n\t\t\t\t\t<\/div>\n\t\t<\/div>\n\t\t\t\t<div class=\"elementor-column elementor-col-66 elementor-top-column elementor-element elementor-element-0708045\" data-id=\"0708045\" data-element_type=\"column\" data-e-type=\"column\">\n\t\t\t<div class=\"elementor-widget-wrap elementor-element-populated\">\n\t\t\t\t\t\t<div class=\"elementor-element elementor-element-7c8a1bc elementor-widget elementor-widget-image\" data-id=\"7c8a1bc\" data-element_type=\"widget\" data-e-type=\"widget\" data-widget_type=\"image.default\">\n\t\t\t\t\t\t\t\t\t\t\t\t\t\t\t<img loading=\"lazy\" decoding=\"async\" loading=\"lazy\" width=\"2000\" height=\"1330\" src=\"https:\/\/cdn.oishya.com\/wp-content\/uploads\/2023\/04\/06212038\/seki-kyuba.jpg\" class=\"attachment-large size-large wp-image-71204\" alt=\"seki kyuba blacksmith\" sizes=\"auto, \" \/>\t\t\t\t\t\t\t\t\t\t\t\t\t\t\t<\/div>\n\t\t\t\t\t<\/div>\n\t\t<\/div>\n\t\t\t\t\t<\/div>\n\t\t<\/section>\n\t\t\t\t<\/div>\n\t\t","protected":false},"excerpt":{"rendered":"<p>F\u00fcr alle, die h\u00f6chste Pr\u00e4zision und Reichweite w\u00fcnschen, ist das Seki Kyuba SHIN Kiritsuke 24 cm eine hervorragende Wahl. Mit SG2\/R2-Pulverstahl und einer 31-lagigen Damaszener-Konstruktion bietet dieses Messer eine unvergleichliche Leistung f\u00fcr ambitionierte K\u00f6che. Die verl\u00e4ngerte L\u00e4nge von 24 cm bietet ausreichend Schnittfl\u00e4che f\u00fcr gr\u00f6\u00dfere Zutaten, w\u00e4hrend das Kiritsuke-Profil pr\u00e4zise Schnitte und Push-Cutting-Techniken erm\u00f6glicht. Mit seiner atemberaubenden geh\u00e4mmerten Damaszener-Oberfl\u00e4che ist dieses Messer eine echte Verschmelzung von Kunstfertigkeit und Funktionalit\u00e4t, perfekt f\u00fcr K\u00f6che, die nur das Beste von ihren Kochutensilien verlangen.   <\/p>\n","protected":false},"featured_media":91588,"comment_status":"open","ping_status":"closed","template":"","meta":{"_acf_changed":false,"_glsr_average":0,"_glsr_ranking":0,"_glsr_reviews":0},"product_brand":[],"product_cat":[9078,9035,9059],"product_tag":[9501],"class_list":{"0":"post-103593","1":"product","2":"type-product","3":"status-publish","4":"has-post-thumbnail","6":"product_cat-filetiermesser","7":"product_cat-japanische-messer","8":"product_cat-kochmesser","9":"product_tag-seki-kyuba-shin-de","10":"pa_blade-length-240mm","11":"pa_hrc-60-62","12":"pa_knife-handle-material-verfestigtes-ahorn-holz","13":"pa_knife-type-kuchenchef","14":"pa_steel-type-damaskus","15":"pa_steel-type-stainless","17":"first","18":"onbackorder","19":"shipping-taxable","20":"purchasable","21":"product-type-variable"},"supplier_id":null,"supplier_sku":"","barcode":null,"atum_controlled":true,"out_stock_date":null,"out_stock_threshold":null,"inheritable":true,"inbound_stock":0,"stock_on_hold":5,"sold_today":0,"sales_last_days":0,"reserved_stock":0,"customer_returns":0,"warehouse_damage":0,"lost_in_post":0,"other_logs":0,"out_stock_days":0,"lost_sales":0,"has_location":false,"update_date":"2026-04-17T00:31:04","atum_locations":[],"atum_stock_status":"onbackorder","restock_status":false,"low_stock_amount":2,"sales_update_date":"2026-04-17T00:31:04","calc_backorders":-2,"acf":[],"_links":{"self":[{"href":"https:\/\/oishya.com\/de\/wp-json\/wp\/v2\/product\/103593","targetHints":{"allow":["GET"]}}],"collection":[{"href":"https:\/\/oishya.com\/de\/wp-json\/wp\/v2\/product"}],"about":[{"href":"https:\/\/oishya.com\/de\/wp-json\/wp\/v2\/types\/product"}],"replies":[{"embeddable":true,"href":"https:\/\/oishya.com\/de\/wp-json\/wp\/v2\/comments?post=103593"}],"version-history":[{"count":6,"href":"https:\/\/oishya.com\/de\/wp-json\/wp\/v2\/product\/103593\/revisions"}],"predecessor-version":[{"id":114960,"href":"https:\/\/oishya.com\/de\/wp-json\/wp\/v2\/product\/103593\/revisions\/114960"}],"wp:featuredmedia":[{"embeddable":true,"href":"https:\/\/oishya.com\/de\/wp-json\/wp\/v2\/media\/91588"}],"wp:attachment":[{"href":"https:\/\/oishya.com\/de\/wp-json\/wp\/v2\/media?parent=103593"}],"wp:term":[{"taxonomy":"product_brand","embeddable":true,"href":"https:\/\/oishya.com\/de\/wp-json\/wp\/v2\/product_brand?post=103593"},{"taxonomy":"product_cat","embeddable":true,"href":"https:\/\/oishya.com\/de\/wp-json\/wp\/v2\/product_cat?post=103593"},{"taxonomy":"product_tag","embeddable":true,"href":"https:\/\/oishya.com\/de\/wp-json\/wp\/v2\/product_tag?post=103593"}],"curies":[{"name":"wp","href":"https:\/\/api.w.org\/{rel}","templated":true}]}}