{"id":91432,"date":"2024-04-29T13:06:26","date_gmt":"2024-04-29T12:06:26","guid":{"rendered":"https:\/\/oishya.com\/seki-kyuba-pan\/"},"modified":"2026-03-19T08:39:30","modified_gmt":"2026-03-19T08:39:30","slug":"seki-kyuba-pan","status":"publish","type":"page","link":"https:\/\/oishya.com\/de\/seki-kyuba-pan\/","title":{"rendered":"Seki Kyuba PAN"},"content":{"rendered":"\t\t<div data-elementor-type=\"wp-page\" data-elementor-id=\"91432\" class=\"elementor elementor-91432 elementor-84772\" data-elementor-post-type=\"page\">\n\t\t\t\t<div class=\"elementor-element elementor-element-16a797e e-flex e-con-boxed e-con e-parent\" data-id=\"16a797e\" data-element_type=\"container\" data-e-type=\"container\">\n\t\t\t\t\t<div class=\"e-con-inner\">\n\t\t\t\t<div class=\"elementor-element elementor-element-1183caa elementor-widget elementor-widget-heading\" data-id=\"1183caa\" data-element_type=\"widget\" data-e-type=\"widget\" data-widget_type=\"heading.default\">\n\t\t\t\t\t<h2 class=\"elementor-heading-title elementor-size-default\">Seki Kyuba PAN: Der Brotspezialist<\/h2>\t\t\t\t<\/div>\n\t\t\t\t<div class=\"elementor-element elementor-element-6a95d62 elementor-widget__width-initial elementor-widget elementor-widget-image\" data-id=\"6a95d62\" data-element_type=\"widget\" data-e-type=\"widget\" data-widget_type=\"image.default\">\n\t\t\t\t\t\t\t\t\t\t\t\t\t\t\t<img loading=\"lazy\" decoding=\"async\" loading=\"lazy\" width=\"627\" height=\"256\" src=\"https:\/\/cdn.oishya.com\/wp-content\/uploads\/2024\/10\/24091119\/Asset-5%4010x-e1730037626156.png\" class=\"attachment-large size-large wp-image-92707\" alt=\"Seki Kyuba PAN\" srcset=\"https:\/\/cdn.oishya.com\/wp-content\/uploads\/2024\/10\/24091119\/Asset-5%4010x-e1730037626156.png 627w, https:\/\/cdn.oishya.com\/wp-content\/uploads\/2024\/10\/24091119\/Asset-5%4010x-e1730037626156-64x26.png 64w\" sizes=\"auto, (max-width: 627px) 100vw, 627px\" \/>\t\t\t\t\t\t\t\t\t\t\t\t\t\t\t<\/div>\n\t\t\t\t<div class=\"elementor-element elementor-element-6f649ad elementor-widget elementor-widget-text-editor\" data-id=\"6f649ad\" data-element_type=\"widget\" data-e-type=\"widget\" data-widget_type=\"text-editor.default\">\n\t\t\t\t\t\t\t\t\t<p dir=\"auto\" data-pm-slice=\"1 1 []\">Unsere Seki Kyuba PAN-Serie wurde speziell f\u00fcr Brotliebhaber entwickelt. Der gezackte Rand schneidet m\u00fchelos durch knusprige, handwerklich hergestellte Brote und zartes Geb\u00e4ck gleicherma\u00dfen. Der 1K6-Stahl sorgt daf\u00fcr, dass die Kante scharf bleibt und Sie jedes Mal perfekte Scheiben schneiden k\u00f6nnen. Wenn Sie gerne backen oder einfach ein gutes Brot sch\u00e4tzen, ist PAN die perfekte Erg\u00e4nzung f\u00fcr Ihre K\u00fcche.<\/p>\n\t\t\t\t\t\t\t\t<\/div>\n\t\t\t\t<div class=\"elementor-element elementor-element-06fd14f elementor-grid-4 elementor-grid-tablet-3 elementor-grid-mobile-2 elementor-products-grid elementor-wc-products elementor-widget elementor-widget-woocommerce-products\" data-id=\"06fd14f\" data-element_type=\"widget\" data-e-type=\"widget\" data-widget_type=\"woocommerce-products.default\">\n\t\t\t\t<div class=\"elementor-widget-container\">\n\t\t\t\t\t<div class=\"woocommerce columns-4 \"><ul class=\"products elementor-grid columns-4\">\n<li class=\"product type-product post-103660 status-publish first onbackorder product_cat-brotmesser product_cat-japanische-messer product_tag-seki-kyuba-pan-de has-post-thumbnail shipping-taxable purchasable product-type-variable ckit-hide-cta cgkit-swatch-hover cgkit-disable-atc cgkit-swatch-loading\">\n\t<a href=\"https:\/\/oishya.com\/de\/seki-kyuba-pan-brotmesser-mit-wellenschliff-235cm\/\" class=\"woocommerce-LoopProduct-link woocommerce-loop-product__link\"><div class=\"woocommerce-image__wrapper\"><a href=\"https:\/\/oishya.com\/de\/seki-kyuba-pan-brotmesser-mit-wellenschliff-235cm\/\" title=\"Seki Kyuba PAN Brotmesser mit Wellenschliff 23,5cm\" class=\"woocommerce-LoopProduct-link woocommerce-loop-product__link\"><div class=\"shoptimizer-plp-carousel-container\"><div class=\"shoptimizer-plp-image-wrapper\"><img fetchpriority=\"high\" decoding=\"async\" width=\"300\" height=\"300\" src=\"https:\/\/cdn.oishya.com\/wp-content\/uploads\/2024\/08\/18180739\/seki-kyuba-pan-bread-knife-blue2-300x300.jpg\" class=\"attachment-woocommerce_thumbnail size-woocommerce_thumbnail\" alt=\"seki kyuba pan Brotmesser Mittelmeer Blau\" srcset=\"https:\/\/cdn.oishya.com\/wp-content\/uploads\/2024\/08\/18180739\/seki-kyuba-pan-bread-knife-blue2-300x300.jpg 300w, https:\/\/cdn.oishya.com\/wp-content\/uploads\/2024\/08\/18180739\/seki-kyuba-pan-bread-knife-blue2-150x150.jpg 150w, https:\/\/cdn.oishya.com\/wp-content\/uploads\/2024\/08\/18180739\/seki-kyuba-pan-bread-knife-blue2-700x700.jpg 700w, https:\/\/cdn.oishya.com\/wp-content\/uploads\/2024\/08\/18180739\/seki-kyuba-pan-bread-knife-blue2-64x64.jpg 64w, https:\/\/cdn.oishya.com\/wp-content\/uploads\/2024\/08\/18180739\/seki-kyuba-pan-bread-knife-blue2-768x768.jpg 768w, https:\/\/cdn.oishya.com\/wp-content\/uploads\/2024\/08\/18180739\/seki-kyuba-pan-bread-knife-blue2-990x990.jpg 990w, https:\/\/cdn.oishya.com\/wp-content\/uploads\/2024\/08\/18180739\/seki-kyuba-pan-bread-knife-blue2-441x441.jpg 441w, https:\/\/cdn.oishya.com\/wp-content\/uploads\/2024\/08\/18180739\/seki-kyuba-pan-bread-knife-blue2-100x100.jpg 100w, https:\/\/cdn.oishya.com\/wp-content\/uploads\/2024\/08\/18180739\/seki-kyuba-pan-bread-knife-blue2-96x96.jpg 96w, https:\/\/cdn.oishya.com\/wp-content\/uploads\/2024\/08\/18180739\/seki-kyuba-pan-bread-knife-blue2.jpg 1790w\" sizes=\"(max-width: 360px) 147px, (max-width: 300px) 100vw, 300px\" \/><\/div><\/div><\/a><div class=\"shoptimizer-plp-carousel--pagination\">\n      \t\t\t<span class=\"shoptimizer-plp-carousel--dot active\"><\/span>\n      \t\t\t<span class=\"shoptimizer-plp-carousel--dot\"><\/span>\n    \t\t<\/div><\/div><div class=\"woocommerce-card__header\">\t\t\t\t\t<p class=\"product__categories\"><a href=\"https:\/\/oishya.com\/de\/brotmesser\/\" rel=\"tag\">Brotmesser<\/a>, <a href=\"https:\/\/oishya.com\/de\/japanische-messer\/\" rel=\"tag\">Japanische Messer<\/a><\/p>\t\t\t\t<div class=\"woocommerce-loop-product__title\"><a tabindex=\"0\" href=\"https:\/\/oishya.com\/de\/seki-kyuba-pan-brotmesser-mit-wellenschliff-235cm\/\" aria-label=\"Seki Kyuba PAN Brotmesser mit Wellenschliff 23,5cm\" class=\"woocommerce-LoopProduct-link woocommerce-loop-product__link\">Seki Kyuba PAN Brotmesser mit Wellenschliff 23,5cm<\/a><\/div><div class=\"cgkit-as-variation-price \">\n\t<span class=\"price\"><span class=\"woocommerce-Price-amount amount\"><bdi><span class=\"woocommerce-Price-currencySymbol\">$<\/span>265<\/bdi><\/span><\/span>\n<\/div><\/a>\n<form class=\"cgkit-swatch-form variations_form cart\" action=\"https:\/\/oishya.com\/de\/seki-kyuba-pan-brotmesser-mit-wellenschliff-235cm\/\" method=\"post\" enctype='multipart\/form-data' data-product_id=\"103660\" data-product_variations=\"[{&quot;attributes&quot;:{&quot;attribute_pa_color&quot;:&quot;naturliches-braun&quot;},&quot;availability_html&quot;:&quot;&lt;p class=\\&quot;stock low-stock\\&quot;&gt;Beeilen Sie sich, es sind weniger als 2 \\u00fcbrig. &lt;\\\/p&gt;\\n&quot;,&quot;backorders_allowed&quot;:true,&quot;dimensions&quot;:{&quot;length&quot;:&quot;45&quot;,&quot;width&quot;:&quot;10&quot;,&quot;height&quot;:&quot;6&quot;},&quot;dimensions_html&quot;:&quot;45 &amp;times; 10 &amp;times; 6 cm&quot;,&quot;display_price&quot;:265,&quot;display_regular_price&quot;:265,&quot;image&quot;:{&quot;title&quot;:&quot;&quot;},&quot;image_id&quot;:90714,&quot;is_downloadable&quot;:false,&quot;is_in_stock&quot;:true,&quot;is_purchasable&quot;:true,&quot;is_sold_individually&quot;:&quot;no&quot;,&quot;is_virtual&quot;:false,&quot;max_qty&quot;:&quot;&quot;,&quot;min_qty&quot;:1,&quot;price_html&quot;:&quot;&quot;,&quot;sku&quot;:&quot;KI_KN_SEKIKYUBA_PAN_BROWN&quot;,&quot;variation_description&quot;:&quot;&quot;,&quot;variation_id&quot;:114700,&quot;variation_is_active&quot;:true,&quot;variation_is_visible&quot;:true,&quot;weight&quot;:&quot;0.7&quot;,&quot;weight_html&quot;:&quot;0.7 kg&quot;,&quot;cgkit_stock_quantity&quot;:2,&quot;cgkit_low_stock_amount&quot;:0,&quot;cgkit_image_id&quot;:90714},{&quot;attributes&quot;:{&quot;attribute_pa_color&quot;:&quot;olivgrun&quot;},&quot;availability_html&quot;:&quot;&lt;p class=\\&quot;stock available-on-backorder\\&quot;&gt;Handgefertigt. Bearbeitungszeit 2-4 Wochen.&lt;\\\/p&gt;\\n&quot;,&quot;backorders_allowed&quot;:true,&quot;dimensions&quot;:{&quot;length&quot;:&quot;45&quot;,&quot;width&quot;:&quot;10&quot;,&quot;height&quot;:&quot;6&quot;},&quot;dimensions_html&quot;:&quot;45 &amp;times; 10 &amp;times; 6 cm&quot;,&quot;display_price&quot;:265,&quot;display_regular_price&quot;:265,&quot;image&quot;:{&quot;title&quot;:&quot;&quot;},&quot;image_id&quot;:90739,&quot;is_downloadable&quot;:false,&quot;is_in_stock&quot;:true,&quot;is_purchasable&quot;:true,&quot;is_sold_individually&quot;:&quot;no&quot;,&quot;is_virtual&quot;:false,&quot;max_qty&quot;:&quot;&quot;,&quot;min_qty&quot;:1,&quot;price_html&quot;:&quot;&quot;,&quot;sku&quot;:&quot;KI_KN_SEKIKYUBA_PAN_GREEN&quot;,&quot;variation_description&quot;:&quot;&quot;,&quot;variation_id&quot;:114701,&quot;variation_is_active&quot;:true,&quot;variation_is_visible&quot;:true,&quot;weight&quot;:&quot;0.7&quot;,&quot;weight_html&quot;:&quot;0.7 kg&quot;,&quot;cgkit_stock_quantity&quot;:0,&quot;cgkit_low_stock_amount&quot;:0,&quot;cgkit_image_id&quot;:90739},{&quot;attributes&quot;:{&quot;attribute_pa_color&quot;:&quot;mediterranes-blau&quot;},&quot;availability_html&quot;:&quot;&lt;p class=\\&quot;stock available-on-backorder\\&quot;&gt;Handgefertigt. Bearbeitungszeit 2-4 Wochen.&lt;\\\/p&gt;\\n&quot;,&quot;backorders_allowed&quot;:true,&quot;dimensions&quot;:{&quot;length&quot;:&quot;45&quot;,&quot;width&quot;:&quot;10&quot;,&quot;height&quot;:&quot;6&quot;},&quot;dimensions_html&quot;:&quot;45 &amp;times; 10 &amp;times; 6 cm&quot;,&quot;display_price&quot;:265,&quot;display_regular_price&quot;:265,&quot;image&quot;:{&quot;title&quot;:&quot;&quot;},&quot;image_id&quot;:90744,&quot;is_downloadable&quot;:false,&quot;is_in_stock&quot;:true,&quot;is_purchasable&quot;:true,&quot;is_sold_individually&quot;:&quot;no&quot;,&quot;is_virtual&quot;:false,&quot;max_qty&quot;:&quot;&quot;,&quot;min_qty&quot;:1,&quot;price_html&quot;:&quot;&quot;,&quot;sku&quot;:&quot;KI_KN_SEKIKYUBA_PAN_BLUE&quot;,&quot;variation_description&quot;:&quot;&quot;,&quot;variation_id&quot;:114702,&quot;variation_is_active&quot;:true,&quot;variation_is_visible&quot;:true,&quot;weight&quot;:&quot;0.7&quot;,&quot;weight_html&quot;:&quot;0.7 kg&quot;,&quot;cgkit_stock_quantity&quot;:-1,&quot;cgkit_low_stock_amount&quot;:0,&quot;cgkit_image_id&quot;:90744}]\" data-images=\"{&quot;img_90714&quot;:{&quot;src&quot;:&quot;https:\\\/\\\/cdn.oishya.com\\\/wp-content\\\/uploads\\\/2024\\\/08\\\/18172428\\\/seki-kyuba-pan-bread-knife-brown-1-300x300.jpg&quot;,&quot;srcset&quot;:&quot;https:\\\/\\\/cdn.oishya.com\\\/wp-content\\\/uploads\\\/2024\\\/08\\\/18172428\\\/seki-kyuba-pan-bread-knife-brown-1-300x300.jpg 300w, https:\\\/\\\/cdn.oishya.com\\\/wp-content\\\/uploads\\\/2024\\\/08\\\/18172428\\\/seki-kyuba-pan-bread-knife-brown-1-150x150.jpg 150w, https:\\\/\\\/cdn.oishya.com\\\/wp-content\\\/uploads\\\/2024\\\/08\\\/18172428\\\/seki-kyuba-pan-bread-knife-brown-1-700x700.jpg 700w, https:\\\/\\\/cdn.oishya.com\\\/wp-content\\\/uploads\\\/2024\\\/08\\\/18172428\\\/seki-kyuba-pan-bread-knife-brown-1-64x64.jpg 64w, https:\\\/\\\/cdn.oishya.com\\\/wp-content\\\/uploads\\\/2024\\\/08\\\/18172428\\\/seki-kyuba-pan-bread-knife-brown-1-768x768.jpg 768w, https:\\\/\\\/cdn.oishya.com\\\/wp-content\\\/uploads\\\/2024\\\/08\\\/18172428\\\/seki-kyuba-pan-bread-knife-brown-1-990x990.jpg 990w, https:\\\/\\\/cdn.oishya.com\\\/wp-content\\\/uploads\\\/2024\\\/08\\\/18172428\\\/seki-kyuba-pan-bread-knife-brown-1-441x441.jpg 441w, https:\\\/\\\/cdn.oishya.com\\\/wp-content\\\/uploads\\\/2024\\\/08\\\/18172428\\\/seki-kyuba-pan-bread-knife-brown-1-100x100.jpg 100w, https:\\\/\\\/cdn.oishya.com\\\/wp-content\\\/uploads\\\/2024\\\/08\\\/18172428\\\/seki-kyuba-pan-bread-knife-brown-1-96x96.jpg 96w, https:\\\/\\\/cdn.oishya.com\\\/wp-content\\\/uploads\\\/2024\\\/08\\\/18172428\\\/seki-kyuba-pan-bread-knife-brown-1.jpg 1678w&quot;,&quot;sizes&quot;:&quot;(max-width: 300px) 100vw, 300px&quot;},&quot;img_90739&quot;:{&quot;src&quot;:&quot;https:\\\/\\\/cdn.oishya.com\\\/wp-content\\\/uploads\\\/2024\\\/08\\\/18180158\\\/seki-kyuba-pan-bread-knife-green2-300x300.jpg&quot;,&quot;srcset&quot;:&quot;https:\\\/\\\/cdn.oishya.com\\\/wp-content\\\/uploads\\\/2024\\\/08\\\/18180158\\\/seki-kyuba-pan-bread-knife-green2-300x300.jpg 300w, https:\\\/\\\/cdn.oishya.com\\\/wp-content\\\/uploads\\\/2024\\\/08\\\/18180158\\\/seki-kyuba-pan-bread-knife-green2-150x150.jpg 150w, https:\\\/\\\/cdn.oishya.com\\\/wp-content\\\/uploads\\\/2024\\\/08\\\/18180158\\\/seki-kyuba-pan-bread-knife-green2-700x700.jpg 700w, https:\\\/\\\/cdn.oishya.com\\\/wp-content\\\/uploads\\\/2024\\\/08\\\/18180158\\\/seki-kyuba-pan-bread-knife-green2-64x64.jpg 64w, https:\\\/\\\/cdn.oishya.com\\\/wp-content\\\/uploads\\\/2024\\\/08\\\/18180158\\\/seki-kyuba-pan-bread-knife-green2-768x768.jpg 768w, https:\\\/\\\/cdn.oishya.com\\\/wp-content\\\/uploads\\\/2024\\\/08\\\/18180158\\\/seki-kyuba-pan-bread-knife-green2-990x990.jpg 990w, https:\\\/\\\/cdn.oishya.com\\\/wp-content\\\/uploads\\\/2024\\\/08\\\/18180158\\\/seki-kyuba-pan-bread-knife-green2-441x441.jpg 441w, https:\\\/\\\/cdn.oishya.com\\\/wp-content\\\/uploads\\\/2024\\\/08\\\/18180158\\\/seki-kyuba-pan-bread-knife-green2-100x100.jpg 100w, https:\\\/\\\/cdn.oishya.com\\\/wp-content\\\/uploads\\\/2024\\\/08\\\/18180158\\\/seki-kyuba-pan-bread-knife-green2-96x96.jpg 96w, https:\\\/\\\/cdn.oishya.com\\\/wp-content\\\/uploads\\\/2024\\\/08\\\/18180158\\\/seki-kyuba-pan-bread-knife-green2.jpg 1809w&quot;,&quot;sizes&quot;:&quot;(max-width: 300px) 100vw, 300px&quot;},&quot;img_90744&quot;:{&quot;src&quot;:&quot;https:\\\/\\\/cdn.oishya.com\\\/wp-content\\\/uploads\\\/2024\\\/08\\\/18180739\\\/seki-kyuba-pan-bread-knife-blue2-300x300.jpg&quot;,&quot;srcset&quot;:&quot;https:\\\/\\\/cdn.oishya.com\\\/wp-content\\\/uploads\\\/2024\\\/08\\\/18180739\\\/seki-kyuba-pan-bread-knife-blue2-300x300.jpg 300w, https:\\\/\\\/cdn.oishya.com\\\/wp-content\\\/uploads\\\/2024\\\/08\\\/18180739\\\/seki-kyuba-pan-bread-knife-blue2-150x150.jpg 150w, https:\\\/\\\/cdn.oishya.com\\\/wp-content\\\/uploads\\\/2024\\\/08\\\/18180739\\\/seki-kyuba-pan-bread-knife-blue2-700x700.jpg 700w, https:\\\/\\\/cdn.oishya.com\\\/wp-content\\\/uploads\\\/2024\\\/08\\\/18180739\\\/seki-kyuba-pan-bread-knife-blue2-64x64.jpg 64w, https:\\\/\\\/cdn.oishya.com\\\/wp-content\\\/uploads\\\/2024\\\/08\\\/18180739\\\/seki-kyuba-pan-bread-knife-blue2-768x768.jpg 768w, https:\\\/\\\/cdn.oishya.com\\\/wp-content\\\/uploads\\\/2024\\\/08\\\/18180739\\\/seki-kyuba-pan-bread-knife-blue2-990x990.jpg 990w, https:\\\/\\\/cdn.oishya.com\\\/wp-content\\\/uploads\\\/2024\\\/08\\\/18180739\\\/seki-kyuba-pan-bread-knife-blue2-441x441.jpg 441w, https:\\\/\\\/cdn.oishya.com\\\/wp-content\\\/uploads\\\/2024\\\/08\\\/18180739\\\/seki-kyuba-pan-bread-knife-blue2-100x100.jpg 100w, https:\\\/\\\/cdn.oishya.com\\\/wp-content\\\/uploads\\\/2024\\\/08\\\/18180739\\\/seki-kyuba-pan-bread-knife-blue2-96x96.jpg 96w, https:\\\/\\\/cdn.oishya.com\\\/wp-content\\\/uploads\\\/2024\\\/08\\\/18180739\\\/seki-kyuba-pan-bread-knife-blue2.jpg 1790w&quot;,&quot;sizes&quot;:&quot;(max-width: 300px) 100vw, 300px&quot;},&quot;img_90743&quot;:{&quot;src&quot;:&quot;https:\\\/\\\/cdn.oishya.com\\\/wp-content\\\/uploads\\\/2024\\\/08\\\/18180739\\\/seki-kyuba-pan-bread-knife-blue2-300x300.jpg&quot;,&quot;srcset&quot;:&quot;https:\\\/\\\/cdn.oishya.com\\\/wp-content\\\/uploads\\\/2024\\\/08\\\/18180739\\\/seki-kyuba-pan-bread-knife-blue2-300x300.jpg 300w, https:\\\/\\\/cdn.oishya.com\\\/wp-content\\\/uploads\\\/2024\\\/08\\\/18180739\\\/seki-kyuba-pan-bread-knife-blue2-150x150.jpg 150w, https:\\\/\\\/cdn.oishya.com\\\/wp-content\\\/uploads\\\/2024\\\/08\\\/18180739\\\/seki-kyuba-pan-bread-knife-blue2-768x768.jpg 768w, https:\\\/\\\/cdn.oishya.com\\\/wp-content\\\/uploads\\\/2024\\\/08\\\/18180739\\\/seki-kyuba-pan-bread-knife-blue2-700x700.jpg 700w, https:\\\/\\\/cdn.oishya.com\\\/wp-content\\\/uploads\\\/2024\\\/08\\\/18180739\\\/seki-kyuba-pan-bread-knife-blue2-96x96.jpg 96w, https:\\\/\\\/cdn.oishya.com\\\/wp-content\\\/uploads\\\/2024\\\/08\\\/18180739\\\/seki-kyuba-pan-bread-knife-blue2-100x100.jpg 100w, https:\\\/\\\/cdn.oishya.com\\\/wp-content\\\/uploads\\\/2024\\\/08\\\/18180739\\\/seki-kyuba-pan-bread-knife-blue2-64x64.jpg 64w, https:\\\/\\\/cdn.oishya.com\\\/wp-content\\\/uploads\\\/2024\\\/08\\\/18180739\\\/seki-kyuba-pan-bread-knife-blue2.jpg 1790w&quot;,&quot;sizes&quot;:&quot;(max-width: 300px) 100vw, 300px&quot;},&quot;img_90713&quot;:{&quot;src&quot;:&quot;https:\\\/\\\/cdn.oishya.com\\\/wp-content\\\/uploads\\\/2024\\\/08\\\/18172428\\\/seki-kyuba-pan-bread-knife-brown-1-300x300.jpg&quot;,&quot;srcset&quot;:&quot;https:\\\/\\\/cdn.oishya.com\\\/wp-content\\\/uploads\\\/2024\\\/08\\\/18172428\\\/seki-kyuba-pan-bread-knife-brown-1-300x300.jpg 300w, https:\\\/\\\/cdn.oishya.com\\\/wp-content\\\/uploads\\\/2024\\\/08\\\/18172428\\\/seki-kyuba-pan-bread-knife-brown-1-150x150.jpg 150w, https:\\\/\\\/cdn.oishya.com\\\/wp-content\\\/uploads\\\/2024\\\/08\\\/18172428\\\/seki-kyuba-pan-bread-knife-brown-1-768x768.jpg 768w, https:\\\/\\\/cdn.oishya.com\\\/wp-content\\\/uploads\\\/2024\\\/08\\\/18172428\\\/seki-kyuba-pan-bread-knife-brown-1-700x700.jpg 700w, https:\\\/\\\/cdn.oishya.com\\\/wp-content\\\/uploads\\\/2024\\\/08\\\/18172428\\\/seki-kyuba-pan-bread-knife-brown-1-96x96.jpg 96w, https:\\\/\\\/cdn.oishya.com\\\/wp-content\\\/uploads\\\/2024\\\/08\\\/18172428\\\/seki-kyuba-pan-bread-knife-brown-1-100x100.jpg 100w, https:\\\/\\\/cdn.oishya.com\\\/wp-content\\\/uploads\\\/2024\\\/08\\\/18172428\\\/seki-kyuba-pan-bread-knife-brown-1-64x64.jpg 64w, https:\\\/\\\/cdn.oishya.com\\\/wp-content\\\/uploads\\\/2024\\\/08\\\/18172428\\\/seki-kyuba-pan-bread-knife-brown-1.jpg 1678w&quot;,&quot;sizes&quot;:&quot;(max-width: 300px) 100vw, 300px&quot;},&quot;img_90738&quot;:{&quot;src&quot;:&quot;https:\\\/\\\/cdn.oishya.com\\\/wp-content\\\/uploads\\\/2024\\\/08\\\/18180158\\\/seki-kyuba-pan-bread-knife-green2-300x300.jpg&quot;,&quot;srcset&quot;:&quot;https:\\\/\\\/cdn.oishya.com\\\/wp-content\\\/uploads\\\/2024\\\/08\\\/18180158\\\/seki-kyuba-pan-bread-knife-green2-300x300.jpg 300w, https:\\\/\\\/cdn.oishya.com\\\/wp-content\\\/uploads\\\/2024\\\/08\\\/18180158\\\/seki-kyuba-pan-bread-knife-green2-150x150.jpg 150w, https:\\\/\\\/cdn.oishya.com\\\/wp-content\\\/uploads\\\/2024\\\/08\\\/18180158\\\/seki-kyuba-pan-bread-knife-green2-768x768.jpg 768w, https:\\\/\\\/cdn.oishya.com\\\/wp-content\\\/uploads\\\/2024\\\/08\\\/18180158\\\/seki-kyuba-pan-bread-knife-green2-700x700.jpg 700w, https:\\\/\\\/cdn.oishya.com\\\/wp-content\\\/uploads\\\/2024\\\/08\\\/18180158\\\/seki-kyuba-pan-bread-knife-green2-96x96.jpg 96w, https:\\\/\\\/cdn.oishya.com\\\/wp-content\\\/uploads\\\/2024\\\/08\\\/18180158\\\/seki-kyuba-pan-bread-knife-green2-100x100.jpg 100w, https:\\\/\\\/cdn.oishya.com\\\/wp-content\\\/uploads\\\/2024\\\/08\\\/18180158\\\/seki-kyuba-pan-bread-knife-green2-64x64.jpg 64w, https:\\\/\\\/cdn.oishya.com\\\/wp-content\\\/uploads\\\/2024\\\/08\\\/18180158\\\/seki-kyuba-pan-bread-knife-green2.jpg 1809w&quot;,&quot;sizes&quot;:&quot;(max-width: 300px) 100vw, 300px&quot;}}\">\n\t<div class=\"cgkit-as-swatches-clone cgkit-as-wrap-plp\"><\/div>\n\t<details open>\n\t<summary>More options<\/summary>\n\t<div class=\"ckit-attributes-wrap\">\n\t\t\t<table class=\"variations\" role=\"presentation\">\n\t\t\t<tbody>\n\t\t\t\t\t\t\t\t\t\t\t\t\t\t\t\t\t\t<tr class=\"\">\n\t\t\t\t\t\t<td class=\"label\" style=\"display: none;\"><label data-for=\"pa_color\"><strong>Color<\/strong><span class=\"ckit-chosen-attribute_semicolon\">:<\/span> <span class=\"cgkit-chosen-attribute attribute_pa_color no-selection\">No selection<\/span><\/label><\/td>\n\t\t\t\t\t\t<td class=\"value\">\n\t\t\t\t\t\t\t<div class=\"cgkit-as-wrap-plp\"><span class=\"cgkit-swatch-title\">More options<\/span><fieldset class=\"cgkit-attribute-swatches-wrap\"><legend class=\"cgkit-sr-only\">Select Color<\/legend><ul class=\"cgkit-attribute-swatches \" data-attribute=\"attribute_pa_color\" data-no-selection=\"No selection\"><li class=\"cgkit-attribute-swatch cgkit-color \"  data-cgkit-tooltip=\"Mediterranes Blau\"><button type=\"button\" data-type=\"color\" data-attribute-value=\"mediterranes-blau\" data-attribute-text=\"Mediterranes Blau\" aria-label=\"Mediterranes Blau\" data-oos-text=\"Out of stock\" class=\"swatch cgkit-swatch  cgkit-as-single\" data-gimg_id=\"90744\"><span class=\"cross\">&nbsp;<\/span><span class=\"color-div\" style=\"background: #0077B6;\" data-color=\"#0077B6\" aria-hidden=\"true\">&nbsp;Mediterranes Blau<\/span><\/button><\/li><li class=\"cgkit-attribute-swatch cgkit-color \"  data-cgkit-tooltip=\"nat\u00fcrliches Braun\"><button type=\"button\" data-type=\"color\" data-attribute-value=\"naturliches-braun\" data-attribute-text=\"nat\u00fcrliches Braun\" aria-label=\"nat\u00fcrliches Braun\" data-oos-text=\"Out of stock\" class=\"swatch cgkit-swatch  cgkit-as-single\" data-gimg_id=\"90714\"><span class=\"cross\">&nbsp;<\/span><span class=\"color-div\" style=\"background: #8B6F47;\" data-color=\"#8B6F47\" aria-hidden=\"true\">&nbsp;nat\u00fcrliches Braun<\/span><\/button><\/li><li class=\"cgkit-attribute-swatch cgkit-color \"  data-cgkit-tooltip=\"Olivgr\u00fcn\"><button type=\"button\" data-type=\"color\" data-attribute-value=\"olivgrun\" data-attribute-text=\"Olivgr\u00fcn\" aria-label=\"Olivgr\u00fcn\" data-oos-text=\"Out of stock\" class=\"swatch cgkit-swatch  cgkit-as-single\" data-gimg_id=\"90739\"><span class=\"cross\">&nbsp;<\/span><span class=\"color-div\" style=\"background: #556B2F;\" data-color=\"#556B2F\" aria-hidden=\"true\">&nbsp;Olivgr\u00fcn<\/span><\/button><\/li><\/ul><\/fieldset><\/div><div style=\"display: none;\"><select data-id=\"pa_color\" class=\"\" name=\"attribute_pa_color\" data-attribute_name=\"attribute_pa_color\" data-show_option_none=\"yes\"><option value=\"\">Choose Color<\/option><option value=\"mediterranes-blau\" >Mediterranes Blau<\/option><option value=\"naturliches-braun\" >nat\u00fcrliches Braun<\/option><option value=\"olivgrun\" >Olivgr\u00fcn<\/option><\/select><\/div><span style=\"display: none;\"><a class=\"reset_variations\" href=\"#\">Clear<\/a><\/span>\t\t\t\t\t\t<\/td>\n\t\t\t\t\t<\/tr>\n\t\t\t\t\t\t\t\t\t\t\t\t<\/tbody>\n\t\t<\/table>\n\t\t<div class=\"single_variation_wrap\" style=\"display: none;\">\n\t\t\t<div class=\"woocommerce-variation single_variation\"><\/div>\n\t\t\t<div class=\"woocommerce-variation-add-to-cart variations_button\">\n\t\t\t<div class=\"quantity\">\n\t\t<label class=\"screen-reader-text\" for=\"quantity_69e36737a31da\">Seki Kyuba PAN Brotmesser mit Wellenschliff 23,5cm quantity<\/label>\n\t<input\n\t\ttype=\"number\"\n\t\t\t\tid=\"quantity_69e36737a31da\"\n\t\tclass=\"input-text qty text\"\n\t\tname=\"quantity\"\n\t\tvalue=\"1\"\n\t\taria-label=\"Product quantity\"\n\t\t\t\tmin=\"1\"\n\t\t\t\t\t\t\tstep=\"1\"\n\t\t\tplaceholder=\"\"\n\t\t\tinputmode=\"numeric\"\n\t\t\tautocomplete=\"off\"\n\t\t\t\/>\n\t<\/div>\n\t\t\t\t<button type=\"submit\" class=\"single_add_to_cart_button button alt\">Add to cart<\/button>\n\t\t\t\t<input type=\"hidden\" name=\"add-to-cart\" value=\"103660\" \/>\n\t\t\t\t<input type=\"hidden\" name=\"product_id\" value=\"103660\" \/>\n\t\t\t\t<input type=\"hidden\" name=\"variation_id\" class=\"variation_id\" value=\"0\" \/>\n\t\t\t<\/div>\n\t\t<\/div>\n\t\t<\/div>\n\t<\/details>\n<\/form>\n<span class=\"gtm4wp_productdata\" style=\"display:none; visibility:hidden;\" data-gtm4wp_product_data=\"{&quot;internal_id&quot;:103660,&quot;item_id&quot;:103660,&quot;item_name&quot;:&quot;Seki Kyuba PAN Brotmesser mit Wellenschliff 23,5cm&quot;,&quot;sku&quot;:103660,&quot;price&quot;:265,&quot;stocklevel&quot;:0,&quot;stockstatus&quot;:&quot;onbackorder&quot;,&quot;google_business_vertical&quot;:&quot;retail&quot;,&quot;item_category&quot;:&quot;Japanische Messer&quot;,&quot;id&quot;:103660,&quot;item_brand&quot;:&quot;Japanische Messer&quot;,&quot;productlink&quot;:&quot;https:\\\/\\\/oishya.com\\\/de\\\/seki-kyuba-pan-brotmesser-mit-wellenschliff-235cm\\\/&quot;,&quot;item_list_name&quot;:&quot;General Product List&quot;,&quot;index&quot;:1,&quot;product_type&quot;:&quot;variable&quot;}\"><\/span><\/div><\/li>\n<\/ul>\n<\/div>\t\t\t\t<\/div>\n\t\t\t\t<\/div>\n\t\t\t\t\t<\/div>\n\t\t\t\t<\/div>\n\t\t\t\t<\/div>\n\t\t","protected":false},"excerpt":{"rendered":"<p>Seki Kyuba PAN: Der Brotspezialist Unsere Seki Kyuba PAN-Serie wurde speziell f\u00fcr Brotliebhaber entwickelt. Der gezackte Rand schneidet m\u00fchelos durch knusprige, handwerklich hergestellte Brote und zartes Geb\u00e4ck gleicherma\u00dfen. Der 1K6-Stahl sorgt daf\u00fcr, dass die Kante scharf bleibt und Sie jedes Mal perfekte Scheiben schneiden k\u00f6nnen. Wenn Sie gerne backen oder einfach ein gutes Brot sch\u00e4tzen, [&hellip;]<\/p>\n","protected":false},"author":1,"featured_media":109816,"parent":0,"menu_order":0,"comment_status":"closed","ping_status":"closed","template":"","meta":{"_acf_changed":false,"_glsr_average":0,"_glsr_ranking":0,"_glsr_reviews":0,"footnotes":""},"class_list":["post-91432","page","type-page","status-publish","has-post-thumbnail","hentry"],"acf":[],"_links":{"self":[{"href":"https:\/\/oishya.com\/de\/wp-json\/wp\/v2\/pages\/91432","targetHints":{"allow":["GET"]}}],"collection":[{"href":"https:\/\/oishya.com\/de\/wp-json\/wp\/v2\/pages"}],"about":[{"href":"https:\/\/oishya.com\/de\/wp-json\/wp\/v2\/types\/page"}],"author":[{"embeddable":true,"href":"https:\/\/oishya.com\/de\/wp-json\/wp\/v2\/users\/1"}],"replies":[{"embeddable":true,"href":"https:\/\/oishya.com\/de\/wp-json\/wp\/v2\/comments?post=91432"}],"version-history":[{"count":3,"href":"https:\/\/oishya.com\/de\/wp-json\/wp\/v2\/pages\/91432\/revisions"}],"predecessor-version":[{"id":110309,"href":"https:\/\/oishya.com\/de\/wp-json\/wp\/v2\/pages\/91432\/revisions\/110309"}],"wp:featuredmedia":[{"embeddable":true,"href":"https:\/\/oishya.com\/de\/wp-json\/wp\/v2\/media\/109816"}],"wp:attachment":[{"href":"https:\/\/oishya.com\/de\/wp-json\/wp\/v2\/media?parent=91432"}],"curies":[{"name":"wp","href":"https:\/\/api.w.org\/{rel}","templated":true}]}}