{"id":65560,"date":"2021-08-22T12:20:54","date_gmt":"2021-08-22T11:20:54","guid":{"rendered":"https:\/\/oishya.com\/rckgabe-und-umtauschbestimmungen\/"},"modified":"2026-01-27T06:30:39","modified_gmt":"2026-01-27T06:30:39","slug":"rckgabe-und-umtausch","status":"publish","type":"page","link":"https:\/\/oishya.com\/de\/rckgabe-und-umtausch\/","title":{"rendered":"R\u00fcckgabe und Umtausch"},"content":{"rendered":"\t\t<div data-elementor-type=\"wp-page\" data-elementor-id=\"65560\" class=\"elementor elementor-65560 elementor-44799\" data-elementor-post-type=\"page\">\n\t\t\t\t\t\t<section class=\"elementor-section elementor-top-section elementor-element elementor-element-9e1abcc elementor-section-boxed elementor-section-height-default elementor-section-height-default\" data-id=\"9e1abcc\" data-element_type=\"section\" data-e-type=\"section\">\n\t\t\t\t\t\t<div class=\"elementor-container elementor-column-gap-default\">\n\t\t\t\t\t<div class=\"elementor-column elementor-col-100 elementor-top-column elementor-element elementor-element-33a5eef\" data-id=\"33a5eef\" data-element_type=\"column\" data-e-type=\"column\">\n\t\t\t<div class=\"elementor-widget-wrap elementor-element-populated\">\n\t\t\t\t\t\t<div class=\"elementor-element elementor-element-ba35a42 elementor-widget elementor-widget-heading\" data-id=\"ba35a42\" data-element_type=\"widget\" data-e-type=\"widget\" data-widget_type=\"heading.default\">\n\t\t\t\t\t<h2 class=\"elementor-heading-title elementor-size-default\">R\u00fcckerstattung und R\u00fcckgabe<\/h2>\t\t\t\t<\/div>\n\t\t\t\t<div class=\"elementor-element elementor-element-ca907c8 elementor-widget elementor-widget-heading\" data-id=\"ca907c8\" data-element_type=\"widget\" data-e-type=\"widget\" data-widget_type=\"heading.default\">\n\t\t\t\t\t<h2 class=\"elementor-heading-title elementor-size-default\">\u00dcbersicht \u00fcber kostenlose 50-t\u00e4gige R\u00fccksendungen<\/h2>\t\t\t\t<\/div>\n\t\t\t\t<div class=\"elementor-element elementor-element-c9edcf7 elementor-widget elementor-widget-text-editor\" data-id=\"c9edcf7\" data-element_type=\"widget\" data-e-type=\"widget\" data-widget_type=\"text-editor.default\">\n\t\t\t\t\t\t\t\t\t<p><span style=\"font-weight: 400;\">Wir bei Oishya stellen sicher, dass die Produkte, die wir an Sie versenden, auf au\u00dfergew\u00f6hnliche Qualit\u00e4t gepr\u00fcft werden und dass die Verpackung stets sicher und stabil ist, damit Sie unbesch\u00e4digte, qualitativ hochwertige Waren erhalten, die ein Leben lang halten. Wir sind der Meinung, dass sich unsere Kunden beim Online-Kauf von Premium-Produkten keine Sorgen machen m\u00fcssen. Aus diesem Grund haben wir eine kostenlose 50-Tage-Geld-zur\u00fcck-Garantie eingef\u00fchrt.<\/span><\/p>\n<p><span style=\"font-weight: 400;\">Wie das funktioniert? Ganz einfach. Wenn Sie mit Ihrem Kauf aus irgendeinem Grund nicht zufrieden sind, k\u00f6nnen Sie ihn <\/span><b>innerhalb von 50 Tagen kostenlos<\/b><span style=\"font-weight: 400;\">zur\u00fcckschicken <\/span><b>und wir erstatten Ihnen den vollen<\/b> Kaufpreis<span style=\"font-weight: 400;\">. Es werden keine Fragen gestellt.<\/span><\/p>\n<p><span style=\"font-weight: 400;\">Unsere Erstattungs- und R\u00fcckgabebestimmungen gelten 50 Tage lang. Wenn 50 Tage seit Ihrem Kauf vergangen sind, k\u00f6nnen wir Ihnen keine volle R\u00fcckerstattung oder keinen Umtausch anbieten.<\/span><\/p>\n<p><span style=\"font-weight: 400;\">Um f\u00fcr eine R\u00fcckgabe in Frage zu kommen, muss sich Ihr Artikel in demselben Zustand befinden, in dem Sie ihn erhalten haben. Au\u00dferdem muss er sich in der Originalverpackung befinden.<\/span><\/p>\n\t\t\t\t\t\t\t\t<\/div>\n\t\t\t\t<div class=\"elementor-element elementor-element-4cff089 elementor-widget elementor-widget-heading\" data-id=\"4cff089\" data-element_type=\"widget\" data-e-type=\"widget\" data-widget_type=\"heading.default\">\n\t\t\t\t\t<h2 class=\"elementor-heading-title elementor-size-default\"> Schritte:<\/h2>\t\t\t\t<\/div>\n\t\t\t\t<div class=\"elementor-element elementor-element-e46facc elementor-widget elementor-widget-text-editor\" data-id=\"e46facc\" data-element_type=\"widget\" data-e-type=\"widget\" data-widget_type=\"text-editor.default\">\n\t\t\t\t\t\t\t\t\t<ol>\n<li style=\"font-weight: 400;\" aria-level=\"1\"><span style=\"font-weight: 400;\">Senden Sie eine E-Mail an <strong>info@oishya.com<\/strong>, um mitzuteilen, dass Sie einen Artikel zur\u00fcckgeben oder umtauschen m\u00f6chten.<\/span><\/li>\n<li aria-level=\"1\"><span style=\"font-weight: 400;\">Senden Sie an <\/span><b>Total Fulfilment c\/o Oishya, Unit 76 Warfield Rd, Kelleythorpe, Driffield YO25 9DJ, Vereinigtes K\u00f6nigreich<\/b> <span style=\"font-weight: 400;\">und geben Sie eine Tracking-Nummer an. <\/span><i style=\"font-weight: 400;\"><span style=\"font-weight: 400;\">Bitte beachten Sie, dass wir keine R\u00fccksendungen akzeptieren, es sei denn, Sie haben uns \u00fcber info@oishya.com informiert. <\/span><\/i><\/li>\n<li style=\"font-weight: 400;\" aria-level=\"1\"><span style=\"font-weight: 400;\">Die Artikel werden gepr\u00fcft und Ihre R\u00fcckerstattung wird bearbeitet. Sie erhalten eine E-Mail, die Sie dar\u00fcber informiert. <\/span><\/li>\n<li style=\"font-weight: 400;\" aria-level=\"1\"><span style=\"font-weight: 400;\">Die Gutschrift erfolgt automatisch innerhalb weniger Arbeitstage auf Ihre urspr\u00fcngliche Zahlungsmethode. <\/span><\/li>\n<\/ol>\n\t\t\t\t\t\t\t\t<\/div>\n\t\t\t\t<div class=\"elementor-element elementor-element-630e58f elementor-widget elementor-widget-heading\" data-id=\"630e58f\" data-element_type=\"widget\" data-e-type=\"widget\" data-widget_type=\"heading.default\">\n\t\t\t\t\t<h2 class=\"elementor-heading-title elementor-size-default\">R\u00fccksendungen<\/h2>\t\t\t\t<\/div>\n\t\t\t\t<div class=\"elementor-element elementor-element-347e895 elementor-widget elementor-widget-text-editor\" data-id=\"347e895\" data-element_type=\"widget\" data-e-type=\"widget\" data-widget_type=\"text-editor.default\">\n\t\t\t\t\t\t\t\t\t<p><span style=\"font-weight: 400;\">Da wir ein kostenloses 50-Tage-R\u00fcckgaberecht anbieten, erstatten wir Ihnen die Portokosten und sorgen f\u00fcr einen Ersatz. Um eine R\u00fcckerstattung zu erhalten, m\u00fcssen Sie uns eine Kopie des Postbelegs zusenden. Wenn Sie irgendwelche Qualit\u00e4tsprobleme haben, kontaktieren Sie uns bitte unter info@oishya.com.<\/span><\/p>\n<p><span style=\"font-weight: 400;\">Bitte beachten Sie, dass es je nach Ihrem Wohnort unterschiedlich lange dauern kann, bis das umgetauschte Produkt bei Ihnen eintrifft. Wenn Sie teurere Artikel zur\u00fccksenden, sollten Sie einen verfolgbaren Versanddienst nutzen oder eine Versandversicherung abschlie\u00dfen. Wir k\u00f6nnen nicht garantieren, dass wir Ihren zur\u00fcckgesandten Artikel erhalten.<\/span><\/p>\n\t\t\t\t\t\t\t\t<\/div>\n\t\t\t\t<div class=\"elementor-element elementor-element-48789dc elementor-widget elementor-widget-heading\" data-id=\"48789dc\" data-element_type=\"widget\" data-e-type=\"widget\" data-widget_type=\"heading.default\">\n\t\t\t\t\t<h2 class=\"elementor-heading-title elementor-size-default\">Erstattungen<\/h2>\t\t\t\t<\/div>\n\t\t\t\t<div class=\"elementor-element elementor-element-8182b65 elementor-widget elementor-widget-text-editor\" data-id=\"8182b65\" data-element_type=\"widget\" data-e-type=\"widget\" data-widget_type=\"text-editor.default\">\n\t\t\t\t\t\t\t\t\t<p><span style=\"font-weight: 400;\">Sobald wir Ihre R\u00fccksendung erhalten und gepr\u00fcft haben, senden wir Ihnen eine E-Mail, um Sie dar\u00fcber zu informieren, dass wir Ihren zur\u00fcckgesandten Artikel erhalten haben. Wir werden Sie auch \u00fcber die Genehmigung oder Ablehnung Ihrer R\u00fcckerstattung informieren.<\/span><\/p>\n<p><span style=\"font-weight: 400;\">Im Falle einer Genehmigung wird Ihre R\u00fcckerstattung bearbeitet und eine Gutschrift auf Ihre Kreditkarte oder Ihre urspr\u00fcngliche Zahlungsmethode wird innerhalb einer bestimmten Anzahl von Tagen automatisch vorgenommen.<\/span><\/p>\n\t\t\t\t\t\t\t\t<\/div>\n\t\t\t\t<div class=\"elementor-element elementor-element-c9905c5 elementor-widget elementor-widget-heading\" data-id=\"c9905c5\" data-element_type=\"widget\" data-e-type=\"widget\" data-widget_type=\"heading.default\">\n\t\t\t\t\t<h2 class=\"elementor-heading-title elementor-size-default\">Versp\u00e4tete oder fehlende Erstattungen<\/h2>\t\t\t\t<\/div>\n\t\t\t\t<div class=\"elementor-element elementor-element-207ab93 elementor-widget elementor-widget-text-editor\" data-id=\"207ab93\" data-element_type=\"widget\" data-e-type=\"widget\" data-widget_type=\"text-editor.default\">\n\t\t\t\t\t\t\t\t\t<p><span style=\"font-weight: 400;\">Wenn Sie noch keine R\u00fcckerstattung erhalten haben, \u00fcberpr\u00fcfen Sie zun\u00e4chst Ihr Bankkonto.<\/span><\/p>\n<p><span style=\"font-weight: 400;\">Wenden Sie sich dann an Ihr Kreditkartenunternehmen. Es kann einige Zeit dauern, bis Ihre Erstattung offiziell verbucht wird.<\/span><\/p>\n<p><span style=\"font-weight: 400;\">Wenden Sie sich dann an Ihre Bank. Oft dauert es eine gewisse Zeit, bis die Erstattung verbucht wird.<\/span><\/p>\n<p><span style=\"font-weight: 400;\">Wenn Sie all dies getan haben und Ihre R\u00fcckerstattung immer noch nicht erhalten haben, kontaktieren Sie uns bitte unter info@oishya.com<\/span><\/p>\n\t\t\t\t\t\t\t\t<\/div>\n\t\t\t\t<div class=\"elementor-element elementor-element-5af7bf6 elementor-widget elementor-widget-heading\" data-id=\"5af7bf6\" data-element_type=\"widget\" data-e-type=\"widget\" data-widget_type=\"heading.default\">\n\t\t\t\t\t<h2 class=\"elementor-heading-title elementor-size-default\">Verkaufsartikel<\/h2>\t\t\t\t<\/div>\n\t\t\t\t<div class=\"elementor-element elementor-element-533d745 elementor-widget elementor-widget-text-editor\" data-id=\"533d745\" data-element_type=\"widget\" data-e-type=\"widget\" data-widget_type=\"text-editor.default\">\n\t\t\t\t\t\t\t\t\t<p><span style=\"font-weight: 400;\">Es k\u00f6nnen nur Artikel zum regul\u00e4ren Preis erstattet werden. Ausverkaufte Artikel k\u00f6nnen nicht zur\u00fcckerstattet werden.<\/span><\/p>\n\t\t\t\t\t\t\t\t<\/div>\n\t\t\t\t<div class=\"elementor-element elementor-element-e1b231d elementor-widget elementor-widget-heading\" data-id=\"e1b231d\" data-element_type=\"widget\" data-e-type=\"widget\" data-widget_type=\"heading.default\">\n\t\t\t\t\t<h2 class=\"elementor-heading-title elementor-size-default\">Tauschb\u00f6rsen<\/h2>\t\t\t\t<\/div>\n\t\t\t\t<div class=\"elementor-element elementor-element-fe2b549 elementor-widget elementor-widget-text-editor\" data-id=\"fe2b549\" data-element_type=\"widget\" data-e-type=\"widget\" data-widget_type=\"text-editor.default\">\n\t\t\t\t\t\t\t\t\t<p><span style=\"font-weight: 400;\">Wir ersetzen nur Artikel, wenn sie defekt oder besch\u00e4digt sind. Wenn Sie es f\u00fcr den gleichen Artikel umtauschen m\u00fcssen, senden Sie uns eine E-Mail an info@oishya.com <\/span><\/p>\n\t\t\t\t\t\t\t\t<\/div>\n\t\t\t\t<div class=\"elementor-element elementor-element-efc0557 elementor-widget elementor-widget-heading\" data-id=\"efc0557\" data-element_type=\"widget\" data-e-type=\"widget\" data-widget_type=\"heading.default\">\n\t\t\t\t\t<h2 class=\"elementor-heading-title elementor-size-default\">Garantie auf Lebenszeit<\/h2>\t\t\t\t<\/div>\n\t\t\t\t<div class=\"elementor-element elementor-element-eb44ae6 elementor-widget elementor-widget-text-editor\" data-id=\"eb44ae6\" data-element_type=\"widget\" data-e-type=\"widget\" data-widget_type=\"text-editor.default\">\n\t\t\t\t\t\t\t\t\t<p><span style=\"font-weight: 400;\">Wir bieten au\u00dferdem eine lebenslange Garantie auf unsere Sakai Kyuba Messerserie, den magnetischen Messerblock aus Holz und das magnetische Holzmesserregal zur Wandmontage.<\/span><\/p>\n<p><span style=\"font-weight: 400;\">Die lebenslange Garantie deckt alle Herstellungs- und Materialfehler ab, die die Funktion der oben genannten Produkte beeintr\u00e4chtigen. Oishya wird jedes dieser Produkte kostenlos reparieren oder ersetzen. Bitte beachten Sie, dass im Falle eines Sets nur das defekte Produkt ersetzt wird. <\/span><\/p>\n<p><span style=\"font-weight: 400;\">Unsere lebenslange Garantie gilt nicht f\u00fcr:<\/span><\/p>\n<ul>\n<li style=\"font-weight: 400;\" aria-level=\"1\"><span style=\"font-weight: 400;\">Sch\u00e4den, die durch normale Abnutzung, Unf\u00e4lle oder Fahrl\u00e4ssigkeit verursacht wurden. <\/span><\/li>\n<li style=\"font-weight: 400;\" aria-level=\"1\"><span style=\"font-weight: 400;\">Sch\u00e4den, die durch unsachgem\u00e4\u00dfen Gebrauch entstanden sind (St\u00f6\u00dfe, Beulen, Quetschungen, St\u00fcrze, usw.).<\/span><\/li>\n<li style=\"font-weight: 400;\" aria-level=\"1\"><span style=\"font-weight: 400;\">Sch\u00e4den, die durch Verlust, Diebstahl, Feuer oder andere Ursachen au\u00dferhalb unserer Kontrolle verursacht werden.<\/span><\/li>\n<li style=\"font-weight: 400;\" aria-level=\"1\"><span style=\"font-weight: 400;\">Sch\u00e4den, die durch gewerbliche, professionelle oder betriebliche Nutzung verursacht werden.<\/span><\/li>\n<li style=\"font-weight: 400;\" aria-level=\"1\"><span style=\"font-weight: 400;\">Sch\u00e4den, die durch unsachgem\u00e4\u00dfe Lagerung entstanden sind. <\/span><\/li>\n<\/ul>\n<p> <\/p>\n<p><span style=\"font-weight: 400;\"> <\/span><i><span style=\"font-weight: 400;\">Alle zur\u00fcckgesandten Artikel werden auf Kosten des K\u00e4ufers verschickt, wenn sie nach Ablauf von 50 Tagen nach dem Kauf versch<\/span><\/i>ickt werden<span style=\"font-weight: 400;\">, es sei denn, es liegt ein Fehler des Herstellers vor. In diesem Fall erstatten wir Ihnen gerne die Portokosten und arrangieren einen Ersatzartikel. Um eine R\u00fcckerstattung zu erhalten, m\u00fcssen Sie uns eine Kopie des Postbelegs zusenden. Wenn Sie irgendwelche Qualit\u00e4tsprobleme haben, kontaktieren Sie uns bitte unter info@oishya.com.<\/span><\/p>\t\t\t\t\t\t\t\t<\/div>\n\t\t\t\t<div class=\"elementor-element elementor-element-3510066 elementor-widget elementor-widget-heading\" data-id=\"3510066\" data-element_type=\"widget\" data-e-type=\"widget\" data-widget_type=\"heading.default\">\n\t\t\t\t\t<h2 class=\"elementor-heading-title elementor-size-default\">Brauchen Sie Hilfe?<\/h2>\t\t\t\t<\/div>\n\t\t\t\t<div class=\"elementor-element elementor-element-c31cae3 elementor-widget elementor-widget-text-editor\" data-id=\"c31cae3\" data-element_type=\"widget\" data-e-type=\"widget\" data-widget_type=\"text-editor.default\">\n\t\t\t\t\t\t\t\t\t<p><span style=\"font-weight: 400;\">Wenden Sie sich bei Fragen zu Erstattungen und R\u00fcckgaben an info@oishya.com.<\/span><\/p>\n\t\t\t\t\t\t\t\t<\/div>\n\t\t\t\t\t<\/div>\n\t\t<\/div>\n\t\t\t\t\t<\/div>\n\t\t<\/section>\n\t\t\t\t<\/div>\n\t\t","protected":false},"excerpt":{"rendered":"<p>R\u00fcckerstattung und R\u00fcckgabe \u00dcbersicht \u00fcber kostenlose 50-t\u00e4gige R\u00fccksendungen Wir bei Oishya stellen sicher, dass die Produkte, die wir an Sie versenden, auf au\u00dfergew\u00f6hnliche Qualit\u00e4t gepr\u00fcft werden und dass die Verpackung stets sicher und stabil ist, damit Sie unbesch\u00e4digte, qualitativ hochwertige Waren erhalten, die ein Leben lang halten. Wir sind der Meinung, dass sich unsere Kunden [&hellip;]<\/p>\n","protected":false},"author":1,"featured_media":0,"parent":0,"menu_order":0,"comment_status":"closed","ping_status":"closed","template":"","meta":{"_acf_changed":false,"_glsr_average":0,"_glsr_ranking":0,"_glsr_reviews":0,"footnotes":""},"class_list":["post-65560","page","type-page","status-publish","hentry"],"acf":[],"_links":{"self":[{"href":"https:\/\/oishya.com\/de\/wp-json\/wp\/v2\/pages\/65560","targetHints":{"allow":["GET"]}}],"collection":[{"href":"https:\/\/oishya.com\/de\/wp-json\/wp\/v2\/pages"}],"about":[{"href":"https:\/\/oishya.com\/de\/wp-json\/wp\/v2\/types\/page"}],"author":[{"embeddable":true,"href":"https:\/\/oishya.com\/de\/wp-json\/wp\/v2\/users\/1"}],"replies":[{"embeddable":true,"href":"https:\/\/oishya.com\/de\/wp-json\/wp\/v2\/comments?post=65560"}],"version-history":[{"count":16,"href":"https:\/\/oishya.com\/de\/wp-json\/wp\/v2\/pages\/65560\/revisions"}],"predecessor-version":[{"id":105907,"href":"https:\/\/oishya.com\/de\/wp-json\/wp\/v2\/pages\/65560\/revisions\/105907"}],"wp:attachment":[{"href":"https:\/\/oishya.com\/de\/wp-json\/wp\/v2\/media?parent=65560"}],"curies":[{"name":"wp","href":"https:\/\/api.w.org\/{rel}","templated":true}]}}