{"id":36020,"date":"2017-02-07T08:15:12","date_gmt":"2017-02-07T08:15:12","guid":{"rendered":"https:\/\/oishya.com\/datenschutzrichtlinie\/"},"modified":"2026-01-16T08:30:09","modified_gmt":"2026-01-16T08:30:09","slug":"datenschutzbestimmungen","status":"publish","type":"page","link":"https:\/\/oishya.com\/de\/datenschutzbestimmungen\/","title":{"rendered":"Datenschutzbestimmungen"},"content":{"rendered":"<h3>Informationen, die wir sammeln<\/h3>\n<p>Wenn Sie diese Website und unsere Produkte\/Dienstleistungen nutzen, erkl\u00e4ren Sie sich damit einverstanden, uns alle Kontakt-, Identit\u00e4ts- und sonstigen Informationen zur Verf\u00fcgung zu stellen, die wir m\u00f6glicherweise ben\u00f6tigen:<\/p>\n<ul>\n<li>Ihren Namen, Ihre Adresse, Ihre E-Mail-Adresse und andere grundlegende Kontaktinformationen.<\/li>\n<li>Kommunikation, Nachrichten und Korrespondenz zwischen Oishya und Ihnen.<\/li>\n<li>Nicht pers\u00f6nlich identifizierbare Informationen, einschlie\u00dflich Ihrer IP-Adresse, Computer-Anmeldedaten, Statistiken \u00fcber Seitenaufrufe, Datenverkehr zu und von dieser Website und einzelnen Seiten auf dieser Website sowie Daten, die wir m\u00f6glicherweise durch Cookies oder andere Mittel sammeln.<\/li>\n<li>Allgemeine Informationen \u00fcber unsere Produkte\/Dienstleistungen, f\u00fcr die Sie sich registriert haben.<\/li>\n<\/ul>\n<h3>Unsere Verwendung und Offenlegung Ihrer Informationen<\/h3>\n<p>Wir k\u00f6nnen die von Ihnen zur Verf\u00fcgung gestellten Informationen auf die folgende Weise verwenden.<\/p>\n<ul>\n<li>F\u00fcr interne Aufzeichnungen.<\/li>\n<li>Bereitstellung von Produkten\/Dienstleistungen und Informationen dar\u00fcber f\u00fcr Sie.<\/li>\n<li>Anpassung der Website an Ihre Interessen<\/li>\n<li>Verbesserung unserer Produkte\/Dienstleistungen und des Kundenerlebnisses und um Sie \u00fcber \u00c4nderungen und Aktualisierungen der oben genannten Punkte zu informieren<\/li>\n<li>\u00dcbermittlung von Marketing- und Werbeangeboten an Sie unter Verwendung der von Ihnen angegebenen E-Mail-Adresse.<\/li>\n<li>Beilegung von Streitigkeiten, Berechnung und Einziehung von Geb\u00fchren und Behebung von Problemen.<\/li>\n<li>Ihre Identit\u00e4t und die von Ihnen angegebenen Informationen zu \u00fcberpr\u00fcfen.<\/li>\n<li>F\u00f6rderung eines sicheren Online-Erlebnisses und Durchsetzung unserer Bedingungen und Konditionen.<\/li>\n<\/ul>\n<p>Wir werden Ihre pers\u00f6nlichen Daten nicht an Dritte verkaufen, vermieten, weitergeben oder verleasen, es sei denn, wir haben Ihre Erlaubnis oder sind gesetzlich dazu verpflichtet. Wir verwenden Ihre personenbezogenen Daten nicht, um Ihnen Werbeinformationen \u00fcber Dritte zukommen zu lassen. Wir k\u00f6nnen personenbezogene Daten an die folgenden Stellen weitergeben, und Sie stimmen dieser Weitergabe hiermit zu:<\/p>\n<ul>\n<li>Dienstleistern und verbundenen Unternehmen, die uns bei der Bereitstellung von Produkten\/Dienstleistungen, die wir Ihnen anbieten, bei der Durchsetzung unserer Gesch\u00e4ftsbedingungen und bei der F\u00f6rderung von Vertrauen und Sicherheit unterst\u00fctzen.<\/li>\n<li>Dritte, wenn wir der Meinung sind, dass eine Offenlegung ratsam oder notwendig ist, um die gesetzlichen Bestimmungen einzuhalten, unsere Allgemeinen Gesch\u00e4ftsbedingungen durchzusetzen oder anzuwenden oder die Rechte, das Eigentum oder die Sicherheit von Oishya oder anderen zu sch\u00fctzen. Dazu kann auch der Austausch von Informationen mit anderen Unternehmen und Organisationen zum Schutz vor Betrug und zur Verringerung des Kreditrisikos geh\u00f6ren.<\/li>\n<li>Sie k\u00f6nnen gem\u00e4\u00df dem Data Protection Act 1998 Auskunft \u00fcber die von uns gespeicherten pers\u00f6nlichen Daten verlangen. Hierf\u00fcr ist eine geringe Geb\u00fchr zu entrichten. Wenn Sie eine Kopie der \u00fcber Sie gespeicherten Daten w\u00fcnschen, schreiben Sie bitte an Oishya Ltd, 65 Green Dragon Yard, E15NJ London, UK<\/li>\n<li>Wenn Sie der Meinung sind, dass die \u00fcber Sie gespeicherten Daten unrichtig oder unvollst\u00e4ndig sind, setzen Sie sich bitte so bald wie m\u00f6glich schriftlich mit uns in Verbindung, damit wir etwaige Fehler berichtigen k\u00f6nnen.<\/li>\n<\/ul>\n<h3>Links zu anderen Websites<\/h3>\n<p>Diese Website kann Links zu anderen Websites enthalten, die f\u00fcr Sie von Interesse sind oder auf denen Sie weitere Informationen finden. Bitte beachten Sie, dass wir keine Kontrolle \u00fcber die Art, den Inhalt und die Verf\u00fcgbarkeit dieser anderen Websites haben, sobald Sie unsere Website \u00fcber diese Links verlassen haben. Wir k\u00f6nnen nicht f\u00fcr den Schutz und die Vertraulichkeit von Informationen verantwortlich sein, die Sie beim Besuch anderer Websites zur Verf\u00fcgung stellen, da diese Datenschutzerkl\u00e4rung nicht f\u00fcr sie gilt. Die Aufnahme von Links bedeutet nicht notwendigerweise eine Empfehlung oder eine Bef\u00fcrwortung der dort ge\u00e4u\u00dferten Ansichten.<\/p>\n<h3>Sicherheit<\/h3>\n<p>Wir sind bestrebt, die Sicherheit Ihrer Daten zu gew\u00e4hrleisten. Um einen unbefugten Zugriff oder eine unbefugte Offenlegung zu verhindern, haben wir geeignete physische, elektronische und verwaltungstechnische Verfahren zum Schutz und zur Sicherung der von uns online erfassten Daten eingef\u00fchrt.<\/p>\n<h3>Wie wir Cookies verwenden<\/h3>\n<p>Ein Cookie ist eine kleine Datei, die um Erlaubnis bittet, auf der Festplatte Ihres Computers abgelegt zu werden. Wenn Sie zustimmen, wird die Datei hinzugef\u00fcgt, und das Cookie hilft bei der Analyse des Webverkehrs oder zeigt Ihnen an, wenn Sie eine bestimmte Website besuchen. Cookies erm\u00f6glichen es Webanwendungen, auf Sie als Person einzugehen. Die Webanwendung kann ihre Abl\u00e4ufe auf Ihre Bed\u00fcrfnisse, Vorlieben und Abneigungen abstimmen, indem sie Informationen \u00fcber Ihre Pr\u00e4ferenzen sammelt und speichert. Wir verwenden Cookies zur Protokollierung des Datenverkehrs, um festzustellen, welche Seiten genutzt werden. Dies hilft uns, Daten \u00fcber den Webseitenverkehr zu analysieren und unsere Website zu verbessern, um sie auf die Bed\u00fcrfnisse unserer Kunden zuzuschneiden. Wir verwenden diese Informationen nur zu statistischen Analysezwecken und l\u00f6schen die Daten anschlie\u00dfend aus dem System. Insgesamt helfen uns Cookies dabei, Ihnen eine bessere Website zu bieten, indem sie es uns erm\u00f6glichen zu beobachten, welche Seiten Sie n\u00fctzlich finden und welche nicht. Ein Cookie verschafft uns in keiner Weise Zugang zu Ihrem Computer oder zu irgendwelchen Informationen \u00fcber Sie, mit Ausnahme der Daten, die Sie uns zur Verf\u00fcgung stellen wollen. Sie k\u00f6nnen entscheiden, ob Sie Cookies akzeptieren oder ablehnen. Die meisten Webbrowser akzeptieren Cookies automatisch, aber Sie k\u00f6nnen die Einstellungen Ihres Browsers in der Regel so \u00e4ndern, dass Cookies abgelehnt werden, wenn Sie dies w\u00fcnschen. Dies kann dazu f\u00fchren, dass Sie die Vorteile der Website nicht in vollem Umfang nutzen k\u00f6nnen.<\/p>\n","protected":false},"excerpt":{"rendered":"<p>Informationen, die wir sammeln Wenn Sie diese Website und unsere Produkte\/Dienstleistungen nutzen, erkl\u00e4ren Sie sich damit einverstanden, uns alle Kontakt-, Identit\u00e4ts- und sonstigen Informationen zur Verf\u00fcgung zu stellen, die wir m\u00f6glicherweise ben\u00f6tigen: Ihren Namen, Ihre Adresse, Ihre E-Mail-Adresse und andere grundlegende Kontaktinformationen. Kommunikation, Nachrichten und Korrespondenz zwischen Oishya und Ihnen. Nicht pers\u00f6nlich identifizierbare Informationen, einschlie\u00dflich [&hellip;]<\/p>\n","protected":false},"author":1,"featured_media":0,"parent":0,"menu_order":0,"comment_status":"closed","ping_status":"closed","template":"","meta":{"_acf_changed":false,"_glsr_average":0,"_glsr_ranking":0,"_glsr_reviews":0,"footnotes":""},"class_list":["post-36020","page","type-page","status-publish","hentry"],"acf":[],"_links":{"self":[{"href":"https:\/\/oishya.com\/de\/wp-json\/wp\/v2\/pages\/36020","targetHints":{"allow":["GET"]}}],"collection":[{"href":"https:\/\/oishya.com\/de\/wp-json\/wp\/v2\/pages"}],"about":[{"href":"https:\/\/oishya.com\/de\/wp-json\/wp\/v2\/types\/page"}],"author":[{"embeddable":true,"href":"https:\/\/oishya.com\/de\/wp-json\/wp\/v2\/users\/1"}],"replies":[{"embeddable":true,"href":"https:\/\/oishya.com\/de\/wp-json\/wp\/v2\/comments?post=36020"}],"version-history":[{"count":1,"href":"https:\/\/oishya.com\/de\/wp-json\/wp\/v2\/pages\/36020\/revisions"}],"predecessor-version":[{"id":110010,"href":"https:\/\/oishya.com\/de\/wp-json\/wp\/v2\/pages\/36020\/revisions\/110010"}],"wp:attachment":[{"href":"https:\/\/oishya.com\/de\/wp-json\/wp\/v2\/media?parent=36020"}],"curies":[{"name":"wp","href":"https:\/\/api.w.org\/{rel}","templated":true}]}}